{"id":108,"date":"2016-12-25T14:00:07","date_gmt":"2016-12-25T13:00:07","guid":{"rendered":"https:\/\/fonderiesdesougland.fr\/de\/?page_id=108"},"modified":"2017-01-16T14:33:46","modified_gmt":"2017-01-16T13:33:46","slug":"schmelzung","status":"publish","type":"page","link":"https:\/\/fonderiesdesougland.fr\/de\/die-gieserei\/schmelzung\/","title":{"rendered":"Schmelzung"},"content":{"rendered":"<div id=\"pl-108\"  class=\"panel-layout\" ><div id=\"pg-108-0\"  class=\"panel-grid panel-no-style\" ><div id=\"pgc-108-0-0\"  class=\"panel-grid-cell\" ><div id=\"panel-108-0-0-0\" class=\"so-panel widget widget_sow-editor panel-first-child panel-last-child\" data-index=\"0\" ><div\n\t\t\t\n\t\t\tclass=\"so-widget-sow-editor so-widget-sow-editor-base\"\n\t\t\t\n\t\t>\n<div class=\"siteorigin-widget-tinymce textwidget\">\n\t<p><strong>Unser Atelier ist mit 6 Schmelz\u00f6fen ausgestattet :<\/strong><\/p>\n<p>\u00a0<\/p>\n<div id=\"link64_adl_tabid\" style=\"display: none;\" data-url=\"https:\/\/fonderiesdesougland.fr\/de\/wp-admin\/post.php?post=108&amp;action=edit\">31<\/div>\n<\/div>\n<\/div><\/div><\/div><\/div><div id=\"pg-108-1\"  class=\"panel-grid panel-no-style\" ><div id=\"pgc-108-1-0\"  class=\"panel-grid-cell\" ><div id=\"panel-108-1-0-0\" class=\"so-panel widget widget_sow-editor panel-first-child panel-last-child\" data-index=\"1\" ><div\n\t\t\t\n\t\t\tclass=\"so-widget-sow-editor so-widget-sow-editor-base\"\n\t\t\t\n\t\t>\n<div class=\"siteorigin-widget-tinymce textwidget\">\n\t<h3 style=\"text-align: center;\">1 Induktionsofen<\/h3>\n<h3 style=\"text-align: center;\">f\u00fcr 250 kg<\/h3>\n<div id=\"link64_adl_tabid\" style=\"display: none; text-align: center;\" data-url=\"https:\/\/fonderiesdesougland.fr\/de\/wp-admin\/post.php?post=108&amp;action=edit\">59<\/div>\n<\/div>\n<\/div><\/div><\/div><div id=\"pgc-108-1-1\"  class=\"panel-grid-cell\" ><div id=\"panel-108-1-1-0\" class=\"so-panel widget widget_sow-editor panel-first-child panel-last-child\" data-index=\"2\" ><div\n\t\t\t\n\t\t\tclass=\"so-widget-sow-editor so-widget-sow-editor-base\"\n\t\t\t\n\t\t>\n<div class=\"siteorigin-widget-tinymce textwidget\">\n\t<h3 style=\"text-align: center;\">1 Induktionsofen<\/h3>\n<h3 style=\"text-align: center;\">f\u00fcr 600 kg<\/h3>\n<h3 id=\"link64_adl_tabid\" style=\"display: none; text-align: center;\" data-url=\"https:\/\/fonderiesdesougland.fr\/de\/wp-admin\/post.php?post=108&amp;action=edit\">59<\/h3>\n<\/div>\n<\/div><\/div><\/div><div id=\"pgc-108-1-2\"  class=\"panel-grid-cell\" ><div id=\"panel-108-1-2-0\" class=\"so-panel widget widget_sow-editor panel-first-child panel-last-child\" data-index=\"3\" ><div\n\t\t\t\n\t\t\tclass=\"so-widget-sow-editor so-widget-sow-editor-base\"\n\t\t\t\n\t\t>\n<div class=\"siteorigin-widget-tinymce textwidget\">\n\t<h3 style=\"text-align: center;\">3 Induktions\u00f6fen<\/h3>\n<h3 style=\"text-align: center;\">f\u00fcr 1 t<\/h3>\n<h3 id=\"link64_adl_tabid\" style=\"display: none; text-align: center;\" data-url=\"https:\/\/fonderiesdesougland.fr\/de\/wp-admin\/post.php?post=108&amp;action=edit\">59<\/h3>\n<\/div>\n<\/div><\/div><\/div><div id=\"pgc-108-1-3\"  class=\"panel-grid-cell\" ><div id=\"panel-108-1-3-0\" class=\"so-panel widget widget_sow-editor panel-first-child panel-last-child\" data-index=\"4\" ><div\n\t\t\t\n\t\t\tclass=\"so-widget-sow-editor so-widget-sow-editor-base\"\n\t\t\t\n\t\t>\n<div class=\"siteorigin-widget-tinymce textwidget\">\n\t<h3 style=\"text-align: center;\">1 Induktionsofen<\/h3>\n<h3 style=\"text-align: center;\">f\u00fcr 3,5 t<\/h3>\n<h3 id=\"link64_adl_tabid\" style=\"display: none; text-align: center;\" data-url=\"https:\/\/fonderiesdesougland.fr\/de\/wp-admin\/post.php?post=108&amp;action=edit\">59<\/h3>\n<\/div>\n<\/div><\/div><\/div><\/div><div id=\"pg-108-2\"  class=\"panel-grid panel-no-style\" ><div id=\"pgc-108-2-0\"  class=\"panel-grid-cell\" ><div id=\"panel-108-2-0-0\" class=\"so-panel widget widget_sow-editor panel-first-child\" data-index=\"5\" ><div\n\t\t\t\n\t\t\tclass=\"so-widget-sow-editor so-widget-sow-editor-base\"\n\t\t\t\n\t\t>\n<div class=\"siteorigin-widget-tinymce textwidget\">\n\t<p><strong>In unserem Schmelzbetrieb befinden sich mehrere \u00d6fen unterschiedlicher Kapazit\u00e4t, um :<\/strong><\/p>\n<ul>\n<li><strong>schnell reagieren zu k\u00f6nnen,<\/strong> <br \/>Gussteile in m\u00f6glichst kurzer Zeit fertigen zu k\u00f6nnen<br \/>schnellstm\u00f6glich Prototypen herstellen zu k\u00f6nnen<br \/>den Kunden in Notf\u00e4llen helfen zu k\u00f6nnen<\/li>\n<\/ul>\n<ul>\n<li><strong>Flexibilit\u00e4t zu gew\u00e4hrleisten<\/strong> <br \/>in Bezug auf die gegossenen G\u00fcten<br \/>in Bezug auf Anzahl und\/oder Gr\u00f6\u00dfe der Teile<\/li>\n<\/ul>\n<ul>\n<li><strong>Eine Garantie<\/strong> <br \/>f\u00fcr gleichm\u00e4\u00dfige Fertigungsergebnisse<br \/>auch bei unvorhergesehen Anlagenausf\u00e4llen<\/li>\n<\/ul>\n<div id=\"link64_adl_tabid\" style=\"display: none; text-align: justify;\" data-url=\"https:\/\/fonderiesdesougland.fr\/de\/wp-admin\/post.php?post=108&amp;action=edit\">24<\/div>\n<\/div>\n<\/div><\/div><div id=\"panel-108-2-0-1\" class=\"so-panel widget widget_sow-editor panel-last-child\" data-index=\"6\" ><div\n\t\t\t\n\t\t\tclass=\"so-widget-sow-editor so-widget-sow-editor-base\"\n\t\t\t\n\t\t>\n<div class=\"siteorigin-widget-tinymce textwidget\">\n\t<p style=\"text-align: justify;\">\u00a0<\/p>\n<p style=\"text-align: justify;\"><strong>Zus\u00e4tzliche Sicherheit f\u00fcr unsere Partner<\/strong><\/p>\n<div id=\"link64_adl_tabid\" style=\"display: none; text-align: justify;\" data-url=\"https:\/\/fonderiesdesougland.fr\/wp-admin\/post.php?post=108&amp;action=edit\">25<\/div>\n<\/div>\n<\/div><\/div><\/div><div id=\"pgc-108-2-1\"  class=\"panel-grid-cell\" ><div id=\"panel-108-2-1-0\" class=\"so-panel widget widget_sow-editor panel-first-child\" data-index=\"7\" ><div\n\t\t\t\n\t\t\tclass=\"so-widget-sow-editor so-widget-sow-editor-base\"\n\t\t\t\n\t\t>\n<div class=\"siteorigin-widget-tinymce textwidget\">\n\t<p><strong>Wir arbeiten ausschlie\u00dflich mit Induktions\u00f6fen, da sie mehrere Vorteile haben :<\/strong><\/p>\n<ul>\n<li>Sie gew\u00e4hrleisten die Homogenit\u00e4t der B\u00e4der durch eine bessere Vermischung<\/li>\n<li>Sie erm\u00f6glichen eine pr\u00e4zise Erw\u00e4rmungstemperatur<\/li>\n<li>Sie verbrauchen wenig Energie<\/li>\n<li>Sie arbeiten umweltschonend<\/li>\n<li id=\"link64_adl_tabid\" style=\"display: none;\" data-url=\"https:\/\/fonderiesdesougland.fr\/wp-admin\/post.php?post=108&amp;action=edit\">28<\/li>\n<\/ul>\n<\/div>\n<\/div><\/div><div id=\"panel-108-2-1-1\" class=\"so-panel widget widget_sow-editor panel-last-child\" data-index=\"8\" ><div\n\t\t\t\n\t\t\tclass=\"so-widget-sow-editor so-widget-sow-editor-base\"\n\t\t\t\n\t\t>\n<div class=\"siteorigin-widget-tinymce textwidget\">\n\t<p><strong>Hochwertiges Material und ausgew\u00e4hlte F\u00fcllstoffe.<\/strong><\/p>\n<p>Wir stellen hohe Anspr\u00fcche an die Qualit\u00e4t unserer Materiallieferungen (strenge Qualit\u00e4tsnormen beim Kauf der Materialien).<\/p>\n<p>\u00a0<\/p>\n<div id=\"link64_adl_tabid\" style=\"display: none;\" data-url=\"https:\/\/fonderiesdesougland.fr\/de\/wp-admin\/post.php?post=108&amp;action=edit\">29<\/div>\n<\/div>\n<\/div><\/div><\/div><\/div><div id=\"pg-108-3\"  class=\"panel-grid panel-no-style\" ><div id=\"pgc-108-3-0\"  class=\"panel-grid-cell\" ><div id=\"panel-108-3-0-0\" class=\"so-panel widget widget_sow-image panel-first-child panel-last-child\" data-index=\"9\" ><div\n\t\t\t\n\t\t\tclass=\"so-widget-sow-image so-widget-sow-image-default-8b5b6f678277-108\"\n\t\t\t\n\t\t>\n<div class=\"sow-image-container\">\n\t\t\t<a href=\"https:\/\/fonderiesdesougland.fr\/de\/wp-content\/uploads\/sites\/5\/2016\/12\/img-sougland-fusion-3.jpg\"\n\t\t\t\t\t>\n\t\t\t<img \n\tsrc=\"https:\/\/fonderiesdesougland.fr\/de\/wp-content\/uploads\/sites\/5\/2016\/12\/img-sougland-fusion-3.jpg\" width=\"800\" height=\"600\" srcset=\"https:\/\/fonderiesdesougland.fr\/de\/wp-content\/uploads\/sites\/5\/2016\/12\/img-sougland-fusion-3.jpg 800w, https:\/\/fonderiesdesougland.fr\/de\/wp-content\/uploads\/sites\/5\/2016\/12\/img-sougland-fusion-3-300x225.jpg 300w, https:\/\/fonderiesdesougland.fr\/de\/wp-content\/uploads\/sites\/5\/2016\/12\/img-sougland-fusion-3-768x576.jpg 768w\" sizes=\"(max-width: 800px) 100vw, 800px\" alt=\"\" \t\tclass=\"so-widget-image\"\/>\n\t\t\t<\/a><\/div>\n\n<\/div><\/div><\/div><div id=\"pgc-108-3-1\"  class=\"panel-grid-cell\" ><div id=\"panel-108-3-1-0\" class=\"so-panel widget widget_sow-image panel-first-child panel-last-child\" data-index=\"10\" ><div\n\t\t\t\n\t\t\tclass=\"so-widget-sow-image so-widget-sow-image-default-8b5b6f678277-108\"\n\t\t\t\n\t\t>\n<div class=\"sow-image-container\">\n\t\t\t<a href=\"https:\/\/fonderiesdesougland.fr\/wp-content\/uploads\/2016\/10\/img-sougland-fonderies-fusion-1.jpg\"\n\t\t\t\t\t>\n\t\t\t<img \n\tsrc=\"https:\/\/fonderiesdesougland.fr\/de\/wp-content\/uploads\/sites\/5\/2016\/10\/img-sougland-fonderies-fusion-1.jpg\" width=\"800\" height=\"600\" srcset=\"https:\/\/fonderiesdesougland.fr\/de\/wp-content\/uploads\/sites\/5\/2016\/10\/img-sougland-fonderies-fusion-1.jpg 800w, https:\/\/fonderiesdesougland.fr\/de\/wp-content\/uploads\/sites\/5\/2016\/10\/img-sougland-fonderies-fusion-1-300x225.jpg 300w, https:\/\/fonderiesdesougland.fr\/de\/wp-content\/uploads\/sites\/5\/2016\/10\/img-sougland-fonderies-fusion-1-768x576.jpg 768w\" sizes=\"(max-width: 800px) 100vw, 800px\" alt=\"\" \t\tclass=\"so-widget-image\"\/>\n\t\t\t<\/a><\/div>\n\n<\/div><\/div><\/div><\/div><\/div>","protected":false},"excerpt":{"rendered":"<p>Unser Atelier ist mit 6 Schmelz\u00f6fen ausgestattet :\u00a031 1 Induktionsofenf\u00fcr 250 kg59 1 Induktionsofenf\u00fcr 600 kg59 3 Induktions\u00f6fenf\u00fcr 1 t59 1 Induktionsofenf\u00fcr 3,5 t59<\/p>\n","protected":false},"author":1,"featured_media":0,"parent":33,"menu_order":0,"comment_status":"closed","ping_status":"closed","template":"mp-slider.php","meta":{"_acf_changed":false,"footnotes":""},"class_list":["post-108","page","type-page","status-publish","hentry"],"acf":[],"yoast_head":"<!-- This site is optimized with the Yoast SEO plugin v27.4 - https:\/\/yoast.com\/product\/yoast-seo-wordpress\/ -->\n<title>Schmelzung - Sougland Gie\u00dferei<\/title>\n<meta name=\"robots\" content=\"index, follow, max-snippet:-1, max-image-preview:large, max-video-preview:-1\" \/>\n<link rel=\"canonical\" href=\"https:\/\/fonderiesdesougland.fr\/de\/die-gieserei\/schmelzung\/\" \/>\n<meta property=\"og:locale\" content=\"fr_FR\" \/>\n<meta property=\"og:type\" content=\"article\" \/>\n<meta property=\"og:title\" content=\"Schmelzung - Sougland Gie\u00dferei\" \/>\n<meta property=\"og:description\" content=\"Unser Atelier ist mit 6 Schmelz\u00f6fen ausgestattet :\u00a031 1 Induktionsofenf\u00fcr 250 kg59 1 Induktionsofenf\u00fcr 600 kg59 3 Induktions\u00f6fenf\u00fcr 1 t59 1 Induktionsofenf\u00fcr 3,5 t59\" \/>\n<meta property=\"og:url\" content=\"https:\/\/fonderiesdesougland.fr\/de\/die-gieserei\/schmelzung\/\" \/>\n<meta property=\"og:site_name\" content=\"Sougland Gie\u00dferei\" \/>\n<meta property=\"article:modified_time\" content=\"2017-01-16T13:33:46+00:00\" \/>\n<meta property=\"og:image\" content=\"https:\/\/fonderiesdesougland.fr\/de\/wp-content\/uploads\/sites\/5\/2016\/10\/img-sougland-fonderies-fusion-2.jpg\" \/>\n<meta name=\"twitter:card\" content=\"summary_large_image\" \/>\n<meta name=\"twitter:label1\" content=\"Dur\u00e9e de lecture estim\u00e9e\" \/>\n\t<meta name=\"twitter:data1\" content=\"1 minute\" \/>\n<script type=\"application\/ld+json\" class=\"yoast-schema-graph\">{\"@context\":\"https:\\\/\\\/schema.org\",\"@graph\":[{\"@type\":\"WebPage\",\"@id\":\"https:\\\/\\\/fonderiesdesougland.fr\\\/de\\\/die-gieserei\\\/schmelzung\\\/\",\"url\":\"https:\\\/\\\/fonderiesdesougland.fr\\\/de\\\/die-gieserei\\\/schmelzung\\\/\",\"name\":\"Schmelzung - Sougland Gie\u00dferei\",\"isPartOf\":{\"@id\":\"https:\\\/\\\/fonderiesdesougland.fr\\\/de\\\/#website\"},\"primaryImageOfPage\":{\"@id\":\"https:\\\/\\\/fonderiesdesougland.fr\\\/de\\\/die-gieserei\\\/schmelzung\\\/#primaryimage\"},\"image\":{\"@id\":\"https:\\\/\\\/fonderiesdesougland.fr\\\/de\\\/die-gieserei\\\/schmelzung\\\/#primaryimage\"},\"thumbnailUrl\":\"https:\\\/\\\/fonderiesdesougland.fr\\\/de\\\/wp-content\\\/uploads\\\/sites\\\/5\\\/2016\\\/10\\\/img-sougland-fonderies-fusion-2.jpg\",\"datePublished\":\"2016-12-25T13:00:07+00:00\",\"dateModified\":\"2017-01-16T13:33:46+00:00\",\"breadcrumb\":{\"@id\":\"https:\\\/\\\/fonderiesdesougland.fr\\\/de\\\/die-gieserei\\\/schmelzung\\\/#breadcrumb\"},\"inLanguage\":\"fr-FR\",\"potentialAction\":[{\"@type\":\"ReadAction\",\"target\":[\"https:\\\/\\\/fonderiesdesougland.fr\\\/de\\\/die-gieserei\\\/schmelzung\\\/\"]}]},{\"@type\":\"ImageObject\",\"inLanguage\":\"fr-FR\",\"@id\":\"https:\\\/\\\/fonderiesdesougland.fr\\\/de\\\/die-gieserei\\\/schmelzung\\\/#primaryimage\",\"url\":\"https:\\\/\\\/fonderiesdesougland.fr\\\/de\\\/wp-content\\\/uploads\\\/sites\\\/5\\\/2016\\\/10\\\/img-sougland-fonderies-fusion-2.jpg\",\"contentUrl\":\"https:\\\/\\\/fonderiesdesougland.fr\\\/de\\\/wp-content\\\/uploads\\\/sites\\\/5\\\/2016\\\/10\\\/img-sougland-fonderies-fusion-2.jpg\",\"width\":800,\"height\":600},{\"@type\":\"BreadcrumbList\",\"@id\":\"https:\\\/\\\/fonderiesdesougland.fr\\\/de\\\/die-gieserei\\\/schmelzung\\\/#breadcrumb\",\"itemListElement\":[{\"@type\":\"ListItem\",\"position\":1,\"name\":\"Accueil\",\"item\":\"https:\\\/\\\/fonderiesdesougland.fr\\\/de\\\/\"},{\"@type\":\"ListItem\",\"position\":2,\"name\":\"Die Gie\u00dferei\",\"item\":\"https:\\\/\\\/fonderiesdesougland.fr\\\/de\\\/die-gieserei\\\/\"},{\"@type\":\"ListItem\",\"position\":3,\"name\":\"Schmelzung\"}]},{\"@type\":\"WebSite\",\"@id\":\"https:\\\/\\\/fonderiesdesougland.fr\\\/de\\\/#website\",\"url\":\"https:\\\/\\\/fonderiesdesougland.fr\\\/de\\\/\",\"name\":\"Sougland Gie\u00dferei\",\"description\":\"\",\"potentialAction\":[{\"@type\":\"SearchAction\",\"target\":{\"@type\":\"EntryPoint\",\"urlTemplate\":\"https:\\\/\\\/fonderiesdesougland.fr\\\/de\\\/?s={search_term_string}\"},\"query-input\":{\"@type\":\"PropertyValueSpecification\",\"valueRequired\":true,\"valueName\":\"search_term_string\"}}],\"inLanguage\":\"fr-FR\"}]}<\/script>\n<!-- \/ Yoast SEO plugin. -->","yoast_head_json":{"title":"Schmelzung - Sougland Gie\u00dferei","robots":{"index":"index","follow":"follow","max-snippet":"max-snippet:-1","max-image-preview":"max-image-preview:large","max-video-preview":"max-video-preview:-1"},"canonical":"https:\/\/fonderiesdesougland.fr\/de\/die-gieserei\/schmelzung\/","og_locale":"fr_FR","og_type":"article","og_title":"Schmelzung - Sougland Gie\u00dferei","og_description":"Unser Atelier ist mit 6 Schmelz\u00f6fen ausgestattet :\u00a031 1 Induktionsofenf\u00fcr 250 kg59 1 Induktionsofenf\u00fcr 600 kg59 3 Induktions\u00f6fenf\u00fcr 1 t59 1 Induktionsofenf\u00fcr 3,5 t59","og_url":"https:\/\/fonderiesdesougland.fr\/de\/die-gieserei\/schmelzung\/","og_site_name":"Sougland Gie\u00dferei","article_modified_time":"2017-01-16T13:33:46+00:00","og_image":[{"url":"https:\/\/fonderiesdesougland.fr\/de\/wp-content\/uploads\/sites\/5\/2016\/10\/img-sougland-fonderies-fusion-2.jpg","type":"","width":"","height":""}],"twitter_card":"summary_large_image","twitter_misc":{"Dur\u00e9e de lecture estim\u00e9e":"1 minute"},"schema":{"@context":"https:\/\/schema.org","@graph":[{"@type":"WebPage","@id":"https:\/\/fonderiesdesougland.fr\/de\/die-gieserei\/schmelzung\/","url":"https:\/\/fonderiesdesougland.fr\/de\/die-gieserei\/schmelzung\/","name":"Schmelzung - Sougland Gie\u00dferei","isPartOf":{"@id":"https:\/\/fonderiesdesougland.fr\/de\/#website"},"primaryImageOfPage":{"@id":"https:\/\/fonderiesdesougland.fr\/de\/die-gieserei\/schmelzung\/#primaryimage"},"image":{"@id":"https:\/\/fonderiesdesougland.fr\/de\/die-gieserei\/schmelzung\/#primaryimage"},"thumbnailUrl":"https:\/\/fonderiesdesougland.fr\/de\/wp-content\/uploads\/sites\/5\/2016\/10\/img-sougland-fonderies-fusion-2.jpg","datePublished":"2016-12-25T13:00:07+00:00","dateModified":"2017-01-16T13:33:46+00:00","breadcrumb":{"@id":"https:\/\/fonderiesdesougland.fr\/de\/die-gieserei\/schmelzung\/#breadcrumb"},"inLanguage":"fr-FR","potentialAction":[{"@type":"ReadAction","target":["https:\/\/fonderiesdesougland.fr\/de\/die-gieserei\/schmelzung\/"]}]},{"@type":"ImageObject","inLanguage":"fr-FR","@id":"https:\/\/fonderiesdesougland.fr\/de\/die-gieserei\/schmelzung\/#primaryimage","url":"https:\/\/fonderiesdesougland.fr\/de\/wp-content\/uploads\/sites\/5\/2016\/10\/img-sougland-fonderies-fusion-2.jpg","contentUrl":"https:\/\/fonderiesdesougland.fr\/de\/wp-content\/uploads\/sites\/5\/2016\/10\/img-sougland-fonderies-fusion-2.jpg","width":800,"height":600},{"@type":"BreadcrumbList","@id":"https:\/\/fonderiesdesougland.fr\/de\/die-gieserei\/schmelzung\/#breadcrumb","itemListElement":[{"@type":"ListItem","position":1,"name":"Accueil","item":"https:\/\/fonderiesdesougland.fr\/de\/"},{"@type":"ListItem","position":2,"name":"Die Gie\u00dferei","item":"https:\/\/fonderiesdesougland.fr\/de\/die-gieserei\/"},{"@type":"ListItem","position":3,"name":"Schmelzung"}]},{"@type":"WebSite","@id":"https:\/\/fonderiesdesougland.fr\/de\/#website","url":"https:\/\/fonderiesdesougland.fr\/de\/","name":"Sougland Gie\u00dferei","description":"","potentialAction":[{"@type":"SearchAction","target":{"@type":"EntryPoint","urlTemplate":"https:\/\/fonderiesdesougland.fr\/de\/?s={search_term_string}"},"query-input":{"@type":"PropertyValueSpecification","valueRequired":true,"valueName":"search_term_string"}}],"inLanguage":"fr-FR"}]}},"_links":{"self":[{"href":"https:\/\/fonderiesdesougland.fr\/de\/wp-json\/wp\/v2\/pages\/108","targetHints":{"allow":["GET"]}}],"collection":[{"href":"https:\/\/fonderiesdesougland.fr\/de\/wp-json\/wp\/v2\/pages"}],"about":[{"href":"https:\/\/fonderiesdesougland.fr\/de\/wp-json\/wp\/v2\/types\/page"}],"author":[{"embeddable":true,"href":"https:\/\/fonderiesdesougland.fr\/de\/wp-json\/wp\/v2\/users\/1"}],"replies":[{"embeddable":true,"href":"https:\/\/fonderiesdesougland.fr\/de\/wp-json\/wp\/v2\/comments?post=108"}],"version-history":[{"count":24,"href":"https:\/\/fonderiesdesougland.fr\/de\/wp-json\/wp\/v2\/pages\/108\/revisions"}],"predecessor-version":[{"id":613,"href":"https:\/\/fonderiesdesougland.fr\/de\/wp-json\/wp\/v2\/pages\/108\/revisions\/613"}],"up":[{"embeddable":true,"href":"https:\/\/fonderiesdesougland.fr\/de\/wp-json\/wp\/v2\/pages\/33"}],"wp:attachment":[{"href":"https:\/\/fonderiesdesougland.fr\/de\/wp-json\/wp\/v2\/media?parent=108"}],"curies":[{"name":"wp","href":"https:\/\/api.w.org\/{rel}","templated":true}]}}