{"id":1096,"date":"2018-10-19T14:06:07","date_gmt":"2018-10-19T12:06:07","guid":{"rendered":"https:\/\/fonderiesdesougland.fr\/de\/?page_id=1096"},"modified":"2018-10-19T14:06:07","modified_gmt":"2018-10-19T12:06:07","slug":"datenschutz","status":"publish","type":"page","link":"https:\/\/fonderiesdesougland.fr\/de\/datenschutz\/","title":{"rendered":"DATENSCHUTZ"},"content":{"rendered":"<article id=\"post-2197\" class=\"article--page article--main border-simple post-2197 page type-page status-publish hentry\">\n<section class=\"article__content\">\n<div class=\"container\">\n<section class=\"page__content js-post-gallery cf\">\n<h3>EINF\u00dcHRUNG<\/h3>\n<p>Die Unternehmen Fonderies Sougland, SAS mit einem Kapital von \u00d6rtlichkeit 417 600 Euro sis 2 rue de sougland 02830 SAINT MICHEL FRANCE, SIREN No. 835 780 164 ist erforderlich, pers\u00f6nliche Daten im Rahmen ihrer Gesch\u00e4ftst\u00e4tigkeit zu sammeln.<\/p>\n<p>Durch den Besuch unserer Website\u00a0<a href=\"https:\/\/fonderiesdesougland.fr\/\">https:\/\/fonderiesdesougland.fr\u00a0<\/a>Wir k\u00f6nnen pers\u00f6nliche Informationen \u00fcber Sie sammeln.<br \/>\nF\u00fcr Fragen hinsichtlich der Verarbeitung personenbezogener Daten, die betroffenen Personen k\u00f6nnen eine E-Mail mit ihrer Anfrage senden, fonderie.sougland@wanadoo.fr.<\/p>\n<h3>EMISSIONSVERARBEITUNGSZWECKE<\/h3>\n<p>Die verarbeiteten Daten von Fonderies Sougland wird gesammelt, erfa\u00dft und in \u00dcbereinstimmung mit den Bestimmungen des Gesetzes gespeichert in Bezug auf Daten, Dateien und Freiheiten vom 6. Januar 1978 in der geltenden Fassung der Ver\u00f6ffentlichung dieses Dokuments, sowie \u201amit den Bestimmungen der allgemeinen Verordnung \u00fcber den Datenschutz (RGPD).<\/p>\n<p>Die gesammelten Daten entsprechen den Informationen, die Sie uns auf Kontaktformulare online oder \u00fcber Cookies in Ihrem Browser hinterlegt einreichen, wenn Sie unsere Website besuchen. Im Rahmen unserer Kommunikationsagentur Gesch\u00e4fts- und Strategieberatung, werden wir auch Daten f\u00fchren zu Ihrem Unternehmen zugreifen. Wir k\u00f6nnen auch im Sinne von Artikel 4 der RGPD als Subunternehmer fungieren, wenn wir Ihre Anfrage und unter Ihrer Kontrolle zu behandeln, die Daten Ihrer Kunden.<\/p>\n<p>Die Verarbeitung dieser Daten ist f\u00fcr die Bereitstellung der Dienste auf unserer Website genannt werden. Sie erlauben uns auf Ihre Anfragen zu reagieren und organisieren, die Ereignisse, f\u00fcr die Sie uns gebeten haben.<\/p>\n<p>Ihre Navigationsinformationen erm\u00f6glicht es uns, zu wissen, wie Sie verwenden oder planen, unsere Dienste zu nutzen, kennen Ihre Branche.<\/p>\n<h3>HALTBARKEIT<\/h3>\n<p>Die Daten werden f\u00fcr die Dauer, die f\u00fcr die Erbringung von Dienstleistungen von\u00a0Fonderies Sougland angeboten gehalten.<br \/>\nDie Daten werden f\u00fcr die Dauer des Vertrages gehalten, die uns und das f\u00fcr einen Zeitraum von drei Monaten nach der Beendigung Ihres Vertrages bindet.<br \/>\nWenn Sie noch kein Kunde sind, werden Ihre Daten f\u00fcr einen Zeitraum von 3 Jahren gehalten ab dem Zeitpunkt Sie uns gefragt, und Sie sind auf unserer Seite gemacht uns zu erm\u00f6glichen, besser auf Ihre Fragen zu antworten, wenn Sie uns erneut anfordern. Die Daten werden dann archiviert und ausschlie\u00dflich im Rahmen von Rechtsstreitigkeiten, f\u00fcr die Dauer der gesetzlichen Beschr\u00e4nkung erstattet.<\/p>\n<h3>AUS\u00dcBUNG DER RECHTE<\/h3>\n<p>Jede Person hat ein Recht auf Zugang, \u00c4nderung, Berichtigung, L\u00f6schung und gegebenenfalls von pers\u00f6nlichen Daten \u00fcber ihn in \u00dcbereinstimmung mit dem Gesetz \u00fcber die in Bezug auf Daten, Dateien und Freiheiten vom 6. Januar 1978 in der geltenden Fassung der Ver\u00f6ffentlichung dieses Dokuments, und in \u00dcbereinstimmung mit den Gemeinschaftsvorschriften.<\/p>\n<p>fonderie.sougland@wanadoo.fr : das Recht auf Zugang, \u00c4nderung, Berichtigung und L\u00f6schung in dem vorhergehenden Abschnitt vorgesehen ist, kann von der folgenden Adresse erhalten werden.<\/p>\n<p>Wenn der Antrag auf Zugang, \u00c4nderung, Berichtigung oder L\u00f6schung zu Fonderies Sougland in seiner Eigenschaft als Subunternehmer von Daten von einem Client von Fonderies Sougland, Fonderies Sougland gilt die vorgesehenen Verfahren gesammelt gemacht durch den Kunden vorbehaltlich ihrer Einhaltung der geltenden Vorschriften und deren Bekanntmachung.<\/p>\n<p>Im Fall von Schwierigkeiten in Bezug auf die Verwaltung der pers\u00f6nlichen Daten, hat die betroffene Person das Recht, eine Beschwerde bei den CNIL oder einer zust\u00e4ndigen Aufsichtsbeh\u00f6rde einzureichen.<\/p>\n<h3>COOKIES<\/h3>\n<p>Cookies und Tracer k\u00f6nnen automatisch in Ihrem Browser installiert werden, oder das Ger\u00e4t, wenn Sie unsere Website oder unsere Anwendung zugreifen. Ein Cookie ist ein Element, das nicht eine Person nicht identifizieren, sondern verwendet wird, um Informationen \u00fcber die Navigation auf der WebsiteFonderies de Sougland aufzunehmen.<\/p>\n<p><strong>Was sind die Cookies, die installiert werden k\u00f6nnen, wenn Sie unsere Website oder App besuchen?<\/strong><br \/>\nIn unserem Fall verwenden wir Cookies und Tracern Sie \u00fcber unsere Website und App navigieren zu helfen, und bieten Ihnen Dienstleistungen auf Ihre Bed\u00fcrfnisse zugeschnitten besser durch Ihre Surfgewohnheiten zu kennen. Cookies erm\u00f6glichen es uns, auch Werkzeuge Statistiken \u00fcber die Nutzung unserer Website und Anwendung zu verbessern diese regelm\u00e4\u00dfig zu haben.<\/p>\n<p><strong>Cookies Leben?<\/strong><br \/>\nEs gibt zwei Arten von Cookies: Session-Cookies und persistente Cookies. Session-Cookies werden vor\u00fcbergehend in dem Unterordner Ihres Browsers erstellt, wenn Sie eine Webseite besuchen. Sobald Sie die Website verlassen, wird die Session-Cookie gel\u00f6scht.<\/p>\n<p>Die persistenten Cookie-Dateien bleiben im Unterordner Ihres Browsers und sie wieder aktiviert werden, wenn Sie die Website besuchen, die diese bestimmte Cookie erstellt.<br \/>\nEin dauerhaftes Cookie bleibt in dem Unterordner des Browsers f\u00fcr den Begriff in der Cookie-Datei definiert.<br \/>\nIm Allgemeinen ist die G\u00fcltigkeitsdauer eines Cookies 13 Monate.<\/p>\n<p><strong>Kann ich ablehnen Cookies auf meinem Computer zu akzeptieren?<\/strong><br \/>\nSie sind nicht zu akzeptieren, die Einreichung von Cookies auf Ihrem Ger\u00e4t verpflichtet. Dennoch k\u00f6nnen wir nicht ein identisches Benutzererlebnis garantieren, wenn Sie L\u00f6schen von Cookies durchf\u00fchren.<\/p>\n<p><strong>Wie Einstellungen vornehmen und die Cookies l\u00f6schen?<br \/>\n<\/strong>Sie k\u00f6nnen Cookies durch Browser deaktivieren, hier sind die Links:<br \/>\nF\u00fcr Internet Explorer:\u00a0<a href=\"http:\/\/windows.microsoft.com\/fr-FR\/windows-vista\/Block-or-allow-cookies\">http:\/\/windows.microsoft.com\/fr-FR\/windows-vista\/Block-or-allow-cookies<\/a><br \/>\nF\u00fcr Safari:\u00a0<a href=\"https:\/\/support.apple.com\/kb\/ph17191?locale=fr_FR&amp;viewlocale=fr_FR\">https:\/\/support.apple.com\/kb\/ph17191?locale=fr_FR&amp;viewlocale=fr_FR<\/a><br \/>\nF\u00fcr Chrome:\u00a0<a href=\"http:\/\/support.google.com\/chrome\/bin\/answer.py?hl=fr&amp;hlrm=en&amp;answer=95647\">http:\/\/support.google.com\/chrome\/bin\/answer.py?hl=fr&amp;hlrm=en&amp;answer=95647<\/a><br \/>\nF\u00fcr Firefox:\u00a0<a href=\"https:\/\/support.mozilla.org\/fr\/kb\/activer-desactiver-cookies\">https:\/\/support.mozilla.org\/fr\/kb\/activer-desactiver-cookies<\/a><br \/>\nF\u00fcr Opera:\u00a0<a href=\"http:\/\/help.opera.com\/Windows\/10.20\/fr\/cookies.html\">http:\/\/help.opera.com\/Windows\/10.20\/fr\/cookies.html<\/a><br \/>\nDiese Konfiguration unterscheidet sich auf einem mobilen Endger\u00e4t oder einer Tablette.<\/p>\n<p>F\u00fcr iOS:\u00a0<a href=\"https:\/\/support.apple.com\/fr-fr\/HT201265\">https:\/\/support.apple.com\/fr-fr\/HT201265<\/a><br \/>\nF\u00fcr Android:\u00a0<a href=\"http:\/\/www.wikihow.com\/Disable-Cookies#Android_Devices\">http:\/\/www.wikihow.com\/Disable-Cookies#Android_Devices<\/a><br \/>\nBlackberry:\u00a0<a href=\"http:\/\/global.blackberry.com\/fr\/legal\/privacy-policy.html#types-info-d\">http:\/\/global.blackberry.com\/fr\/legal\/privacy-policy.html#types-info-d<\/a><br \/>\nWindows Phone:\u00a0<a href=\"https:\/\/support.microsoft.com\/fr-fr\/help\/17442\/windows-internet-explorer-delete-manage-cookies\">https:\/\/support.microsoft.com\/fr-fr\/help\/17442\/windows-internet-explorer-delete-manage-cookies<\/a><br \/>\nSchlie\u00dflich ist es m\u00f6glich, den Terminal-Browser so zu konfigurieren, dass er einen Code angibt, auf Websites sendet, die nicht wollen, verfolgt werden. Dies ist allgemein bekannt als \u201eDo Not Track\u201c.<\/p>\n<p>F\u00fcr Internet Explorer:\u00a0<a href=\"http:\/\/windows.microsoft.com\/fr-fr\/internet-explorer\/use-tracking-protection#ie=ie-11\">http:\/\/windows.microsoft.com\/fr-fr\/internet-explorer\/use-tracking-protection#ie=ie-11<\/a><br \/>\nF\u00fcr Safari:\u00a0<a href=\"http:\/\/support.apple.com\/kb\/PH11952\">http:\/\/support.apple.com\/kb\/PH11952<\/a><br \/>\nF\u00fcr Chrome:\u00a0<a href=\"https:\/\/support.google.com\/chrome\/answer\/114836\">https:\/\/support.google.com\/chrome\/answer\/114836<\/a><br \/>\nF\u00fcr Firefox:\u00a0<a href=\"https:\/\/support.mozilla.org\/fr\/kb\/comment-activer-option-ne-pas-pister\">https:\/\/support.mozilla.org\/fr\/kb\/comment-activer-option-ne-pas-pister<\/a><br \/>\nF\u00fcr Opera:\u00a0<a href=\"http:\/\/help.opera.com\/Windows\/12.10\/fr\/notrack.html\">http:\/\/help.opera.com\/Windows\/12.10\/fr\/notrack.html<\/a><\/p>\n<p>Seien Sie vorsichtig, wenn Browser-Tuning-Parameter wahrscheinlich im Laufe der Zeit \u00e4ndern.<\/p>\n<\/section>\n<\/div>\n<\/section>\n<\/article>\n<footer class=\"site-footer \">\n<aside class=\"sidebar sidebar--footer sidebar--footer__dark\">\n<div class=\"container\">\n<div class=\"footer-widget-area col-4 \">\n<aside class=\"sidebar\">\n<div id=\"text-6\" class=\"widget widget--menu widget_text\"><\/div>\n<\/aside>\n<\/div>\n<\/div>\n<\/aside>\n<\/footer>\n","protected":false},"excerpt":{"rendered":"<p>EINF\u00dcHRUNG Die Unternehmen Fonderies Sougland, SAS mit einem Kapital von \u00d6rtlichkeit 417 600 Euro sis 2 rue de sougland 02830 SAINT MICHEL FRANCE, SIREN No. 835 780 164 ist erforderlich, pers\u00f6nliche Daten im Rahmen ihrer Gesch\u00e4ftst\u00e4tigkeit zu sammeln. Durch den Besuch unserer Website\u00a0https:\/\/fonderiesdesougland.fr\u00a0Wir k\u00f6nnen pers\u00f6nliche Informationen \u00fcber Sie sammeln. F\u00fcr Fragen hinsichtlich der Verarbeitung personenbezogener [&hellip;]<\/p>\n","protected":false},"author":1,"featured_media":0,"parent":0,"menu_order":0,"comment_status":"closed","ping_status":"closed","template":"","meta":{"_acf_changed":false,"footnotes":""},"class_list":["post-1096","page","type-page","status-publish","hentry"],"acf":[],"yoast_head":"<!-- This site is optimized with the Yoast SEO plugin v27.4 - https:\/\/yoast.com\/product\/yoast-seo-wordpress\/ -->\n<title>DATENSCHUTZ - Sougland Gie\u00dferei<\/title>\n<meta name=\"robots\" content=\"index, follow, max-snippet:-1, max-image-preview:large, max-video-preview:-1\" \/>\n<link rel=\"canonical\" href=\"https:\/\/fonderiesdesougland.fr\/de\/datenschutz\/\" \/>\n<meta property=\"og:locale\" content=\"fr_FR\" \/>\n<meta property=\"og:type\" content=\"article\" \/>\n<meta property=\"og:title\" content=\"DATENSCHUTZ - Sougland Gie\u00dferei\" \/>\n<meta property=\"og:description\" content=\"EINF\u00dcHRUNG Die Unternehmen Fonderies Sougland, SAS mit einem Kapital von \u00d6rtlichkeit 417 600 Euro sis 2 rue de sougland 02830 SAINT MICHEL FRANCE, SIREN No. 835 780 164 ist erforderlich, pers\u00f6nliche Daten im Rahmen ihrer Gesch\u00e4ftst\u00e4tigkeit zu sammeln. Durch den Besuch unserer Website\u00a0https:\/\/fonderiesdesougland.fr\u00a0Wir k\u00f6nnen pers\u00f6nliche Informationen \u00fcber Sie sammeln. F\u00fcr Fragen hinsichtlich der Verarbeitung personenbezogener [&hellip;]\" \/>\n<meta property=\"og:url\" content=\"https:\/\/fonderiesdesougland.fr\/de\/datenschutz\/\" \/>\n<meta property=\"og:site_name\" content=\"Sougland Gie\u00dferei\" \/>\n<meta name=\"twitter:card\" content=\"summary_large_image\" \/>\n<meta name=\"twitter:label1\" content=\"Dur\u00e9e de lecture estim\u00e9e\" \/>\n\t<meta name=\"twitter:data1\" content=\"5 minutes\" \/>\n<script type=\"application\/ld+json\" class=\"yoast-schema-graph\">{\"@context\":\"https:\\\/\\\/schema.org\",\"@graph\":[{\"@type\":\"WebPage\",\"@id\":\"https:\\\/\\\/fonderiesdesougland.fr\\\/de\\\/datenschutz\\\/\",\"url\":\"https:\\\/\\\/fonderiesdesougland.fr\\\/de\\\/datenschutz\\\/\",\"name\":\"DATENSCHUTZ - Sougland Gie\u00dferei\",\"isPartOf\":{\"@id\":\"https:\\\/\\\/fonderiesdesougland.fr\\\/de\\\/#website\"},\"datePublished\":\"2018-10-19T12:06:07+00:00\",\"breadcrumb\":{\"@id\":\"https:\\\/\\\/fonderiesdesougland.fr\\\/de\\\/datenschutz\\\/#breadcrumb\"},\"inLanguage\":\"fr-FR\",\"potentialAction\":[{\"@type\":\"ReadAction\",\"target\":[\"https:\\\/\\\/fonderiesdesougland.fr\\\/de\\\/datenschutz\\\/\"]}]},{\"@type\":\"BreadcrumbList\",\"@id\":\"https:\\\/\\\/fonderiesdesougland.fr\\\/de\\\/datenschutz\\\/#breadcrumb\",\"itemListElement\":[{\"@type\":\"ListItem\",\"position\":1,\"name\":\"Accueil\",\"item\":\"https:\\\/\\\/fonderiesdesougland.fr\\\/de\\\/\"},{\"@type\":\"ListItem\",\"position\":2,\"name\":\"DATENSCHUTZ\"}]},{\"@type\":\"WebSite\",\"@id\":\"https:\\\/\\\/fonderiesdesougland.fr\\\/de\\\/#website\",\"url\":\"https:\\\/\\\/fonderiesdesougland.fr\\\/de\\\/\",\"name\":\"Sougland Gie\u00dferei\",\"description\":\"\",\"potentialAction\":[{\"@type\":\"SearchAction\",\"target\":{\"@type\":\"EntryPoint\",\"urlTemplate\":\"https:\\\/\\\/fonderiesdesougland.fr\\\/de\\\/?s={search_term_string}\"},\"query-input\":{\"@type\":\"PropertyValueSpecification\",\"valueRequired\":true,\"valueName\":\"search_term_string\"}}],\"inLanguage\":\"fr-FR\"}]}<\/script>\n<!-- \/ Yoast SEO plugin. -->","yoast_head_json":{"title":"DATENSCHUTZ - Sougland Gie\u00dferei","robots":{"index":"index","follow":"follow","max-snippet":"max-snippet:-1","max-image-preview":"max-image-preview:large","max-video-preview":"max-video-preview:-1"},"canonical":"https:\/\/fonderiesdesougland.fr\/de\/datenschutz\/","og_locale":"fr_FR","og_type":"article","og_title":"DATENSCHUTZ - Sougland Gie\u00dferei","og_description":"EINF\u00dcHRUNG Die Unternehmen Fonderies Sougland, SAS mit einem Kapital von \u00d6rtlichkeit 417 600 Euro sis 2 rue de sougland 02830 SAINT MICHEL FRANCE, SIREN No. 835 780 164 ist erforderlich, pers\u00f6nliche Daten im Rahmen ihrer Gesch\u00e4ftst\u00e4tigkeit zu sammeln. Durch den Besuch unserer Website\u00a0https:\/\/fonderiesdesougland.fr\u00a0Wir k\u00f6nnen pers\u00f6nliche Informationen \u00fcber Sie sammeln. F\u00fcr Fragen hinsichtlich der Verarbeitung personenbezogener [&hellip;]","og_url":"https:\/\/fonderiesdesougland.fr\/de\/datenschutz\/","og_site_name":"Sougland Gie\u00dferei","twitter_card":"summary_large_image","twitter_misc":{"Dur\u00e9e de lecture estim\u00e9e":"5 minutes"},"schema":{"@context":"https:\/\/schema.org","@graph":[{"@type":"WebPage","@id":"https:\/\/fonderiesdesougland.fr\/de\/datenschutz\/","url":"https:\/\/fonderiesdesougland.fr\/de\/datenschutz\/","name":"DATENSCHUTZ - Sougland Gie\u00dferei","isPartOf":{"@id":"https:\/\/fonderiesdesougland.fr\/de\/#website"},"datePublished":"2018-10-19T12:06:07+00:00","breadcrumb":{"@id":"https:\/\/fonderiesdesougland.fr\/de\/datenschutz\/#breadcrumb"},"inLanguage":"fr-FR","potentialAction":[{"@type":"ReadAction","target":["https:\/\/fonderiesdesougland.fr\/de\/datenschutz\/"]}]},{"@type":"BreadcrumbList","@id":"https:\/\/fonderiesdesougland.fr\/de\/datenschutz\/#breadcrumb","itemListElement":[{"@type":"ListItem","position":1,"name":"Accueil","item":"https:\/\/fonderiesdesougland.fr\/de\/"},{"@type":"ListItem","position":2,"name":"DATENSCHUTZ"}]},{"@type":"WebSite","@id":"https:\/\/fonderiesdesougland.fr\/de\/#website","url":"https:\/\/fonderiesdesougland.fr\/de\/","name":"Sougland Gie\u00dferei","description":"","potentialAction":[{"@type":"SearchAction","target":{"@type":"EntryPoint","urlTemplate":"https:\/\/fonderiesdesougland.fr\/de\/?s={search_term_string}"},"query-input":{"@type":"PropertyValueSpecification","valueRequired":true,"valueName":"search_term_string"}}],"inLanguage":"fr-FR"}]}},"_links":{"self":[{"href":"https:\/\/fonderiesdesougland.fr\/de\/wp-json\/wp\/v2\/pages\/1096","targetHints":{"allow":["GET"]}}],"collection":[{"href":"https:\/\/fonderiesdesougland.fr\/de\/wp-json\/wp\/v2\/pages"}],"about":[{"href":"https:\/\/fonderiesdesougland.fr\/de\/wp-json\/wp\/v2\/types\/page"}],"author":[{"embeddable":true,"href":"https:\/\/fonderiesdesougland.fr\/de\/wp-json\/wp\/v2\/users\/1"}],"replies":[{"embeddable":true,"href":"https:\/\/fonderiesdesougland.fr\/de\/wp-json\/wp\/v2\/comments?post=1096"}],"version-history":[{"count":1,"href":"https:\/\/fonderiesdesougland.fr\/de\/wp-json\/wp\/v2\/pages\/1096\/revisions"}],"predecessor-version":[{"id":1097,"href":"https:\/\/fonderiesdesougland.fr\/de\/wp-json\/wp\/v2\/pages\/1096\/revisions\/1097"}],"wp:attachment":[{"href":"https:\/\/fonderiesdesougland.fr\/de\/wp-json\/wp\/v2\/media?parent=1096"}],"curies":[{"name":"wp","href":"https:\/\/api.w.org\/{rel}","templated":true}]}}