{"id":113,"date":"2016-12-25T14:03:37","date_gmt":"2016-12-25T13:03:37","guid":{"rendered":"https:\/\/fonderiesdesougland.fr\/de\/?page_id=113"},"modified":"2017-05-17T10:41:06","modified_gmt":"2017-05-17T08:41:06","slug":"fe-innovation","status":"publish","type":"page","link":"https:\/\/fonderiesdesougland.fr\/de\/fe-innovation\/","title":{"rendered":"F&#038;E Innovation"},"content":{"rendered":"<div id=\"pl-113\"  class=\"panel-layout\" ><div id=\"pg-113-0\"  class=\"panel-grid panel-no-style\" ><div id=\"pgc-113-0-0\"  class=\"panel-grid-cell\" ><div id=\"panel-113-0-0-0\" class=\"so-panel widget widget_sow-image panel-first-child panel-last-child\" data-index=\"0\" ><div\n\t\t\t\n\t\t\tclass=\"so-widget-sow-image so-widget-sow-image-default-8b5b6f678277-113\"\n\t\t\t\n\t\t>\n<div class=\"sow-image-container\">\n\t\t\t<a href=\"https:\/\/fonderiesdesougland.fr\/wp-content\/uploads\/2016\/10\/sougland-rd-img-1.jpg\"\n\t\t\t\t\t>\n\t\t\t<img \n\tsrc=\"https:\/\/fonderiesdesougland.fr\/de\/wp-content\/uploads\/sites\/5\/2016\/10\/sougland-rd-img-1.jpg\" width=\"800\" height=\"600\" srcset=\"https:\/\/fonderiesdesougland.fr\/de\/wp-content\/uploads\/sites\/5\/2016\/10\/sougland-rd-img-1.jpg 800w, https:\/\/fonderiesdesougland.fr\/de\/wp-content\/uploads\/sites\/5\/2016\/10\/sougland-rd-img-1-300x225.jpg 300w, https:\/\/fonderiesdesougland.fr\/de\/wp-content\/uploads\/sites\/5\/2016\/10\/sougland-rd-img-1-768x576.jpg 768w\" sizes=\"(max-width: 800px) 100vw, 800px\" alt=\"\" \t\tclass=\"so-widget-image\"\/>\n\t\t\t<\/a><\/div>\n\n<\/div><\/div><\/div><div id=\"pgc-113-0-1\"  class=\"panel-grid-cell\" ><div id=\"panel-113-0-1-0\" class=\"so-panel widget widget_sow-editor panel-first-child panel-last-child\" data-index=\"1\" ><div\n\t\t\t\n\t\t\tclass=\"so-widget-sow-editor so-widget-sow-editor-base\"\n\t\t\t\n\t\t>\n<div class=\"siteorigin-widget-tinymce textwidget\">\n\t<h4>UNSERE BESONDERHEIT : INTEGRIERTE F&amp;E<\/h4>\n<p>7 % des Umsatzes werden j\u00e4hrlich in Forschung &amp;amp; Entwicklung investiert. Unsere Forscher, Ingenieure und Techniker arbeiten in Partnerschaft mit Universit\u00e4ten und Forschungszentren.<\/p>\n<p>\u00a0<\/p>\n<ul>\n<li><strong>Unseren Kunden innovative L\u00f6sungen bieten.<\/strong><\/li>\n<li><strong>Den Bed\u00fcrfnissen der M\u00e4rkte vorgreifen.<\/strong><\/li>\n<li><strong>Wertsch\u00f6pfung, Wachstum und Entwicklung gew\u00e4hrleisten.<\/strong><\/li>\n<\/ul>\n<div id=\"link64_adl_tabid\" style=\"display: none;\" data-url=\"https:\/\/fonderiesdesougland.fr\/de\/wp-admin\/post.php?post=113&amp;action=edit\">81<\/div>\n<\/div>\n<\/div><\/div><\/div><\/div><div id=\"pg-113-1\"  class=\"panel-grid panel-no-style\" ><div id=\"pgc-113-1-0\"  class=\"panel-grid-cell\" ><div id=\"panel-113-1-0-0\" class=\"so-panel widget widget_sow-editor panel-first-child panel-last-child\" data-index=\"2\" ><div\n\t\t\t\n\t\t\tclass=\"so-widget-sow-editor so-widget-sow-editor-base\"\n\t\t\t\n\t\t>\n<div class=\"siteorigin-widget-tinymce textwidget\">\n\t<p style=\"text-align: justify;\">Innovation geh\u00f6rte seit der Gr\u00fcndung des Unternehmens zur DNA der Fonderies de Sougland.<\/p>\n<p style=\"text-align: justify;\">Bereits zu Beginn des 20. Jahrhunderts machten wir eine Erfindung, die zur Verbesserung von Arbeitsbedingungen und Leistungen beitrug. <a href=\"https:\/\/fonderiesdesougland.fr\/de\/les-fonderies-de-sougland\/industrielles-erbe-der-franzosischen-region-hauts-de-france\/\">Siehe Unsere Geschichte<\/a><\/p>\n<p style=\"text-align: justify;\">Aus diesem Grund haben wir uns daf\u00fcr entschieden, Forschung und Entwicklung direkt in unsere Ateliers einzubeziehen.<\/p>\n<p style=\"text-align: justify;\">\u00a0<\/p>\n<p style=\"text-align: justify;\">Weil die N\u00e4he unseres Unternehmen zum Kunden von gr\u00f6\u00dfter Wichtigkeit und auch ein unbestrittener Vorteil ist.<\/p>\n<p style=\"text-align: justify;\">\u00a0<\/p>\n<p style=\"text-align: justify;\">Die Verbesserungsw\u00fcnsche unserer Partner aufgreifen, einen \u00dcberlegungsprozess anregen, Tests unter realen Bedingungen im Kundenumfeld und in unserem Betrieb entwickeln und diese schlie\u00dflich dank externer Experten\u00a0(Labore, Forschungszentren, Universit\u00e4ten...) zu validieren, sind einzigartige Leistungen, die wir unseren Kunden bieten m\u00f6chten.<\/p>\n<div id=\"link64_adl_tabid\" style=\"display: none;\" data-url=\"https:\/\/fonderiesdesougland.fr\/wp-admin\/post.php?post=113&amp;action=edit\">236<\/div>\n<\/div>\n<\/div><\/div><\/div><div id=\"pgc-113-1-1\"  class=\"panel-grid-cell\" ><div id=\"panel-113-1-1-0\" class=\"so-panel widget widget_sow-editor panel-first-child panel-last-child\" data-index=\"3\" ><div\n\t\t\t\n\t\t\tclass=\"so-widget-sow-editor so-widget-sow-editor-base\"\n\t\t\t\n\t\t>\n<div class=\"siteorigin-widget-tinymce textwidget\">\n\t<p>Unsere Forschung und Entwicklung st\u00fctzt sich auf mehrere Pfeiler unserer Organisation :<\/p>\n<ul>\n<li>Ein Projektleiter, der sich mit den konkreten F\u00e4llen unserer Kunden befasst und die Projektphasen koordiniert.<\/li>\n<li>Metallkunde-Experten, die auf Verbesserungsm\u00f6glichkeiten f\u00fcr die benutzte Metallg\u00fcte hinweisen k\u00f6nnen.<\/li>\n<li>Ein internes Entwicklungsb\u00fcro, in dem man unter anderem Gussteile durch sinnvolle \u00c4nderungsvorschl\u00e4ge zwecks besserer Fertigung (re-design to cost) umgestalten, aber auch die Formf\u00fcllung und Erstarrung\u00a0simulieren kann.<\/li>\n<li>Qualifizierte Pr\u00fcfer, die ihren objektiven Beobachtungen vor Ort entscheidungsrelevante Aspekte zugrunde legen.<\/li>\n<li>Eine Zusammenarbeit mit technologischen Plattformen, unabh\u00e4ngigen Labors, Forschungszentren von Universit\u00e4ten oder anderen Tr\u00e4gern, welche die Validierung unserer Vorschl\u00e4ge auf der Grundlage von Fakten erm\u00f6glichen.<\/li>\n<\/ul>\n<p>\u00a0<\/p>\n<p>All diese Elemente tragen dazu bei, dass wir uns in einer dauerhaften Dynamik von Innovation und Wertsteigerung befinden.<\/p>\n<div id=\"link64_adl_tabid\" style=\"display: none;\" data-url=\"https:\/\/fonderiesdesougland.fr\/de\/wp-admin\/post.php?post=113&amp;action=edit\">107<\/div>\n<\/div>\n<\/div><\/div><\/div><\/div><div id=\"pg-113-2\"  class=\"panel-grid panel-no-style\" ><div id=\"pgc-113-2-0\"  class=\"panel-grid-cell\" ><div id=\"panel-113-2-0-0\" class=\"so-panel widget widget_sow-image panel-first-child panel-last-child\" data-index=\"4\" ><div\n\t\t\t\n\t\t\tclass=\"so-widget-sow-image so-widget-sow-image-default-c67d20f9f743-113\"\n\t\t\t\n\t\t>\n<div class=\"sow-image-container\">\n\t\t<img \n\tsrc=\"https:\/\/fonderiesdesougland.fr\/de\/wp-content\/uploads\/sites\/5\/2016\/12\/thumb-130x130-511370.jpg\" width=\"130\" height=\"130\" sizes=\"(max-width: 130px) 100vw, 130px\" title=\"Logo PilHot\" alt=\"\" \t\tclass=\"so-widget-image\"\/>\n\t<\/div>\n\n<\/div><\/div><\/div><\/div><\/div>","protected":false},"excerpt":{"rendered":"<p>UNSERE BESONDERHEIT : INTEGRIERTE F&amp;E7 % des Umsatzes werden j\u00e4hrlich in Forschung &amp;amp; Entwicklung investiert. Unsere Forscher, Ingenieure und Techniker arbeiten in Partnerschaft mit Universit\u00e4ten und Forschungszentren.\u00a0Unseren Kunden innovative L\u00f6sungen bieten.Den Bed\u00fcrfnissen der M\u00e4rkte vorgreifen.Wertsch\u00f6pfung, Wachstum und Entwicklung gew\u00e4hrleisten.81 Innovation geh\u00f6rte seit der Gr\u00fcndung des Unternehmens zur DNA der Fonderies de Sougland.Bereits zu Beginn des [&hellip;]<\/p>\n","protected":false},"author":1,"featured_media":0,"parent":0,"menu_order":0,"comment_status":"closed","ping_status":"closed","template":"","meta":{"_acf_changed":false,"footnotes":""},"class_list":["post-113","page","type-page","status-publish","hentry"],"acf":[],"yoast_head":"<!-- This site is optimized with the Yoast SEO plugin v27.4 - https:\/\/yoast.com\/product\/yoast-seo-wordpress\/ -->\n<title>F&amp;E Innovation - Sougland Gie\u00dferei<\/title>\n<meta name=\"robots\" content=\"index, follow, max-snippet:-1, max-image-preview:large, max-video-preview:-1\" \/>\n<link rel=\"canonical\" href=\"https:\/\/fonderiesdesougland.fr\/de\/fe-innovation\/\" \/>\n<meta property=\"og:locale\" content=\"fr_FR\" \/>\n<meta property=\"og:type\" content=\"article\" \/>\n<meta property=\"og:title\" content=\"F&amp;E Innovation - Sougland Gie\u00dferei\" \/>\n<meta property=\"og:description\" content=\"UNSERE BESONDERHEIT : INTEGRIERTE F&amp;E7 % des Umsatzes werden j\u00e4hrlich in Forschung &amp;amp; Entwicklung investiert. Unsere Forscher, Ingenieure und Techniker arbeiten in Partnerschaft mit Universit\u00e4ten und Forschungszentren.\u00a0Unseren Kunden innovative L\u00f6sungen bieten.Den Bed\u00fcrfnissen der M\u00e4rkte vorgreifen.Wertsch\u00f6pfung, Wachstum und Entwicklung gew\u00e4hrleisten.81 Innovation geh\u00f6rte seit der Gr\u00fcndung des Unternehmens zur DNA der Fonderies de Sougland.Bereits zu Beginn des [&hellip;]\" \/>\n<meta property=\"og:url\" content=\"https:\/\/fonderiesdesougland.fr\/de\/fe-innovation\/\" \/>\n<meta property=\"og:site_name\" content=\"Sougland Gie\u00dferei\" \/>\n<meta property=\"article:modified_time\" content=\"2017-05-17T08:41:06+00:00\" \/>\n<meta name=\"twitter:card\" content=\"summary_large_image\" \/>\n<meta name=\"twitter:label1\" content=\"Dur\u00e9e de lecture estim\u00e9e\" \/>\n\t<meta name=\"twitter:data1\" content=\"2 minutes\" \/>\n<script type=\"application\/ld+json\" class=\"yoast-schema-graph\">{\"@context\":\"https:\\\/\\\/schema.org\",\"@graph\":[{\"@type\":\"WebPage\",\"@id\":\"https:\\\/\\\/fonderiesdesougland.fr\\\/de\\\/fe-innovation\\\/\",\"url\":\"https:\\\/\\\/fonderiesdesougland.fr\\\/de\\\/fe-innovation\\\/\",\"name\":\"F&E Innovation - Sougland Gie\u00dferei\",\"isPartOf\":{\"@id\":\"https:\\\/\\\/fonderiesdesougland.fr\\\/de\\\/#website\"},\"datePublished\":\"2016-12-25T13:03:37+00:00\",\"dateModified\":\"2017-05-17T08:41:06+00:00\",\"breadcrumb\":{\"@id\":\"https:\\\/\\\/fonderiesdesougland.fr\\\/de\\\/fe-innovation\\\/#breadcrumb\"},\"inLanguage\":\"fr-FR\",\"potentialAction\":[{\"@type\":\"ReadAction\",\"target\":[\"https:\\\/\\\/fonderiesdesougland.fr\\\/de\\\/fe-innovation\\\/\"]}]},{\"@type\":\"BreadcrumbList\",\"@id\":\"https:\\\/\\\/fonderiesdesougland.fr\\\/de\\\/fe-innovation\\\/#breadcrumb\",\"itemListElement\":[{\"@type\":\"ListItem\",\"position\":1,\"name\":\"Accueil\",\"item\":\"https:\\\/\\\/fonderiesdesougland.fr\\\/de\\\/\"},{\"@type\":\"ListItem\",\"position\":2,\"name\":\"F&#038;E Innovation\"}]},{\"@type\":\"WebSite\",\"@id\":\"https:\\\/\\\/fonderiesdesougland.fr\\\/de\\\/#website\",\"url\":\"https:\\\/\\\/fonderiesdesougland.fr\\\/de\\\/\",\"name\":\"Sougland Gie\u00dferei\",\"description\":\"\",\"potentialAction\":[{\"@type\":\"SearchAction\",\"target\":{\"@type\":\"EntryPoint\",\"urlTemplate\":\"https:\\\/\\\/fonderiesdesougland.fr\\\/de\\\/?s={search_term_string}\"},\"query-input\":{\"@type\":\"PropertyValueSpecification\",\"valueRequired\":true,\"valueName\":\"search_term_string\"}}],\"inLanguage\":\"fr-FR\"}]}<\/script>\n<!-- \/ Yoast SEO plugin. -->","yoast_head_json":{"title":"F&E Innovation - Sougland Gie\u00dferei","robots":{"index":"index","follow":"follow","max-snippet":"max-snippet:-1","max-image-preview":"max-image-preview:large","max-video-preview":"max-video-preview:-1"},"canonical":"https:\/\/fonderiesdesougland.fr\/de\/fe-innovation\/","og_locale":"fr_FR","og_type":"article","og_title":"F&E Innovation - Sougland Gie\u00dferei","og_description":"UNSERE BESONDERHEIT : INTEGRIERTE F&amp;E7 % des Umsatzes werden j\u00e4hrlich in Forschung &amp;amp; Entwicklung investiert. Unsere Forscher, Ingenieure und Techniker arbeiten in Partnerschaft mit Universit\u00e4ten und Forschungszentren.\u00a0Unseren Kunden innovative L\u00f6sungen bieten.Den Bed\u00fcrfnissen der M\u00e4rkte vorgreifen.Wertsch\u00f6pfung, Wachstum und Entwicklung gew\u00e4hrleisten.81 Innovation geh\u00f6rte seit der Gr\u00fcndung des Unternehmens zur DNA der Fonderies de Sougland.Bereits zu Beginn des [&hellip;]","og_url":"https:\/\/fonderiesdesougland.fr\/de\/fe-innovation\/","og_site_name":"Sougland Gie\u00dferei","article_modified_time":"2017-05-17T08:41:06+00:00","twitter_card":"summary_large_image","twitter_misc":{"Dur\u00e9e de lecture estim\u00e9e":"2 minutes"},"schema":{"@context":"https:\/\/schema.org","@graph":[{"@type":"WebPage","@id":"https:\/\/fonderiesdesougland.fr\/de\/fe-innovation\/","url":"https:\/\/fonderiesdesougland.fr\/de\/fe-innovation\/","name":"F&E Innovation - Sougland Gie\u00dferei","isPartOf":{"@id":"https:\/\/fonderiesdesougland.fr\/de\/#website"},"datePublished":"2016-12-25T13:03:37+00:00","dateModified":"2017-05-17T08:41:06+00:00","breadcrumb":{"@id":"https:\/\/fonderiesdesougland.fr\/de\/fe-innovation\/#breadcrumb"},"inLanguage":"fr-FR","potentialAction":[{"@type":"ReadAction","target":["https:\/\/fonderiesdesougland.fr\/de\/fe-innovation\/"]}]},{"@type":"BreadcrumbList","@id":"https:\/\/fonderiesdesougland.fr\/de\/fe-innovation\/#breadcrumb","itemListElement":[{"@type":"ListItem","position":1,"name":"Accueil","item":"https:\/\/fonderiesdesougland.fr\/de\/"},{"@type":"ListItem","position":2,"name":"F&#038;E Innovation"}]},{"@type":"WebSite","@id":"https:\/\/fonderiesdesougland.fr\/de\/#website","url":"https:\/\/fonderiesdesougland.fr\/de\/","name":"Sougland Gie\u00dferei","description":"","potentialAction":[{"@type":"SearchAction","target":{"@type":"EntryPoint","urlTemplate":"https:\/\/fonderiesdesougland.fr\/de\/?s={search_term_string}"},"query-input":{"@type":"PropertyValueSpecification","valueRequired":true,"valueName":"search_term_string"}}],"inLanguage":"fr-FR"}]}},"_links":{"self":[{"href":"https:\/\/fonderiesdesougland.fr\/de\/wp-json\/wp\/v2\/pages\/113","targetHints":{"allow":["GET"]}}],"collection":[{"href":"https:\/\/fonderiesdesougland.fr\/de\/wp-json\/wp\/v2\/pages"}],"about":[{"href":"https:\/\/fonderiesdesougland.fr\/de\/wp-json\/wp\/v2\/types\/page"}],"author":[{"embeddable":true,"href":"https:\/\/fonderiesdesougland.fr\/de\/wp-json\/wp\/v2\/users\/1"}],"replies":[{"embeddable":true,"href":"https:\/\/fonderiesdesougland.fr\/de\/wp-json\/wp\/v2\/comments?post=113"}],"version-history":[{"count":15,"href":"https:\/\/fonderiesdesougland.fr\/de\/wp-json\/wp\/v2\/pages\/113\/revisions"}],"predecessor-version":[{"id":1084,"href":"https:\/\/fonderiesdesougland.fr\/de\/wp-json\/wp\/v2\/pages\/113\/revisions\/1084"}],"wp:attachment":[{"href":"https:\/\/fonderiesdesougland.fr\/de\/wp-json\/wp\/v2\/media?parent=113"}],"curies":[{"name":"wp","href":"https:\/\/api.w.org\/{rel}","templated":true}]}}