{"id":23,"date":"2016-12-23T09:32:10","date_gmt":"2016-12-23T08:32:10","guid":{"rendered":"https:\/\/fonderiesdesougland.fr\/de\/?page_id=23"},"modified":"2017-01-13T15:52:12","modified_gmt":"2017-01-13T14:52:12","slug":"industrielles-erbe-der-franzosischen-region-hauts-de-france","status":"publish","type":"page","link":"https:\/\/fonderiesdesougland.fr\/de\/les-fonderies-de-sougland\/industrielles-erbe-der-franzosischen-region-hauts-de-france\/","title":{"rendered":"Industrielles erbe der Franz\u00f6sischen region Hauts-de-France"},"content":{"rendered":"<div id=\"pl-23\"  class=\"panel-layout\" ><div id=\"pg-23-0\"  class=\"panel-grid panel-no-style\" ><div id=\"pgc-23-0-0\"  class=\"panel-grid-cell\" ><div id=\"panel-23-0-0-0\" class=\"so-panel widget widget_sow-editor panel-first-child panel-last-child\" data-index=\"0\" ><div\n\t\t\t\n\t\t\tclass=\"so-widget-sow-editor so-widget-sow-editor-base\"\n\t\t\t\n\t\t>\n<div class=\"siteorigin-widget-tinymce textwidget\">\n\t<p style=\"text-align: justify;\"><strong>DAS \u00c4LTESTE INDUSTRIEUNTERNEHMEN DER REGION HAUTS-DE- FRANCE<\/strong><\/p>\n<p style=\"text-align: justify;\">\u00a0<\/p>\n<h3 style=\"text-align: justify;\">1543<\/h3>\n<p style=\"text-align: justify;\">Gr\u00fcndung der Firma Les Fonderies de Sougland. Thomas de Canone erh\u00e4lt vom Abt von\u00a0Saint-Michel einen Pachtvertrag f\u00fcr den Ort namens \u201eSOUGLAND\u201c, um dort eine Schmiede und einen Ofen zu bauen.<\/p>\n<p style=\"text-align: justify;\">\u00a0<\/p>\n<h3 style=\"text-align: justify;\">1850<\/h3>\n<p style=\"text-align: justify;\">Die Familie Dormoy, \u00fcber ein halbes Jahrhundert lang eine Dynastie von Schmiedemeistern, erfindet die Glasiermaschine, wof\u00fcr sie auf der Weltausstellung von 1900 ein preisgekr\u00f6ntes Patent erhielt (Pr\u00e4sident der Jury).<\/p>\n<div id=\"link64_adl_tabid\" style=\"display: none; text-align: justify;\" data-url=\"https:\/\/fonderiesdesougland.fr\/de\/wp-admin\/post.php?post=23&amp;action=edit\">86<\/div>\n<\/div>\n<\/div><\/div><\/div><div id=\"pgc-23-0-1\"  class=\"panel-grid-cell\" ><div id=\"panel-23-0-1-0\" class=\"so-panel widget widget_sow-editor panel-first-child panel-last-child\" data-index=\"1\" ><div\n\t\t\t\n\t\t\tclass=\"so-widget-sow-editor so-widget-sow-editor-base\"\n\t\t\t\n\t\t>\n<div class=\"siteorigin-widget-tinymce textwidget\">\n\t<p style=\"text-align: justify;\"><strong>SEIT \u00dcBER EINEM HALBEM JAHRHUNDERT EIN FAMILIENUNTERNEHMEN<\/strong><\/p>\n<p style=\"text-align: justify;\">\u00a0<\/p>\n<h3 style=\"text-align: justify;\">1963<\/h3>\n<p style=\"text-align: justify;\">Die Familie LANG nimmt die Geschicke des Unternehmens in die Hand. Fran\u00e7ois LANG erwirbt die Firma und entwickelt die Herstellung von technischen Industrieteilen.<\/p>\n<p style=\"text-align: justify;\">\u00a0<\/p>\n<h3 style=\"text-align: justify;\">1998<\/h3>\n<p style=\"text-align: justify;\">Florence LANG bringt mit ihrem Konzept der kontinuierlichen fachlichen Weiterbildung, der Innovation und des Kundenservices eine neue Dynamik in das Unternehmen.<\/p>\n<div id=\"link64_adl_tabid\" style=\"display: none; text-align: justify;\" data-url=\"https:\/\/fonderiesdesougland.fr\/de\/wp-admin\/post.php?post=23&amp;action=edit\">86<\/div>\n<\/div>\n<\/div><\/div><\/div><\/div><div id=\"pg-23-1\"  class=\"panel-grid panel-no-style\" ><div id=\"pgc-23-1-0\"  class=\"panel-grid-cell\" ><div id=\"panel-23-1-0-0\" class=\"so-panel widget widget_sow-image panel-first-child panel-last-child\" data-index=\"2\" ><div\n\t\t\t\n\t\t\tclass=\"so-widget-sow-image so-widget-sow-image-default-8b5b6f678277-23\"\n\t\t\t\n\t\t>\n<div class=\"sow-image-container\">\n\t\t\t<a href=\"https:\/\/fonderiesdesougland.fr\/wp-content\/uploads\/2016\/12\/sougland-histoire-img-1.jpg\"\n\t\t\t\t\t>\n\t\t\t<img \n\tsrc=\"https:\/\/fonderiesdesougland.fr\/de\/wp-content\/uploads\/sites\/5\/2016\/12\/sougland-histoire-img-1.jpg\" width=\"800\" height=\"600\" srcset=\"https:\/\/fonderiesdesougland.fr\/de\/wp-content\/uploads\/sites\/5\/2016\/12\/sougland-histoire-img-1.jpg 800w, https:\/\/fonderiesdesougland.fr\/de\/wp-content\/uploads\/sites\/5\/2016\/12\/sougland-histoire-img-1-300x225.jpg 300w, https:\/\/fonderiesdesougland.fr\/de\/wp-content\/uploads\/sites\/5\/2016\/12\/sougland-histoire-img-1-768x576.jpg 768w\" sizes=\"(max-width: 800px) 100vw, 800px\" alt=\"\" \t\tclass=\"so-widget-image\"\/>\n\t\t\t<\/a><\/div>\n\n<\/div><\/div><\/div><div id=\"pgc-23-1-1\"  class=\"panel-grid-cell\" ><div id=\"panel-23-1-1-0\" class=\"so-panel widget widget_sow-image panel-first-child panel-last-child\" data-index=\"3\" ><div\n\t\t\t\n\t\t\tclass=\"so-widget-sow-image so-widget-sow-image-default-8b5b6f678277-23\"\n\t\t\t\n\t\t>\n<div class=\"sow-image-container\">\n\t\t\t<a href=\"https:\/\/fonderiesdesougland.fr\/wp-content\/uploads\/2016\/12\/sougland-histoire-img-2.jpg\"\n\t\t\t\t\t>\n\t\t\t<img \n\tsrc=\"https:\/\/fonderiesdesougland.fr\/de\/wp-content\/uploads\/sites\/5\/2016\/12\/sougland-histoire-img-2.jpg\" width=\"600\" height=\"800\" srcset=\"https:\/\/fonderiesdesougland.fr\/de\/wp-content\/uploads\/sites\/5\/2016\/12\/sougland-histoire-img-2.jpg 600w, https:\/\/fonderiesdesougland.fr\/de\/wp-content\/uploads\/sites\/5\/2016\/12\/sougland-histoire-img-2-225x300.jpg 225w\" sizes=\"(max-width: 600px) 100vw, 600px\" alt=\"\" \t\tclass=\"so-widget-image\"\/>\n\t\t\t<\/a><\/div>\n\n<\/div><\/div><\/div><div id=\"pgc-23-1-2\"  class=\"panel-grid-cell\" ><div id=\"panel-23-1-2-0\" class=\"so-panel widget widget_sow-image panel-first-child panel-last-child\" data-index=\"4\" ><div\n\t\t\t\n\t\t\tclass=\"so-widget-sow-image so-widget-sow-image-default-8b5b6f678277-23\"\n\t\t\t\n\t\t>\n<div class=\"sow-image-container\">\n\t\t\t<a href=\"https:\/\/fonderiesdesougland.fr\/wp-content\/uploads\/2016\/12\/sougland-histoire-img-3.jpg\"\n\t\t\t\t\t>\n\t\t\t<img \n\tsrc=\"https:\/\/fonderiesdesougland.fr\/de\/wp-content\/uploads\/sites\/5\/2016\/12\/sougland-histoire-img-3.jpg\" width=\"600\" height=\"800\" srcset=\"https:\/\/fonderiesdesougland.fr\/de\/wp-content\/uploads\/sites\/5\/2016\/12\/sougland-histoire-img-3.jpg 600w, https:\/\/fonderiesdesougland.fr\/de\/wp-content\/uploads\/sites\/5\/2016\/12\/sougland-histoire-img-3-225x300.jpg 225w\" sizes=\"(max-width: 600px) 100vw, 600px\" alt=\"\" \t\tclass=\"so-widget-image\"\/>\n\t\t\t<\/a><\/div>\n\n<\/div><\/div><\/div><div id=\"pgc-23-1-3\"  class=\"panel-grid-cell\" ><div id=\"panel-23-1-3-0\" class=\"so-panel widget widget_sow-image panel-first-child panel-last-child\" data-index=\"5\" ><div\n\t\t\t\n\t\t\tclass=\"so-widget-sow-image so-widget-sow-image-default-8b5b6f678277-23\"\n\t\t\t\n\t\t>\n<div class=\"sow-image-container\">\n\t\t\t<a href=\"https:\/\/fonderiesdesougland.fr\/wp-content\/uploads\/2016\/12\/sougland-histoire-img-4.jpg\"\n\t\t\t\t\t>\n\t\t\t<img \n\tsrc=\"https:\/\/fonderiesdesougland.fr\/de\/wp-content\/uploads\/sites\/5\/2016\/12\/sougland-histoire-img-4.jpg\" width=\"800\" height=\"600\" srcset=\"https:\/\/fonderiesdesougland.fr\/de\/wp-content\/uploads\/sites\/5\/2016\/12\/sougland-histoire-img-4.jpg 800w, https:\/\/fonderiesdesougland.fr\/de\/wp-content\/uploads\/sites\/5\/2016\/12\/sougland-histoire-img-4-300x225.jpg 300w, https:\/\/fonderiesdesougland.fr\/de\/wp-content\/uploads\/sites\/5\/2016\/12\/sougland-histoire-img-4-768x576.jpg 768w\" sizes=\"(max-width: 800px) 100vw, 800px\" alt=\"\" \t\tclass=\"so-widget-image\"\/>\n\t\t\t<\/a><\/div>\n\n<\/div><\/div><\/div><div id=\"pgc-23-1-4\"  class=\"panel-grid-cell\" ><div id=\"panel-23-1-4-0\" class=\"so-panel widget widget_sow-image panel-first-child panel-last-child\" data-index=\"6\" ><div\n\t\t\t\n\t\t\tclass=\"so-widget-sow-image so-widget-sow-image-default-8b5b6f678277-23\"\n\t\t\t\n\t\t>\n<div class=\"sow-image-container\">\n\t\t\t<a href=\"https:\/\/fonderiesdesougland.fr\/wp-content\/uploads\/2016\/12\/sougland-histoire-img-5.jpg\"\n\t\t\t\t\t>\n\t\t\t<img \n\tsrc=\"https:\/\/fonderiesdesougland.fr\/de\/wp-content\/uploads\/sites\/5\/2016\/12\/sougland-histoire-img-5.jpg\" width=\"800\" height=\"600\" srcset=\"https:\/\/fonderiesdesougland.fr\/de\/wp-content\/uploads\/sites\/5\/2016\/12\/sougland-histoire-img-5.jpg 800w, https:\/\/fonderiesdesougland.fr\/de\/wp-content\/uploads\/sites\/5\/2016\/12\/sougland-histoire-img-5-300x225.jpg 300w, https:\/\/fonderiesdesougland.fr\/de\/wp-content\/uploads\/sites\/5\/2016\/12\/sougland-histoire-img-5-768x576.jpg 768w\" sizes=\"(max-width: 800px) 100vw, 800px\" alt=\"\" \t\tclass=\"so-widget-image\"\/>\n\t\t\t<\/a><\/div>\n\n<\/div><\/div><\/div><div id=\"pgc-23-1-5\"  class=\"panel-grid-cell\" ><div id=\"panel-23-1-5-0\" class=\"so-panel widget widget_sow-image panel-first-child panel-last-child\" data-index=\"7\" ><div\n\t\t\t\n\t\t\tclass=\"so-widget-sow-image so-widget-sow-image-default-8b5b6f678277-23\"\n\t\t\t\n\t\t>\n<div class=\"sow-image-container\">\n\t\t\t<a href=\"https:\/\/fonderiesdesougland.fr\/wp-content\/uploads\/2016\/12\/sougland-histoire-img-6.jpg\"\n\t\t\t\t\t>\n\t\t\t<img \n\tsrc=\"https:\/\/fonderiesdesougland.fr\/de\/wp-content\/uploads\/sites\/5\/2016\/12\/sougland-histoire-img-6.jpg\" width=\"800\" height=\"600\" srcset=\"https:\/\/fonderiesdesougland.fr\/de\/wp-content\/uploads\/sites\/5\/2016\/12\/sougland-histoire-img-6.jpg 800w, https:\/\/fonderiesdesougland.fr\/de\/wp-content\/uploads\/sites\/5\/2016\/12\/sougland-histoire-img-6-300x225.jpg 300w, https:\/\/fonderiesdesougland.fr\/de\/wp-content\/uploads\/sites\/5\/2016\/12\/sougland-histoire-img-6-768x576.jpg 768w\" sizes=\"(max-width: 800px) 100vw, 800px\" alt=\"\" \t\tclass=\"so-widget-image\"\/>\n\t\t\t<\/a><\/div>\n\n<\/div><\/div><\/div><\/div><div id=\"pg-23-2\"  class=\"panel-grid panel-no-style\" ><div id=\"pgc-23-2-0\"  class=\"panel-grid-cell\" ><div id=\"panel-23-2-0-0\" class=\"so-panel widget widget_sow-editor panel-first-child panel-last-child\" data-index=\"8\" ><div\n\t\t\t\n\t\t\tclass=\"so-widget-sow-editor so-widget-sow-editor-base\"\n\t\t\t\n\t\t>\n<div class=\"siteorigin-widget-tinymce textwidget\">\n\t<h4 style=\"text-align: justify;\">Les Fonderies de Sougland : ein Unternehmen in Bewegung<\/h4>\n<p style=\"text-align: justify;\">Seit zwanzig Jahren, Wegbereiter in seiner Branche, investiert das Unternehmen, modernisiert und passt seine Produktion der Marktentwicklung an, um den Anforderungen seiner Kundschaft gerecht zu werden.<\/p>\n<div id=\"link64_adl_tabid\" style=\"display: none;\" data-url=\"https:\/\/fonderiesdesougland.fr\/wp-admin\/post.php?post=23&amp;action=edit\">90<\/div>\n<\/div>\n<\/div><\/div><\/div><\/div><div id=\"pg-23-3\"  class=\"panel-grid panel-no-style\" ><div id=\"pgc-23-3-0\"  class=\"panel-grid-cell\" ><div id=\"panel-23-3-0-0\" class=\"so-panel widget widget_sow-editor panel-first-child panel-last-child\" data-index=\"9\" ><div\n\t\t\t\n\t\t\tclass=\"so-widget-sow-editor so-widget-sow-editor-base\"\n\t\t\t\n\t\t>\n<div class=\"siteorigin-widget-tinymce textwidget\">\n\t<p>Als Belieferer eines treuen Kundenstammes in Frankreich und im Ausland engagiert sich unser Unternehmen in zahlreichen T\u00e4tigkeitsbereichen.<\/p>\n<\/div>\n<\/div><\/div><\/div><\/div><div id=\"pg-23-4\"  class=\"panel-grid panel-no-style\" ><div id=\"pgc-23-4-0\"  class=\"panel-grid-cell\" ><div id=\"panel-23-4-0-0\" class=\"so-panel widget widget_sow-editor panel-first-child panel-last-child\" data-index=\"10\" ><div\n\t\t\t\n\t\t\tclass=\"so-widget-sow-editor so-widget-sow-editor-base\"\n\t\t\t\n\t\t>\n<div class=\"siteorigin-widget-tinymce textwidget\">\n\t<ul>\n<li><strong>Schiffbau<\/strong><\/li>\n<li><strong>Stahlindustrie<\/strong><\/li>\n<li><strong>Chemie<\/strong><\/li>\n<li><strong>Kerntechnik<\/strong><\/li>\n<li><strong>Metallverarbeitung<\/strong><\/li>\n<li><strong>Eisenbahn<\/strong><\/li>\n<li><strong>Verbrennung<\/strong><\/li>\n<li id=\"link64_adl_tabid\" style=\"display: none;\" data-url=\"https:\/\/fonderiesdesougland.fr\/de\/wp-admin\/post.php?post=23&amp;action=edit\"><strong>91<\/strong><\/li>\n<\/ul>\n<\/div>\n<\/div><\/div><\/div><div id=\"pgc-23-4-1\"  class=\"panel-grid-cell\" ><div id=\"panel-23-4-1-0\" class=\"so-panel widget widget_sow-editor panel-first-child panel-last-child\" data-index=\"11\" ><div\n\t\t\t\n\t\t\tclass=\"so-widget-sow-editor so-widget-sow-editor-base\"\n\t\t\t\n\t\t>\n<div class=\"siteorigin-widget-tinymce textwidget\">\n\t<ul>\n<li><strong>Glasherstellung<\/strong><\/li>\n<li><strong>Hydraulik<\/strong><\/li>\n<li><strong>Geb\u00e4udeheizung Kaminbau<\/strong><\/li>\n<li><strong>Mechanik<\/strong><\/li>\n<li><strong>Zementherstellung<\/strong><\/li>\n<li><strong>Papierindustrie<\/strong><\/li>\n<li><strong>Automobilindustrie<\/strong><\/li>\n<\/ul>\n<\/div>\n<\/div><\/div><\/div><div id=\"pgc-23-4-2\"  class=\"panel-grid-cell\" ><div id=\"panel-23-4-2-0\" class=\"so-panel widget widget_sow-editor panel-first-child panel-last-child\" data-index=\"12\" ><div\n\t\t\t\n\t\t\tclass=\"so-widget-sow-editor so-widget-sow-editor-base\"\n\t\t\t\n\t\t>\n<div class=\"siteorigin-widget-tinymce textwidget\">\n\t<ul>\n<li><strong>Energie<\/strong><\/li>\n<li><strong>\u00d6l und Gas<\/strong><\/li>\n<li><strong>Agglomeration<\/strong><\/li>\n<li><strong>Baumaschinen<\/strong><\/li>\n<li><strong>Panzerung<\/strong><\/li>\n<li><strong>Zuckerindustrie<\/strong><\/li>\n<li><strong>Mahlen und Brechen<\/strong><\/li>\n<li><strong>Landwirtschaft<\/strong><\/li>\n<\/ul>\n<\/div>\n<\/div><\/div><\/div><\/div><div id=\"pg-23-5\"  class=\"panel-grid panel-no-style\" ><div id=\"pgc-23-5-0\"  class=\"panel-grid-cell\" ><div id=\"panel-23-5-0-0\" class=\"so-panel widget widget_sow-editor panel-first-child panel-last-child\" data-index=\"13\" ><div\n\t\t\t\n\t\t\tclass=\"so-widget-sow-editor so-widget-sow-editor-base\"\n\t\t\t\n\t\t>\n<div class=\"siteorigin-widget-tinymce textwidget\">\n\t<h4>EINIGE ZAHLEN<\/h4>\n<div id=\"link64_adl_tabid\" style=\"display: none;\" data-url=\"https:\/\/fonderiesdesougland.fr\/de\/wp-admin\/post.php?post=23&amp;action=edit\">69<\/div>\n<\/div>\n<\/div><\/div><\/div><\/div><div id=\"pg-23-6\"  class=\"panel-grid panel-no-style\" ><div id=\"pgc-23-6-0\"  class=\"panel-grid-cell\" ><div id=\"panel-23-6-0-0\" class=\"so-panel widget widget_sow-editor panel-first-child panel-last-child\" data-index=\"14\" ><div\n\t\t\t\n\t\t\tclass=\"so-widget-sow-editor so-widget-sow-editor-base\"\n\t\t\t\n\t\t>\n<div class=\"siteorigin-widget-tinymce textwidget\">\n\t<p style=\"text-align: center;\"><strong>Ein dynamisches KMU, ein Unternehmen in Bewegung<\/strong><br \/>J\u00e4hrlich 7 % des Umsatzes f\u00fcr F&amp;amp;E-Investitionen<br \/>10 % f\u00fcr die Entwicklung zur \"Industrie 4.0\".<\/p>\n<div id=\"link64_adl_tabid\" style=\"display: none;\" data-url=\"https:\/\/fonderiesdesougland.fr\/wp-admin\/post.php?post=23&amp;action=edit\">57<\/div>\n<\/div>\n<\/div><\/div><\/div><div id=\"pgc-23-6-1\"  class=\"panel-grid-cell\" ><div id=\"panel-23-6-1-0\" class=\"so-panel widget widget_sow-editor panel-first-child panel-last-child\" data-index=\"15\" ><div\n\t\t\t\n\t\t\tclass=\"so-widget-sow-editor so-widget-sow-editor-base\"\n\t\t\t\n\t\t>\n<div class=\"siteorigin-widget-tinymce textwidget\">\n\t<p style=\"text-align: center;\"><strong>Ein Kunden-Portfolio von mehr als 300 Unternehmen<\/strong><br \/>Mehr als 150 aktive Kunden pro Jahr<br \/>17 % Exportumsatz<\/p>\n<\/div>\n<\/div><\/div><\/div><div id=\"pgc-23-6-2\"  class=\"panel-grid-cell\" ><div id=\"panel-23-6-2-0\" class=\"so-panel widget widget_sow-editor panel-first-child panel-last-child\" data-index=\"16\" ><div\n\t\t\t\n\t\t\tclass=\"so-widget-sow-editor so-widget-sow-editor-base\"\n\t\t\t\n\t\t>\n<div class=\"siteorigin-widget-tinymce textwidget\">\n\t<p style=\"text-align: center;\"><strong>Mehr als 1.500 aufgelistete Teile<\/strong><br \/>300 Gusseisen- und Stahlsorten<br \/>eine Gie\u00dfkapazit\u00e4t von 2.000 Tonnen pro Jahr<\/p>\n<\/div>\n<\/div><\/div><\/div><\/div><div id=\"pg-23-7\"  class=\"panel-grid panel-no-style\" ><div id=\"pgc-23-7-0\"  class=\"panel-grid-cell\" ><div id=\"panel-23-7-0-0\" class=\"so-panel widget widget_sow-editor panel-first-child panel-last-child\" data-index=\"17\" ><div\n\t\t\t\n\t\t\tclass=\"so-widget-sow-editor so-widget-sow-editor-base\"\n\t\t\t\n\t\t>\n<div class=\"siteorigin-widget-tinymce textwidget\">\n\t<p style=\"text-align: center;\"><strong>ein Team von mehr als 70 Personen<\/strong><br \/>darunter 15 Manager und Techniker<\/p>\n<\/div>\n<\/div><\/div><\/div><div id=\"pgc-23-7-1\"  class=\"panel-grid-cell\" ><div id=\"panel-23-7-1-0\" class=\"so-panel widget widget_sow-editor panel-first-child panel-last-child\" data-index=\"18\" ><div\n\t\t\t\n\t\t\tclass=\"so-widget-sow-editor so-widget-sow-editor-base\"\n\t\t\t\n\t\t>\n<div class=\"siteorigin-widget-tinymce textwidget\">\n\t<p style=\"text-align: center;\"><strong>Weiterbildung und Kompetenzentwicklung<\/strong><br \/>15 bis 20 Ausbildungsprogramme pro Jahr<\/p>\n<div id=\"link64_adl_tabid\" style=\"display: none;\" data-url=\"https:\/\/fonderiesdesougland.fr\/de\/wp-admin\/post.php?post=23&amp;action=edit\">73<\/div>\n<\/div>\n<\/div><\/div><\/div><\/div><\/div>","protected":false},"excerpt":{"rendered":"<p>DAS \u00c4LTESTE INDUSTRIEUNTERNEHMEN DER REGION HAUTS-DE- FRANCE\u00a01543Gr\u00fcndung der Firma Les Fonderies de Sougland. Thomas de Canone erh\u00e4lt vom Abt von\u00a0Saint-Michel einen Pachtvertrag f\u00fcr den Ort namens \u201eSOUGLAND\u201c, um dort eine Schmiede und einen Ofen zu bauen.\u00a01850Die Familie Dormoy, \u00fcber ein halbes Jahrhundert lang eine Dynastie von Schmiedemeistern, erfindet die Glasiermaschine, wof\u00fcr sie auf der Weltausstellung [&hellip;]<\/p>\n","protected":false},"author":1,"featured_media":0,"parent":21,"menu_order":0,"comment_status":"closed","ping_status":"closed","template":"","meta":{"_acf_changed":false,"footnotes":""},"class_list":["post-23","page","type-page","status-publish","hentry"],"acf":[],"yoast_head":"<!-- This site is optimized with the Yoast SEO plugin v27.5 - https:\/\/yoast.com\/product\/yoast-seo-wordpress\/ -->\n<title>Industrielles erbe der Franz\u00f6sischen region Hauts-de-France - Sougland Gie\u00dferei<\/title>\n<meta name=\"robots\" content=\"index, follow, max-snippet:-1, max-image-preview:large, max-video-preview:-1\" \/>\n<link rel=\"canonical\" href=\"https:\/\/fonderiesdesougland.fr\/de\/les-fonderies-de-sougland\/industrielles-erbe-der-franzosischen-region-hauts-de-france\/\" \/>\n<meta property=\"og:locale\" content=\"fr_FR\" \/>\n<meta property=\"og:type\" content=\"article\" \/>\n<meta property=\"og:title\" content=\"Industrielles erbe der Franz\u00f6sischen region Hauts-de-France - Sougland Gie\u00dferei\" \/>\n<meta property=\"og:description\" content=\"DAS \u00c4LTESTE INDUSTRIEUNTERNEHMEN DER REGION HAUTS-DE- FRANCE\u00a01543Gr\u00fcndung der Firma Les Fonderies de Sougland. Thomas de Canone erh\u00e4lt vom Abt von\u00a0Saint-Michel einen Pachtvertrag f\u00fcr den Ort namens \u201eSOUGLAND\u201c, um dort eine Schmiede und einen Ofen zu bauen.\u00a01850Die Familie Dormoy, \u00fcber ein halbes Jahrhundert lang eine Dynastie von Schmiedemeistern, erfindet die Glasiermaschine, wof\u00fcr sie auf der Weltausstellung [&hellip;]\" \/>\n<meta property=\"og:url\" content=\"https:\/\/fonderiesdesougland.fr\/de\/les-fonderies-de-sougland\/industrielles-erbe-der-franzosischen-region-hauts-de-france\/\" \/>\n<meta property=\"og:site_name\" content=\"Sougland Gie\u00dferei\" \/>\n<meta property=\"article:modified_time\" content=\"2017-01-13T14:52:12+00:00\" \/>\n<meta name=\"twitter:card\" content=\"summary_large_image\" \/>\n<meta name=\"twitter:label1\" content=\"Dur\u00e9e de lecture estim\u00e9e\" \/>\n\t<meta name=\"twitter:data1\" content=\"2 minutes\" \/>\n<script type=\"application\/ld+json\" class=\"yoast-schema-graph\">{\"@context\":\"https:\\\/\\\/schema.org\",\"@graph\":[{\"@type\":\"WebPage\",\"@id\":\"https:\\\/\\\/fonderiesdesougland.fr\\\/de\\\/les-fonderies-de-sougland\\\/industrielles-erbe-der-franzosischen-region-hauts-de-france\\\/\",\"url\":\"https:\\\/\\\/fonderiesdesougland.fr\\\/de\\\/les-fonderies-de-sougland\\\/industrielles-erbe-der-franzosischen-region-hauts-de-france\\\/\",\"name\":\"Industrielles erbe der Franz\u00f6sischen region Hauts-de-France - Sougland Gie\u00dferei\",\"isPartOf\":{\"@id\":\"https:\\\/\\\/fonderiesdesougland.fr\\\/de\\\/#website\"},\"datePublished\":\"2016-12-23T08:32:10+00:00\",\"dateModified\":\"2017-01-13T14:52:12+00:00\",\"breadcrumb\":{\"@id\":\"https:\\\/\\\/fonderiesdesougland.fr\\\/de\\\/les-fonderies-de-sougland\\\/industrielles-erbe-der-franzosischen-region-hauts-de-france\\\/#breadcrumb\"},\"inLanguage\":\"fr-FR\",\"potentialAction\":[{\"@type\":\"ReadAction\",\"target\":[\"https:\\\/\\\/fonderiesdesougland.fr\\\/de\\\/les-fonderies-de-sougland\\\/industrielles-erbe-der-franzosischen-region-hauts-de-france\\\/\"]}]},{\"@type\":\"BreadcrumbList\",\"@id\":\"https:\\\/\\\/fonderiesdesougland.fr\\\/de\\\/les-fonderies-de-sougland\\\/industrielles-erbe-der-franzosischen-region-hauts-de-france\\\/#breadcrumb\",\"itemListElement\":[{\"@type\":\"ListItem\",\"position\":1,\"name\":\"Accueil\",\"item\":\"https:\\\/\\\/fonderiesdesougland.fr\\\/de\\\/\"},{\"@type\":\"ListItem\",\"position\":2,\"name\":\"Les Fonderies de Sougland\",\"item\":\"https:\\\/\\\/fonderiesdesougland.fr\\\/de\\\/les-fonderies-de-sougland\\\/\"},{\"@type\":\"ListItem\",\"position\":3,\"name\":\"Industrielles erbe der Franz\u00f6sischen region Hauts-de-France\"}]},{\"@type\":\"WebSite\",\"@id\":\"https:\\\/\\\/fonderiesdesougland.fr\\\/de\\\/#website\",\"url\":\"https:\\\/\\\/fonderiesdesougland.fr\\\/de\\\/\",\"name\":\"Sougland Gie\u00dferei\",\"description\":\"\",\"potentialAction\":[{\"@type\":\"SearchAction\",\"target\":{\"@type\":\"EntryPoint\",\"urlTemplate\":\"https:\\\/\\\/fonderiesdesougland.fr\\\/de\\\/?s={search_term_string}\"},\"query-input\":{\"@type\":\"PropertyValueSpecification\",\"valueRequired\":true,\"valueName\":\"search_term_string\"}}],\"inLanguage\":\"fr-FR\"}]}<\/script>\n<!-- \/ Yoast SEO plugin. -->","yoast_head_json":{"title":"Industrielles erbe der Franz\u00f6sischen region Hauts-de-France - Sougland Gie\u00dferei","robots":{"index":"index","follow":"follow","max-snippet":"max-snippet:-1","max-image-preview":"max-image-preview:large","max-video-preview":"max-video-preview:-1"},"canonical":"https:\/\/fonderiesdesougland.fr\/de\/les-fonderies-de-sougland\/industrielles-erbe-der-franzosischen-region-hauts-de-france\/","og_locale":"fr_FR","og_type":"article","og_title":"Industrielles erbe der Franz\u00f6sischen region Hauts-de-France - Sougland Gie\u00dferei","og_description":"DAS \u00c4LTESTE INDUSTRIEUNTERNEHMEN DER REGION HAUTS-DE- FRANCE\u00a01543Gr\u00fcndung der Firma Les Fonderies de Sougland. Thomas de Canone erh\u00e4lt vom Abt von\u00a0Saint-Michel einen Pachtvertrag f\u00fcr den Ort namens \u201eSOUGLAND\u201c, um dort eine Schmiede und einen Ofen zu bauen.\u00a01850Die Familie Dormoy, \u00fcber ein halbes Jahrhundert lang eine Dynastie von Schmiedemeistern, erfindet die Glasiermaschine, wof\u00fcr sie auf der Weltausstellung [&hellip;]","og_url":"https:\/\/fonderiesdesougland.fr\/de\/les-fonderies-de-sougland\/industrielles-erbe-der-franzosischen-region-hauts-de-france\/","og_site_name":"Sougland Gie\u00dferei","article_modified_time":"2017-01-13T14:52:12+00:00","twitter_card":"summary_large_image","twitter_misc":{"Dur\u00e9e de lecture estim\u00e9e":"2 minutes"},"schema":{"@context":"https:\/\/schema.org","@graph":[{"@type":"WebPage","@id":"https:\/\/fonderiesdesougland.fr\/de\/les-fonderies-de-sougland\/industrielles-erbe-der-franzosischen-region-hauts-de-france\/","url":"https:\/\/fonderiesdesougland.fr\/de\/les-fonderies-de-sougland\/industrielles-erbe-der-franzosischen-region-hauts-de-france\/","name":"Industrielles erbe der Franz\u00f6sischen region Hauts-de-France - Sougland Gie\u00dferei","isPartOf":{"@id":"https:\/\/fonderiesdesougland.fr\/de\/#website"},"datePublished":"2016-12-23T08:32:10+00:00","dateModified":"2017-01-13T14:52:12+00:00","breadcrumb":{"@id":"https:\/\/fonderiesdesougland.fr\/de\/les-fonderies-de-sougland\/industrielles-erbe-der-franzosischen-region-hauts-de-france\/#breadcrumb"},"inLanguage":"fr-FR","potentialAction":[{"@type":"ReadAction","target":["https:\/\/fonderiesdesougland.fr\/de\/les-fonderies-de-sougland\/industrielles-erbe-der-franzosischen-region-hauts-de-france\/"]}]},{"@type":"BreadcrumbList","@id":"https:\/\/fonderiesdesougland.fr\/de\/les-fonderies-de-sougland\/industrielles-erbe-der-franzosischen-region-hauts-de-france\/#breadcrumb","itemListElement":[{"@type":"ListItem","position":1,"name":"Accueil","item":"https:\/\/fonderiesdesougland.fr\/de\/"},{"@type":"ListItem","position":2,"name":"Les Fonderies de Sougland","item":"https:\/\/fonderiesdesougland.fr\/de\/les-fonderies-de-sougland\/"},{"@type":"ListItem","position":3,"name":"Industrielles erbe der Franz\u00f6sischen region Hauts-de-France"}]},{"@type":"WebSite","@id":"https:\/\/fonderiesdesougland.fr\/de\/#website","url":"https:\/\/fonderiesdesougland.fr\/de\/","name":"Sougland Gie\u00dferei","description":"","potentialAction":[{"@type":"SearchAction","target":{"@type":"EntryPoint","urlTemplate":"https:\/\/fonderiesdesougland.fr\/de\/?s={search_term_string}"},"query-input":{"@type":"PropertyValueSpecification","valueRequired":true,"valueName":"search_term_string"}}],"inLanguage":"fr-FR"}]}},"_links":{"self":[{"href":"https:\/\/fonderiesdesougland.fr\/de\/wp-json\/wp\/v2\/pages\/23","targetHints":{"allow":["GET"]}}],"collection":[{"href":"https:\/\/fonderiesdesougland.fr\/de\/wp-json\/wp\/v2\/pages"}],"about":[{"href":"https:\/\/fonderiesdesougland.fr\/de\/wp-json\/wp\/v2\/types\/page"}],"author":[{"embeddable":true,"href":"https:\/\/fonderiesdesougland.fr\/de\/wp-json\/wp\/v2\/users\/1"}],"replies":[{"embeddable":true,"href":"https:\/\/fonderiesdesougland.fr\/de\/wp-json\/wp\/v2\/comments?post=23"}],"version-history":[{"count":23,"href":"https:\/\/fonderiesdesougland.fr\/de\/wp-json\/wp\/v2\/pages\/23\/revisions"}],"predecessor-version":[{"id":155,"href":"https:\/\/fonderiesdesougland.fr\/de\/wp-json\/wp\/v2\/pages\/23\/revisions\/155"}],"up":[{"embeddable":true,"href":"https:\/\/fonderiesdesougland.fr\/de\/wp-json\/wp\/v2\/pages\/21"}],"wp:attachment":[{"href":"https:\/\/fonderiesdesougland.fr\/de\/wp-json\/wp\/v2\/media?parent=23"}],"curies":[{"name":"wp","href":"https:\/\/api.w.org\/{rel}","templated":true}]}}