{"id":25,"date":"2016-12-23T09:32:21","date_gmt":"2016-12-23T08:32:21","guid":{"rendered":"https:\/\/fonderiesdesougland.fr\/de\/?page_id=25"},"modified":"2018-01-30T09:16:47","modified_gmt":"2018-01-30T08:16:47","slug":"unsere-werte-und-unsere-unternehmenskultur","status":"publish","type":"page","link":"https:\/\/fonderiesdesougland.fr\/de\/les-fonderies-de-sougland\/unsere-werte-und-unsere-unternehmenskultur\/","title":{"rendered":"Unsere Werte und unsere Unternehmenskultur"},"content":{"rendered":"<div id=\"pl-25\"  class=\"panel-layout\" ><div id=\"pg-25-0\"  class=\"panel-grid panel-no-style\" ><div id=\"pgc-25-0-0\"  class=\"panel-grid-cell\" ><div id=\"panel-25-0-0-0\" class=\"so-panel widget widget_sow-editor panel-first-child\" data-index=\"0\" ><div\n\t\t\t\n\t\t\tclass=\"so-widget-sow-editor so-widget-sow-editor-base\"\n\t\t\t\n\t\t>\n<div class=\"siteorigin-widget-tinymce textwidget\">\n\t<h4>ENGAGEMENT<\/h4>\n<p style=\"text-align: justify;\">Das Team von Fonderies de Sougland strebt nach herausragender Qualit\u00e4t und Performance. Engagement hei\u00dft, auf allen Ebenen daf\u00fcr zu sorgen, dass Worten konkrete Taten folgen. Unsere Mitarbeiter sind sich dessen bewusst, dass jede Art von Engagement, auch im kollektiven Rahmen, vom Einsatz eines jeden abh\u00e4ngt.<\/p>\n<div id=\"link64_adl_tabid\" style=\"display: none;\" data-url=\"https:\/\/fonderiesdesougland.fr\/de\/wp-admin\/post.php?post=25&amp;action=edit\">24<\/div>\n<\/div>\n<\/div><\/div><div id=\"panel-25-0-0-1\" class=\"so-panel widget widget_sow-editor\" data-index=\"1\" ><div\n\t\t\t\n\t\t\tclass=\"so-widget-sow-editor so-widget-sow-editor-base\"\n\t\t\t\n\t\t>\n<div class=\"siteorigin-widget-tinymce textwidget\">\n\t<h4>RESPEKT<\/h4>\n<p style=\"text-align: justify;\">Respekt gegen\u00fcber dem Kunden ist einer unserer Werte. Dies bezieht sich sowohl auf die Lieferfristen als auch auf die Qualit\u00e4t. Dies beinhaltet nicht nur das Respektieren des Einzelnen in seiner Vielfalt, sei er Mitarbeiter oder Partner, sondern auch dessen Achtung auf gesellschaftlicher Ebene innerhalb und au\u00dferhalb des Betriebs (Menschen, Umwelt).<\/p>\n<div id=\"link64_adl_tabid\" style=\"display: none;\" data-url=\"https:\/\/fonderiesdesougland.fr\/wp-admin\/post.php?post=25&amp;action=edit#\">25<\/div>\n<\/div>\n<\/div><\/div><div id=\"panel-25-0-0-2\" class=\"so-panel widget widget_sow-editor panel-last-child\" data-index=\"2\" ><div\n\t\t\t\n\t\t\tclass=\"so-widget-sow-editor so-widget-sow-editor-base\"\n\t\t\t\n\t\t>\n<div class=\"siteorigin-widget-tinymce textwidget\">\n\t<h4>UNSERE ST\u00c4RKEN<\/h4>\n<ul>\n<li style=\"text-align: justify;\">Kurzfristige L\u00f6sungen f\u00fcr technische Herausforderungen finden<\/li>\n<li style=\"text-align: justify;\">Qualit\u00e4t und R\u00fcckverfolgbarkeit f\u00fcr die uns anvertrauten Projekte gew\u00e4hrleisten<\/li>\n<li style=\"text-align: justify;\">Ihren Anspr\u00fcchen in Bezug auf Pr\u00e4zision und \u00dcberpr\u00fcfung gerecht werden<\/li>\n<li style=\"text-align: justify;\">Unsere integrierten fach\u00fcbergreifenden Ateliers zur Optimierung unseres Angebotes nutzen<\/li>\n<\/ul>\n<div id=\"link64_adl_tabid\" style=\"display: none;\" data-url=\"https:\/\/fonderiesdesougland.fr\/wp-admin\/post.php?post=25&amp;action=edit#\">25<\/div>\n<\/div>\n<\/div><\/div><\/div><div id=\"pgc-25-0-1\"  class=\"panel-grid-cell\" ><div id=\"panel-25-0-1-0\" class=\"so-panel widget widget_sow-editor panel-first-child\" data-index=\"3\" ><div\n\t\t\t\n\t\t\tclass=\"so-widget-sow-editor so-widget-sow-editor-base\"\n\t\t\t\n\t\t>\n<div class=\"siteorigin-widget-tinymce textwidget\">\n\t<h4>UNSERE AMBITIONEN<\/h4>\n<p style=\"text-align: justify;\">Wir wissen, was wir wollen und wie wir es erreichen. Unsere gemeinsamen und individuellen Ziele sind hoch gesteckt, jedoch realistisch. Dies gibt den Mitarbeiterinnen und Mitarbeitern die Motivation, \u00fcber sich hinaus zu wachsen und sich bei der Arbeit zu verwirklichen.<\/p>\n<div id=\"link64_adl_tabid\" style=\"display: none;\" data-url=\"https:\/\/fonderiesdesougland.fr\/wp-admin\/post.php?post=25&amp;action=edit\">156<\/div>\n<\/div>\n<\/div><\/div><div id=\"panel-25-0-1-1\" class=\"so-panel widget widget_sow-editor\" data-index=\"4\" ><div\n\t\t\t\n\t\t\tclass=\"so-widget-sow-editor so-widget-sow-editor-base\"\n\t\t\t\n\t\t>\n<div class=\"siteorigin-widget-tinymce textwidget\">\n\t<h4>ENTHUSIASMUS<\/h4>\n<p style=\"text-align: justify;\">Unser Enthusiasmus besteht darin, gemeinsam im Rahmen eines kollaborativen Entwurfsprozesses mit den richtigen Mitteln und einer dynamischen Vision unser Bestes zu geben!<\/p>\n<p style=\"text-align: justify;\">F\u00fcr unsere Kunden sind wir eine ma\u00dfgebliche initiative Kraft, die auf das Wesentliche achtet und in der Lage ist, auch implizite Anfragen und latente Bed\u00fcrfnisse zu erkennen und diesen mit der Leidenschaft f\u00fcr unser Metier gerecht zu werden.<\/p>\n<div id=\"link64_adl_tabid\" style=\"display: none;\" data-url=\"https:\/\/fonderiesdesougland.fr\/wp-admin\/post.php?post=25&amp;action=edit\">27<\/div>\n<\/div>\n<\/div><\/div><div id=\"panel-25-0-1-2\" class=\"so-panel widget widget_sow-editor panel-last-child\" data-index=\"5\" ><div\n\t\t\t\n\t\t\tclass=\"so-widget-sow-editor so-widget-sow-editor-base\"\n\t\t\t\n\t\t>\n<div class=\"siteorigin-widget-tinymce textwidget\">\n\t<h4>UNSERE UNTERNEHMENSKULTUR - DER KUNDENSERVICE<\/h4>\n<p>Unter Kundenservice verstehen wir, flexibel und reaktionsschnell auf den Kunden, seinen Bedarf und seine Erwartungen einzugehen und dabei Auflagen und Anforderungen zu ber\u00fccksichtigen.<\/p>\n<p>Unser Ziel: Die Zufriedenheit unserer Kunden.<\/p>\n<p>\u00a0<\/p>\n<div id=\"link64_adl_tabid\" style=\"display: none;\" data-url=\"https:\/\/fonderiesdesougland.fr\/wp-admin\/post.php?post=25&amp;action=edit\">27<\/div>\n<\/div>\n<\/div><\/div><\/div><\/div><div id=\"pg-25-1\"  class=\"panel-grid panel-no-style\" ><div id=\"pgc-25-1-0\"  class=\"panel-grid-cell\" ><div id=\"panel-25-1-0-0\" class=\"so-panel widget widget_sow-image panel-first-child panel-last-child\" data-index=\"6\" ><div\n\t\t\t\n\t\t\tclass=\"so-widget-sow-image so-widget-sow-image-default-8b5b6f678277-25\"\n\t\t\t\n\t\t>\n<div class=\"sow-image-container\">\n\t\t\t<a href=\"https:\/\/fonderiesdesougland.fr\/de\/wp-content\/uploads\/sites\/5\/2016\/12\/img-souglang-nos-valeurs-1.jpg\"\n\t\t\t\t\t>\n\t\t\t<img \n\tsrc=\"https:\/\/fonderiesdesougland.fr\/de\/wp-content\/uploads\/sites\/5\/2018\/01\/Photo-de-groupe-SGD-2018.jpg\" width=\"5103\" height=\"1769\" srcset=\"https:\/\/fonderiesdesougland.fr\/de\/wp-content\/uploads\/sites\/5\/2018\/01\/Photo-de-groupe-SGD-2018.jpg 5103w, https:\/\/fonderiesdesougland.fr\/de\/wp-content\/uploads\/sites\/5\/2018\/01\/Photo-de-groupe-SGD-2018-300x104.jpg 300w, https:\/\/fonderiesdesougland.fr\/de\/wp-content\/uploads\/sites\/5\/2018\/01\/Photo-de-groupe-SGD-2018-768x266.jpg 768w, https:\/\/fonderiesdesougland.fr\/de\/wp-content\/uploads\/sites\/5\/2018\/01\/Photo-de-groupe-SGD-2018-1024x355.jpg 1024w\" sizes=\"(max-width: 5103px) 100vw, 5103px\" title=\"Photo de groupe SGD 2018\" alt=\"\" \t\tclass=\"so-widget-image\"\/>\n\t\t\t<\/a><\/div>\n\n<\/div><\/div><\/div><\/div><\/div>","protected":false},"excerpt":{"rendered":"<p>ENGAGEMENTDas Team von Fonderies de Sougland strebt nach herausragender Qualit\u00e4t und Performance. Engagement hei\u00dft, auf allen Ebenen daf\u00fcr zu sorgen, dass Worten konkrete Taten folgen. Unsere Mitarbeiter sind sich dessen bewusst, dass jede Art von Engagement, auch im kollektiven Rahmen, vom Einsatz eines jeden abh\u00e4ngt.24 RESPEKTRespekt gegen\u00fcber dem Kunden ist einer unserer Werte. Dies bezieht [&hellip;]<\/p>\n","protected":false},"author":1,"featured_media":0,"parent":21,"menu_order":0,"comment_status":"closed","ping_status":"closed","template":"","meta":{"_acf_changed":false,"footnotes":""},"class_list":["post-25","page","type-page","status-publish","hentry"],"acf":[],"yoast_head":"<!-- This site is optimized with the Yoast SEO plugin v27.4 - https:\/\/yoast.com\/product\/yoast-seo-wordpress\/ -->\n<title>Unsere Werte und unsere Unternehmenskultur - Sougland Gie\u00dferei<\/title>\n<meta name=\"robots\" content=\"index, follow, max-snippet:-1, max-image-preview:large, max-video-preview:-1\" \/>\n<link rel=\"canonical\" href=\"https:\/\/fonderiesdesougland.fr\/de\/les-fonderies-de-sougland\/unsere-werte-und-unsere-unternehmenskultur\/\" \/>\n<meta property=\"og:locale\" content=\"fr_FR\" \/>\n<meta property=\"og:type\" content=\"article\" \/>\n<meta property=\"og:title\" content=\"Unsere Werte und unsere Unternehmenskultur - Sougland Gie\u00dferei\" \/>\n<meta property=\"og:description\" content=\"ENGAGEMENTDas Team von Fonderies de Sougland strebt nach herausragender Qualit\u00e4t und Performance. Engagement hei\u00dft, auf allen Ebenen daf\u00fcr zu sorgen, dass Worten konkrete Taten folgen. Unsere Mitarbeiter sind sich dessen bewusst, dass jede Art von Engagement, auch im kollektiven Rahmen, vom Einsatz eines jeden abh\u00e4ngt.24 RESPEKTRespekt gegen\u00fcber dem Kunden ist einer unserer Werte. Dies bezieht [&hellip;]\" \/>\n<meta property=\"og:url\" content=\"https:\/\/fonderiesdesougland.fr\/de\/les-fonderies-de-sougland\/unsere-werte-und-unsere-unternehmenskultur\/\" \/>\n<meta property=\"og:site_name\" content=\"Sougland Gie\u00dferei\" \/>\n<meta property=\"article:modified_time\" content=\"2018-01-30T08:16:47+00:00\" \/>\n<meta name=\"twitter:card\" content=\"summary_large_image\" \/>\n<meta name=\"twitter:label1\" content=\"Dur\u00e9e de lecture estim\u00e9e\" \/>\n\t<meta name=\"twitter:data1\" content=\"1 minute\" \/>\n<script type=\"application\/ld+json\" class=\"yoast-schema-graph\">{\"@context\":\"https:\\\/\\\/schema.org\",\"@graph\":[{\"@type\":\"WebPage\",\"@id\":\"https:\\\/\\\/fonderiesdesougland.fr\\\/de\\\/les-fonderies-de-sougland\\\/unsere-werte-und-unsere-unternehmenskultur\\\/\",\"url\":\"https:\\\/\\\/fonderiesdesougland.fr\\\/de\\\/les-fonderies-de-sougland\\\/unsere-werte-und-unsere-unternehmenskultur\\\/\",\"name\":\"Unsere Werte und unsere Unternehmenskultur - Sougland Gie\u00dferei\",\"isPartOf\":{\"@id\":\"https:\\\/\\\/fonderiesdesougland.fr\\\/de\\\/#website\"},\"datePublished\":\"2016-12-23T08:32:21+00:00\",\"dateModified\":\"2018-01-30T08:16:47+00:00\",\"breadcrumb\":{\"@id\":\"https:\\\/\\\/fonderiesdesougland.fr\\\/de\\\/les-fonderies-de-sougland\\\/unsere-werte-und-unsere-unternehmenskultur\\\/#breadcrumb\"},\"inLanguage\":\"fr-FR\",\"potentialAction\":[{\"@type\":\"ReadAction\",\"target\":[\"https:\\\/\\\/fonderiesdesougland.fr\\\/de\\\/les-fonderies-de-sougland\\\/unsere-werte-und-unsere-unternehmenskultur\\\/\"]}]},{\"@type\":\"BreadcrumbList\",\"@id\":\"https:\\\/\\\/fonderiesdesougland.fr\\\/de\\\/les-fonderies-de-sougland\\\/unsere-werte-und-unsere-unternehmenskultur\\\/#breadcrumb\",\"itemListElement\":[{\"@type\":\"ListItem\",\"position\":1,\"name\":\"Accueil\",\"item\":\"https:\\\/\\\/fonderiesdesougland.fr\\\/de\\\/\"},{\"@type\":\"ListItem\",\"position\":2,\"name\":\"Les Fonderies de Sougland\",\"item\":\"https:\\\/\\\/fonderiesdesougland.fr\\\/de\\\/les-fonderies-de-sougland\\\/\"},{\"@type\":\"ListItem\",\"position\":3,\"name\":\"Unsere Werte und unsere Unternehmenskultur\"}]},{\"@type\":\"WebSite\",\"@id\":\"https:\\\/\\\/fonderiesdesougland.fr\\\/de\\\/#website\",\"url\":\"https:\\\/\\\/fonderiesdesougland.fr\\\/de\\\/\",\"name\":\"Sougland Gie\u00dferei\",\"description\":\"\",\"potentialAction\":[{\"@type\":\"SearchAction\",\"target\":{\"@type\":\"EntryPoint\",\"urlTemplate\":\"https:\\\/\\\/fonderiesdesougland.fr\\\/de\\\/?s={search_term_string}\"},\"query-input\":{\"@type\":\"PropertyValueSpecification\",\"valueRequired\":true,\"valueName\":\"search_term_string\"}}],\"inLanguage\":\"fr-FR\"}]}<\/script>\n<!-- \/ Yoast SEO plugin. -->","yoast_head_json":{"title":"Unsere Werte und unsere Unternehmenskultur - Sougland Gie\u00dferei","robots":{"index":"index","follow":"follow","max-snippet":"max-snippet:-1","max-image-preview":"max-image-preview:large","max-video-preview":"max-video-preview:-1"},"canonical":"https:\/\/fonderiesdesougland.fr\/de\/les-fonderies-de-sougland\/unsere-werte-und-unsere-unternehmenskultur\/","og_locale":"fr_FR","og_type":"article","og_title":"Unsere Werte und unsere Unternehmenskultur - Sougland Gie\u00dferei","og_description":"ENGAGEMENTDas Team von Fonderies de Sougland strebt nach herausragender Qualit\u00e4t und Performance. Engagement hei\u00dft, auf allen Ebenen daf\u00fcr zu sorgen, dass Worten konkrete Taten folgen. Unsere Mitarbeiter sind sich dessen bewusst, dass jede Art von Engagement, auch im kollektiven Rahmen, vom Einsatz eines jeden abh\u00e4ngt.24 RESPEKTRespekt gegen\u00fcber dem Kunden ist einer unserer Werte. Dies bezieht [&hellip;]","og_url":"https:\/\/fonderiesdesougland.fr\/de\/les-fonderies-de-sougland\/unsere-werte-und-unsere-unternehmenskultur\/","og_site_name":"Sougland Gie\u00dferei","article_modified_time":"2018-01-30T08:16:47+00:00","twitter_card":"summary_large_image","twitter_misc":{"Dur\u00e9e de lecture estim\u00e9e":"1 minute"},"schema":{"@context":"https:\/\/schema.org","@graph":[{"@type":"WebPage","@id":"https:\/\/fonderiesdesougland.fr\/de\/les-fonderies-de-sougland\/unsere-werte-und-unsere-unternehmenskultur\/","url":"https:\/\/fonderiesdesougland.fr\/de\/les-fonderies-de-sougland\/unsere-werte-und-unsere-unternehmenskultur\/","name":"Unsere Werte und unsere Unternehmenskultur - Sougland Gie\u00dferei","isPartOf":{"@id":"https:\/\/fonderiesdesougland.fr\/de\/#website"},"datePublished":"2016-12-23T08:32:21+00:00","dateModified":"2018-01-30T08:16:47+00:00","breadcrumb":{"@id":"https:\/\/fonderiesdesougland.fr\/de\/les-fonderies-de-sougland\/unsere-werte-und-unsere-unternehmenskultur\/#breadcrumb"},"inLanguage":"fr-FR","potentialAction":[{"@type":"ReadAction","target":["https:\/\/fonderiesdesougland.fr\/de\/les-fonderies-de-sougland\/unsere-werte-und-unsere-unternehmenskultur\/"]}]},{"@type":"BreadcrumbList","@id":"https:\/\/fonderiesdesougland.fr\/de\/les-fonderies-de-sougland\/unsere-werte-und-unsere-unternehmenskultur\/#breadcrumb","itemListElement":[{"@type":"ListItem","position":1,"name":"Accueil","item":"https:\/\/fonderiesdesougland.fr\/de\/"},{"@type":"ListItem","position":2,"name":"Les Fonderies de Sougland","item":"https:\/\/fonderiesdesougland.fr\/de\/les-fonderies-de-sougland\/"},{"@type":"ListItem","position":3,"name":"Unsere Werte und unsere Unternehmenskultur"}]},{"@type":"WebSite","@id":"https:\/\/fonderiesdesougland.fr\/de\/#website","url":"https:\/\/fonderiesdesougland.fr\/de\/","name":"Sougland Gie\u00dferei","description":"","potentialAction":[{"@type":"SearchAction","target":{"@type":"EntryPoint","urlTemplate":"https:\/\/fonderiesdesougland.fr\/de\/?s={search_term_string}"},"query-input":{"@type":"PropertyValueSpecification","valueRequired":true,"valueName":"search_term_string"}}],"inLanguage":"fr-FR"}]}},"_links":{"self":[{"href":"https:\/\/fonderiesdesougland.fr\/de\/wp-json\/wp\/v2\/pages\/25","targetHints":{"allow":["GET"]}}],"collection":[{"href":"https:\/\/fonderiesdesougland.fr\/de\/wp-json\/wp\/v2\/pages"}],"about":[{"href":"https:\/\/fonderiesdesougland.fr\/de\/wp-json\/wp\/v2\/types\/page"}],"author":[{"embeddable":true,"href":"https:\/\/fonderiesdesougland.fr\/de\/wp-json\/wp\/v2\/users\/1"}],"replies":[{"embeddable":true,"href":"https:\/\/fonderiesdesougland.fr\/de\/wp-json\/wp\/v2\/comments?post=25"}],"version-history":[{"count":18,"href":"https:\/\/fonderiesdesougland.fr\/de\/wp-json\/wp\/v2\/pages\/25\/revisions"}],"predecessor-version":[{"id":1092,"href":"https:\/\/fonderiesdesougland.fr\/de\/wp-json\/wp\/v2\/pages\/25\/revisions\/1092"}],"up":[{"embeddable":true,"href":"https:\/\/fonderiesdesougland.fr\/de\/wp-json\/wp\/v2\/pages\/21"}],"wp:attachment":[{"href":"https:\/\/fonderiesdesougland.fr\/de\/wp-json\/wp\/v2\/media?parent=25"}],"curies":[{"name":"wp","href":"https:\/\/api.w.org\/{rel}","templated":true}]}}