{"id":27,"date":"2016-12-23T09:32:36","date_gmt":"2016-12-23T08:32:36","guid":{"rendered":"https:\/\/fonderiesdesougland.fr\/de\/?page_id=27"},"modified":"2017-09-12T11:23:20","modified_gmt":"2017-09-12T09:23:20","slug":"unser-qualitatsengagement","status":"publish","type":"page","link":"https:\/\/fonderiesdesougland.fr\/de\/les-fonderies-de-sougland\/unser-qualitatsengagement\/","title":{"rendered":"Unser Qualit\u00e4tsengagement"},"content":{"rendered":"<div id=\"pl-27\"  class=\"panel-layout\" ><div id=\"pg-27-0\"  class=\"panel-grid panel-no-style\" ><div id=\"pgc-27-0-0\"  class=\"panel-grid-cell\" ><div id=\"panel-27-0-0-0\" class=\"so-panel widget widget_sow-editor panel-first-child panel-last-child\" data-index=\"0\" ><div\n\t\t\t\n\t\t\tclass=\"so-widget-sow-editor so-widget-sow-editor-base\"\n\t\t\t\n\t\t>\n<div class=\"siteorigin-widget-tinymce textwidget\">\n\t<h3>Zur Zufriedenheit unserer Kunden und den Fortbestand unseres Unternehmens<\/h3>\n<h3>\u00a0<\/h3>\n<p>Kundenanforderungen, technologischer Wandel und ein zunehmend hoher Technisierungsgrad unserer Fertigung f\u00fchrten 1999 zwangsl\u00e4ufig zur Einf\u00fchrung eines Qualit\u00e4tssicherungsverfahrens.<\/p>\n<p>\u00a0<\/p>\n<p><strong>Wir sind davon \u00fcberzeugt, dass der Fortbestand unseres Unternehmens von der Zufriedenheit unserer Kunden sowie dem Engagement unserer Mitarbeiter abh\u00e4ngt.<\/strong><\/p>\n<p>\u00a0<\/p>\n<p><strong>Deshalb verpflichten wir uns :<\/strong><\/p>\n<ul>\n<li>Die Anforderungen unserer Kunden zu erf\u00fcllen und ihren Erwartungen in Bezug auf Technisierungsgrad, Lieferfrist, Preis und Service vorzugreifen.<\/li>\n<li>Das Mitwirken aller Mitarbeiter innerhalb einer klar strukturierten Organisation zu unterst\u00fctzen.<\/li>\n<li>Unser Know-how in den Vordergrund zu stellen und optimal zu nutzen, um zu den Besten der Branche zu geh\u00f6ren.<\/li>\n<li>Unter Gew\u00e4hrleistung der Sicherheit unserer Mitarbeiter mit hohem Leistungspotential umweltfreundlich zu produzieren.<\/li>\n<\/ul>\n<div id=\"link64_adl_tabid\" style=\"display: none;\" data-url=\"https:\/\/fonderiesdesougland.fr\/de\/wp-admin\/post.php?post=27&amp;action=edit\">317<\/div>\n<\/div>\n<\/div><\/div><\/div><div id=\"pgc-27-0-1\"  class=\"panel-grid-cell\" ><div id=\"panel-27-0-1-0\" class=\"so-panel widget widget_sow-editor panel-first-child panel-last-child\" data-index=\"1\" ><div\n\t\t\t\n\t\t\tclass=\"so-widget-sow-editor so-widget-sow-editor-base\"\n\t\t\t\n\t\t>\n<div class=\"siteorigin-widget-tinymce textwidget\">\n\t<h3>Unsere Investitionen in die Verbesserung der Qualit\u00e4t<\/h3>\n<h3>\u00a0<\/h3>\n<p>Seit Jahrzehnten folgt man bei Fonderies de Sougland dem Prinzip der kontinuierlichen Modernisierung und Qualit\u00e4tsverbesserung.<\/p>\n<p>\u00a0<\/p>\n<p>Das Projekt 2014-2018 umfasst im Rahmen des strategischen Entwicklungsplans 72 Ma\u00dfnahmen zur Verbesserung der Qualit\u00e4t.<\/p>\n<p>\u00a0<\/p>\n<p><strong>Hier nur einige Beispiele f\u00fcr Investitionen, die von 2014 bis 2016 get\u00e4tigt wurden :<\/strong><\/p>\n<ul>\n<li>Neugestaltung der Entgratungsanlage, der Schmelzanlage, des Bereichs Modellbau und der Formanlagen.<\/li>\n<li>Einrichtung eines Kundenlagers und Verlagerung des Werkzeugs.<\/li>\n<li>Neugestaltung der Sortier-, Prototypen-, Modell- und Kontrollbereiche.<\/li>\n<li>Vergr\u00f6\u00dferung der B\u00fcros (F&amp;E, Entwicklungsb\u00fcro, Messraum, Besprechungsraum).<\/li>\n<li>Anschaffung einer dreidimensionalen Messmaschine.<\/li>\n<li>Auswahl unserer Lieferanten.<\/li>\n<li>Qualifikation und j\u00e4hrliche Pr\u00fcfungen unserer Unterauftragnehmer.<\/li>\n<\/ul>\n<div id=\"link64_adl_tabid\" style=\"display: none;\" data-url=\"https:\/\/fonderiesdesougland.fr\/de\/wp-admin\/post.php?post=27&amp;action=edit\">317<\/div>\n<\/div>\n<\/div><\/div><\/div><\/div><div id=\"pg-27-1\"  class=\"panel-grid panel-no-style\" ><div id=\"pgc-27-1-0\"  class=\"panel-grid-cell\" ><div id=\"panel-27-1-0-0\" class=\"so-panel widget widget_sow-editor panel-first-child\" data-index=\"2\" ><div\n\t\t\t\n\t\t\tclass=\"so-widget-sow-editor so-widget-sow-editor-base\"\n\t\t\t\n\t\t>\n<div class=\"siteorigin-widget-tinymce textwidget\">\n\t<h3>Unser Wettbewerbs- und Performance-Plan<\/h3>\n<div id=\"link64_adl_tabid\" style=\"display: none;\" data-url=\"https:\/\/fonderiesdesougland.fr\/de\/wp-admin\/post.php?post=27&amp;action=edit\">317<\/div>\n<\/div>\n<\/div><\/div><div id=\"panel-27-1-0-1\" class=\"so-panel widget widget_sow-image\" data-index=\"3\" ><div\n\t\t\t\n\t\t\tclass=\"so-widget-sow-image so-widget-sow-image-default-8b5b6f678277-27\"\n\t\t\t\n\t\t>\n<div class=\"sow-image-container\">\n\t\t\t<a href=\"https:\/\/fonderiesdesougland.fr\/wp-content\/uploads\/2016\/12\/sougland-engagements-qualite-img-1-1.jpg\"\n\t\t\t\t\t>\n\t\t\t<img \n\tsrc=\"https:\/\/fonderiesdesougland.fr\/de\/wp-content\/uploads\/sites\/5\/2016\/12\/sougland-engagements-qualite-img-1-1.jpg\" width=\"800\" height=\"440\" srcset=\"https:\/\/fonderiesdesougland.fr\/de\/wp-content\/uploads\/sites\/5\/2016\/12\/sougland-engagements-qualite-img-1-1.jpg 800w, https:\/\/fonderiesdesougland.fr\/de\/wp-content\/uploads\/sites\/5\/2016\/12\/sougland-engagements-qualite-img-1-1-300x165.jpg 300w, https:\/\/fonderiesdesougland.fr\/de\/wp-content\/uploads\/sites\/5\/2016\/12\/sougland-engagements-qualite-img-1-1-768x422.jpg 768w, https:\/\/fonderiesdesougland.fr\/de\/wp-content\/uploads\/sites\/5\/2016\/12\/sougland-engagements-qualite-img-1-1-100x55.jpg 100w\" sizes=\"(max-width: 800px) 100vw, 800px\" title=\"sougland-engagements-qualite-img-1\" alt=\"\" \t\tclass=\"so-widget-image\"\/>\n\t\t\t<\/a><\/div>\n\n<\/div><\/div><div id=\"panel-27-1-0-2\" class=\"so-panel widget widget_sow-editor panel-last-child\" data-index=\"4\" ><div\n\t\t\t\n\t\t\tclass=\"so-widget-sow-editor so-widget-sow-editor-base\"\n\t\t\t\n\t\t>\n<div class=\"siteorigin-widget-tinymce textwidget\">\n\t<p>Seit 2015 befindet sich in jedem Atelier und in jeder Abteilung eine Tafel (siehe nebenstehendes Foto), auf der man jeden Tag folgendes mitverfolgen und bewerten kann :<\/p>\n<ul>\n<li><strong>Die Einhaltung des Terminplans<\/strong><\/li>\n<li><strong>Die Qualit\u00e4t der Produkte<\/strong><\/li>\n<li><strong>Die Einhaltung der Zeitvorgaben<\/strong><\/li>\n<\/ul>\n<p>\u00a0<\/p>\n<p>Jeden Morgen bewerten die Verantwortlichen die Abweichungen der Ateliers und operativen Bereiche und analysieren deren Ursachen, um Korrekturma\u00dfnahmen zu ergreifen.<\/p>\n<p>Diese Vorgehensweise ist ein ausgezeichnetes Qualit\u00e4tsmanagementinstrument!<\/p>\n<p>\u00a0<\/p>\n<p>\u00a0<\/p>\n<div id=\"link64_adl_tabid\" style=\"display: none;\" data-url=\"https:\/\/fonderiesdesougland.fr\/de\/wp-admin\/post.php?post=27&amp;action=edit\">317<\/div>\n<\/div>\n<\/div><\/div><\/div><div id=\"pgc-27-1-1\"  class=\"panel-grid-cell\" ><div id=\"panel-27-1-1-0\" class=\"so-panel widget widget_sow-editor panel-first-child panel-last-child\" data-index=\"5\" ><div\n\t\t\t\n\t\t\tclass=\"so-widget-sow-editor so-widget-sow-editor-base\"\n\t\t\t\n\t\t>\n<div class=\"siteorigin-widget-tinymce textwidget\">\n\t<h3>Unser Qualit\u00e4tsversprechen als Zeichen unternehmerischer Verantwortung<\/h3>\n<h3>\u00a0<\/h3>\n<p>Unsere Verbesserungsma\u00dfnahmen und Projekte und unsere neuen Verfahren beruhen auf Qualit\u00e4tsmanagement, Umweltschutz, Unfallverh\u00fctung und Energieeinsparungen.<\/p>\n<div id=\"link64_adl_tabid\" style=\"display: none;\" data-url=\"https:\/\/fonderiesdesougland.fr\/de\/wp-admin\/post.php?post=27&amp;action=edit\">317<\/div>\n<\/div>\n<\/div><\/div><\/div><\/div><div id=\"pg-27-2\"  class=\"panel-grid panel-no-style\" ><div id=\"pgc-27-2-0\"  class=\"panel-grid-cell\" ><div id=\"panel-27-2-0-0\" class=\"so-panel widget widget_sow-editor panel-first-child panel-last-child\" data-index=\"6\" ><div\n\t\t\t\n\t\t\tclass=\"so-widget-sow-editor so-widget-sow-editor-base\"\n\t\t\t\n\t\t>\n<div class=\"siteorigin-widget-tinymce textwidget\">\n\t<p><strong>Wir setzen bei Ad hoc-Pr\u00fcfstellen und unseren Kunden ein Zertifizierungs- und Labellingverfahren um.<\/strong><\/p>\n<p>\u00a0<\/p>\n<h3>Unsere Zertifizierungen<\/h3>\n<div id=\"link64_adl_tabid\" style=\"display: none;\" data-url=\"https:\/\/fonderiesdesougland.fr\/wp-admin\/post.php?post=27&amp;action=edit\">166<\/div>\n<\/div>\n<\/div><\/div><\/div><\/div><div id=\"pg-27-3\"  class=\"panel-grid panel-no-style\" ><div id=\"pgc-27-3-0\"  class=\"panel-grid-cell\" ><div id=\"panel-27-3-0-0\" class=\"so-panel widget widget_sow-editor panel-first-child panel-last-child\" data-index=\"7\" ><div\n\t\t\t\n\t\t\tclass=\"so-widget-sow-editor so-widget-sow-editor-base\"\n\t\t\t\n\t\t>\n<div class=\"siteorigin-widget-tinymce textwidget\">\n\t<ul>\n<li>AFNOR ISO9001 | ISO14001<\/li>\n<\/ul>\n<p><a href=\"https:\/\/fonderiesdesougland.fr\/wp-content\/uploads\/2017\/09\/Certificat-ISO-9001-ISO-14001.pdf\" target=\"_blank\" rel=\"noopener\"><img loading=\"lazy\" decoding=\"async\" class=\"wp-image-1085  alignleft\" src=\"https:\/\/fonderiesdesougland.fr\/de\/wp-content\/uploads\/sites\/5\/2016\/12\/Afaq_qe.png\" alt=\"\" width=\"165\" height=\"187\" srcset=\"https:\/\/fonderiesdesougland.fr\/de\/wp-content\/uploads\/sites\/5\/2016\/12\/Afaq_qe.png 680w, https:\/\/fonderiesdesougland.fr\/de\/wp-content\/uploads\/sites\/5\/2016\/12\/Afaq_qe-265x300.png 265w\" sizes=\"auto, (max-width: 165px) 100vw, 165px\" \/><\/a><\/p>\n<p>\u00a0<\/p>\n<p>\u00a0<\/p>\n<div id=\"link64_adl_tabid\" style=\"display: none;\" data-url=\"https:\/\/fonderiesdesougland.fr\/wp-admin\/post.php?post=27&amp;action=edit\">79<\/div>\n<\/div>\n<\/div><\/div><\/div><div id=\"pgc-27-3-1\"  class=\"panel-grid-cell\" ><div id=\"panel-27-3-1-0\" class=\"so-panel widget widget_sow-editor panel-first-child panel-last-child\" data-index=\"8\" ><div\n\t\t\t\n\t\t\tclass=\"so-widget-sow-editor so-widget-sow-editor-base\"\n\t\t\t\n\t\t>\n<div class=\"siteorigin-widget-tinymce textwidget\">\n\t<ul>\n<li>ADWO Merkblatt<\/li>\n<\/ul>\n<p><a href=\"https:\/\/fonderiesdesougland.fr\/wp-content\/uploads\/2016\/12\/Certificat-AD-2000.pdf\" target=\"_blank\"><img loading=\"lazy\" decoding=\"async\" class=\"alignnone size-full wp-image-621\" src=\"https:\/\/fonderiesdesougland.fr\/wp-content\/uploads\/2016\/09\/sougland-img-certificat-ad-2000-pdf.jpg\" alt=\"\" width=\"102\" height=\"145\" \/><\/a><\/p>\n<div id=\"link64_adl_tabid\" style=\"display: none;\" data-url=\"https:\/\/fonderiesdesougland.fr\/wp-admin\/post.php?post=27&amp;action=edit\">79<\/div>\n<\/div>\n<\/div><\/div><\/div><div id=\"pgc-27-3-2\"  class=\"panel-grid-cell\" ><div id=\"panel-27-3-2-0\" class=\"so-panel widget widget_sow-editor panel-first-child panel-last-child\" data-index=\"9\" ><div\n\t\t\t\n\t\t\tclass=\"so-widget-sow-editor so-widget-sow-editor-base\"\n\t\t\t\n\t\t>\n<div class=\"siteorigin-widget-tinymce textwidget\">\n\t<ul>\n<li>\u00a0ISO 500001<\/li>\n<\/ul>\n<p>Im Rahmen eines Action-Learning- Programms legt unser Unternehmen den Schwerpunkt auf Energiemanagement. Kurzfristig streben wir die Zertifizierung ISO 50001 (Energiemanagement) an.<\/p>\n<p>\u00a0<\/p>\n<p>\u00a0<\/p>\n<div id=\"link64_adl_tabid\" style=\"display: none;\" data-url=\"https:\/\/fonderiesdesougland.fr\/wp-admin\/post.php?post=27&amp;action=edit\">79<\/div>\n<\/div>\n<\/div><\/div><\/div><\/div><div id=\"pg-27-4\"  class=\"panel-grid panel-no-style\" ><div id=\"pgc-27-4-0\"  class=\"panel-grid-cell\" ><div id=\"panel-27-4-0-0\" class=\"so-panel widget widget_sow-editor panel-first-child panel-last-child\" data-index=\"10\" ><div\n\t\t\t\n\t\t\tclass=\"so-widget-sow-editor so-widget-sow-editor-base\"\n\t\t\t\n\t\t>\n<div class=\"siteorigin-widget-tinymce textwidget\">\n\t<h3><span lang=\"de\">Unser Engagement Buchstaben<\/span><\/h3>\n<div id=\"link64_adl_tabid\" style=\"display: none;\" data-url=\"https:\/\/fonderiesdesougland.fr\/wp-admin\/post.php?post=27&amp;action=edit\">166<\/div>\n<\/div>\n<\/div><\/div><\/div><\/div><div id=\"pg-27-5\"  class=\"panel-grid panel-no-style\" ><div id=\"pgc-27-5-0\"  class=\"panel-grid-cell\" ><div id=\"panel-27-5-0-0\" class=\"so-panel widget widget_sow-image panel-first-child panel-last-child\" data-index=\"11\" ><div\n\t\t\t\n\t\t\tclass=\"so-widget-sow-image so-widget-sow-image-default-8b5b6f678277-27\"\n\t\t\t\n\t\t>\n<div class=\"sow-image-container\">\n\t\t\t<a href=\"https:\/\/fonderiesdesougland.fr\/wp-content\/uploads\/2017\/01\/LETTRE-ENGAGEMENT-SECURITE.pdf\"\n\t\t\ttarget=\"_blank\" rel=\"noopener noreferrer\" \t\t>\n\t\t\t<img \n\tsrc=\"https:\/\/fonderiesdesougland.fr\/de\/wp-content\/uploads\/sites\/5\/2016\/12\/lettre-3.jpg\" width=\"102\" height=\"145\" sizes=\"(max-width: 102px) 100vw, 102px\" alt=\"\" \t\tclass=\"so-widget-image\"\/>\n\t\t\t<\/a><\/div>\n\n<\/div><\/div><\/div><div id=\"pgc-27-5-1\"  class=\"panel-grid-cell\" ><div id=\"panel-27-5-1-0\" class=\"so-panel widget widget_sow-image panel-first-child panel-last-child\" data-index=\"12\" ><div\n\t\t\t\n\t\t\tclass=\"so-widget-sow-image so-widget-sow-image-default-8b5b6f678277-27\"\n\t\t\t\n\t\t>\n<div class=\"sow-image-container\">\n\t\t\t<a href=\"https:\/\/fonderiesdesougland.fr\/wp-content\/uploads\/2017\/01\/LETTRE-ENGAGEMENT-QUALITE-1.pdf\"\n\t\t\ttarget=\"_blank\" rel=\"noopener noreferrer\" \t\t>\n\t\t\t<img \n\tsrc=\"https:\/\/fonderiesdesougland.fr\/de\/wp-content\/uploads\/sites\/5\/2016\/12\/lettre-2.jpg\" width=\"102\" height=\"145\" sizes=\"(max-width: 102px) 100vw, 102px\" alt=\"\" \t\tclass=\"so-widget-image\"\/>\n\t\t\t<\/a><\/div>\n\n<\/div><\/div><\/div><div id=\"pgc-27-5-2\"  class=\"panel-grid-cell\" ><div id=\"panel-27-5-2-0\" class=\"so-panel widget widget_sow-image panel-first-child panel-last-child\" data-index=\"13\" ><div\n\t\t\t\n\t\t\tclass=\"so-widget-sow-image so-widget-sow-image-default-8b5b6f678277-27\"\n\t\t\t\n\t\t>\n<div class=\"sow-image-container\">\n\t\t\t<a href=\"https:\/\/fonderiesdesougland.fr\/wp-content\/uploads\/2017\/01\/LETTRE-ENGAGEMENT-ENVIRONNEMENT.pdf\"\n\t\t\ttarget=\"_blank\" rel=\"noopener noreferrer\" \t\t>\n\t\t\t<img \n\tsrc=\"https:\/\/fonderiesdesougland.fr\/de\/wp-content\/uploads\/sites\/5\/2016\/12\/lettre-1.jpg\" width=\"102\" height=\"145\" sizes=\"(max-width: 102px) 100vw, 102px\" alt=\"\" \t\tclass=\"so-widget-image\"\/>\n\t\t\t<\/a><\/div>\n\n<\/div><\/div><\/div><\/div><\/div>","protected":false},"excerpt":{"rendered":"<p>Zur Zufriedenheit unserer Kunden und den Fortbestand unseres Unternehmens\u00a0Kundenanforderungen, technologischer Wandel und ein zunehmend hoher Technisierungsgrad unserer Fertigung f\u00fchrten 1999 zwangsl\u00e4ufig zur Einf\u00fchrung eines Qualit\u00e4tssicherungsverfahrens.\u00a0Wir sind davon \u00fcberzeugt, dass der Fortbestand unseres Unternehmens von der Zufriedenheit unserer Kunden sowie dem Engagement unserer Mitarbeiter abh\u00e4ngt.\u00a0Deshalb verpflichten wir uns :Die Anforderungen unserer Kunden zu erf\u00fcllen und ihren [&hellip;]<\/p>\n","protected":false},"author":1,"featured_media":0,"parent":21,"menu_order":0,"comment_status":"closed","ping_status":"closed","template":"","meta":{"_acf_changed":false,"footnotes":""},"class_list":["post-27","page","type-page","status-publish","hentry"],"acf":[],"yoast_head":"<!-- This site is optimized with the Yoast SEO plugin v27.5 - https:\/\/yoast.com\/product\/yoast-seo-wordpress\/ -->\n<title>Unser Qualit\u00e4tsengagement - Sougland Gie\u00dferei<\/title>\n<meta name=\"robots\" content=\"index, follow, max-snippet:-1, max-image-preview:large, max-video-preview:-1\" \/>\n<link rel=\"canonical\" href=\"https:\/\/fonderiesdesougland.fr\/de\/les-fonderies-de-sougland\/unser-qualitatsengagement\/\" \/>\n<meta property=\"og:locale\" content=\"fr_FR\" \/>\n<meta property=\"og:type\" content=\"article\" \/>\n<meta property=\"og:title\" content=\"Unser Qualit\u00e4tsengagement - Sougland Gie\u00dferei\" \/>\n<meta property=\"og:description\" content=\"Zur Zufriedenheit unserer Kunden und den Fortbestand unseres Unternehmens\u00a0Kundenanforderungen, technologischer Wandel und ein zunehmend hoher Technisierungsgrad unserer Fertigung f\u00fchrten 1999 zwangsl\u00e4ufig zur Einf\u00fchrung eines Qualit\u00e4tssicherungsverfahrens.\u00a0Wir sind davon \u00fcberzeugt, dass der Fortbestand unseres Unternehmens von der Zufriedenheit unserer Kunden sowie dem Engagement unserer Mitarbeiter abh\u00e4ngt.\u00a0Deshalb verpflichten wir uns :Die Anforderungen unserer Kunden zu erf\u00fcllen und ihren [&hellip;]\" \/>\n<meta property=\"og:url\" content=\"https:\/\/fonderiesdesougland.fr\/de\/les-fonderies-de-sougland\/unser-qualitatsengagement\/\" \/>\n<meta property=\"og:site_name\" content=\"Sougland Gie\u00dferei\" \/>\n<meta property=\"article:modified_time\" content=\"2017-09-12T09:23:20+00:00\" \/>\n<meta property=\"og:image\" content=\"https:\/\/fonderiesdesougland.fr\/de\/wp-content\/uploads\/sites\/5\/2016\/12\/sougland-engagements-qualite-img-1-1.jpg\" \/>\n<meta name=\"twitter:card\" content=\"summary_large_image\" \/>\n<meta name=\"twitter:label1\" content=\"Dur\u00e9e de lecture estim\u00e9e\" \/>\n\t<meta name=\"twitter:data1\" content=\"2 minutes\" \/>\n<script type=\"application\/ld+json\" class=\"yoast-schema-graph\">{\"@context\":\"https:\\\/\\\/schema.org\",\"@graph\":[{\"@type\":\"WebPage\",\"@id\":\"https:\\\/\\\/fonderiesdesougland.fr\\\/de\\\/les-fonderies-de-sougland\\\/unser-qualitatsengagement\\\/\",\"url\":\"https:\\\/\\\/fonderiesdesougland.fr\\\/de\\\/les-fonderies-de-sougland\\\/unser-qualitatsengagement\\\/\",\"name\":\"Unser Qualit\u00e4tsengagement - Sougland Gie\u00dferei\",\"isPartOf\":{\"@id\":\"https:\\\/\\\/fonderiesdesougland.fr\\\/de\\\/#website\"},\"primaryImageOfPage\":{\"@id\":\"https:\\\/\\\/fonderiesdesougland.fr\\\/de\\\/les-fonderies-de-sougland\\\/unser-qualitatsengagement\\\/#primaryimage\"},\"image\":{\"@id\":\"https:\\\/\\\/fonderiesdesougland.fr\\\/de\\\/les-fonderies-de-sougland\\\/unser-qualitatsengagement\\\/#primaryimage\"},\"thumbnailUrl\":\"https:\\\/\\\/fonderiesdesougland.fr\\\/de\\\/wp-content\\\/uploads\\\/sites\\\/5\\\/2016\\\/12\\\/sougland-engagements-qualite-img-1-1.jpg\",\"datePublished\":\"2016-12-23T08:32:36+00:00\",\"dateModified\":\"2017-09-12T09:23:20+00:00\",\"breadcrumb\":{\"@id\":\"https:\\\/\\\/fonderiesdesougland.fr\\\/de\\\/les-fonderies-de-sougland\\\/unser-qualitatsengagement\\\/#breadcrumb\"},\"inLanguage\":\"fr-FR\",\"potentialAction\":[{\"@type\":\"ReadAction\",\"target\":[\"https:\\\/\\\/fonderiesdesougland.fr\\\/de\\\/les-fonderies-de-sougland\\\/unser-qualitatsengagement\\\/\"]}]},{\"@type\":\"ImageObject\",\"inLanguage\":\"fr-FR\",\"@id\":\"https:\\\/\\\/fonderiesdesougland.fr\\\/de\\\/les-fonderies-de-sougland\\\/unser-qualitatsengagement\\\/#primaryimage\",\"url\":\"https:\\\/\\\/fonderiesdesougland.fr\\\/de\\\/wp-content\\\/uploads\\\/sites\\\/5\\\/2016\\\/12\\\/sougland-engagements-qualite-img-1-1.jpg\",\"contentUrl\":\"https:\\\/\\\/fonderiesdesougland.fr\\\/de\\\/wp-content\\\/uploads\\\/sites\\\/5\\\/2016\\\/12\\\/sougland-engagements-qualite-img-1-1.jpg\",\"width\":800,\"height\":440},{\"@type\":\"BreadcrumbList\",\"@id\":\"https:\\\/\\\/fonderiesdesougland.fr\\\/de\\\/les-fonderies-de-sougland\\\/unser-qualitatsengagement\\\/#breadcrumb\",\"itemListElement\":[{\"@type\":\"ListItem\",\"position\":1,\"name\":\"Accueil\",\"item\":\"https:\\\/\\\/fonderiesdesougland.fr\\\/de\\\/\"},{\"@type\":\"ListItem\",\"position\":2,\"name\":\"Les Fonderies de Sougland\",\"item\":\"https:\\\/\\\/fonderiesdesougland.fr\\\/de\\\/les-fonderies-de-sougland\\\/\"},{\"@type\":\"ListItem\",\"position\":3,\"name\":\"Unser Qualit\u00e4tsengagement\"}]},{\"@type\":\"WebSite\",\"@id\":\"https:\\\/\\\/fonderiesdesougland.fr\\\/de\\\/#website\",\"url\":\"https:\\\/\\\/fonderiesdesougland.fr\\\/de\\\/\",\"name\":\"Sougland Gie\u00dferei\",\"description\":\"\",\"potentialAction\":[{\"@type\":\"SearchAction\",\"target\":{\"@type\":\"EntryPoint\",\"urlTemplate\":\"https:\\\/\\\/fonderiesdesougland.fr\\\/de\\\/?s={search_term_string}\"},\"query-input\":{\"@type\":\"PropertyValueSpecification\",\"valueRequired\":true,\"valueName\":\"search_term_string\"}}],\"inLanguage\":\"fr-FR\"}]}<\/script>\n<!-- \/ Yoast SEO plugin. -->","yoast_head_json":{"title":"Unser Qualit\u00e4tsengagement - Sougland Gie\u00dferei","robots":{"index":"index","follow":"follow","max-snippet":"max-snippet:-1","max-image-preview":"max-image-preview:large","max-video-preview":"max-video-preview:-1"},"canonical":"https:\/\/fonderiesdesougland.fr\/de\/les-fonderies-de-sougland\/unser-qualitatsengagement\/","og_locale":"fr_FR","og_type":"article","og_title":"Unser Qualit\u00e4tsengagement - Sougland Gie\u00dferei","og_description":"Zur Zufriedenheit unserer Kunden und den Fortbestand unseres Unternehmens\u00a0Kundenanforderungen, technologischer Wandel und ein zunehmend hoher Technisierungsgrad unserer Fertigung f\u00fchrten 1999 zwangsl\u00e4ufig zur Einf\u00fchrung eines Qualit\u00e4tssicherungsverfahrens.\u00a0Wir sind davon \u00fcberzeugt, dass der Fortbestand unseres Unternehmens von der Zufriedenheit unserer Kunden sowie dem Engagement unserer Mitarbeiter abh\u00e4ngt.\u00a0Deshalb verpflichten wir uns :Die Anforderungen unserer Kunden zu erf\u00fcllen und ihren [&hellip;]","og_url":"https:\/\/fonderiesdesougland.fr\/de\/les-fonderies-de-sougland\/unser-qualitatsengagement\/","og_site_name":"Sougland Gie\u00dferei","article_modified_time":"2017-09-12T09:23:20+00:00","og_image":[{"url":"https:\/\/fonderiesdesougland.fr\/de\/wp-content\/uploads\/sites\/5\/2016\/12\/sougland-engagements-qualite-img-1-1.jpg","type":"","width":"","height":""}],"twitter_card":"summary_large_image","twitter_misc":{"Dur\u00e9e de lecture estim\u00e9e":"2 minutes"},"schema":{"@context":"https:\/\/schema.org","@graph":[{"@type":"WebPage","@id":"https:\/\/fonderiesdesougland.fr\/de\/les-fonderies-de-sougland\/unser-qualitatsengagement\/","url":"https:\/\/fonderiesdesougland.fr\/de\/les-fonderies-de-sougland\/unser-qualitatsengagement\/","name":"Unser Qualit\u00e4tsengagement - Sougland Gie\u00dferei","isPartOf":{"@id":"https:\/\/fonderiesdesougland.fr\/de\/#website"},"primaryImageOfPage":{"@id":"https:\/\/fonderiesdesougland.fr\/de\/les-fonderies-de-sougland\/unser-qualitatsengagement\/#primaryimage"},"image":{"@id":"https:\/\/fonderiesdesougland.fr\/de\/les-fonderies-de-sougland\/unser-qualitatsengagement\/#primaryimage"},"thumbnailUrl":"https:\/\/fonderiesdesougland.fr\/de\/wp-content\/uploads\/sites\/5\/2016\/12\/sougland-engagements-qualite-img-1-1.jpg","datePublished":"2016-12-23T08:32:36+00:00","dateModified":"2017-09-12T09:23:20+00:00","breadcrumb":{"@id":"https:\/\/fonderiesdesougland.fr\/de\/les-fonderies-de-sougland\/unser-qualitatsengagement\/#breadcrumb"},"inLanguage":"fr-FR","potentialAction":[{"@type":"ReadAction","target":["https:\/\/fonderiesdesougland.fr\/de\/les-fonderies-de-sougland\/unser-qualitatsengagement\/"]}]},{"@type":"ImageObject","inLanguage":"fr-FR","@id":"https:\/\/fonderiesdesougland.fr\/de\/les-fonderies-de-sougland\/unser-qualitatsengagement\/#primaryimage","url":"https:\/\/fonderiesdesougland.fr\/de\/wp-content\/uploads\/sites\/5\/2016\/12\/sougland-engagements-qualite-img-1-1.jpg","contentUrl":"https:\/\/fonderiesdesougland.fr\/de\/wp-content\/uploads\/sites\/5\/2016\/12\/sougland-engagements-qualite-img-1-1.jpg","width":800,"height":440},{"@type":"BreadcrumbList","@id":"https:\/\/fonderiesdesougland.fr\/de\/les-fonderies-de-sougland\/unser-qualitatsengagement\/#breadcrumb","itemListElement":[{"@type":"ListItem","position":1,"name":"Accueil","item":"https:\/\/fonderiesdesougland.fr\/de\/"},{"@type":"ListItem","position":2,"name":"Les Fonderies de Sougland","item":"https:\/\/fonderiesdesougland.fr\/de\/les-fonderies-de-sougland\/"},{"@type":"ListItem","position":3,"name":"Unser Qualit\u00e4tsengagement"}]},{"@type":"WebSite","@id":"https:\/\/fonderiesdesougland.fr\/de\/#website","url":"https:\/\/fonderiesdesougland.fr\/de\/","name":"Sougland Gie\u00dferei","description":"","potentialAction":[{"@type":"SearchAction","target":{"@type":"EntryPoint","urlTemplate":"https:\/\/fonderiesdesougland.fr\/de\/?s={search_term_string}"},"query-input":{"@type":"PropertyValueSpecification","valueRequired":true,"valueName":"search_term_string"}}],"inLanguage":"fr-FR"}]}},"_links":{"self":[{"href":"https:\/\/fonderiesdesougland.fr\/de\/wp-json\/wp\/v2\/pages\/27","targetHints":{"allow":["GET"]}}],"collection":[{"href":"https:\/\/fonderiesdesougland.fr\/de\/wp-json\/wp\/v2\/pages"}],"about":[{"href":"https:\/\/fonderiesdesougland.fr\/de\/wp-json\/wp\/v2\/types\/page"}],"author":[{"embeddable":true,"href":"https:\/\/fonderiesdesougland.fr\/de\/wp-json\/wp\/v2\/users\/1"}],"replies":[{"embeddable":true,"href":"https:\/\/fonderiesdesougland.fr\/de\/wp-json\/wp\/v2\/comments?post=27"}],"version-history":[{"count":39,"href":"https:\/\/fonderiesdesougland.fr\/de\/wp-json\/wp\/v2\/pages\/27\/revisions"}],"predecessor-version":[{"id":1088,"href":"https:\/\/fonderiesdesougland.fr\/de\/wp-json\/wp\/v2\/pages\/27\/revisions\/1088"}],"up":[{"embeddable":true,"href":"https:\/\/fonderiesdesougland.fr\/de\/wp-json\/wp\/v2\/pages\/21"}],"wp:attachment":[{"href":"https:\/\/fonderiesdesougland.fr\/de\/wp-json\/wp\/v2\/media?parent=27"}],"curies":[{"name":"wp","href":"https:\/\/api.w.org\/{rel}","templated":true}]}}