{"id":29,"date":"2016-12-23T09:32:45","date_gmt":"2016-12-23T08:32:45","guid":{"rendered":"https:\/\/fonderiesdesougland.fr\/de\/?page_id=29"},"modified":"2017-01-18T09:28:04","modified_gmt":"2017-01-18T08:28:04","slug":"human-resources","status":"publish","type":"page","link":"https:\/\/fonderiesdesougland.fr\/de\/les-fonderies-de-sougland\/human-resources\/","title":{"rendered":"Human Resources"},"content":{"rendered":"<div id=\"pl-29\"  class=\"panel-layout\" ><div id=\"pg-29-0\"  class=\"panel-grid panel-no-style\" ><div id=\"pgc-29-0-0\"  class=\"panel-grid-cell\" ><div id=\"panel-29-0-0-0\" class=\"so-panel widget widget_sow-editor panel-first-child panel-last-child\" data-index=\"0\" ><div\n\t\t\t\n\t\t\tclass=\"so-widget-sow-editor so-widget-sow-editor-base\"\n\t\t\t\n\t\t>\n<div class=\"siteorigin-widget-tinymce textwidget\">\n\t<p style=\"text-align: justify;\">Bei den Fonderies de Sougland st\u00fctzte man die Entwicklung des Unternehmens von Anfang an auf starke Werte : <strong>Engagement, Respekt, Ambitionen und Enthusiasmus<\/strong> bilden die Grundlage unserer Unternehmenskultur, <strong>die sich durch Kundenservice auszeichnet<\/strong>. <a href=\"https:\/\/fonderiesdesougland.fr\/de\/les-fonderies-de-sougland\/unsere-werte-und-unsere-unternehmenskultur\/\">Siehe Unsere Werte<\/a>.<\/p>\n<p style=\"text-align: justify;\">\u00a0<\/p>\n<p style=\"text-align: justify;\">Die Mitarbeiterinnen und Mitarbeiter unseres Unternehmens haben im Laufe der Generationen einen <strong>Zusammengeh\u00f6rigkeitsgef\u00fchl<\/strong> entwickelt und ihr <strong>Wissen weiter vermittelt<\/strong>. Mit Sinn f\u00fcr Herausforderungen und <strong>Innovation haben sie bei den Projekten unserer Kunden immer wieder aufs Neue ein starkes Engagement an den Tag gelegt<\/strong>.<\/p>\n<p style=\"text-align: justify;\">\u00a0<\/p>\n<p style=\"text-align: justify;\">Die Anforderungen unserer Kunden unter Wahrung sozialer Werte und einer kontinuierlichen Qualit\u00e4tsverbesserung zu erf\u00fcllen, ist eine Herausforderung, der sich unsere Mitarbeiter tagt\u00e4glich stellen.<\/p>\n<div id=\"link64_adl_tabid\" style=\"display: none; text-align: justify;\" data-url=\"https:\/\/fonderiesdesougland.fr\/de\/wp-admin\/post.php?post=29&amp;action=edit\">241<\/div>\n<\/div>\n<\/div><\/div><\/div><div id=\"pgc-29-0-1\"  class=\"panel-grid-cell\" ><div id=\"panel-29-0-1-0\" class=\"so-panel widget widget_sow-editor panel-first-child panel-last-child\" data-index=\"1\" ><div\n\t\t\t\n\t\t\tclass=\"so-widget-sow-editor so-widget-sow-editor-base\"\n\t\t\t\n\t\t>\n<div class=\"siteorigin-widget-tinymce textwidget\">\n\t<p>Wir sind st\u00e4ndig auf der Suche nach neuen Talenten : Former, Modellbauer usw...<\/p>\n<p><strong>Senden Sie uns Ihren Lebenslauf und Ihr Bewerbungsschreiben<\/strong><\/p>\n<p>\u00a0<\/p>\n<p>Per E-Mail an folgende Adresse :<br \/><a href=\"mailto:admin.sougland@orange.fr\">admin.sougland@orange.fr<\/a><\/p>\n<p>\u00a0<\/p>\n<p>Auf dem Postweg an :<br \/>Fonderies de Sougland<br \/>2, Avenue de Sougland - 02830 SAINT-MICHEL<\/p>\n<div id=\"link64_adl_tabid\" style=\"display: none;\" data-url=\"https:\/\/fonderiesdesougland.fr\/wp-admin\/post.php?post=29&amp;action=edit\">245<\/div>\n<\/div>\n<\/div><\/div><\/div><\/div><div id=\"pg-29-1\"  class=\"panel-grid panel-no-style\" ><div id=\"pgc-29-1-0\"  class=\"panel-grid-cell\" ><div id=\"panel-29-1-0-0\" class=\"so-panel widget widget_sow-editor panel-first-child panel-last-child\" data-index=\"2\" ><div\n\t\t\t\n\t\t\tclass=\"so-widget-sow-editor so-widget-sow-editor-base\"\n\t\t\t\n\t\t>\n<div class=\"siteorigin-widget-tinymce textwidget\">\n\t<h3>MITARBEITER, DIE STOLZ AUF IHREN BERUF SIND<\/h3>\n<div id=\"link64_adl_tabid\" style=\"display: none;\" data-url=\"https:\/\/fonderiesdesougland.fr\/de\/wp-admin\/post.php?post=29&amp;action=edit\">101<\/div>\n<\/div>\n<\/div><\/div><\/div><\/div><div id=\"pg-29-2\"  class=\"panel-grid panel-no-style\" ><div id=\"pgc-29-2-0\"  class=\"panel-grid-cell\" ><div id=\"panel-29-2-0-0\" class=\"so-panel widget widget_sow-video panel-first-child panel-last-child\" data-index=\"3\" ><div\n\t\t\t\n\t\t\tclass=\"so-widget-sow-video so-widget-sow-video-default-c08170c47cfb-29\"\n\t\t\t\n\t\t>\n<div class=\"sow-video-wrapper\n\">\n\t\t\t<iframe loading=\"lazy\" title=\"Tourneur aux Fonderies de Sougland\" width=\"640\" height=\"360\" src=\"https:\/\/www.youtube.com\/embed\/UMBR5fU7XmQ?feature=oembed&enablejsapi=1\" frameborder=\"0\" allow=\"accelerometer; autoplay; clipboard-write; encrypted-media; gyroscope; picture-in-picture; web-share\" referrerpolicy=\"strict-origin-when-cross-origin\" allowfullscreen allowfullscreen mozallowfullscreen webkitallowfullscreen sandbox=\"allow-scripts allow-same-origin allow-presentation\"><\/iframe>\t<\/div>\n<\/div><\/div><\/div><div id=\"pgc-29-2-1\"  class=\"panel-grid-cell\" ><div id=\"panel-29-2-1-0\" class=\"so-panel widget widget_sow-video panel-first-child panel-last-child\" data-index=\"4\" ><div\n\t\t\t\n\t\t\tclass=\"so-widget-sow-video so-widget-sow-video-default-c08170c47cfb-29\"\n\t\t\t\n\t\t>\n<div class=\"sow-video-wrapper\n\">\n\t\t\t<iframe loading=\"lazy\" title=\"Mouleur main aux Fonderies de Sougland\" width=\"640\" height=\"360\" src=\"https:\/\/www.youtube.com\/embed\/DnR7oT3is30?feature=oembed&enablejsapi=1\" frameborder=\"0\" allow=\"accelerometer; autoplay; clipboard-write; encrypted-media; gyroscope; picture-in-picture; web-share\" referrerpolicy=\"strict-origin-when-cross-origin\" allowfullscreen allowfullscreen mozallowfullscreen webkitallowfullscreen sandbox=\"allow-scripts allow-same-origin allow-presentation\"><\/iframe>\t<\/div>\n<\/div><\/div><\/div><\/div><div id=\"pg-29-3\"  class=\"panel-grid panel-no-style\" ><div id=\"pgc-29-3-0\"  class=\"panel-grid-cell\" ><div id=\"panel-29-3-0-0\" class=\"so-panel widget widget_sow-editor panel-first-child panel-last-child\" data-index=\"5\" ><div\n\t\t\t\n\t\t\tclass=\"so-widget-sow-editor so-widget-sow-editor-base\"\n\t\t\t\n\t\t>\n<div class=\"siteorigin-widget-tinymce textwidget\">\n\t<\/div>\n<\/div><\/div><\/div><\/div><\/div>","protected":false},"excerpt":{"rendered":"<p>Bei den Fonderies de Sougland st\u00fctzte man die Entwicklung des Unternehmens von Anfang an auf starke Werte : Engagement, Respekt, Ambitionen und Enthusiasmus bilden die Grundlage unserer Unternehmenskultur, die sich durch Kundenservice auszeichnet. Siehe Unsere Werte.\u00a0Die Mitarbeiterinnen und Mitarbeiter unseres Unternehmens haben im Laufe der Generationen einen Zusammengeh\u00f6rigkeitsgef\u00fchl entwickelt und ihr Wissen weiter vermittelt. Mit [&hellip;]<\/p>\n","protected":false},"author":1,"featured_media":0,"parent":21,"menu_order":0,"comment_status":"closed","ping_status":"closed","template":"","meta":{"_acf_changed":false,"footnotes":""},"class_list":["post-29","page","type-page","status-publish","hentry"],"acf":[],"yoast_head":"<!-- This site is optimized with the Yoast SEO plugin v27.4 - https:\/\/yoast.com\/product\/yoast-seo-wordpress\/ -->\n<title>Human Resources - Sougland Gie\u00dferei<\/title>\n<meta name=\"robots\" content=\"index, follow, max-snippet:-1, max-image-preview:large, max-video-preview:-1\" \/>\n<link rel=\"canonical\" href=\"https:\/\/fonderiesdesougland.fr\/de\/les-fonderies-de-sougland\/human-resources\/\" \/>\n<meta property=\"og:locale\" content=\"fr_FR\" \/>\n<meta property=\"og:type\" content=\"article\" \/>\n<meta property=\"og:title\" content=\"Human Resources - Sougland Gie\u00dferei\" \/>\n<meta property=\"og:description\" content=\"Bei den Fonderies de Sougland st\u00fctzte man die Entwicklung des Unternehmens von Anfang an auf starke Werte : Engagement, Respekt, Ambitionen und Enthusiasmus bilden die Grundlage unserer Unternehmenskultur, die sich durch Kundenservice auszeichnet. Siehe Unsere Werte.\u00a0Die Mitarbeiterinnen und Mitarbeiter unseres Unternehmens haben im Laufe der Generationen einen Zusammengeh\u00f6rigkeitsgef\u00fchl entwickelt und ihr Wissen weiter vermittelt. Mit [&hellip;]\" \/>\n<meta property=\"og:url\" content=\"https:\/\/fonderiesdesougland.fr\/de\/les-fonderies-de-sougland\/human-resources\/\" \/>\n<meta property=\"og:site_name\" content=\"Sougland Gie\u00dferei\" \/>\n<meta property=\"article:modified_time\" content=\"2017-01-18T08:28:04+00:00\" \/>\n<meta name=\"twitter:card\" content=\"summary_large_image\" \/>\n<meta name=\"twitter:label1\" content=\"Dur\u00e9e de lecture estim\u00e9e\" \/>\n\t<meta name=\"twitter:data1\" content=\"1 minute\" \/>\n<script type=\"application\/ld+json\" class=\"yoast-schema-graph\">{\"@context\":\"https:\\\/\\\/schema.org\",\"@graph\":[{\"@type\":\"WebPage\",\"@id\":\"https:\\\/\\\/fonderiesdesougland.fr\\\/de\\\/les-fonderies-de-sougland\\\/human-resources\\\/\",\"url\":\"https:\\\/\\\/fonderiesdesougland.fr\\\/de\\\/les-fonderies-de-sougland\\\/human-resources\\\/\",\"name\":\"Human Resources - Sougland Gie\u00dferei\",\"isPartOf\":{\"@id\":\"https:\\\/\\\/fonderiesdesougland.fr\\\/de\\\/#website\"},\"datePublished\":\"2016-12-23T08:32:45+00:00\",\"dateModified\":\"2017-01-18T08:28:04+00:00\",\"breadcrumb\":{\"@id\":\"https:\\\/\\\/fonderiesdesougland.fr\\\/de\\\/les-fonderies-de-sougland\\\/human-resources\\\/#breadcrumb\"},\"inLanguage\":\"fr-FR\",\"potentialAction\":[{\"@type\":\"ReadAction\",\"target\":[\"https:\\\/\\\/fonderiesdesougland.fr\\\/de\\\/les-fonderies-de-sougland\\\/human-resources\\\/\"]}]},{\"@type\":\"BreadcrumbList\",\"@id\":\"https:\\\/\\\/fonderiesdesougland.fr\\\/de\\\/les-fonderies-de-sougland\\\/human-resources\\\/#breadcrumb\",\"itemListElement\":[{\"@type\":\"ListItem\",\"position\":1,\"name\":\"Accueil\",\"item\":\"https:\\\/\\\/fonderiesdesougland.fr\\\/de\\\/\"},{\"@type\":\"ListItem\",\"position\":2,\"name\":\"Les Fonderies de Sougland\",\"item\":\"https:\\\/\\\/fonderiesdesougland.fr\\\/de\\\/les-fonderies-de-sougland\\\/\"},{\"@type\":\"ListItem\",\"position\":3,\"name\":\"Human Resources\"}]},{\"@type\":\"WebSite\",\"@id\":\"https:\\\/\\\/fonderiesdesougland.fr\\\/de\\\/#website\",\"url\":\"https:\\\/\\\/fonderiesdesougland.fr\\\/de\\\/\",\"name\":\"Sougland Gie\u00dferei\",\"description\":\"\",\"potentialAction\":[{\"@type\":\"SearchAction\",\"target\":{\"@type\":\"EntryPoint\",\"urlTemplate\":\"https:\\\/\\\/fonderiesdesougland.fr\\\/de\\\/?s={search_term_string}\"},\"query-input\":{\"@type\":\"PropertyValueSpecification\",\"valueRequired\":true,\"valueName\":\"search_term_string\"}}],\"inLanguage\":\"fr-FR\"}]}<\/script>\n<!-- \/ Yoast SEO plugin. -->","yoast_head_json":{"title":"Human Resources - Sougland Gie\u00dferei","robots":{"index":"index","follow":"follow","max-snippet":"max-snippet:-1","max-image-preview":"max-image-preview:large","max-video-preview":"max-video-preview:-1"},"canonical":"https:\/\/fonderiesdesougland.fr\/de\/les-fonderies-de-sougland\/human-resources\/","og_locale":"fr_FR","og_type":"article","og_title":"Human Resources - Sougland Gie\u00dferei","og_description":"Bei den Fonderies de Sougland st\u00fctzte man die Entwicklung des Unternehmens von Anfang an auf starke Werte : Engagement, Respekt, Ambitionen und Enthusiasmus bilden die Grundlage unserer Unternehmenskultur, die sich durch Kundenservice auszeichnet. Siehe Unsere Werte.\u00a0Die Mitarbeiterinnen und Mitarbeiter unseres Unternehmens haben im Laufe der Generationen einen Zusammengeh\u00f6rigkeitsgef\u00fchl entwickelt und ihr Wissen weiter vermittelt. Mit [&hellip;]","og_url":"https:\/\/fonderiesdesougland.fr\/de\/les-fonderies-de-sougland\/human-resources\/","og_site_name":"Sougland Gie\u00dferei","article_modified_time":"2017-01-18T08:28:04+00:00","twitter_card":"summary_large_image","twitter_misc":{"Dur\u00e9e de lecture estim\u00e9e":"1 minute"},"schema":{"@context":"https:\/\/schema.org","@graph":[{"@type":"WebPage","@id":"https:\/\/fonderiesdesougland.fr\/de\/les-fonderies-de-sougland\/human-resources\/","url":"https:\/\/fonderiesdesougland.fr\/de\/les-fonderies-de-sougland\/human-resources\/","name":"Human Resources - Sougland Gie\u00dferei","isPartOf":{"@id":"https:\/\/fonderiesdesougland.fr\/de\/#website"},"datePublished":"2016-12-23T08:32:45+00:00","dateModified":"2017-01-18T08:28:04+00:00","breadcrumb":{"@id":"https:\/\/fonderiesdesougland.fr\/de\/les-fonderies-de-sougland\/human-resources\/#breadcrumb"},"inLanguage":"fr-FR","potentialAction":[{"@type":"ReadAction","target":["https:\/\/fonderiesdesougland.fr\/de\/les-fonderies-de-sougland\/human-resources\/"]}]},{"@type":"BreadcrumbList","@id":"https:\/\/fonderiesdesougland.fr\/de\/les-fonderies-de-sougland\/human-resources\/#breadcrumb","itemListElement":[{"@type":"ListItem","position":1,"name":"Accueil","item":"https:\/\/fonderiesdesougland.fr\/de\/"},{"@type":"ListItem","position":2,"name":"Les Fonderies de Sougland","item":"https:\/\/fonderiesdesougland.fr\/de\/les-fonderies-de-sougland\/"},{"@type":"ListItem","position":3,"name":"Human Resources"}]},{"@type":"WebSite","@id":"https:\/\/fonderiesdesougland.fr\/de\/#website","url":"https:\/\/fonderiesdesougland.fr\/de\/","name":"Sougland Gie\u00dferei","description":"","potentialAction":[{"@type":"SearchAction","target":{"@type":"EntryPoint","urlTemplate":"https:\/\/fonderiesdesougland.fr\/de\/?s={search_term_string}"},"query-input":{"@type":"PropertyValueSpecification","valueRequired":true,"valueName":"search_term_string"}}],"inLanguage":"fr-FR"}]}},"_links":{"self":[{"href":"https:\/\/fonderiesdesougland.fr\/de\/wp-json\/wp\/v2\/pages\/29","targetHints":{"allow":["GET"]}}],"collection":[{"href":"https:\/\/fonderiesdesougland.fr\/de\/wp-json\/wp\/v2\/pages"}],"about":[{"href":"https:\/\/fonderiesdesougland.fr\/de\/wp-json\/wp\/v2\/types\/page"}],"author":[{"embeddable":true,"href":"https:\/\/fonderiesdesougland.fr\/de\/wp-json\/wp\/v2\/users\/1"}],"replies":[{"embeddable":true,"href":"https:\/\/fonderiesdesougland.fr\/de\/wp-json\/wp\/v2\/comments?post=29"}],"version-history":[{"count":31,"href":"https:\/\/fonderiesdesougland.fr\/de\/wp-json\/wp\/v2\/pages\/29\/revisions"}],"predecessor-version":[{"id":932,"href":"https:\/\/fonderiesdesougland.fr\/de\/wp-json\/wp\/v2\/pages\/29\/revisions\/932"}],"up":[{"embeddable":true,"href":"https:\/\/fonderiesdesougland.fr\/de\/wp-json\/wp\/v2\/pages\/21"}],"wp:attachment":[{"href":"https:\/\/fonderiesdesougland.fr\/de\/wp-json\/wp\/v2\/media?parent=29"}],"curies":[{"name":"wp","href":"https:\/\/api.w.org\/{rel}","templated":true}]}}