{"id":383,"date":"2016-12-28T11:04:11","date_gmt":"2016-12-28T10:04:11","guid":{"rendered":"https:\/\/fonderiesdesougland.fr\/de\/?page_id=383"},"modified":"2017-01-13T16:00:32","modified_gmt":"2017-01-13T15:00:32","slug":"unsere-zukunft","status":"publish","type":"page","link":"https:\/\/fonderiesdesougland.fr\/de\/les-fonderies-de-sougland\/unsere-zukunft\/","title":{"rendered":"Innovation, Investitionen, internationale gesch\u00e4ftsbeziehungen"},"content":{"rendered":"<div id=\"pl-383\"  class=\"panel-layout\" ><div id=\"pg-383-0\"  class=\"panel-grid panel-no-style\" ><div id=\"pgc-383-0-0\"  class=\"panel-grid-cell\" ><div id=\"panel-383-0-0-0\" class=\"so-panel widget widget_sow-editor panel-first-child panel-last-child\" data-index=\"0\" ><div\n\t\t\t\n\t\t\tclass=\"so-widget-sow-editor so-widget-sow-editor-base\"\n\t\t\t\n\t\t>\n<div class=\"siteorigin-widget-tinymce textwidget\">\n\t<p style=\"text-align: justify;\">Seit 2015 wird\u00a0das strategische Entwicklungsprojekt \"Sougland CAP 2018\" umgesetzt. Ziel ist es, die Zukunft des Unternehmens durch eine Wertsch\u00f6pfung nach dem Prinzip der 3I :<\/p>\n<p style=\"text-align: justify;\"><strong>INVESTITIONEN - INNOVATION - INTERNATIONALE GESCH\u00c4FTSBEZIEHUNGEN zu sichern<\/strong><\/p>\n<p style=\"text-align: justify;\">Diese 3 Pfeiler sind grundlegend f\u00fcr den Erfolg dieses Projektes, das von der Vorsitzerin\u00a0Florence LANG und dem gesch\u00e4ftsf\u00fchrenden Direktor\u00a0Yves NOIROT verantwortet wird.<\/p>\n<p style=\"text-align: justify;\">\u00a0<\/p>\n<p style=\"text-align: justify;\"><img loading=\"lazy\" decoding=\"async\" class=\"alignnone wp-image-888\" src=\"https:\/\/fonderiesdesougland.fr\/wp-content\/uploads\/2016\/12\/img-sougland-fonderies-notre-future-1-300x225.jpg\" width=\"250\" height=\"188\" srcset=\"https:\/\/fonderiesdesougland.fr\/de\/wp-content\/uploads\/sites\/5\/2016\/12\/img-sougland-fonderies-notre-future-1-300x225.jpg 300w, https:\/\/fonderiesdesougland.fr\/de\/wp-content\/uploads\/sites\/5\/2016\/12\/img-sougland-fonderies-notre-future-1-768x576.jpg 768w, https:\/\/fonderiesdesougland.fr\/de\/wp-content\/uploads\/sites\/5\/2016\/12\/img-sougland-fonderies-notre-future-1.jpg 800w\" sizes=\"auto, (max-width: 250px) 100vw, 250px\" \/>\u00a0\u00a0\u00a0\u00a0\u00a0\u00a0\u00a0\u00a0\u00a0\u00a0\u00a0 <img loading=\"lazy\" decoding=\"async\" class=\"alignnone wp-image-916\" src=\"https:\/\/fonderiesdesougland.fr\/wp-content\/uploads\/2016\/12\/img-sougland-future-1-300x225.jpg\" width=\"250\" height=\"196\" \/><\/p>\n<p style=\"text-align: justify;\">\u00a0<\/p>\n<div id=\"link64_adl_tabid\" style=\"display: none; text-align: justify;\" data-url=\"https:\/\/fonderiesdesougland.fr\/wp-admin\/post.php?post=383&amp;action=edit\">\n<p style=\"text-align: justify;\">Depuis 2015 le <strong>Projet Strat\u00e9gique de D\u00e9veloppement<\/strong> est mis en \u0153uvre avec pour but d\u2019assurer l\u2019avenir de l\u2019entreprise par la <strong>cr\u00e9ation de valeur<\/strong> int\u00e9grant une d\u00e9marche 3I :<strong> INVESTISSEMENT<\/strong> \u2013 <strong>INNOVATION<\/strong> \u2013 <strong>INTERNATIONAL<\/strong>.<\/p>\n<p style=\"text-align: justify;\">Ces 3 piliers sont fondamentaux pour r\u00e9ussir ce projet port\u00e9 par la Pr\u00e9sidente et le Directeur G\u00e9n\u00e9ral<\/p>\n<p>47<\/p><\/div>\n<\/div>\n<\/div><\/div><\/div><div id=\"pgc-383-0-1\"  class=\"panel-grid-cell\" ><div id=\"panel-383-0-1-0\" class=\"so-panel widget widget_sow-video panel-first-child panel-last-child\" data-index=\"1\" ><div\n\t\t\t\n\t\t\tclass=\"so-widget-sow-video so-widget-sow-video-default-c08170c47cfb-383\"\n\t\t\t\n\t\t>\n<div class=\"sow-video-wrapper\n\">\n\t\t\t<iframe loading=\"lazy\" title=\"Fonderies de Sougland\" width=\"640\" height=\"360\" src=\"https:\/\/www.youtube.com\/embed\/EAiIuTIBYao?feature=oembed&enablejsapi=1\" frameborder=\"0\" allow=\"accelerometer; autoplay; clipboard-write; encrypted-media; gyroscope; picture-in-picture; web-share\" referrerpolicy=\"strict-origin-when-cross-origin\" allowfullscreen allowfullscreen mozallowfullscreen webkitallowfullscreen sandbox=\"allow-scripts allow-same-origin allow-presentation\"><\/iframe>\t<\/div>\n<\/div><\/div><\/div><\/div><div id=\"pg-383-1\"  class=\"panel-grid panel-no-style\" ><div id=\"pgc-383-1-0\"  class=\"panel-grid-cell\" ><div id=\"panel-383-1-0-0\" class=\"so-panel widget widget_sow-editor panel-first-child panel-last-child\" data-index=\"2\" ><div\n\t\t\t\n\t\t\tclass=\"so-widget-sow-editor so-widget-sow-editor-base\"\n\t\t\t\n\t\t>\n<div class=\"siteorigin-widget-tinymce textwidget\">\n\t<h4><span style=\"color: #ff9900;\">INNOVATION - DER WEG IN DIE ZUKUNFT<\/span><\/h4>\n<p style=\"text-align: justify;\">Anfang 2015 setzt man bei den Fonderies de Sougland auf <a href=\"https:\/\/fonderiesdesougland.fr\/de\/rd-innovation\/\">interne Forschung<\/a>. Innovation ist seit Anfang\u00a0eine Konstante, die auf den Bedarf unserer Kunden und Partner ausgelegt ist, aber auch zur Verbesserung der Arbeitsbedingungen und des Wohlbefindens unserer Mitarbeiter betragen soll.<\/p>\n<div id=\"link64_adl_tabid\" style=\"display: none; text-align: justify;\" data-url=\"https:\/\/fonderiesdesougland.fr\/de\/wp-admin\/post.php?post=383&amp;action=edit\">47<\/div>\n<\/div>\n<\/div><\/div><\/div><div id=\"pgc-383-1-1\"  class=\"panel-grid-cell\" ><div id=\"panel-383-1-1-0\" class=\"so-panel widget widget_sow-editor panel-first-child panel-last-child\" data-index=\"3\" ><div\n\t\t\t\n\t\t\tclass=\"so-widget-sow-editor so-widget-sow-editor-base\"\n\t\t\t\n\t\t>\n<div class=\"siteorigin-widget-tinymce textwidget\">\n\t<h4 style=\"text-align: justify;\">UNSERE INVESTITIONEN IN DIE\u00a0\"INDUSTRIE 4.0\".<\/h4>\n<p style=\"text-align: justify;\">Die Fonderies de Sougland optimieren und erg\u00e4nzen ihre Produktionsmittel kontinuierlich. Unsere Entwicklung zur \"Indistrie 4.0\" ist mit neuen 3D-Drucktechniken, additiven Fertigungen, dem Ausbau der CAD\/CAM-Prozesskette und der Mensch-Maschinen- Schnittstelle in vollem Gang.<\/p>\n<div id=\"link64_adl_tabid\" style=\"display: none;\" data-url=\"https:\/\/fonderiesdesougland.fr\/de\/wp-admin\/post.php?post=383&amp;action=edit\">47<\/div>\n<\/div>\n<\/div><\/div><\/div><\/div><div id=\"pg-383-2\"  class=\"panel-grid panel-no-style\" ><div id=\"pgc-383-2-0\"  class=\"panel-grid-cell\" ><div id=\"panel-383-2-0-0\" class=\"so-panel widget widget_sow-editor panel-first-child\" data-index=\"4\" ><div\n\t\t\t\n\t\t\tclass=\"so-widget-sow-editor so-widget-sow-editor-base\"\n\t\t\t\n\t\t>\n<div class=\"siteorigin-widget-tinymce textwidget\">\n\t<h4>DIE ENTWICKLUNG UNSERER INTERNATIONALEN GESCH\u00c4FTSBEZIEHUNGEN<\/h4>\n<p style=\"text-align: justify;\">Fonderies de Sougland erzielte in 2015 17% des Umsatzes in 14 L\u00e4ndern und m\u00f6chte k\u00fcnftig auf den Exportm\u00e4rkten noch st\u00e4rker vertreten sein. Mit einer Pr\u00e4senz in 14 L\u00e4ndern einschlie\u00dflich den Vereinigten Staaten (US Navy) haben wir es uns zum Ziel gesetzt, die internationalen Gesch\u00e4ftsbeziehungen auszubauen und einen Exportumsatz von 50 % anzustreben.<\/p>\n<div id=\"link64_adl_tabid\" style=\"display: none;\" data-url=\"https:\/\/fonderiesdesougland.fr\/de\/wp-admin\/post.php?post=383&amp;action=edit\">43<\/div>\n<\/div>\n<\/div><\/div><div id=\"panel-383-2-0-1\" class=\"so-panel widget widget_sow-image panel-last-child\" data-index=\"5\" ><div\n\t\t\t\n\t\t\tclass=\"so-widget-sow-image so-widget-sow-image-default-8b5b6f678277-383\"\n\t\t\t\n\t\t>\n<div class=\"sow-image-container\">\n\t\t\t<a href=\"https:\/\/fonderiesdesougland.fr\/wp-content\/uploads\/2016\/09\/img-carte-notre-histoire.jpg\"\n\t\t\t\t\t>\n\t\t\t<img \n\tsrc=\"https:\/\/fonderiesdesougland.fr\/de\/wp-content\/uploads\/sites\/5\/2016\/09\/img-carte-notre-histoire.jpg\" width=\"1024\" height=\"433\" srcset=\"https:\/\/fonderiesdesougland.fr\/de\/wp-content\/uploads\/sites\/5\/2016\/09\/img-carte-notre-histoire.jpg 1024w, https:\/\/fonderiesdesougland.fr\/de\/wp-content\/uploads\/sites\/5\/2016\/09\/img-carte-notre-histoire-300x127.jpg 300w, https:\/\/fonderiesdesougland.fr\/de\/wp-content\/uploads\/sites\/5\/2016\/09\/img-carte-notre-histoire-768x325.jpg 768w\" sizes=\"(max-width: 1024px) 100vw, 1024px\" title=\"pochette_recto_v4 copie\" alt=\"\" \t\tclass=\"so-widget-image\"\/>\n\t\t\t<\/a><\/div>\n\n<\/div><\/div><\/div><\/div><\/div>","protected":false},"excerpt":{"rendered":"<p>Seit 2015 wird\u00a0das strategische Entwicklungsprojekt \u00ab\u00a0Sougland CAP 2018\u00a0\u00bb umgesetzt. Ziel ist es, die Zukunft des Unternehmens durch eine Wertsch\u00f6pfung nach dem Prinzip der 3I :INVESTITIONEN &#8211; INNOVATION &#8211; INTERNATIONALE GESCH\u00c4FTSBEZIEHUNGEN zu sichernDiese 3 Pfeiler sind grundlegend f\u00fcr den Erfolg dieses Projektes, das von der Vorsitzerin\u00a0Florence LANG und dem gesch\u00e4ftsf\u00fchrenden Direktor\u00a0Yves NOIROT verantwortet wird.\u00a0\u00a0\u00a0\u00a0\u00a0\u00a0\u00a0\u00a0\u00a0\u00a0\u00a0\u00a0 \u00a0Depuis 2015 [&hellip;]<\/p>\n","protected":false},"author":1,"featured_media":0,"parent":21,"menu_order":0,"comment_status":"closed","ping_status":"closed","template":"","meta":{"_acf_changed":false,"footnotes":""},"class_list":["post-383","page","type-page","status-publish","hentry"],"acf":[],"yoast_head":"<!-- This site is optimized with the Yoast SEO plugin v27.4 - https:\/\/yoast.com\/product\/yoast-seo-wordpress\/ -->\n<title>Innovation, Investitionen, internationale gesch\u00e4ftsbeziehungen - Sougland Gie\u00dferei<\/title>\n<meta name=\"robots\" content=\"index, follow, max-snippet:-1, max-image-preview:large, max-video-preview:-1\" \/>\n<link rel=\"canonical\" href=\"https:\/\/fonderiesdesougland.fr\/de\/les-fonderies-de-sougland\/unsere-zukunft\/\" \/>\n<meta property=\"og:locale\" content=\"fr_FR\" \/>\n<meta property=\"og:type\" content=\"article\" \/>\n<meta property=\"og:title\" content=\"Innovation, Investitionen, internationale gesch\u00e4ftsbeziehungen - Sougland Gie\u00dferei\" \/>\n<meta property=\"og:description\" content=\"Seit 2015 wird\u00a0das strategische Entwicklungsprojekt &quot;Sougland CAP 2018&quot; umgesetzt. Ziel ist es, die Zukunft des Unternehmens durch eine Wertsch\u00f6pfung nach dem Prinzip der 3I :INVESTITIONEN - INNOVATION - INTERNATIONALE GESCH\u00c4FTSBEZIEHUNGEN zu sichernDiese 3 Pfeiler sind grundlegend f\u00fcr den Erfolg dieses Projektes, das von der Vorsitzerin\u00a0Florence LANG und dem gesch\u00e4ftsf\u00fchrenden Direktor\u00a0Yves NOIROT verantwortet wird.\u00a0\u00a0\u00a0\u00a0\u00a0\u00a0\u00a0\u00a0\u00a0\u00a0\u00a0\u00a0 \u00a0Depuis 2015 [&hellip;]\" \/>\n<meta property=\"og:url\" content=\"https:\/\/fonderiesdesougland.fr\/de\/les-fonderies-de-sougland\/unsere-zukunft\/\" \/>\n<meta property=\"og:site_name\" content=\"Sougland Gie\u00dferei\" \/>\n<meta property=\"article:modified_time\" content=\"2017-01-13T15:00:32+00:00\" \/>\n<meta property=\"og:image\" content=\"https:\/\/fonderiesdesougland.fr\/de\/wp-content\/uploads\/sites\/5\/2016\/12\/img-sougland-fonderies-notre-future-1.jpg\" \/>\n\t<meta property=\"og:image:width\" content=\"800\" \/>\n\t<meta property=\"og:image:height\" content=\"600\" \/>\n\t<meta property=\"og:image:type\" content=\"image\/jpeg\" \/>\n<meta name=\"twitter:card\" content=\"summary_large_image\" \/>\n<meta name=\"twitter:label1\" content=\"Dur\u00e9e de lecture estim\u00e9e\" \/>\n\t<meta name=\"twitter:data1\" content=\"1 minute\" \/>\n<script type=\"application\/ld+json\" class=\"yoast-schema-graph\">{\"@context\":\"https:\\\/\\\/schema.org\",\"@graph\":[{\"@type\":\"WebPage\",\"@id\":\"https:\\\/\\\/fonderiesdesougland.fr\\\/de\\\/les-fonderies-de-sougland\\\/unsere-zukunft\\\/\",\"url\":\"https:\\\/\\\/fonderiesdesougland.fr\\\/de\\\/les-fonderies-de-sougland\\\/unsere-zukunft\\\/\",\"name\":\"Innovation, Investitionen, internationale gesch\u00e4ftsbeziehungen - Sougland Gie\u00dferei\",\"isPartOf\":{\"@id\":\"https:\\\/\\\/fonderiesdesougland.fr\\\/de\\\/#website\"},\"primaryImageOfPage\":{\"@id\":\"https:\\\/\\\/fonderiesdesougland.fr\\\/de\\\/les-fonderies-de-sougland\\\/unsere-zukunft\\\/#primaryimage\"},\"image\":{\"@id\":\"https:\\\/\\\/fonderiesdesougland.fr\\\/de\\\/les-fonderies-de-sougland\\\/unsere-zukunft\\\/#primaryimage\"},\"thumbnailUrl\":\"https:\\\/\\\/fonderiesdesougland.fr\\\/wp-content\\\/uploads\\\/2016\\\/12\\\/img-sougland-fonderies-notre-future-1-300x225.jpg\",\"datePublished\":\"2016-12-28T10:04:11+00:00\",\"dateModified\":\"2017-01-13T15:00:32+00:00\",\"breadcrumb\":{\"@id\":\"https:\\\/\\\/fonderiesdesougland.fr\\\/de\\\/les-fonderies-de-sougland\\\/unsere-zukunft\\\/#breadcrumb\"},\"inLanguage\":\"fr-FR\",\"potentialAction\":[{\"@type\":\"ReadAction\",\"target\":[\"https:\\\/\\\/fonderiesdesougland.fr\\\/de\\\/les-fonderies-de-sougland\\\/unsere-zukunft\\\/\"]}]},{\"@type\":\"ImageObject\",\"inLanguage\":\"fr-FR\",\"@id\":\"https:\\\/\\\/fonderiesdesougland.fr\\\/de\\\/les-fonderies-de-sougland\\\/unsere-zukunft\\\/#primaryimage\",\"url\":\"https:\\\/\\\/fonderiesdesougland.fr\\\/wp-content\\\/uploads\\\/2016\\\/12\\\/img-sougland-fonderies-notre-future-1-300x225.jpg\",\"contentUrl\":\"https:\\\/\\\/fonderiesdesougland.fr\\\/wp-content\\\/uploads\\\/2016\\\/12\\\/img-sougland-fonderies-notre-future-1-300x225.jpg\"},{\"@type\":\"BreadcrumbList\",\"@id\":\"https:\\\/\\\/fonderiesdesougland.fr\\\/de\\\/les-fonderies-de-sougland\\\/unsere-zukunft\\\/#breadcrumb\",\"itemListElement\":[{\"@type\":\"ListItem\",\"position\":1,\"name\":\"Accueil\",\"item\":\"https:\\\/\\\/fonderiesdesougland.fr\\\/de\\\/\"},{\"@type\":\"ListItem\",\"position\":2,\"name\":\"Les Fonderies de Sougland\",\"item\":\"https:\\\/\\\/fonderiesdesougland.fr\\\/de\\\/les-fonderies-de-sougland\\\/\"},{\"@type\":\"ListItem\",\"position\":3,\"name\":\"Innovation, Investitionen, internationale gesch\u00e4ftsbeziehungen\"}]},{\"@type\":\"WebSite\",\"@id\":\"https:\\\/\\\/fonderiesdesougland.fr\\\/de\\\/#website\",\"url\":\"https:\\\/\\\/fonderiesdesougland.fr\\\/de\\\/\",\"name\":\"Sougland Gie\u00dferei\",\"description\":\"\",\"potentialAction\":[{\"@type\":\"SearchAction\",\"target\":{\"@type\":\"EntryPoint\",\"urlTemplate\":\"https:\\\/\\\/fonderiesdesougland.fr\\\/de\\\/?s={search_term_string}\"},\"query-input\":{\"@type\":\"PropertyValueSpecification\",\"valueRequired\":true,\"valueName\":\"search_term_string\"}}],\"inLanguage\":\"fr-FR\"}]}<\/script>\n<!-- \/ Yoast SEO plugin. -->","yoast_head_json":{"title":"Innovation, Investitionen, internationale gesch\u00e4ftsbeziehungen - Sougland Gie\u00dferei","robots":{"index":"index","follow":"follow","max-snippet":"max-snippet:-1","max-image-preview":"max-image-preview:large","max-video-preview":"max-video-preview:-1"},"canonical":"https:\/\/fonderiesdesougland.fr\/de\/les-fonderies-de-sougland\/unsere-zukunft\/","og_locale":"fr_FR","og_type":"article","og_title":"Innovation, Investitionen, internationale gesch\u00e4ftsbeziehungen - Sougland Gie\u00dferei","og_description":"Seit 2015 wird\u00a0das strategische Entwicklungsprojekt \"Sougland CAP 2018\" umgesetzt. Ziel ist es, die Zukunft des Unternehmens durch eine Wertsch\u00f6pfung nach dem Prinzip der 3I :INVESTITIONEN - INNOVATION - INTERNATIONALE GESCH\u00c4FTSBEZIEHUNGEN zu sichernDiese 3 Pfeiler sind grundlegend f\u00fcr den Erfolg dieses Projektes, das von der Vorsitzerin\u00a0Florence LANG und dem gesch\u00e4ftsf\u00fchrenden Direktor\u00a0Yves NOIROT verantwortet wird.\u00a0\u00a0\u00a0\u00a0\u00a0\u00a0\u00a0\u00a0\u00a0\u00a0\u00a0\u00a0 \u00a0Depuis 2015 [&hellip;]","og_url":"https:\/\/fonderiesdesougland.fr\/de\/les-fonderies-de-sougland\/unsere-zukunft\/","og_site_name":"Sougland Gie\u00dferei","article_modified_time":"2017-01-13T15:00:32+00:00","og_image":[{"width":800,"height":600,"url":"https:\/\/fonderiesdesougland.fr\/de\/wp-content\/uploads\/sites\/5\/2016\/12\/img-sougland-fonderies-notre-future-1.jpg","type":"image\/jpeg"}],"twitter_card":"summary_large_image","twitter_misc":{"Dur\u00e9e de lecture estim\u00e9e":"1 minute"},"schema":{"@context":"https:\/\/schema.org","@graph":[{"@type":"WebPage","@id":"https:\/\/fonderiesdesougland.fr\/de\/les-fonderies-de-sougland\/unsere-zukunft\/","url":"https:\/\/fonderiesdesougland.fr\/de\/les-fonderies-de-sougland\/unsere-zukunft\/","name":"Innovation, Investitionen, internationale gesch\u00e4ftsbeziehungen - Sougland Gie\u00dferei","isPartOf":{"@id":"https:\/\/fonderiesdesougland.fr\/de\/#website"},"primaryImageOfPage":{"@id":"https:\/\/fonderiesdesougland.fr\/de\/les-fonderies-de-sougland\/unsere-zukunft\/#primaryimage"},"image":{"@id":"https:\/\/fonderiesdesougland.fr\/de\/les-fonderies-de-sougland\/unsere-zukunft\/#primaryimage"},"thumbnailUrl":"https:\/\/fonderiesdesougland.fr\/wp-content\/uploads\/2016\/12\/img-sougland-fonderies-notre-future-1-300x225.jpg","datePublished":"2016-12-28T10:04:11+00:00","dateModified":"2017-01-13T15:00:32+00:00","breadcrumb":{"@id":"https:\/\/fonderiesdesougland.fr\/de\/les-fonderies-de-sougland\/unsere-zukunft\/#breadcrumb"},"inLanguage":"fr-FR","potentialAction":[{"@type":"ReadAction","target":["https:\/\/fonderiesdesougland.fr\/de\/les-fonderies-de-sougland\/unsere-zukunft\/"]}]},{"@type":"ImageObject","inLanguage":"fr-FR","@id":"https:\/\/fonderiesdesougland.fr\/de\/les-fonderies-de-sougland\/unsere-zukunft\/#primaryimage","url":"https:\/\/fonderiesdesougland.fr\/wp-content\/uploads\/2016\/12\/img-sougland-fonderies-notre-future-1-300x225.jpg","contentUrl":"https:\/\/fonderiesdesougland.fr\/wp-content\/uploads\/2016\/12\/img-sougland-fonderies-notre-future-1-300x225.jpg"},{"@type":"BreadcrumbList","@id":"https:\/\/fonderiesdesougland.fr\/de\/les-fonderies-de-sougland\/unsere-zukunft\/#breadcrumb","itemListElement":[{"@type":"ListItem","position":1,"name":"Accueil","item":"https:\/\/fonderiesdesougland.fr\/de\/"},{"@type":"ListItem","position":2,"name":"Les Fonderies de Sougland","item":"https:\/\/fonderiesdesougland.fr\/de\/les-fonderies-de-sougland\/"},{"@type":"ListItem","position":3,"name":"Innovation, Investitionen, internationale gesch\u00e4ftsbeziehungen"}]},{"@type":"WebSite","@id":"https:\/\/fonderiesdesougland.fr\/de\/#website","url":"https:\/\/fonderiesdesougland.fr\/de\/","name":"Sougland Gie\u00dferei","description":"","potentialAction":[{"@type":"SearchAction","target":{"@type":"EntryPoint","urlTemplate":"https:\/\/fonderiesdesougland.fr\/de\/?s={search_term_string}"},"query-input":{"@type":"PropertyValueSpecification","valueRequired":true,"valueName":"search_term_string"}}],"inLanguage":"fr-FR"}]}},"_links":{"self":[{"href":"https:\/\/fonderiesdesougland.fr\/de\/wp-json\/wp\/v2\/pages\/383","targetHints":{"allow":["GET"]}}],"collection":[{"href":"https:\/\/fonderiesdesougland.fr\/de\/wp-json\/wp\/v2\/pages"}],"about":[{"href":"https:\/\/fonderiesdesougland.fr\/de\/wp-json\/wp\/v2\/types\/page"}],"author":[{"embeddable":true,"href":"https:\/\/fonderiesdesougland.fr\/de\/wp-json\/wp\/v2\/users\/1"}],"replies":[{"embeddable":true,"href":"https:\/\/fonderiesdesougland.fr\/de\/wp-json\/wp\/v2\/comments?post=383"}],"version-history":[{"count":24,"href":"https:\/\/fonderiesdesougland.fr\/de\/wp-json\/wp\/v2\/pages\/383\/revisions"}],"predecessor-version":[{"id":1010,"href":"https:\/\/fonderiesdesougland.fr\/de\/wp-json\/wp\/v2\/pages\/383\/revisions\/1010"}],"up":[{"embeddable":true,"href":"https:\/\/fonderiesdesougland.fr\/de\/wp-json\/wp\/v2\/pages\/21"}],"wp:attachment":[{"href":"https:\/\/fonderiesdesougland.fr\/de\/wp-json\/wp\/v2\/media?parent=383"}],"curies":[{"name":"wp","href":"https:\/\/api.w.org\/{rel}","templated":true}]}}