{"id":389,"date":"2016-12-28T11:15:07","date_gmt":"2016-12-28T10:15:07","guid":{"rendered":"https:\/\/fonderiesdesougland.fr\/de\/?page_id=389"},"modified":"2017-01-13T16:01:33","modified_gmt":"2017-01-13T15:01:33","slug":"unsere-ethik","status":"publish","type":"page","link":"https:\/\/fonderiesdesougland.fr\/de\/les-fonderies-de-sougland\/unsere-ethik\/","title":{"rendered":"Unsere Ethik"},"content":{"rendered":"<div id=\"pl-389\"  class=\"panel-layout\" ><div id=\"pg-389-0\"  class=\"panel-grid panel-no-style\" ><div id=\"pgc-389-0-0\"  class=\"panel-grid-cell\" ><div id=\"panel-389-0-0-0\" class=\"so-panel widget widget_sow-editor panel-first-child\" data-index=\"0\" ><div\n\t\t\t\n\t\t\tclass=\"so-widget-sow-editor so-widget-sow-editor-base\"\n\t\t\t\n\t\t>\n<div class=\"siteorigin-widget-tinymce textwidget\">\n\t<h4>Unser Ansatz der unternehmerischen Verantwortung<\/h4>\n<p><strong>Q<\/strong>ualit\u00e4t, <strong>U<\/strong>mwelt, <strong>U<\/strong>nfallverh\u00fctung, <strong>S<\/strong>icherheit, <strong>E<\/strong>nergie. Unsere neuen Verfahren stehen im Einklang mit den Vorgaben f\u00fcr Umweltschutz, Unfallverh\u00fctung und Energieeinsparungen.<\/p>\n<div id=\"link64_adl_tabid\" style=\"display: none;\" data-url=\"https:\/\/fonderiesdesougland.fr\/de\/wp-admin\/post.php?post=389&amp;action=edit\">114<\/div>\n<\/div>\n<\/div><\/div><div id=\"panel-389-0-0-1\" class=\"so-panel widget widget_sow-editor\" data-index=\"1\" ><div\n\t\t\t\n\t\t\tclass=\"so-widget-sow-editor so-widget-sow-editor-base\"\n\t\t\t\n\t\t>\n<div class=\"siteorigin-widget-tinymce textwidget\">\n\t<h4>Schutz der Natur und Wahrung des \u00f6kologischen Gleichgewichts<\/h4>\n<p>Das Wehr von Sougland am Fluss Gland versorgte das Unternehmen Fonderies de Sougland einst mit Antriebsenergie. Anfang 2011 zog das Unternehmen als Besitzer des Wehrs die Beseitigung desselben in Betracht, da es nicht mehr von Nutzen war.<\/p>\n<p>Die Akteure einigten sich und das Projekt wurde gestartet. Diese auf 3 Jahre ausgelegte Baustelle wird von den Kommunalverb\u00e4nden f\u00fcr das Einzugsgebietsmanagement des oberen Oise-Flusslaufs verwaltet. Sie wird zu 100% von der Beh\u00f6rde &amp;quot;Agence de l\u00b4Eau Seine Normandie&amp;quot; finanziert.<\/p>\n<p><strong>Mit welchem Ziel? Den \u00f6kologischen Fortbestand durch die ungehinderte Zirkulation der Wasserarten gew\u00e4hrleisten, den nat\u00fcrlichen Transport von Sedimenten vom oberen bis zum unteren Flusslauf garantieren und somit Fischen, Insekten und Schalentieren die M\u00f6glichkeit geben, zu wandern, sich fortzupflanzen, auszuruhen und zu sch\u00fctzen.<\/strong><\/p>\n<p style=\"text-align: justify;\">\u00a0<\/p>\n<p style=\"text-align: justify;\"><a href=\"https:\/\/www.youtube.com\/watch?v=lWbGoXIEAvw\" target=\"_blank\">Vereinigung der Verb\u00e4nde<\/a><\/p>\n<p style=\"text-align: justify;\">\u00a0<\/p>\n<div id=\"link64_adl_tabid\" style=\"display: none;\" data-url=\"https:\/\/fonderiesdesougland.fr\/de\/wp-admin\/post.php?post=389&amp;action=edit\">114<\/div>\n<\/div>\n<\/div><\/div><div id=\"panel-389-0-0-2\" class=\"so-panel widget widget_sow-video panel-last-child\" data-index=\"2\" ><div\n\t\t\t\n\t\t\tclass=\"so-widget-sow-video so-widget-sow-video-default-c08170c47cfb-389\"\n\t\t\t\n\t\t>\n<div class=\"sow-video-wrapper\n\">\n\t\t\t<iframe loading=\"lazy\" title=\"Drone Barrage du Sougland - St Michel (02) - avril 2016\" width=\"640\" height=\"360\" src=\"https:\/\/www.youtube.com\/embed\/lWbGoXIEAvw?feature=oembed&enablejsapi=1\" frameborder=\"0\" allow=\"accelerometer; autoplay; clipboard-write; encrypted-media; gyroscope; picture-in-picture; web-share\" referrerpolicy=\"strict-origin-when-cross-origin\" allowfullscreen allowfullscreen mozallowfullscreen webkitallowfullscreen sandbox=\"allow-scripts allow-same-origin allow-presentation\"><\/iframe>\t<\/div>\n<\/div><\/div><\/div><div id=\"pgc-389-0-1\"  class=\"panel-grid-cell\" ><div id=\"panel-389-0-1-0\" class=\"so-panel widget widget_sow-editor panel-first-child\" data-index=\"3\" ><div\n\t\t\t\n\t\t\tclass=\"so-widget-sow-editor so-widget-sow-editor-base\"\n\t\t\t\n\t\t>\n<div class=\"siteorigin-widget-tinymce textwidget\">\n\t<h4>Unser CSR-Ansatz<\/h4>\n<p style=\"text-align: justify;\">Die gesellschaftliche Verantwortung der Unternehmen (CSR) ist ein Ansatz, den man bei den Fonderies de Sougland schon vor Jahren verinnerlicht hat. Jenseits der rein vorschriftsm\u00e4\u00dfigen Anforderungen beruht die Entwicklung unseres Unternehmens auf dem willentlichen Respekt der sozialen, \u00f6kologischen und \u00f6konomischen Werte.<\/p>\n<p style=\"text-align: justify;\">Im Sinne der Nachhaltigkeit l\u00e4sst sich dieses Konzept in einem einzigen Satz zusammen fassen: \"<strong>Eine Entwicklung, die dem gegenw\u00e4rtigen Bedarf gerecht wird, ohne k\u00fcnftigen Generationen M\u00f6glichkeiten zu nehmen<\/strong>\".<\/p>\n<div id=\"link64_adl_tabid\" style=\"display: none;\" data-url=\"https:\/\/fonderiesdesougland.fr\/wp-admin\/post.php?post=389&amp;action=edit\">160<\/div>\n<\/div>\n<\/div><\/div><div id=\"panel-389-0-1-1\" class=\"so-panel widget widget_sow-editor\" data-index=\"4\" ><div\n\t\t\t\n\t\t\tclass=\"so-widget-sow-editor so-widget-sow-editor-base\"\n\t\t\t\n\t\t>\n<div class=\"siteorigin-widget-tinymce textwidget\">\n\t<h4>Recycling<\/h4>\n<p style=\"text-align: justify;\">Recycling spielt f\u00fcr den Schutz unserer Umwelt und <strong>unseres Planeten eine wichtige Rolle<\/strong>. Mit dieser L\u00f6sung k\u00f6nnen Gussteile, die vor mehreren Jahren hergestellt wurden, durch Wiederverwendung derselben recycelt werden.<\/p>\n<div id=\"link64_adl_tabid\" style=\"display: none;\" data-url=\"https:\/\/fonderiesdesougland.fr\/wp-admin\/post.php?post=389&amp;action=edit\">114<\/div>\n<\/div>\n<\/div><\/div><div id=\"panel-389-0-1-2\" class=\"so-panel widget widget_sow-editor panel-last-child\" data-index=\"5\" ><div\n\t\t\t\n\t\t\tclass=\"so-widget-sow-editor so-widget-sow-editor-base\"\n\t\t\t\n\t\t>\n<div class=\"siteorigin-widget-tinymce textwidget\">\n\t<h4>Nachhaltige Fertigung<\/h4>\n<p style=\"text-align: justify;\">In jeder Produktionskette werden Ressourcen (Rohstoffe, Energie) zur Fertigung von Produkten eingesetzt, die einen unterschiedlich langen Lebenszyklus haben. Dank unserer Forschungst\u00e4tigkeit bieten wir Gussteile mit besonders langem Lebenszyklus an.<\/p>\n<div id=\"link64_adl_tabid\" style=\"display: none;\" data-url=\"https:\/\/fonderiesdesougland.fr\/de\/wp-admin\/post.php?post=389&amp;action=edit\">114<\/div>\n<\/div>\n<\/div><\/div><\/div><\/div><\/div>","protected":false},"excerpt":{"rendered":"<p>Unser Ansatz der unternehmerischen VerantwortungQualit\u00e4t, Umwelt, Unfallverh\u00fctung, Sicherheit, Energie. Unsere neuen Verfahren stehen im Einklang mit den Vorgaben f\u00fcr Umweltschutz, Unfallverh\u00fctung und Energieeinsparungen.114 Schutz der Natur und Wahrung des \u00f6kologischen GleichgewichtsDas Wehr von Sougland am Fluss Gland versorgte das Unternehmen Fonderies de Sougland einst mit Antriebsenergie. Anfang 2011 zog das Unternehmen als Besitzer des Wehrs [&hellip;]<\/p>\n","protected":false},"author":1,"featured_media":0,"parent":21,"menu_order":0,"comment_status":"closed","ping_status":"closed","template":"","meta":{"_acf_changed":false,"footnotes":""},"class_list":["post-389","page","type-page","status-publish","hentry"],"acf":[],"yoast_head":"<!-- This site is optimized with the Yoast SEO plugin v27.4 - https:\/\/yoast.com\/product\/yoast-seo-wordpress\/ -->\n<title>Unsere Ethik - Sougland Gie\u00dferei<\/title>\n<meta name=\"robots\" content=\"index, follow, max-snippet:-1, max-image-preview:large, max-video-preview:-1\" \/>\n<link rel=\"canonical\" href=\"https:\/\/fonderiesdesougland.fr\/de\/les-fonderies-de-sougland\/unsere-ethik\/\" \/>\n<meta property=\"og:locale\" content=\"fr_FR\" \/>\n<meta property=\"og:type\" content=\"article\" \/>\n<meta property=\"og:title\" content=\"Unsere Ethik - Sougland Gie\u00dferei\" \/>\n<meta property=\"og:description\" content=\"Unser Ansatz der unternehmerischen VerantwortungQualit\u00e4t, Umwelt, Unfallverh\u00fctung, Sicherheit, Energie. Unsere neuen Verfahren stehen im Einklang mit den Vorgaben f\u00fcr Umweltschutz, Unfallverh\u00fctung und Energieeinsparungen.114 Schutz der Natur und Wahrung des \u00f6kologischen GleichgewichtsDas Wehr von Sougland am Fluss Gland versorgte das Unternehmen Fonderies de Sougland einst mit Antriebsenergie. Anfang 2011 zog das Unternehmen als Besitzer des Wehrs [&hellip;]\" \/>\n<meta property=\"og:url\" content=\"https:\/\/fonderiesdesougland.fr\/de\/les-fonderies-de-sougland\/unsere-ethik\/\" \/>\n<meta property=\"og:site_name\" content=\"Sougland Gie\u00dferei\" \/>\n<meta property=\"article:modified_time\" content=\"2017-01-13T15:01:33+00:00\" \/>\n<meta name=\"twitter:card\" content=\"summary_large_image\" \/>\n<meta name=\"twitter:label1\" content=\"Dur\u00e9e de lecture estim\u00e9e\" \/>\n\t<meta name=\"twitter:data1\" content=\"2 minutes\" \/>\n<script type=\"application\/ld+json\" class=\"yoast-schema-graph\">{\"@context\":\"https:\\\/\\\/schema.org\",\"@graph\":[{\"@type\":\"WebPage\",\"@id\":\"https:\\\/\\\/fonderiesdesougland.fr\\\/de\\\/les-fonderies-de-sougland\\\/unsere-ethik\\\/\",\"url\":\"https:\\\/\\\/fonderiesdesougland.fr\\\/de\\\/les-fonderies-de-sougland\\\/unsere-ethik\\\/\",\"name\":\"Unsere Ethik - Sougland Gie\u00dferei\",\"isPartOf\":{\"@id\":\"https:\\\/\\\/fonderiesdesougland.fr\\\/de\\\/#website\"},\"datePublished\":\"2016-12-28T10:15:07+00:00\",\"dateModified\":\"2017-01-13T15:01:33+00:00\",\"breadcrumb\":{\"@id\":\"https:\\\/\\\/fonderiesdesougland.fr\\\/de\\\/les-fonderies-de-sougland\\\/unsere-ethik\\\/#breadcrumb\"},\"inLanguage\":\"fr-FR\",\"potentialAction\":[{\"@type\":\"ReadAction\",\"target\":[\"https:\\\/\\\/fonderiesdesougland.fr\\\/de\\\/les-fonderies-de-sougland\\\/unsere-ethik\\\/\"]}]},{\"@type\":\"BreadcrumbList\",\"@id\":\"https:\\\/\\\/fonderiesdesougland.fr\\\/de\\\/les-fonderies-de-sougland\\\/unsere-ethik\\\/#breadcrumb\",\"itemListElement\":[{\"@type\":\"ListItem\",\"position\":1,\"name\":\"Accueil\",\"item\":\"https:\\\/\\\/fonderiesdesougland.fr\\\/de\\\/\"},{\"@type\":\"ListItem\",\"position\":2,\"name\":\"Les Fonderies de Sougland\",\"item\":\"https:\\\/\\\/fonderiesdesougland.fr\\\/de\\\/les-fonderies-de-sougland\\\/\"},{\"@type\":\"ListItem\",\"position\":3,\"name\":\"Unsere Ethik\"}]},{\"@type\":\"WebSite\",\"@id\":\"https:\\\/\\\/fonderiesdesougland.fr\\\/de\\\/#website\",\"url\":\"https:\\\/\\\/fonderiesdesougland.fr\\\/de\\\/\",\"name\":\"Sougland Gie\u00dferei\",\"description\":\"\",\"potentialAction\":[{\"@type\":\"SearchAction\",\"target\":{\"@type\":\"EntryPoint\",\"urlTemplate\":\"https:\\\/\\\/fonderiesdesougland.fr\\\/de\\\/?s={search_term_string}\"},\"query-input\":{\"@type\":\"PropertyValueSpecification\",\"valueRequired\":true,\"valueName\":\"search_term_string\"}}],\"inLanguage\":\"fr-FR\"}]}<\/script>\n<!-- \/ Yoast SEO plugin. -->","yoast_head_json":{"title":"Unsere Ethik - Sougland Gie\u00dferei","robots":{"index":"index","follow":"follow","max-snippet":"max-snippet:-1","max-image-preview":"max-image-preview:large","max-video-preview":"max-video-preview:-1"},"canonical":"https:\/\/fonderiesdesougland.fr\/de\/les-fonderies-de-sougland\/unsere-ethik\/","og_locale":"fr_FR","og_type":"article","og_title":"Unsere Ethik - Sougland Gie\u00dferei","og_description":"Unser Ansatz der unternehmerischen VerantwortungQualit\u00e4t, Umwelt, Unfallverh\u00fctung, Sicherheit, Energie. Unsere neuen Verfahren stehen im Einklang mit den Vorgaben f\u00fcr Umweltschutz, Unfallverh\u00fctung und Energieeinsparungen.114 Schutz der Natur und Wahrung des \u00f6kologischen GleichgewichtsDas Wehr von Sougland am Fluss Gland versorgte das Unternehmen Fonderies de Sougland einst mit Antriebsenergie. Anfang 2011 zog das Unternehmen als Besitzer des Wehrs [&hellip;]","og_url":"https:\/\/fonderiesdesougland.fr\/de\/les-fonderies-de-sougland\/unsere-ethik\/","og_site_name":"Sougland Gie\u00dferei","article_modified_time":"2017-01-13T15:01:33+00:00","twitter_card":"summary_large_image","twitter_misc":{"Dur\u00e9e de lecture estim\u00e9e":"2 minutes"},"schema":{"@context":"https:\/\/schema.org","@graph":[{"@type":"WebPage","@id":"https:\/\/fonderiesdesougland.fr\/de\/les-fonderies-de-sougland\/unsere-ethik\/","url":"https:\/\/fonderiesdesougland.fr\/de\/les-fonderies-de-sougland\/unsere-ethik\/","name":"Unsere Ethik - Sougland Gie\u00dferei","isPartOf":{"@id":"https:\/\/fonderiesdesougland.fr\/de\/#website"},"datePublished":"2016-12-28T10:15:07+00:00","dateModified":"2017-01-13T15:01:33+00:00","breadcrumb":{"@id":"https:\/\/fonderiesdesougland.fr\/de\/les-fonderies-de-sougland\/unsere-ethik\/#breadcrumb"},"inLanguage":"fr-FR","potentialAction":[{"@type":"ReadAction","target":["https:\/\/fonderiesdesougland.fr\/de\/les-fonderies-de-sougland\/unsere-ethik\/"]}]},{"@type":"BreadcrumbList","@id":"https:\/\/fonderiesdesougland.fr\/de\/les-fonderies-de-sougland\/unsere-ethik\/#breadcrumb","itemListElement":[{"@type":"ListItem","position":1,"name":"Accueil","item":"https:\/\/fonderiesdesougland.fr\/de\/"},{"@type":"ListItem","position":2,"name":"Les Fonderies de Sougland","item":"https:\/\/fonderiesdesougland.fr\/de\/les-fonderies-de-sougland\/"},{"@type":"ListItem","position":3,"name":"Unsere Ethik"}]},{"@type":"WebSite","@id":"https:\/\/fonderiesdesougland.fr\/de\/#website","url":"https:\/\/fonderiesdesougland.fr\/de\/","name":"Sougland Gie\u00dferei","description":"","potentialAction":[{"@type":"SearchAction","target":{"@type":"EntryPoint","urlTemplate":"https:\/\/fonderiesdesougland.fr\/de\/?s={search_term_string}"},"query-input":{"@type":"PropertyValueSpecification","valueRequired":true,"valueName":"search_term_string"}}],"inLanguage":"fr-FR"}]}},"_links":{"self":[{"href":"https:\/\/fonderiesdesougland.fr\/de\/wp-json\/wp\/v2\/pages\/389","targetHints":{"allow":["GET"]}}],"collection":[{"href":"https:\/\/fonderiesdesougland.fr\/de\/wp-json\/wp\/v2\/pages"}],"about":[{"href":"https:\/\/fonderiesdesougland.fr\/de\/wp-json\/wp\/v2\/types\/page"}],"author":[{"embeddable":true,"href":"https:\/\/fonderiesdesougland.fr\/de\/wp-json\/wp\/v2\/users\/1"}],"replies":[{"embeddable":true,"href":"https:\/\/fonderiesdesougland.fr\/de\/wp-json\/wp\/v2\/comments?post=389"}],"version-history":[{"count":16,"href":"https:\/\/fonderiesdesougland.fr\/de\/wp-json\/wp\/v2\/pages\/389\/revisions"}],"predecessor-version":[{"id":1011,"href":"https:\/\/fonderiesdesougland.fr\/de\/wp-json\/wp\/v2\/pages\/389\/revisions\/1011"}],"up":[{"embeddable":true,"href":"https:\/\/fonderiesdesougland.fr\/de\/wp-json\/wp\/v2\/pages\/21"}],"wp:attachment":[{"href":"https:\/\/fonderiesdesougland.fr\/de\/wp-json\/wp\/v2\/media?parent=389"}],"curies":[{"name":"wp","href":"https:\/\/api.w.org\/{rel}","templated":true}]}}