{"id":406,"date":"2016-12-28T11:47:38","date_gmt":"2016-12-28T10:47:38","guid":{"rendered":"https:\/\/fonderiesdesougland.fr\/de\/?page_id=406"},"modified":"2017-01-13T12:28:03","modified_gmt":"2017-01-13T11:28:03","slug":"kontrolle","status":"publish","type":"page","link":"https:\/\/fonderiesdesougland.fr\/de\/entwicklungsburo-prufmethoden\/kontrolle\/","title":{"rendered":"Kontrolle"},"content":{"rendered":"<div id=\"pl-406\"  class=\"panel-layout\" ><div id=\"pg-406-0\"  class=\"panel-grid panel-no-style\" ><div id=\"pgc-406-0-0\"  class=\"panel-grid-cell\" ><div id=\"panel-406-0-0-0\" class=\"so-panel widget widget_sow-editor panel-first-child panel-last-child\" data-index=\"0\" ><div\n\t\t\t\n\t\t\tclass=\"so-widget-sow-editor so-widget-sow-editor-base\"\n\t\t\t\n\t\t>\n<div class=\"siteorigin-widget-tinymce textwidget\">\n\t<p>Unser Unternehmen verf\u00fcgt \u00fcber folgende betriebsinterne Mittel zur Konformit\u00e4tspr\u00fcfung unserer Produkte :<\/p>\n<div id=\"link64_adl_tabid\" style=\"display: none;\" data-url=\"https:\/\/fonderiesdesougland.fr\/de\/wp-admin\/post.php?post=406&amp;action=edit\">295<\/div>\n<\/div>\n<\/div><\/div><\/div><\/div><div id=\"pg-406-1\"  class=\"panel-grid panel-no-style\" ><div id=\"pgc-406-1-0\"  class=\"panel-grid-cell\" ><div id=\"panel-406-1-0-0\" class=\"so-panel widget widget_sow-image panel-first-child\" data-index=\"1\" ><div\n\t\t\t\n\t\t\tclass=\"so-widget-sow-image so-widget-sow-image-default-8b5b6f678277-406\"\n\t\t\t\n\t\t>\n<div class=\"sow-image-container\">\n\t\t\t<a href=\"https:\/\/fonderiesdesougland.fr\/wp-content\/uploads\/2016\/11\/sougland-be-controle-img-2.jpg\"\n\t\t\t\t\t>\n\t\t\t<img \n\tsrc=\"https:\/\/fonderiesdesougland.fr\/de\/wp-content\/uploads\/sites\/5\/2016\/11\/sougland-be-controle-img-2.jpg\" width=\"800\" height=\"600\" srcset=\"https:\/\/fonderiesdesougland.fr\/de\/wp-content\/uploads\/sites\/5\/2016\/11\/sougland-be-controle-img-2.jpg 800w, https:\/\/fonderiesdesougland.fr\/de\/wp-content\/uploads\/sites\/5\/2016\/11\/sougland-be-controle-img-2-300x225.jpg 300w, https:\/\/fonderiesdesougland.fr\/de\/wp-content\/uploads\/sites\/5\/2016\/11\/sougland-be-controle-img-2-768x576.jpg 768w\" sizes=\"(max-width: 800px) 100vw, 800px\" alt=\"\" \t\tclass=\"so-widget-image\"\/>\n\t\t\t<\/a><\/div>\n\n<\/div><\/div><div id=\"panel-406-1-0-1\" class=\"so-panel widget widget_sow-image panel-last-child\" data-index=\"2\" ><div\n\t\t\t\n\t\t\tclass=\"so-widget-sow-image so-widget-sow-image-default-8b5b6f678277-406\"\n\t\t\t\n\t\t>\n<div class=\"sow-image-container\">\n\t\t\t<a href=\"https:\/\/fonderiesdesougland.fr\/wp-content\/uploads\/2016\/11\/sougland-be-controle-img-4.jpg\"\n\t\t\t\t\t>\n\t\t\t<img \n\tsrc=\"https:\/\/fonderiesdesougland.fr\/de\/wp-content\/uploads\/sites\/5\/2016\/11\/sougland-be-controle-img-4.jpg\" width=\"800\" height=\"600\" srcset=\"https:\/\/fonderiesdesougland.fr\/de\/wp-content\/uploads\/sites\/5\/2016\/11\/sougland-be-controle-img-4.jpg 800w, https:\/\/fonderiesdesougland.fr\/de\/wp-content\/uploads\/sites\/5\/2016\/11\/sougland-be-controle-img-4-300x225.jpg 300w, https:\/\/fonderiesdesougland.fr\/de\/wp-content\/uploads\/sites\/5\/2016\/11\/sougland-be-controle-img-4-768x576.jpg 768w\" sizes=\"(max-width: 800px) 100vw, 800px\" alt=\"\" \t\tclass=\"so-widget-image\"\/>\n\t\t\t<\/a><\/div>\n\n<\/div><\/div><\/div><div id=\"pgc-406-1-1\"  class=\"panel-grid-cell\" ><div id=\"panel-406-1-1-0\" class=\"so-panel widget widget_sow-image panel-first-child\" data-index=\"3\" ><div\n\t\t\t\n\t\t\tclass=\"so-widget-sow-image so-widget-sow-image-default-8b5b6f678277-406\"\n\t\t\t\n\t\t>\n<div class=\"sow-image-container\">\n\t\t\t<a href=\"https:\/\/fonderiesdesougland.fr\/wp-content\/uploads\/2016\/11\/sougland-be-controle-img-1.jpg\"\n\t\t\t\t\t>\n\t\t\t<img \n\tsrc=\"https:\/\/fonderiesdesougland.fr\/de\/wp-content\/uploads\/sites\/5\/2016\/11\/sougland-be-controle-img-1.jpg\" width=\"800\" height=\"600\" srcset=\"https:\/\/fonderiesdesougland.fr\/de\/wp-content\/uploads\/sites\/5\/2016\/11\/sougland-be-controle-img-1.jpg 800w, https:\/\/fonderiesdesougland.fr\/de\/wp-content\/uploads\/sites\/5\/2016\/11\/sougland-be-controle-img-1-300x225.jpg 300w, https:\/\/fonderiesdesougland.fr\/de\/wp-content\/uploads\/sites\/5\/2016\/11\/sougland-be-controle-img-1-768x576.jpg 768w\" sizes=\"(max-width: 800px) 100vw, 800px\" alt=\"\" \t\tclass=\"so-widget-image\"\/>\n\t\t\t<\/a><\/div>\n\n<\/div><\/div><div id=\"panel-406-1-1-1\" class=\"so-panel widget widget_sow-image panel-last-child\" data-index=\"4\" ><div\n\t\t\t\n\t\t\tclass=\"so-widget-sow-image so-widget-sow-image-default-8b5b6f678277-406\"\n\t\t\t\n\t\t>\n<div class=\"sow-image-container\">\n\t\t\t<a href=\"https:\/\/fonderiesdesougland.fr\/wp-content\/uploads\/2016\/11\/sougland-be-controle-img-3.jpg\"\n\t\t\t\t\t>\n\t\t\t<img \n\tsrc=\"https:\/\/fonderiesdesougland.fr\/de\/wp-content\/uploads\/sites\/5\/2016\/11\/sougland-be-controle-img-3.jpg\" width=\"800\" height=\"600\" srcset=\"https:\/\/fonderiesdesougland.fr\/de\/wp-content\/uploads\/sites\/5\/2016\/11\/sougland-be-controle-img-3.jpg 800w, https:\/\/fonderiesdesougland.fr\/de\/wp-content\/uploads\/sites\/5\/2016\/11\/sougland-be-controle-img-3-300x225.jpg 300w, https:\/\/fonderiesdesougland.fr\/de\/wp-content\/uploads\/sites\/5\/2016\/11\/sougland-be-controle-img-3-768x576.jpg 768w\" sizes=\"(max-width: 800px) 100vw, 800px\" alt=\"\" \t\tclass=\"so-widget-image\"\/>\n\t\t\t<\/a><\/div>\n\n<\/div><\/div><\/div><div id=\"pgc-406-1-2\"  class=\"panel-grid-cell\" ><div id=\"panel-406-1-2-0\" class=\"so-panel widget widget_sow-editor panel-first-child\" data-index=\"5\" ><div\n\t\t\t\n\t\t\tclass=\"so-widget-sow-editor so-widget-sow-editor-base\"\n\t\t\t\n\t\t>\n<div class=\"siteorigin-widget-tinymce textwidget\">\n\t<ul>\n<li>Spektrometer<\/li>\n<li>Mikrographische Analyse<\/li>\n<li>Thermoanalyse<\/li>\n<li>Zugpr\u00fcfmaschine<\/li>\n<li>H\u00e4rtepr\u00fcfmaschinen<\/li>\n<li>Eindringpr\u00fcfung<\/li>\n<li>Ultraschallpr\u00fcfung<\/li>\n<li>Magnetpulverpr\u00fcfung<\/li>\n<li>Ma\u00dfkontrollen durch Anrei\u00dfen und 3D-Technik (Hexagon Global 09 12 08 \u2013 Teile bis 900 x 1200 x 800)<\/li>\n<li>Druckversuche bis 12 bar<\/li>\n<\/ul>\n<div id=\"link64_adl_tabid\" style=\"display: none;\" data-url=\"https:\/\/fonderiesdesougland.fr\/de\/wp-admin\/post.php?post=406&amp;action=edit\">297<\/div>\n<\/div>\n<\/div><\/div><div id=\"panel-406-1-2-1\" class=\"so-panel widget widget_sow-editor panel-last-child\" data-index=\"6\" ><div\n\t\t\t\n\t\t\tclass=\"so-widget-sow-editor so-widget-sow-editor-base\"\n\t\t\t\n\t\t>\n<div class=\"siteorigin-widget-tinymce textwidget\">\n\t<p>Wir k\u00f6nnen Durchstrahlungspr\u00fcfungen von unseren Partnern vor Ort durchf\u00fchren lassen.<\/p>\n<div id=\"link64_adl_tabid\" style=\"display: none;\" data-url=\"https:\/\/fonderiesdesougland.fr\/de\/wp-admin\/post.php?post=406&amp;action=edit\">298<\/div>\n<\/div>\n<\/div><\/div><\/div><\/div><div id=\"pg-406-2\"  class=\"panel-grid panel-no-style\" ><div id=\"pgc-406-2-0\"  class=\"panel-grid-cell\" ><div id=\"panel-406-2-0-0\" class=\"so-panel widget widget_sow-editor panel-first-child panel-last-child\" data-index=\"7\" ><div\n\t\t\t\n\t\t\tclass=\"so-widget-sow-editor so-widget-sow-editor-base\"\n\t\t\t\n\t\t>\n<div class=\"siteorigin-widget-tinymce textwidget\">\n\t<p><strong>Unsere Pr\u00fcfer :<\/strong><\/p>\n<p>Nachstehend k\u00f6nnen Sie die Pr\u00fcfqualifikation und die G\u00fcltigkeitsdauer der Pr\u00fcfzertifikate unserer Pr\u00fcfer einsehen.<\/p>\n<div id=\"link64_adl_tabid\" style=\"display: none;\" data-url=\"https:\/\/fonderiesdesougland.fr\/de\/wp-admin\/post.php?post=406&amp;action=edit\">19<\/div>\n<\/div>\n<\/div><\/div><\/div><\/div><div id=\"pg-406-3\"  class=\"panel-grid panel-no-style\" ><div id=\"pgc-406-3-0\"  class=\"panel-grid-cell\" ><div id=\"panel-406-3-0-0\" class=\"so-panel widget widget_sow-editor panel-first-child panel-last-child\" data-index=\"8\" ><div class=\"panel-widget-style panel-widget-style-for-406-3-0-0\" ><div\n\t\t\t\n\t\t\tclass=\"so-widget-sow-editor so-widget-sow-editor-base\"\n\t\t\t\n\t\t>\n<div class=\"siteorigin-widget-tinymce textwidget\">\n\t<p style=\"text-align: center;\"><strong>\u00a0Michel PAINCHART<\/strong><\/p>\n<p style=\"text-align: center;\"><a href=\"http:\/\/www.cofrend-gericco.com\/ListeCertifies\/ListeCertifiesDetail.aspx?candidatId=ISt\/3+dPByb7Iw7kl+amJQQs1q8SWNUruRykhaFBeRxjwary9bhgM5GGcq52GxCW\" target=\"_blank\"><strong><img loading=\"lazy\" decoding=\"async\" class=\"alignnone size-full wp-image-635\" src=\"https:\/\/fonderiesdesougland.fr\/wp-content\/uploads\/2016\/11\/sougland-be-control-controleur-img-1.png\" alt=\"\" width=\"271\" height=\"108\" \/><\/strong><\/a><\/p>\n<div id=\"link64_adl_tabid\" style=\"display: none; text-align: center;\" data-url=\"https:\/\/fonderiesdesougland.fr\/wp-admin\/post.php?post=406&amp;action=edit\">51<\/div>\n<\/div>\n<\/div><\/div><\/div><\/div><div id=\"pgc-406-3-1\"  class=\"panel-grid-cell\" ><div id=\"panel-406-3-1-0\" class=\"so-panel widget widget_sow-editor panel-first-child panel-last-child\" data-index=\"9\" ><div class=\"panel-widget-style panel-widget-style-for-406-3-1-0\" ><div\n\t\t\t\n\t\t\tclass=\"so-widget-sow-editor so-widget-sow-editor-base\"\n\t\t\t\n\t\t>\n<div class=\"siteorigin-widget-tinymce textwidget\">\n\t<p style=\"text-align: center;\"><strong>Karim DJENDARA<\/strong><\/p>\n<p style=\"text-align: center;\"><a href=\"http:\/\/www.cofrend-gericco.com\/ListeCertifies\/ListeCertifiesDetail.aspx?candidatId=iiArVsA4+hPEmv8zMDJ0udXltiSVMWBltItCfCupdIvqiWtAJPXRm\/TBDTe7npx5\" target=\"_blank\"><img loading=\"lazy\" decoding=\"async\" class=\"alignnone size-full wp-image-636\" src=\"https:\/\/fonderiesdesougland.fr\/wp-content\/uploads\/2016\/11\/sougland-be-control-controleur-img-2.png\" alt=\"\" width=\"266\" height=\"103\" \/><\/a><\/p>\n<div id=\"link64_adl_tabid\" style=\"display: none; text-align: center;\" data-url=\"https:\/\/fonderiesdesougland.fr\/wp-admin\/post.php?post=406&amp;action=edit\">53<\/div>\n<\/div>\n<\/div><\/div><\/div><\/div><div id=\"pgc-406-3-2\"  class=\"panel-grid-cell\" ><div id=\"panel-406-3-2-0\" class=\"so-panel widget widget_sow-editor panel-first-child panel-last-child\" data-index=\"10\" ><div class=\"panel-widget-style panel-widget-style-for-406-3-2-0\" ><div\n\t\t\t\n\t\t\tclass=\"so-widget-sow-editor so-widget-sow-editor-base\"\n\t\t\t\n\t\t>\n<div class=\"siteorigin-widget-tinymce textwidget\">\n\t<p style=\"text-align: center;\"><strong>Julien BARRY<br \/><\/strong><\/p><p style=\"text-align: center;\"><img loading=\"lazy\" decoding=\"async\" class=\"alignnone wp-image-883 size-full\" src=\"https:\/\/fonderiesdesougland.fr\/wp-content\/uploads\/2016\/12\/Photo-carte-COFREND-Julien-BARRY.jpg\" width=\"266\" height=\"113\" \/><\/p><div id=\"link64_adl_tabid\" style=\"display: none; text-align: center;\" data-url=\"https:\/\/fonderiesdesougland.fr\/de\/wp-admin\/post.php?post=406&amp;action=edit\">53<\/div><\/div>\n<\/div><\/div><\/div><\/div><\/div><\/div>","protected":false},"excerpt":{"rendered":"<p>Unser Unternehmen verf\u00fcgt \u00fcber folgende betriebsinterne Mittel zur Konformit\u00e4tspr\u00fcfung unserer Produkte :295 SpektrometerMikrographische AnalyseThermoanalyseZugpr\u00fcfmaschineH\u00e4rtepr\u00fcfmaschinenEindringpr\u00fcfungUltraschallpr\u00fcfungMagnetpulverpr\u00fcfungMa\u00dfkontrollen durch Anrei\u00dfen und 3D-Technik (Hexagon Global 09 12 08 \u2013 Teile bis 900 x 1200 x 800)Druckversuche bis 12 bar297 Wir k\u00f6nnen Durchstrahlungspr\u00fcfungen von unseren Partnern vor Ort durchf\u00fchren lassen.298<\/p>\n","protected":false},"author":1,"featured_media":0,"parent":402,"menu_order":0,"comment_status":"closed","ping_status":"closed","template":"","meta":{"_acf_changed":false,"footnotes":""},"class_list":["post-406","page","type-page","status-publish","hentry"],"acf":[],"yoast_head":"<!-- This site is optimized with the Yoast SEO plugin v27.4 - https:\/\/yoast.com\/product\/yoast-seo-wordpress\/ -->\n<title>Kontrolle - Sougland Gie\u00dferei<\/title>\n<meta name=\"robots\" content=\"index, follow, max-snippet:-1, max-image-preview:large, max-video-preview:-1\" \/>\n<link rel=\"canonical\" href=\"https:\/\/fonderiesdesougland.fr\/de\/entwicklungsburo-prufmethoden\/kontrolle\/\" \/>\n<meta property=\"og:locale\" content=\"fr_FR\" \/>\n<meta property=\"og:type\" content=\"article\" \/>\n<meta property=\"og:title\" content=\"Kontrolle - Sougland Gie\u00dferei\" \/>\n<meta property=\"og:description\" content=\"Unser Unternehmen verf\u00fcgt \u00fcber folgende betriebsinterne Mittel zur Konformit\u00e4tspr\u00fcfung unserer Produkte :295 SpektrometerMikrographische AnalyseThermoanalyseZugpr\u00fcfmaschineH\u00e4rtepr\u00fcfmaschinenEindringpr\u00fcfungUltraschallpr\u00fcfungMagnetpulverpr\u00fcfungMa\u00dfkontrollen durch Anrei\u00dfen und 3D-Technik (Hexagon Global 09 12 08 \u2013 Teile bis 900 x 1200 x 800)Druckversuche bis 12 bar297 Wir k\u00f6nnen Durchstrahlungspr\u00fcfungen von unseren Partnern vor Ort durchf\u00fchren lassen.298\" \/>\n<meta property=\"og:url\" content=\"https:\/\/fonderiesdesougland.fr\/de\/entwicklungsburo-prufmethoden\/kontrolle\/\" \/>\n<meta property=\"og:site_name\" content=\"Sougland Gie\u00dferei\" \/>\n<meta property=\"article:modified_time\" content=\"2017-01-13T11:28:03+00:00\" \/>\n<meta property=\"og:image\" content=\"https:\/\/fonderiesdesougland.fr\/de\/wp-content\/uploads\/sites\/5\/2016\/11\/sougland-be-controle-img-2.jpg\" \/>\n<meta name=\"twitter:card\" content=\"summary_large_image\" \/>\n<script type=\"application\/ld+json\" class=\"yoast-schema-graph\">{\"@context\":\"https:\\\/\\\/schema.org\",\"@graph\":[{\"@type\":\"WebPage\",\"@id\":\"https:\\\/\\\/fonderiesdesougland.fr\\\/de\\\/entwicklungsburo-prufmethoden\\\/kontrolle\\\/\",\"url\":\"https:\\\/\\\/fonderiesdesougland.fr\\\/de\\\/entwicklungsburo-prufmethoden\\\/kontrolle\\\/\",\"name\":\"Kontrolle - Sougland Gie\u00dferei\",\"isPartOf\":{\"@id\":\"https:\\\/\\\/fonderiesdesougland.fr\\\/de\\\/#website\"},\"primaryImageOfPage\":{\"@id\":\"https:\\\/\\\/fonderiesdesougland.fr\\\/de\\\/entwicklungsburo-prufmethoden\\\/kontrolle\\\/#primaryimage\"},\"image\":{\"@id\":\"https:\\\/\\\/fonderiesdesougland.fr\\\/de\\\/entwicklungsburo-prufmethoden\\\/kontrolle\\\/#primaryimage\"},\"thumbnailUrl\":\"https:\\\/\\\/fonderiesdesougland.fr\\\/de\\\/wp-content\\\/uploads\\\/sites\\\/5\\\/2016\\\/11\\\/sougland-be-controle-img-2.jpg\",\"datePublished\":\"2016-12-28T10:47:38+00:00\",\"dateModified\":\"2017-01-13T11:28:03+00:00\",\"breadcrumb\":{\"@id\":\"https:\\\/\\\/fonderiesdesougland.fr\\\/de\\\/entwicklungsburo-prufmethoden\\\/kontrolle\\\/#breadcrumb\"},\"inLanguage\":\"fr-FR\",\"potentialAction\":[{\"@type\":\"ReadAction\",\"target\":[\"https:\\\/\\\/fonderiesdesougland.fr\\\/de\\\/entwicklungsburo-prufmethoden\\\/kontrolle\\\/\"]}]},{\"@type\":\"ImageObject\",\"inLanguage\":\"fr-FR\",\"@id\":\"https:\\\/\\\/fonderiesdesougland.fr\\\/de\\\/entwicklungsburo-prufmethoden\\\/kontrolle\\\/#primaryimage\",\"url\":\"https:\\\/\\\/fonderiesdesougland.fr\\\/de\\\/wp-content\\\/uploads\\\/sites\\\/5\\\/2016\\\/11\\\/sougland-be-controle-img-2.jpg\",\"contentUrl\":\"https:\\\/\\\/fonderiesdesougland.fr\\\/de\\\/wp-content\\\/uploads\\\/sites\\\/5\\\/2016\\\/11\\\/sougland-be-controle-img-2.jpg\",\"width\":800,\"height\":600},{\"@type\":\"BreadcrumbList\",\"@id\":\"https:\\\/\\\/fonderiesdesougland.fr\\\/de\\\/entwicklungsburo-prufmethoden\\\/kontrolle\\\/#breadcrumb\",\"itemListElement\":[{\"@type\":\"ListItem\",\"position\":1,\"name\":\"Accueil\",\"item\":\"https:\\\/\\\/fonderiesdesougland.fr\\\/de\\\/\"},{\"@type\":\"ListItem\",\"position\":2,\"name\":\"Entwicklungsb\u00fcro &#8211; Pr\u00fcfmethoden\",\"item\":\"https:\\\/\\\/fonderiesdesougland.fr\\\/de\\\/entwicklungsburo-prufmethoden\\\/\"},{\"@type\":\"ListItem\",\"position\":3,\"name\":\"Kontrolle\"}]},{\"@type\":\"WebSite\",\"@id\":\"https:\\\/\\\/fonderiesdesougland.fr\\\/de\\\/#website\",\"url\":\"https:\\\/\\\/fonderiesdesougland.fr\\\/de\\\/\",\"name\":\"Sougland Gie\u00dferei\",\"description\":\"\",\"potentialAction\":[{\"@type\":\"SearchAction\",\"target\":{\"@type\":\"EntryPoint\",\"urlTemplate\":\"https:\\\/\\\/fonderiesdesougland.fr\\\/de\\\/?s={search_term_string}\"},\"query-input\":{\"@type\":\"PropertyValueSpecification\",\"valueRequired\":true,\"valueName\":\"search_term_string\"}}],\"inLanguage\":\"fr-FR\"}]}<\/script>\n<!-- \/ Yoast SEO plugin. -->","yoast_head_json":{"title":"Kontrolle - Sougland Gie\u00dferei","robots":{"index":"index","follow":"follow","max-snippet":"max-snippet:-1","max-image-preview":"max-image-preview:large","max-video-preview":"max-video-preview:-1"},"canonical":"https:\/\/fonderiesdesougland.fr\/de\/entwicklungsburo-prufmethoden\/kontrolle\/","og_locale":"fr_FR","og_type":"article","og_title":"Kontrolle - Sougland Gie\u00dferei","og_description":"Unser Unternehmen verf\u00fcgt \u00fcber folgende betriebsinterne Mittel zur Konformit\u00e4tspr\u00fcfung unserer Produkte :295 SpektrometerMikrographische AnalyseThermoanalyseZugpr\u00fcfmaschineH\u00e4rtepr\u00fcfmaschinenEindringpr\u00fcfungUltraschallpr\u00fcfungMagnetpulverpr\u00fcfungMa\u00dfkontrollen durch Anrei\u00dfen und 3D-Technik (Hexagon Global 09 12 08 \u2013 Teile bis 900 x 1200 x 800)Druckversuche bis 12 bar297 Wir k\u00f6nnen Durchstrahlungspr\u00fcfungen von unseren Partnern vor Ort durchf\u00fchren lassen.298","og_url":"https:\/\/fonderiesdesougland.fr\/de\/entwicklungsburo-prufmethoden\/kontrolle\/","og_site_name":"Sougland Gie\u00dferei","article_modified_time":"2017-01-13T11:28:03+00:00","og_image":[{"url":"https:\/\/fonderiesdesougland.fr\/de\/wp-content\/uploads\/sites\/5\/2016\/11\/sougland-be-controle-img-2.jpg","type":"","width":"","height":""}],"twitter_card":"summary_large_image","schema":{"@context":"https:\/\/schema.org","@graph":[{"@type":"WebPage","@id":"https:\/\/fonderiesdesougland.fr\/de\/entwicklungsburo-prufmethoden\/kontrolle\/","url":"https:\/\/fonderiesdesougland.fr\/de\/entwicklungsburo-prufmethoden\/kontrolle\/","name":"Kontrolle - Sougland Gie\u00dferei","isPartOf":{"@id":"https:\/\/fonderiesdesougland.fr\/de\/#website"},"primaryImageOfPage":{"@id":"https:\/\/fonderiesdesougland.fr\/de\/entwicklungsburo-prufmethoden\/kontrolle\/#primaryimage"},"image":{"@id":"https:\/\/fonderiesdesougland.fr\/de\/entwicklungsburo-prufmethoden\/kontrolle\/#primaryimage"},"thumbnailUrl":"https:\/\/fonderiesdesougland.fr\/de\/wp-content\/uploads\/sites\/5\/2016\/11\/sougland-be-controle-img-2.jpg","datePublished":"2016-12-28T10:47:38+00:00","dateModified":"2017-01-13T11:28:03+00:00","breadcrumb":{"@id":"https:\/\/fonderiesdesougland.fr\/de\/entwicklungsburo-prufmethoden\/kontrolle\/#breadcrumb"},"inLanguage":"fr-FR","potentialAction":[{"@type":"ReadAction","target":["https:\/\/fonderiesdesougland.fr\/de\/entwicklungsburo-prufmethoden\/kontrolle\/"]}]},{"@type":"ImageObject","inLanguage":"fr-FR","@id":"https:\/\/fonderiesdesougland.fr\/de\/entwicklungsburo-prufmethoden\/kontrolle\/#primaryimage","url":"https:\/\/fonderiesdesougland.fr\/de\/wp-content\/uploads\/sites\/5\/2016\/11\/sougland-be-controle-img-2.jpg","contentUrl":"https:\/\/fonderiesdesougland.fr\/de\/wp-content\/uploads\/sites\/5\/2016\/11\/sougland-be-controle-img-2.jpg","width":800,"height":600},{"@type":"BreadcrumbList","@id":"https:\/\/fonderiesdesougland.fr\/de\/entwicklungsburo-prufmethoden\/kontrolle\/#breadcrumb","itemListElement":[{"@type":"ListItem","position":1,"name":"Accueil","item":"https:\/\/fonderiesdesougland.fr\/de\/"},{"@type":"ListItem","position":2,"name":"Entwicklungsb\u00fcro &#8211; Pr\u00fcfmethoden","item":"https:\/\/fonderiesdesougland.fr\/de\/entwicklungsburo-prufmethoden\/"},{"@type":"ListItem","position":3,"name":"Kontrolle"}]},{"@type":"WebSite","@id":"https:\/\/fonderiesdesougland.fr\/de\/#website","url":"https:\/\/fonderiesdesougland.fr\/de\/","name":"Sougland Gie\u00dferei","description":"","potentialAction":[{"@type":"SearchAction","target":{"@type":"EntryPoint","urlTemplate":"https:\/\/fonderiesdesougland.fr\/de\/?s={search_term_string}"},"query-input":{"@type":"PropertyValueSpecification","valueRequired":true,"valueName":"search_term_string"}}],"inLanguage":"fr-FR"}]}},"_links":{"self":[{"href":"https:\/\/fonderiesdesougland.fr\/de\/wp-json\/wp\/v2\/pages\/406","targetHints":{"allow":["GET"]}}],"collection":[{"href":"https:\/\/fonderiesdesougland.fr\/de\/wp-json\/wp\/v2\/pages"}],"about":[{"href":"https:\/\/fonderiesdesougland.fr\/de\/wp-json\/wp\/v2\/types\/page"}],"author":[{"embeddable":true,"href":"https:\/\/fonderiesdesougland.fr\/de\/wp-json\/wp\/v2\/users\/1"}],"replies":[{"embeddable":true,"href":"https:\/\/fonderiesdesougland.fr\/de\/wp-json\/wp\/v2\/comments?post=406"}],"version-history":[{"count":16,"href":"https:\/\/fonderiesdesougland.fr\/de\/wp-json\/wp\/v2\/pages\/406\/revisions"}],"predecessor-version":[{"id":993,"href":"https:\/\/fonderiesdesougland.fr\/de\/wp-json\/wp\/v2\/pages\/406\/revisions\/993"}],"up":[{"embeddable":true,"href":"https:\/\/fonderiesdesougland.fr\/de\/wp-json\/wp\/v2\/pages\/402"}],"wp:attachment":[{"href":"https:\/\/fonderiesdesougland.fr\/de\/wp-json\/wp\/v2\/media?parent=406"}],"curies":[{"name":"wp","href":"https:\/\/api.w.org\/{rel}","templated":true}]}}