{"id":412,"date":"2016-11-28T11:54:37","date_gmt":"2016-11-28T10:54:37","guid":{"rendered":"https:\/\/fonderiesdesougland.fr\/de\/?page_id=412"},"modified":"2017-01-13T10:59:44","modified_gmt":"2017-01-13T09:59:44","slug":"warmebehandlungen","status":"publish","type":"page","link":"https:\/\/fonderiesdesougland.fr\/de\/die-gieserei\/warmebehandlungen\/","title":{"rendered":"W\u00e4rmebehandlungen"},"content":{"rendered":"<div id=\"pl-412\"  class=\"panel-layout\" ><div id=\"pg-412-0\"  class=\"panel-grid panel-no-style\" ><div id=\"pgc-412-0-0\"  class=\"panel-grid-cell\" ><div id=\"panel-412-0-0-0\" class=\"so-panel widget widget_sow-image panel-first-child panel-last-child\" data-index=\"0\" ><div\n\t\t\t\n\t\t\tclass=\"so-widget-sow-image so-widget-sow-image-default-8b5b6f678277-412\"\n\t\t\t\n\t\t>\n<div class=\"sow-image-container\">\n\t\t\t<a href=\"https:\/\/fonderiesdesougland.fr\/wp-content\/uploads\/2016\/09\/sougland-tth-img-1.jpg\"\n\t\t\t\t\t>\n\t\t\t<img \n\tsrc=\"https:\/\/fonderiesdesougland.fr\/de\/wp-content\/uploads\/sites\/5\/2016\/09\/sougland-tth-img-1.jpg\" width=\"800\" height=\"600\" srcset=\"https:\/\/fonderiesdesougland.fr\/de\/wp-content\/uploads\/sites\/5\/2016\/09\/sougland-tth-img-1.jpg 800w, https:\/\/fonderiesdesougland.fr\/de\/wp-content\/uploads\/sites\/5\/2016\/09\/sougland-tth-img-1-300x225.jpg 300w, https:\/\/fonderiesdesougland.fr\/de\/wp-content\/uploads\/sites\/5\/2016\/09\/sougland-tth-img-1-768x576.jpg 768w\" sizes=\"(max-width: 800px) 100vw, 800px\" alt=\"\" \t\tclass=\"so-widget-image\"\/>\n\t\t\t<\/a><\/div>\n\n<\/div><\/div><\/div><div id=\"pgc-412-0-1\"  class=\"panel-grid-cell\" ><div id=\"panel-412-0-1-0\" class=\"so-panel widget widget_sow-editor panel-first-child panel-last-child\" data-index=\"1\" ><div\n\t\t\t\n\t\t\tclass=\"so-widget-sow-editor so-widget-sow-editor-base\"\n\t\t\t\n\t\t>\n<div class=\"siteorigin-widget-tinymce textwidget\">\n\t<p>Um unseren Kunden ein <strong>H\u00f6chstma\u00df an Rentabilit\u00e4t<\/strong> zu bieten, umfassen unsere Anlagen W\u00e4rmebehandlungs\u00f6fen, mit denen wir diese Vorg\u00e4nge vor Ort ohne Transport oder zus\u00e4tzliche Fristen durchf\u00fchren k\u00f6nnen.<\/p>\n<p>Die W\u00e4rmebehandlung verbessert und <strong>optimiert die mechanischen Eigenschaften unserer gegossenen Rohlinge<\/strong>.<\/p>\n<p>Ganz gleich, ob es sich um Gl\u00fchen, Abschrecken, H\u00e4rten oder Anlassen handelt, unsere Anlagen werden durch programmierbare Steuerungen mit Behandlungsr\u00fcckverfolgbarkeit verwaltet.<\/p>\n<div id=\"link64_adl_tabid\" style=\"display: none;\" data-url=\"https:\/\/fonderiesdesougland.fr\/de\/wp-admin\/post.php?post=412&amp;action=edit\">150<\/div>\n<\/div>\n<\/div><\/div><\/div><\/div><\/div>","protected":false},"excerpt":{"rendered":"<p>Um unseren Kunden ein H\u00f6chstma\u00df an Rentabilit\u00e4t zu bieten, umfassen unsere Anlagen W\u00e4rmebehandlungs\u00f6fen, mit denen wir diese Vorg\u00e4nge vor Ort ohne Transport oder zus\u00e4tzliche Fristen durchf\u00fchren k\u00f6nnen.Die W\u00e4rmebehandlung verbessert und optimiert die mechanischen Eigenschaften unserer gegossenen Rohlinge.Ganz gleich, ob es sich um Gl\u00fchen, Abschrecken, H\u00e4rten oder Anlassen handelt, unsere Anlagen werden durch programmierbare Steuerungen mit [&hellip;]<\/p>\n","protected":false},"author":1,"featured_media":0,"parent":33,"menu_order":0,"comment_status":"closed","ping_status":"closed","template":"mp-slider.php","meta":{"_acf_changed":false,"footnotes":""},"class_list":["post-412","page","type-page","status-publish","hentry"],"acf":[],"yoast_head":"<!-- This site is optimized with the Yoast SEO plugin v27.4 - https:\/\/yoast.com\/product\/yoast-seo-wordpress\/ -->\n<title>W\u00e4rmebehandlungen - Sougland Gie\u00dferei<\/title>\n<meta name=\"robots\" content=\"index, follow, max-snippet:-1, max-image-preview:large, max-video-preview:-1\" \/>\n<link rel=\"canonical\" href=\"https:\/\/fonderiesdesougland.fr\/de\/die-gieserei\/warmebehandlungen\/\" \/>\n<meta property=\"og:locale\" content=\"fr_FR\" \/>\n<meta property=\"og:type\" content=\"article\" \/>\n<meta property=\"og:title\" content=\"W\u00e4rmebehandlungen - Sougland Gie\u00dferei\" \/>\n<meta property=\"og:description\" content=\"Um unseren Kunden ein H\u00f6chstma\u00df an Rentabilit\u00e4t zu bieten, umfassen unsere Anlagen W\u00e4rmebehandlungs\u00f6fen, mit denen wir diese Vorg\u00e4nge vor Ort ohne Transport oder zus\u00e4tzliche Fristen durchf\u00fchren k\u00f6nnen.Die W\u00e4rmebehandlung verbessert und optimiert die mechanischen Eigenschaften unserer gegossenen Rohlinge.Ganz gleich, ob es sich um Gl\u00fchen, Abschrecken, H\u00e4rten oder Anlassen handelt, unsere Anlagen werden durch programmierbare Steuerungen mit [&hellip;]\" \/>\n<meta property=\"og:url\" content=\"https:\/\/fonderiesdesougland.fr\/de\/die-gieserei\/warmebehandlungen\/\" \/>\n<meta property=\"og:site_name\" content=\"Sougland Gie\u00dferei\" \/>\n<meta property=\"article:modified_time\" content=\"2017-01-13T09:59:44+00:00\" \/>\n<meta property=\"og:image\" content=\"https:\/\/fonderiesdesougland.fr\/de\/wp-content\/uploads\/sites\/5\/2016\/09\/sougland-tth-img-1.jpg\" \/>\n<meta name=\"twitter:card\" content=\"summary_large_image\" \/>\n<script type=\"application\/ld+json\" class=\"yoast-schema-graph\">{\"@context\":\"https:\\\/\\\/schema.org\",\"@graph\":[{\"@type\":\"WebPage\",\"@id\":\"https:\\\/\\\/fonderiesdesougland.fr\\\/de\\\/die-gieserei\\\/warmebehandlungen\\\/\",\"url\":\"https:\\\/\\\/fonderiesdesougland.fr\\\/de\\\/die-gieserei\\\/warmebehandlungen\\\/\",\"name\":\"W\u00e4rmebehandlungen - Sougland Gie\u00dferei\",\"isPartOf\":{\"@id\":\"https:\\\/\\\/fonderiesdesougland.fr\\\/de\\\/#website\"},\"primaryImageOfPage\":{\"@id\":\"https:\\\/\\\/fonderiesdesougland.fr\\\/de\\\/die-gieserei\\\/warmebehandlungen\\\/#primaryimage\"},\"image\":{\"@id\":\"https:\\\/\\\/fonderiesdesougland.fr\\\/de\\\/die-gieserei\\\/warmebehandlungen\\\/#primaryimage\"},\"thumbnailUrl\":\"https:\\\/\\\/fonderiesdesougland.fr\\\/de\\\/wp-content\\\/uploads\\\/sites\\\/5\\\/2016\\\/09\\\/sougland-tth-img-1.jpg\",\"datePublished\":\"2016-11-28T10:54:37+00:00\",\"dateModified\":\"2017-01-13T09:59:44+00:00\",\"breadcrumb\":{\"@id\":\"https:\\\/\\\/fonderiesdesougland.fr\\\/de\\\/die-gieserei\\\/warmebehandlungen\\\/#breadcrumb\"},\"inLanguage\":\"fr-FR\",\"potentialAction\":[{\"@type\":\"ReadAction\",\"target\":[\"https:\\\/\\\/fonderiesdesougland.fr\\\/de\\\/die-gieserei\\\/warmebehandlungen\\\/\"]}]},{\"@type\":\"ImageObject\",\"inLanguage\":\"fr-FR\",\"@id\":\"https:\\\/\\\/fonderiesdesougland.fr\\\/de\\\/die-gieserei\\\/warmebehandlungen\\\/#primaryimage\",\"url\":\"https:\\\/\\\/fonderiesdesougland.fr\\\/de\\\/wp-content\\\/uploads\\\/sites\\\/5\\\/2016\\\/09\\\/sougland-tth-img-1.jpg\",\"contentUrl\":\"https:\\\/\\\/fonderiesdesougland.fr\\\/de\\\/wp-content\\\/uploads\\\/sites\\\/5\\\/2016\\\/09\\\/sougland-tth-img-1.jpg\",\"width\":800,\"height\":600},{\"@type\":\"BreadcrumbList\",\"@id\":\"https:\\\/\\\/fonderiesdesougland.fr\\\/de\\\/die-gieserei\\\/warmebehandlungen\\\/#breadcrumb\",\"itemListElement\":[{\"@type\":\"ListItem\",\"position\":1,\"name\":\"Accueil\",\"item\":\"https:\\\/\\\/fonderiesdesougland.fr\\\/de\\\/\"},{\"@type\":\"ListItem\",\"position\":2,\"name\":\"Die Gie\u00dferei\",\"item\":\"https:\\\/\\\/fonderiesdesougland.fr\\\/de\\\/die-gieserei\\\/\"},{\"@type\":\"ListItem\",\"position\":3,\"name\":\"W\u00e4rmebehandlungen\"}]},{\"@type\":\"WebSite\",\"@id\":\"https:\\\/\\\/fonderiesdesougland.fr\\\/de\\\/#website\",\"url\":\"https:\\\/\\\/fonderiesdesougland.fr\\\/de\\\/\",\"name\":\"Sougland Gie\u00dferei\",\"description\":\"\",\"potentialAction\":[{\"@type\":\"SearchAction\",\"target\":{\"@type\":\"EntryPoint\",\"urlTemplate\":\"https:\\\/\\\/fonderiesdesougland.fr\\\/de\\\/?s={search_term_string}\"},\"query-input\":{\"@type\":\"PropertyValueSpecification\",\"valueRequired\":true,\"valueName\":\"search_term_string\"}}],\"inLanguage\":\"fr-FR\"}]}<\/script>\n<!-- \/ Yoast SEO plugin. -->","yoast_head_json":{"title":"W\u00e4rmebehandlungen - Sougland Gie\u00dferei","robots":{"index":"index","follow":"follow","max-snippet":"max-snippet:-1","max-image-preview":"max-image-preview:large","max-video-preview":"max-video-preview:-1"},"canonical":"https:\/\/fonderiesdesougland.fr\/de\/die-gieserei\/warmebehandlungen\/","og_locale":"fr_FR","og_type":"article","og_title":"W\u00e4rmebehandlungen - Sougland Gie\u00dferei","og_description":"Um unseren Kunden ein H\u00f6chstma\u00df an Rentabilit\u00e4t zu bieten, umfassen unsere Anlagen W\u00e4rmebehandlungs\u00f6fen, mit denen wir diese Vorg\u00e4nge vor Ort ohne Transport oder zus\u00e4tzliche Fristen durchf\u00fchren k\u00f6nnen.Die W\u00e4rmebehandlung verbessert und optimiert die mechanischen Eigenschaften unserer gegossenen Rohlinge.Ganz gleich, ob es sich um Gl\u00fchen, Abschrecken, H\u00e4rten oder Anlassen handelt, unsere Anlagen werden durch programmierbare Steuerungen mit [&hellip;]","og_url":"https:\/\/fonderiesdesougland.fr\/de\/die-gieserei\/warmebehandlungen\/","og_site_name":"Sougland Gie\u00dferei","article_modified_time":"2017-01-13T09:59:44+00:00","og_image":[{"url":"https:\/\/fonderiesdesougland.fr\/de\/wp-content\/uploads\/sites\/5\/2016\/09\/sougland-tth-img-1.jpg","type":"","width":"","height":""}],"twitter_card":"summary_large_image","schema":{"@context":"https:\/\/schema.org","@graph":[{"@type":"WebPage","@id":"https:\/\/fonderiesdesougland.fr\/de\/die-gieserei\/warmebehandlungen\/","url":"https:\/\/fonderiesdesougland.fr\/de\/die-gieserei\/warmebehandlungen\/","name":"W\u00e4rmebehandlungen - Sougland Gie\u00dferei","isPartOf":{"@id":"https:\/\/fonderiesdesougland.fr\/de\/#website"},"primaryImageOfPage":{"@id":"https:\/\/fonderiesdesougland.fr\/de\/die-gieserei\/warmebehandlungen\/#primaryimage"},"image":{"@id":"https:\/\/fonderiesdesougland.fr\/de\/die-gieserei\/warmebehandlungen\/#primaryimage"},"thumbnailUrl":"https:\/\/fonderiesdesougland.fr\/de\/wp-content\/uploads\/sites\/5\/2016\/09\/sougland-tth-img-1.jpg","datePublished":"2016-11-28T10:54:37+00:00","dateModified":"2017-01-13T09:59:44+00:00","breadcrumb":{"@id":"https:\/\/fonderiesdesougland.fr\/de\/die-gieserei\/warmebehandlungen\/#breadcrumb"},"inLanguage":"fr-FR","potentialAction":[{"@type":"ReadAction","target":["https:\/\/fonderiesdesougland.fr\/de\/die-gieserei\/warmebehandlungen\/"]}]},{"@type":"ImageObject","inLanguage":"fr-FR","@id":"https:\/\/fonderiesdesougland.fr\/de\/die-gieserei\/warmebehandlungen\/#primaryimage","url":"https:\/\/fonderiesdesougland.fr\/de\/wp-content\/uploads\/sites\/5\/2016\/09\/sougland-tth-img-1.jpg","contentUrl":"https:\/\/fonderiesdesougland.fr\/de\/wp-content\/uploads\/sites\/5\/2016\/09\/sougland-tth-img-1.jpg","width":800,"height":600},{"@type":"BreadcrumbList","@id":"https:\/\/fonderiesdesougland.fr\/de\/die-gieserei\/warmebehandlungen\/#breadcrumb","itemListElement":[{"@type":"ListItem","position":1,"name":"Accueil","item":"https:\/\/fonderiesdesougland.fr\/de\/"},{"@type":"ListItem","position":2,"name":"Die Gie\u00dferei","item":"https:\/\/fonderiesdesougland.fr\/de\/die-gieserei\/"},{"@type":"ListItem","position":3,"name":"W\u00e4rmebehandlungen"}]},{"@type":"WebSite","@id":"https:\/\/fonderiesdesougland.fr\/de\/#website","url":"https:\/\/fonderiesdesougland.fr\/de\/","name":"Sougland Gie\u00dferei","description":"","potentialAction":[{"@type":"SearchAction","target":{"@type":"EntryPoint","urlTemplate":"https:\/\/fonderiesdesougland.fr\/de\/?s={search_term_string}"},"query-input":{"@type":"PropertyValueSpecification","valueRequired":true,"valueName":"search_term_string"}}],"inLanguage":"fr-FR"}]}},"_links":{"self":[{"href":"https:\/\/fonderiesdesougland.fr\/de\/wp-json\/wp\/v2\/pages\/412","targetHints":{"allow":["GET"]}}],"collection":[{"href":"https:\/\/fonderiesdesougland.fr\/de\/wp-json\/wp\/v2\/pages"}],"about":[{"href":"https:\/\/fonderiesdesougland.fr\/de\/wp-json\/wp\/v2\/types\/page"}],"author":[{"embeddable":true,"href":"https:\/\/fonderiesdesougland.fr\/de\/wp-json\/wp\/v2\/users\/1"}],"replies":[{"embeddable":true,"href":"https:\/\/fonderiesdesougland.fr\/de\/wp-json\/wp\/v2\/comments?post=412"}],"version-history":[{"count":8,"href":"https:\/\/fonderiesdesougland.fr\/de\/wp-json\/wp\/v2\/pages\/412\/revisions"}],"predecessor-version":[{"id":950,"href":"https:\/\/fonderiesdesougland.fr\/de\/wp-json\/wp\/v2\/pages\/412\/revisions\/950"}],"up":[{"embeddable":true,"href":"https:\/\/fonderiesdesougland.fr\/de\/wp-json\/wp\/v2\/pages\/33"}],"wp:attachment":[{"href":"https:\/\/fonderiesdesougland.fr\/de\/wp-json\/wp\/v2\/media?parent=412"}],"curies":[{"name":"wp","href":"https:\/\/api.w.org\/{rel}","templated":true}]}}