{"id":43,"date":"2016-12-23T09:34:17","date_gmt":"2016-12-23T08:34:17","guid":{"rendered":"https:\/\/fonderiesdesougland.fr\/de\/?page_id=43"},"modified":"2017-01-16T10:41:26","modified_gmt":"2017-01-16T09:41:26","slug":"guten","status":"publish","type":"page","link":"https:\/\/fonderiesdesougland.fr\/de\/die-gieserei\/guten\/","title":{"rendered":"Gusseisen- und Stahlsorten"},"content":{"rendered":"<div id=\"pl-43\"  class=\"panel-layout\" ><div id=\"pg-43-0\"  class=\"panel-grid panel-no-style\" ><div id=\"pgc-43-0-0\"  class=\"panel-grid-cell\" ><div id=\"panel-43-0-0-0\" class=\"so-panel widget widget_sow-editor panel-first-child panel-last-child\" data-index=\"0\" ><div\n\t\t\t\n\t\t\tclass=\"so-widget-sow-editor so-widget-sow-editor-base\"\n\t\t\t\n\t\t>\n<div class=\"siteorigin-widget-tinymce textwidget\">\n\t<h4>Ein umfassendes Angebot an Gusseisen- und Stahlsorten<\/h4>\n<p><strong>Wir bieten \u00fcber 300 Gusseisen- und Stahlsorten mit unterschiedlichen Eigenschaften f\u00fcr unterschiedliche Anwendungen an :<br \/><\/strong><\/p>\n<ul>\n<li>Sh\u00e4roguss, Grauguss\u00a0oder Vermikulargraphitguss mit ausgezeichneten mechanischen Eigenschaften, hoher Verschlei\u00dffestigkeit, Vibrationsbest\u00e4ndigkeit, Sto\u00dffestigkeit und einer Struktur, die den Anforderungen Ihres Lastenhefts entspricht.<\/li>\n<li>Legierter Gusssorten mit ferritischem oder austenitischem Struktur, oder wei\u00dfes Gusseisen f\u00fcr Spezialanwendungen mit hoher Verschlei\u00dffestigkeit, Oxidations- oder Temperaturbest\u00e4ndigkeit.<\/li>\n<li>Stahlsorten mit geringem Kohlenstoffanteil oder niedrig legierte St\u00e4hle mit mechanischen Eigenschaften und Verschlei\u00dffestigkeit, die eventuell auch durch W\u00e4rmebehandlung an die Erfordernisse Ihres Lastenhefts angepasst werden k\u00f6nnen.<\/li>\n<li>Hitzebest\u00e4ndige St\u00e4hle f\u00fcr Hochtemperaturanwendungen.<\/li>\n<li>Edelst\u00e4hle mit hoher Oxydationsfestigkeit in unterschiedlichen Umgebungen.<\/li>\n<li>Superlegierungen, Nickel- und Kobaltlegierungen mit sehr hoher Temperaturbest\u00e4ndigkeit und Verschlei\u00dffestigkeit.\n<\/li>\n<\/ul>\n<p>\u00a0<\/p>\n<p>Eignen sich die angebotenen Sorten nicht hundertprozentig f\u00fcr Ihre Einsatzbedingungen oder wenn Sie die Leistungen Ihrer Teile verbessern m\u00f6chten, damit sie spezielle Anforderungen erf\u00fcllen, kann Ihnen unsere F&amp;E-Abteilung die bedarfsgerechte Entwicklung neuer Stahlsorten\u00a0anbieten.<\/p>\n<div id=\"link64_adl_tabid\" style=\"display: none;\" data-url=\"https:\/\/fonderiesdesougland.fr\/de\/wp-admin\/post.php?post=43&amp;action=edit\">121<\/div>\n<\/div>\n<\/div><\/div><\/div><\/div><\/div>","protected":false},"excerpt":{"rendered":"<p>Ein umfassendes Angebot an Gusseisen- und StahlsortenWir bieten \u00fcber 300 Gusseisen- und Stahlsorten mit unterschiedlichen Eigenschaften f\u00fcr unterschiedliche Anwendungen an :Sh\u00e4roguss, Grauguss\u00a0oder Vermikulargraphitguss mit ausgezeichneten mechanischen Eigenschaften, hoher Verschlei\u00dffestigkeit, Vibrationsbest\u00e4ndigkeit, Sto\u00dffestigkeit und einer Struktur, die den Anforderungen Ihres Lastenhefts entspricht.Legierter Gusssorten mit ferritischem oder austenitischem Struktur, oder wei\u00dfes Gusseisen f\u00fcr Spezialanwendungen mit hoher Verschlei\u00dffestigkeit, Oxidations- [&hellip;]<\/p>\n","protected":false},"author":1,"featured_media":0,"parent":33,"menu_order":0,"comment_status":"closed","ping_status":"closed","template":"mp-slider.php","meta":{"_acf_changed":false,"footnotes":""},"class_list":["post-43","page","type-page","status-publish","hentry"],"acf":[],"yoast_head":"<!-- This site is optimized with the Yoast SEO plugin v27.5 - https:\/\/yoast.com\/product\/yoast-seo-wordpress\/ -->\n<title>Gusseisen- und Stahlsorten - Sougland Gie\u00dferei<\/title>\n<meta name=\"robots\" content=\"index, follow, max-snippet:-1, max-image-preview:large, max-video-preview:-1\" \/>\n<link rel=\"canonical\" href=\"https:\/\/fonderiesdesougland.fr\/de\/die-gieserei\/guten\/\" \/>\n<meta property=\"og:locale\" content=\"fr_FR\" \/>\n<meta property=\"og:type\" content=\"article\" \/>\n<meta property=\"og:title\" content=\"Gusseisen- und Stahlsorten - Sougland Gie\u00dferei\" \/>\n<meta property=\"og:description\" content=\"Ein umfassendes Angebot an Gusseisen- und StahlsortenWir bieten \u00fcber 300 Gusseisen- und Stahlsorten mit unterschiedlichen Eigenschaften f\u00fcr unterschiedliche Anwendungen an :Sh\u00e4roguss, Grauguss\u00a0oder Vermikulargraphitguss mit ausgezeichneten mechanischen Eigenschaften, hoher Verschlei\u00dffestigkeit, Vibrationsbest\u00e4ndigkeit, Sto\u00dffestigkeit und einer Struktur, die den Anforderungen Ihres Lastenhefts entspricht.Legierter Gusssorten mit ferritischem oder austenitischem Struktur, oder wei\u00dfes Gusseisen f\u00fcr Spezialanwendungen mit hoher Verschlei\u00dffestigkeit, Oxidations- [&hellip;]\" \/>\n<meta property=\"og:url\" content=\"https:\/\/fonderiesdesougland.fr\/de\/die-gieserei\/guten\/\" \/>\n<meta property=\"og:site_name\" content=\"Sougland Gie\u00dferei\" \/>\n<meta property=\"article:modified_time\" content=\"2017-01-16T09:41:26+00:00\" \/>\n<meta name=\"twitter:card\" content=\"summary_large_image\" \/>\n<meta name=\"twitter:label1\" content=\"Dur\u00e9e de lecture estim\u00e9e\" \/>\n\t<meta name=\"twitter:data1\" content=\"1 minute\" \/>\n<script type=\"application\/ld+json\" class=\"yoast-schema-graph\">{\"@context\":\"https:\\\/\\\/schema.org\",\"@graph\":[{\"@type\":\"WebPage\",\"@id\":\"https:\\\/\\\/fonderiesdesougland.fr\\\/de\\\/die-gieserei\\\/guten\\\/\",\"url\":\"https:\\\/\\\/fonderiesdesougland.fr\\\/de\\\/die-gieserei\\\/guten\\\/\",\"name\":\"Gusseisen- und Stahlsorten - Sougland Gie\u00dferei\",\"isPartOf\":{\"@id\":\"https:\\\/\\\/fonderiesdesougland.fr\\\/de\\\/#website\"},\"datePublished\":\"2016-12-23T08:34:17+00:00\",\"dateModified\":\"2017-01-16T09:41:26+00:00\",\"breadcrumb\":{\"@id\":\"https:\\\/\\\/fonderiesdesougland.fr\\\/de\\\/die-gieserei\\\/guten\\\/#breadcrumb\"},\"inLanguage\":\"fr-FR\",\"potentialAction\":[{\"@type\":\"ReadAction\",\"target\":[\"https:\\\/\\\/fonderiesdesougland.fr\\\/de\\\/die-gieserei\\\/guten\\\/\"]}]},{\"@type\":\"BreadcrumbList\",\"@id\":\"https:\\\/\\\/fonderiesdesougland.fr\\\/de\\\/die-gieserei\\\/guten\\\/#breadcrumb\",\"itemListElement\":[{\"@type\":\"ListItem\",\"position\":1,\"name\":\"Accueil\",\"item\":\"https:\\\/\\\/fonderiesdesougland.fr\\\/de\\\/\"},{\"@type\":\"ListItem\",\"position\":2,\"name\":\"Die Gie\u00dferei\",\"item\":\"https:\\\/\\\/fonderiesdesougland.fr\\\/de\\\/die-gieserei\\\/\"},{\"@type\":\"ListItem\",\"position\":3,\"name\":\"Gusseisen- und Stahlsorten\"}]},{\"@type\":\"WebSite\",\"@id\":\"https:\\\/\\\/fonderiesdesougland.fr\\\/de\\\/#website\",\"url\":\"https:\\\/\\\/fonderiesdesougland.fr\\\/de\\\/\",\"name\":\"Sougland Gie\u00dferei\",\"description\":\"\",\"potentialAction\":[{\"@type\":\"SearchAction\",\"target\":{\"@type\":\"EntryPoint\",\"urlTemplate\":\"https:\\\/\\\/fonderiesdesougland.fr\\\/de\\\/?s={search_term_string}\"},\"query-input\":{\"@type\":\"PropertyValueSpecification\",\"valueRequired\":true,\"valueName\":\"search_term_string\"}}],\"inLanguage\":\"fr-FR\"}]}<\/script>\n<!-- \/ Yoast SEO plugin. -->","yoast_head_json":{"title":"Gusseisen- und Stahlsorten - Sougland Gie\u00dferei","robots":{"index":"index","follow":"follow","max-snippet":"max-snippet:-1","max-image-preview":"max-image-preview:large","max-video-preview":"max-video-preview:-1"},"canonical":"https:\/\/fonderiesdesougland.fr\/de\/die-gieserei\/guten\/","og_locale":"fr_FR","og_type":"article","og_title":"Gusseisen- und Stahlsorten - Sougland Gie\u00dferei","og_description":"Ein umfassendes Angebot an Gusseisen- und StahlsortenWir bieten \u00fcber 300 Gusseisen- und Stahlsorten mit unterschiedlichen Eigenschaften f\u00fcr unterschiedliche Anwendungen an :Sh\u00e4roguss, Grauguss\u00a0oder Vermikulargraphitguss mit ausgezeichneten mechanischen Eigenschaften, hoher Verschlei\u00dffestigkeit, Vibrationsbest\u00e4ndigkeit, Sto\u00dffestigkeit und einer Struktur, die den Anforderungen Ihres Lastenhefts entspricht.Legierter Gusssorten mit ferritischem oder austenitischem Struktur, oder wei\u00dfes Gusseisen f\u00fcr Spezialanwendungen mit hoher Verschlei\u00dffestigkeit, Oxidations- [&hellip;]","og_url":"https:\/\/fonderiesdesougland.fr\/de\/die-gieserei\/guten\/","og_site_name":"Sougland Gie\u00dferei","article_modified_time":"2017-01-16T09:41:26+00:00","twitter_card":"summary_large_image","twitter_misc":{"Dur\u00e9e de lecture estim\u00e9e":"1 minute"},"schema":{"@context":"https:\/\/schema.org","@graph":[{"@type":"WebPage","@id":"https:\/\/fonderiesdesougland.fr\/de\/die-gieserei\/guten\/","url":"https:\/\/fonderiesdesougland.fr\/de\/die-gieserei\/guten\/","name":"Gusseisen- und Stahlsorten - Sougland Gie\u00dferei","isPartOf":{"@id":"https:\/\/fonderiesdesougland.fr\/de\/#website"},"datePublished":"2016-12-23T08:34:17+00:00","dateModified":"2017-01-16T09:41:26+00:00","breadcrumb":{"@id":"https:\/\/fonderiesdesougland.fr\/de\/die-gieserei\/guten\/#breadcrumb"},"inLanguage":"fr-FR","potentialAction":[{"@type":"ReadAction","target":["https:\/\/fonderiesdesougland.fr\/de\/die-gieserei\/guten\/"]}]},{"@type":"BreadcrumbList","@id":"https:\/\/fonderiesdesougland.fr\/de\/die-gieserei\/guten\/#breadcrumb","itemListElement":[{"@type":"ListItem","position":1,"name":"Accueil","item":"https:\/\/fonderiesdesougland.fr\/de\/"},{"@type":"ListItem","position":2,"name":"Die Gie\u00dferei","item":"https:\/\/fonderiesdesougland.fr\/de\/die-gieserei\/"},{"@type":"ListItem","position":3,"name":"Gusseisen- und Stahlsorten"}]},{"@type":"WebSite","@id":"https:\/\/fonderiesdesougland.fr\/de\/#website","url":"https:\/\/fonderiesdesougland.fr\/de\/","name":"Sougland Gie\u00dferei","description":"","potentialAction":[{"@type":"SearchAction","target":{"@type":"EntryPoint","urlTemplate":"https:\/\/fonderiesdesougland.fr\/de\/?s={search_term_string}"},"query-input":{"@type":"PropertyValueSpecification","valueRequired":true,"valueName":"search_term_string"}}],"inLanguage":"fr-FR"}]}},"_links":{"self":[{"href":"https:\/\/fonderiesdesougland.fr\/de\/wp-json\/wp\/v2\/pages\/43","targetHints":{"allow":["GET"]}}],"collection":[{"href":"https:\/\/fonderiesdesougland.fr\/de\/wp-json\/wp\/v2\/pages"}],"about":[{"href":"https:\/\/fonderiesdesougland.fr\/de\/wp-json\/wp\/v2\/types\/page"}],"author":[{"embeddable":true,"href":"https:\/\/fonderiesdesougland.fr\/de\/wp-json\/wp\/v2\/users\/1"}],"replies":[{"embeddable":true,"href":"https:\/\/fonderiesdesougland.fr\/de\/wp-json\/wp\/v2\/comments?post=43"}],"version-history":[{"count":14,"href":"https:\/\/fonderiesdesougland.fr\/de\/wp-json\/wp\/v2\/pages\/43\/revisions"}],"predecessor-version":[{"id":1020,"href":"https:\/\/fonderiesdesougland.fr\/de\/wp-json\/wp\/v2\/pages\/43\/revisions\/1020"}],"up":[{"embeddable":true,"href":"https:\/\/fonderiesdesougland.fr\/de\/wp-json\/wp\/v2\/pages\/33"}],"wp:attachment":[{"href":"https:\/\/fonderiesdesougland.fr\/de\/wp-json\/wp\/v2\/media?parent=43"}],"curies":[{"name":"wp","href":"https:\/\/api.w.org\/{rel}","templated":true}]}}