{"id":437,"date":"2016-12-05T11:10:14","date_gmt":"2016-12-05T10:10:14","guid":{"rendered":"https:\/\/fonderiesdesougland.fr\/de\/?page_id=437"},"modified":"2017-01-25T11:25:08","modified_gmt":"2017-01-25T10:25:08","slug":"sie-mochten-ein-bauteil-verbessern-fe-auflagen-losungen","status":"publish","type":"page","link":"https:\/\/fonderiesdesougland.fr\/de\/sie-mochten-ein-bauteil-verbessern-fe-auflagen-losungen\/","title":{"rendered":"F&#038;E &#8211; Auflagen &#038; L\u00f6sungen"},"content":{"rendered":"<div id=\"pl-437\"  class=\"panel-layout\" ><div id=\"pg-437-0\"  class=\"panel-grid panel-no-style\" ><div id=\"pgc-437-0-0\"  class=\"panel-grid-cell\" ><div id=\"panel-437-0-0-0\" class=\"so-panel widget widget_sow-editor panel-first-child panel-last-child\" data-index=\"0\" ><div\n\t\t\t\n\t\t\tclass=\"so-widget-sow-editor so-widget-sow-editor-base\"\n\t\t\t\n\t\t>\n<div class=\"siteorigin-widget-tinymce textwidget\">\n\t<p>Haben sie ein Problem oder m\u00f6chten Sie die Leistungen eines Bauteils verbessern? Unsere F&amp;E-Abteilung erg\u00e4nzt die \u00c4nderungen unseres Entwicklungsb\u00fcros und gibt die f\u00fcr die Herstellung neuer Teile ausgew\u00e4hlten Materialsorten frei.<\/p>\n<\/div>\n<\/div><\/div><\/div><\/div><div id=\"pg-437-1\"  class=\"panel-grid panel-no-style\" ><div id=\"pgc-437-1-0\"  class=\"panel-grid-cell\" ><div id=\"panel-437-1-0-0\" class=\"so-panel widget widget_sow-image panel-first-child panel-last-child\" data-index=\"1\" ><div\n\t\t\t\n\t\t\tclass=\"so-widget-sow-image so-widget-sow-image-default-8b5b6f678277-437\"\n\t\t\t\n\t\t>\n<div class=\"sow-image-container\">\n\t\t\t<a href=\"https:\/\/fonderiesdesougland.fr\/de\/wp-content\/uploads\/sites\/5\/2016\/12\/img-produire-rd-2-1.jpg\"\n\t\t\t\t\t>\n\t\t\t<img \n\tsrc=\"https:\/\/fonderiesdesougland.fr\/de\/wp-content\/uploads\/sites\/5\/2016\/12\/img-produire-rd-2-1.jpg\" width=\"1024\" height=\"941\" srcset=\"https:\/\/fonderiesdesougland.fr\/de\/wp-content\/uploads\/sites\/5\/2016\/12\/img-produire-rd-2-1.jpg 1024w, https:\/\/fonderiesdesougland.fr\/de\/wp-content\/uploads\/sites\/5\/2016\/12\/img-produire-rd-2-1-300x276.jpg 300w, https:\/\/fonderiesdesougland.fr\/de\/wp-content\/uploads\/sites\/5\/2016\/12\/img-produire-rd-2-1-768x706.jpg 768w\" sizes=\"(max-width: 1024px) 100vw, 1024px\" title=\"img-produire-rd-2\" alt=\"\" \t\tclass=\"so-widget-image\"\/>\n\t\t\t<\/a><\/div>\n\n<\/div><\/div><\/div><div id=\"pgc-437-1-1\"  class=\"panel-grid-cell\" ><div id=\"panel-437-1-1-0\" class=\"so-panel widget widget_sow-editor panel-first-child panel-last-child\" data-index=\"2\" ><div\n\t\t\t\n\t\t\tclass=\"so-widget-sow-editor so-widget-sow-editor-base\"\n\t\t\t\n\t\t>\n<div class=\"siteorigin-widget-tinymce textwidget\">\n\t<p>Design, Fertigungsverfahren aber auch der metallurgische Aspekt des Teils h\u00e4ngen voneinander ab und erfordern ein globale Optimierung.<\/p>\n<p>\u00a0<\/p>\n<p><em>Nebenstehend :<\/em><br \/><em>Probe\u00a0aus hitzebest\u00e4ndigem Stahl nach einer Hitzekorrosionspr\u00fcfung<\/em><\/p>\n<div id=\"link64_adl_tabid\" style=\"display: none;\" data-url=\"https:\/\/fonderiesdesougland.fr\/de\/wp-admin\/post.php?post=437&amp;action=edit\">228<\/div>\n<\/div>\n<\/div><\/div><\/div><\/div><div id=\"pg-437-2\"  class=\"panel-grid panel-no-style\" ><div id=\"pgc-437-2-0\"  class=\"panel-grid-cell\" ><div id=\"panel-437-2-0-0\" class=\"so-panel widget widget_sow-image panel-first-child panel-last-child\" data-index=\"3\" ><div\n\t\t\t\n\t\t\tclass=\"so-widget-sow-image so-widget-sow-image-default-8b5b6f678277-437\"\n\t\t\t\n\t\t>\n<div class=\"sow-image-container\">\n\t\t\t<a href=\"https:\/\/fonderiesdesougland.fr\/de\/wp-content\/uploads\/sites\/5\/2016\/12\/img-produire-rd-2-1-1.jpg\"\n\t\t\t\t\t>\n\t\t\t<img \n\tsrc=\"https:\/\/fonderiesdesougland.fr\/de\/wp-content\/uploads\/sites\/5\/2016\/12\/img-produire-rd-2-1-1.jpg\" width=\"1024\" height=\"941\" srcset=\"https:\/\/fonderiesdesougland.fr\/de\/wp-content\/uploads\/sites\/5\/2016\/12\/img-produire-rd-2-1-1.jpg 1024w, https:\/\/fonderiesdesougland.fr\/de\/wp-content\/uploads\/sites\/5\/2016\/12\/img-produire-rd-2-1-1-300x276.jpg 300w, https:\/\/fonderiesdesougland.fr\/de\/wp-content\/uploads\/sites\/5\/2016\/12\/img-produire-rd-2-1-1-768x706.jpg 768w\" sizes=\"(max-width: 1024px) 100vw, 1024px\" title=\"img-produire-rd-2-1\" alt=\"\" \t\tclass=\"so-widget-image\"\/>\n\t\t\t<\/a><\/div>\n\n<\/div><\/div><\/div><div id=\"pgc-437-2-1\"  class=\"panel-grid-cell\" ><div id=\"panel-437-2-1-0\" class=\"so-panel widget widget_sow-editor panel-first-child panel-last-child\" data-index=\"4\" ><div\n\t\t\t\n\t\t\tclass=\"so-widget-sow-editor so-widget-sow-editor-base\"\n\t\t\t\n\t\t>\n<div class=\"siteorigin-widget-tinymce textwidget\">\n\t<p>Dank unserer Expertise und unseren technischen Mitteln k\u00f6nnen wir Ihnen Gusseisen und Stahlsorten anbieten, die sich f\u00fcr Ihre Gebrauchsbedingungen, die gesuchten Leistungen und das Design des Teils optimal eignen. Pr\u00fcfungen im Labor oder in natura erm\u00f6glichen die Validierung dieser Wahl und die Gew\u00e4hrleistung der Eigenschaften neuer Teile.<\/p>\n<p>\u00a0<\/p>\n<p><em>Nebenstehend :<\/em><br \/>Probe\u00a0mit einer abge\u00e4nderten Stahlsorten\u00a0nach einer Hitzekorrosionspr\u00fcfung<\/p>\n<div id=\"link64_adl_tabid\" style=\"display: none;\" data-url=\"https:\/\/fonderiesdesougland.fr\/de\/wp-admin\/post.php?post=437&amp;action=edit\">226<\/div>\n<\/div>\n<\/div><\/div><\/div><\/div><\/div>","protected":false},"excerpt":{"rendered":"<p>Haben sie ein Problem oder m\u00f6chten Sie die Leistungen eines Bauteils verbessern? Unsere F&amp;E-Abteilung erg\u00e4nzt die \u00c4nderungen unseres Entwicklungsb\u00fcros und gibt die f\u00fcr die Herstellung neuer Teile ausgew\u00e4hlten Materialsorten frei. Design, Fertigungsverfahren aber auch der metallurgische Aspekt des Teils h\u00e4ngen voneinander ab und erfordern ein globale Optimierung.\u00a0Nebenstehend :Probe\u00a0aus hitzebest\u00e4ndigem Stahl nach einer Hitzekorrosionspr\u00fcfung228<\/p>\n","protected":false},"author":1,"featured_media":0,"parent":0,"menu_order":0,"comment_status":"closed","ping_status":"closed","template":"mp-single-simulateur.php","meta":{"_acf_changed":false,"footnotes":""},"class_list":["post-437","page","type-page","status-publish","hentry"],"acf":[],"yoast_head":"<!-- This site is optimized with the Yoast SEO plugin v27.5 - https:\/\/yoast.com\/product\/yoast-seo-wordpress\/ -->\n<title>F&amp;E - Auflagen &amp; L\u00f6sungen - Sougland Gie\u00dferei<\/title>\n<meta name=\"robots\" content=\"index, follow, max-snippet:-1, max-image-preview:large, max-video-preview:-1\" \/>\n<link rel=\"canonical\" href=\"https:\/\/fonderiesdesougland.fr\/de\/sie-mochten-ein-bauteil-verbessern-fe-auflagen-losungen\/\" \/>\n<meta property=\"og:locale\" content=\"fr_FR\" \/>\n<meta property=\"og:type\" content=\"article\" \/>\n<meta property=\"og:title\" content=\"F&amp;E - Auflagen &amp; L\u00f6sungen - Sougland Gie\u00dferei\" \/>\n<meta property=\"og:description\" content=\"Haben sie ein Problem oder m\u00f6chten Sie die Leistungen eines Bauteils verbessern? Unsere F&amp;E-Abteilung erg\u00e4nzt die \u00c4nderungen unseres Entwicklungsb\u00fcros und gibt die f\u00fcr die Herstellung neuer Teile ausgew\u00e4hlten Materialsorten frei. Design, Fertigungsverfahren aber auch der metallurgische Aspekt des Teils h\u00e4ngen voneinander ab und erfordern ein globale Optimierung.\u00a0Nebenstehend :Probe\u00a0aus hitzebest\u00e4ndigem Stahl nach einer Hitzekorrosionspr\u00fcfung228\" \/>\n<meta property=\"og:url\" content=\"https:\/\/fonderiesdesougland.fr\/de\/sie-mochten-ein-bauteil-verbessern-fe-auflagen-losungen\/\" \/>\n<meta property=\"og:site_name\" content=\"Sougland Gie\u00dferei\" \/>\n<meta property=\"article:modified_time\" content=\"2017-01-25T10:25:08+00:00\" \/>\n<meta property=\"og:image\" content=\"https:\/\/fonderiesdesougland.fr\/de\/wp-content\/uploads\/sites\/5\/2016\/12\/sougland-rd-img-2.jpg\" \/>\n<meta name=\"twitter:card\" content=\"summary_large_image\" \/>\n<meta name=\"twitter:label1\" content=\"Dur\u00e9e de lecture estim\u00e9e\" \/>\n\t<meta name=\"twitter:data1\" content=\"1 minute\" \/>\n<script type=\"application\/ld+json\" class=\"yoast-schema-graph\">{\"@context\":\"https:\\\/\\\/schema.org\",\"@graph\":[{\"@type\":\"WebPage\",\"@id\":\"https:\\\/\\\/fonderiesdesougland.fr\\\/de\\\/sie-mochten-ein-bauteil-verbessern-fe-auflagen-losungen\\\/\",\"url\":\"https:\\\/\\\/fonderiesdesougland.fr\\\/de\\\/sie-mochten-ein-bauteil-verbessern-fe-auflagen-losungen\\\/\",\"name\":\"F&E - Auflagen & L\u00f6sungen - Sougland Gie\u00dferei\",\"isPartOf\":{\"@id\":\"https:\\\/\\\/fonderiesdesougland.fr\\\/de\\\/#website\"},\"primaryImageOfPage\":{\"@id\":\"https:\\\/\\\/fonderiesdesougland.fr\\\/de\\\/sie-mochten-ein-bauteil-verbessern-fe-auflagen-losungen\\\/#primaryimage\"},\"image\":{\"@id\":\"https:\\\/\\\/fonderiesdesougland.fr\\\/de\\\/sie-mochten-ein-bauteil-verbessern-fe-auflagen-losungen\\\/#primaryimage\"},\"thumbnailUrl\":\"https:\\\/\\\/fonderiesdesougland.fr\\\/de\\\/wp-content\\\/uploads\\\/sites\\\/5\\\/2016\\\/12\\\/sougland-rd-img-2.jpg\",\"datePublished\":\"2016-12-05T10:10:14+00:00\",\"dateModified\":\"2017-01-25T10:25:08+00:00\",\"breadcrumb\":{\"@id\":\"https:\\\/\\\/fonderiesdesougland.fr\\\/de\\\/sie-mochten-ein-bauteil-verbessern-fe-auflagen-losungen\\\/#breadcrumb\"},\"inLanguage\":\"fr-FR\",\"potentialAction\":[{\"@type\":\"ReadAction\",\"target\":[\"https:\\\/\\\/fonderiesdesougland.fr\\\/de\\\/sie-mochten-ein-bauteil-verbessern-fe-auflagen-losungen\\\/\"]}]},{\"@type\":\"ImageObject\",\"inLanguage\":\"fr-FR\",\"@id\":\"https:\\\/\\\/fonderiesdesougland.fr\\\/de\\\/sie-mochten-ein-bauteil-verbessern-fe-auflagen-losungen\\\/#primaryimage\",\"url\":\"https:\\\/\\\/fonderiesdesougland.fr\\\/de\\\/wp-content\\\/uploads\\\/sites\\\/5\\\/2016\\\/12\\\/sougland-rd-img-2.jpg\",\"contentUrl\":\"https:\\\/\\\/fonderiesdesougland.fr\\\/de\\\/wp-content\\\/uploads\\\/sites\\\/5\\\/2016\\\/12\\\/sougland-rd-img-2.jpg\",\"width\":800,\"height\":600},{\"@type\":\"BreadcrumbList\",\"@id\":\"https:\\\/\\\/fonderiesdesougland.fr\\\/de\\\/sie-mochten-ein-bauteil-verbessern-fe-auflagen-losungen\\\/#breadcrumb\",\"itemListElement\":[{\"@type\":\"ListItem\",\"position\":1,\"name\":\"Accueil\",\"item\":\"https:\\\/\\\/fonderiesdesougland.fr\\\/de\\\/\"},{\"@type\":\"ListItem\",\"position\":2,\"name\":\"F&#038;E &#8211; Auflagen &#038; L\u00f6sungen\"}]},{\"@type\":\"WebSite\",\"@id\":\"https:\\\/\\\/fonderiesdesougland.fr\\\/de\\\/#website\",\"url\":\"https:\\\/\\\/fonderiesdesougland.fr\\\/de\\\/\",\"name\":\"Sougland Gie\u00dferei\",\"description\":\"\",\"potentialAction\":[{\"@type\":\"SearchAction\",\"target\":{\"@type\":\"EntryPoint\",\"urlTemplate\":\"https:\\\/\\\/fonderiesdesougland.fr\\\/de\\\/?s={search_term_string}\"},\"query-input\":{\"@type\":\"PropertyValueSpecification\",\"valueRequired\":true,\"valueName\":\"search_term_string\"}}],\"inLanguage\":\"fr-FR\"}]}<\/script>\n<!-- \/ Yoast SEO plugin. -->","yoast_head_json":{"title":"F&E - Auflagen & L\u00f6sungen - Sougland Gie\u00dferei","robots":{"index":"index","follow":"follow","max-snippet":"max-snippet:-1","max-image-preview":"max-image-preview:large","max-video-preview":"max-video-preview:-1"},"canonical":"https:\/\/fonderiesdesougland.fr\/de\/sie-mochten-ein-bauteil-verbessern-fe-auflagen-losungen\/","og_locale":"fr_FR","og_type":"article","og_title":"F&E - Auflagen & L\u00f6sungen - Sougland Gie\u00dferei","og_description":"Haben sie ein Problem oder m\u00f6chten Sie die Leistungen eines Bauteils verbessern? Unsere F&amp;E-Abteilung erg\u00e4nzt die \u00c4nderungen unseres Entwicklungsb\u00fcros und gibt die f\u00fcr die Herstellung neuer Teile ausgew\u00e4hlten Materialsorten frei. Design, Fertigungsverfahren aber auch der metallurgische Aspekt des Teils h\u00e4ngen voneinander ab und erfordern ein globale Optimierung.\u00a0Nebenstehend :Probe\u00a0aus hitzebest\u00e4ndigem Stahl nach einer Hitzekorrosionspr\u00fcfung228","og_url":"https:\/\/fonderiesdesougland.fr\/de\/sie-mochten-ein-bauteil-verbessern-fe-auflagen-losungen\/","og_site_name":"Sougland Gie\u00dferei","article_modified_time":"2017-01-25T10:25:08+00:00","og_image":[{"url":"https:\/\/fonderiesdesougland.fr\/de\/wp-content\/uploads\/sites\/5\/2016\/12\/sougland-rd-img-2.jpg","type":"","width":"","height":""}],"twitter_card":"summary_large_image","twitter_misc":{"Dur\u00e9e de lecture estim\u00e9e":"1 minute"},"schema":{"@context":"https:\/\/schema.org","@graph":[{"@type":"WebPage","@id":"https:\/\/fonderiesdesougland.fr\/de\/sie-mochten-ein-bauteil-verbessern-fe-auflagen-losungen\/","url":"https:\/\/fonderiesdesougland.fr\/de\/sie-mochten-ein-bauteil-verbessern-fe-auflagen-losungen\/","name":"F&E - Auflagen & L\u00f6sungen - Sougland Gie\u00dferei","isPartOf":{"@id":"https:\/\/fonderiesdesougland.fr\/de\/#website"},"primaryImageOfPage":{"@id":"https:\/\/fonderiesdesougland.fr\/de\/sie-mochten-ein-bauteil-verbessern-fe-auflagen-losungen\/#primaryimage"},"image":{"@id":"https:\/\/fonderiesdesougland.fr\/de\/sie-mochten-ein-bauteil-verbessern-fe-auflagen-losungen\/#primaryimage"},"thumbnailUrl":"https:\/\/fonderiesdesougland.fr\/de\/wp-content\/uploads\/sites\/5\/2016\/12\/sougland-rd-img-2.jpg","datePublished":"2016-12-05T10:10:14+00:00","dateModified":"2017-01-25T10:25:08+00:00","breadcrumb":{"@id":"https:\/\/fonderiesdesougland.fr\/de\/sie-mochten-ein-bauteil-verbessern-fe-auflagen-losungen\/#breadcrumb"},"inLanguage":"fr-FR","potentialAction":[{"@type":"ReadAction","target":["https:\/\/fonderiesdesougland.fr\/de\/sie-mochten-ein-bauteil-verbessern-fe-auflagen-losungen\/"]}]},{"@type":"ImageObject","inLanguage":"fr-FR","@id":"https:\/\/fonderiesdesougland.fr\/de\/sie-mochten-ein-bauteil-verbessern-fe-auflagen-losungen\/#primaryimage","url":"https:\/\/fonderiesdesougland.fr\/de\/wp-content\/uploads\/sites\/5\/2016\/12\/sougland-rd-img-2.jpg","contentUrl":"https:\/\/fonderiesdesougland.fr\/de\/wp-content\/uploads\/sites\/5\/2016\/12\/sougland-rd-img-2.jpg","width":800,"height":600},{"@type":"BreadcrumbList","@id":"https:\/\/fonderiesdesougland.fr\/de\/sie-mochten-ein-bauteil-verbessern-fe-auflagen-losungen\/#breadcrumb","itemListElement":[{"@type":"ListItem","position":1,"name":"Accueil","item":"https:\/\/fonderiesdesougland.fr\/de\/"},{"@type":"ListItem","position":2,"name":"F&#038;E &#8211; Auflagen &#038; L\u00f6sungen"}]},{"@type":"WebSite","@id":"https:\/\/fonderiesdesougland.fr\/de\/#website","url":"https:\/\/fonderiesdesougland.fr\/de\/","name":"Sougland Gie\u00dferei","description":"","potentialAction":[{"@type":"SearchAction","target":{"@type":"EntryPoint","urlTemplate":"https:\/\/fonderiesdesougland.fr\/de\/?s={search_term_string}"},"query-input":{"@type":"PropertyValueSpecification","valueRequired":true,"valueName":"search_term_string"}}],"inLanguage":"fr-FR"}]}},"_links":{"self":[{"href":"https:\/\/fonderiesdesougland.fr\/de\/wp-json\/wp\/v2\/pages\/437","targetHints":{"allow":["GET"]}}],"collection":[{"href":"https:\/\/fonderiesdesougland.fr\/de\/wp-json\/wp\/v2\/pages"}],"about":[{"href":"https:\/\/fonderiesdesougland.fr\/de\/wp-json\/wp\/v2\/types\/page"}],"author":[{"embeddable":true,"href":"https:\/\/fonderiesdesougland.fr\/de\/wp-json\/wp\/v2\/users\/1"}],"replies":[{"embeddable":true,"href":"https:\/\/fonderiesdesougland.fr\/de\/wp-json\/wp\/v2\/comments?post=437"}],"version-history":[{"count":8,"href":"https:\/\/fonderiesdesougland.fr\/de\/wp-json\/wp\/v2\/pages\/437\/revisions"}],"predecessor-version":[{"id":970,"href":"https:\/\/fonderiesdesougland.fr\/de\/wp-json\/wp\/v2\/pages\/437\/revisions\/970"}],"wp:attachment":[{"href":"https:\/\/fonderiesdesougland.fr\/de\/wp-json\/wp\/v2\/media?parent=437"}],"curies":[{"name":"wp","href":"https:\/\/api.w.org\/{rel}","templated":true}]}}