{"id":454,"date":"2016-12-06T13:28:29","date_gmt":"2016-12-06T12:28:29","guid":{"rendered":"https:\/\/fonderiesdesougland.fr\/de\/?page_id=454"},"modified":"2017-01-16T10:50:08","modified_gmt":"2017-01-16T09:50:08","slug":"sie-planen-ein-projekt-consulting-consulting-begleitung","status":"publish","type":"page","link":"https:\/\/fonderiesdesougland.fr\/de\/sie-planen-ein-projekt-consulting-consulting-begleitung\/","title":{"rendered":"Consulting &#8211; Consulting &#038; Begleitung"},"content":{"rendered":"<div id=\"pl-454\"  class=\"panel-layout\" ><div id=\"pg-454-0\"  class=\"panel-grid panel-no-style\" ><div id=\"pgc-454-0-0\"  class=\"panel-grid-cell\" ><div id=\"panel-454-0-0-0\" class=\"so-panel widget widget_sow-image panel-first-child\" data-index=\"0\" ><div\n\t\t\t\n\t\t\tclass=\"so-widget-sow-image so-widget-sow-image-default-8b5b6f678277-454\"\n\t\t\t\n\t\t>\n<div class=\"sow-image-container\">\n\t\t\t<a href=\"https:\/\/fonderiesdesougland.fr\/wp-content\/uploads\/2016\/09\/sougland-be-img-2.jpg\"\n\t\t\t\t\t>\n\t\t\t<img \n\tsrc=\"https:\/\/fonderiesdesougland.fr\/de\/wp-content\/uploads\/sites\/5\/2016\/09\/sougland-be-img-2.jpg\" width=\"800\" height=\"600\" srcset=\"https:\/\/fonderiesdesougland.fr\/de\/wp-content\/uploads\/sites\/5\/2016\/09\/sougland-be-img-2.jpg 800w, https:\/\/fonderiesdesougland.fr\/de\/wp-content\/uploads\/sites\/5\/2016\/09\/sougland-be-img-2-300x225.jpg 300w, https:\/\/fonderiesdesougland.fr\/de\/wp-content\/uploads\/sites\/5\/2016\/09\/sougland-be-img-2-768x576.jpg 768w\" sizes=\"(max-width: 800px) 100vw, 800px\" alt=\"\" \t\tclass=\"so-widget-image\"\/>\n\t\t\t<\/a><\/div>\n\n<\/div><\/div><div id=\"panel-454-0-0-1\" class=\"so-panel widget widget_sow-image\" data-index=\"1\" ><div\n\t\t\t\n\t\t\tclass=\"so-widget-sow-image so-widget-sow-image-default-8b5b6f678277-454\"\n\t\t\t\n\t\t>\n<div class=\"sow-image-container\">\n\t\t\t<a href=\"https:\/\/fonderiesdesougland.fr\/wp-content\/uploads\/2016\/12\/img-sougland-vous-avez-un-projet-1.jpg\"\n\t\t\t\t\t>\n\t\t\t<img \n\tsrc=\"https:\/\/fonderiesdesougland.fr\/de\/wp-content\/uploads\/sites\/5\/2016\/12\/img-sougland-vous-avez-un-projet-1.jpg\" width=\"800\" height=\"600\" srcset=\"https:\/\/fonderiesdesougland.fr\/de\/wp-content\/uploads\/sites\/5\/2016\/12\/img-sougland-vous-avez-un-projet-1.jpg 800w, https:\/\/fonderiesdesougland.fr\/de\/wp-content\/uploads\/sites\/5\/2016\/12\/img-sougland-vous-avez-un-projet-1-300x225.jpg 300w, https:\/\/fonderiesdesougland.fr\/de\/wp-content\/uploads\/sites\/5\/2016\/12\/img-sougland-vous-avez-un-projet-1-768x576.jpg 768w\" sizes=\"(max-width: 800px) 100vw, 800px\" alt=\"\" \t\tclass=\"so-widget-image\"\/>\n\t\t\t<\/a><\/div>\n\n<\/div><\/div><div id=\"panel-454-0-0-2\" class=\"so-panel widget widget_sow-image panel-last-child\" data-index=\"2\" ><div\n\t\t\t\n\t\t\tclass=\"so-widget-sow-image so-widget-sow-image-default-8b5b6f678277-454\"\n\t\t\t\n\t\t>\n<div class=\"sow-image-container\">\n\t\t\t<a href=\"https:\/\/fonderiesdesougland.fr\/wp-content\/uploads\/2016\/12\/img-sougland-vous-avez-un-projet-2.jpg\"\n\t\t\t\t\t>\n\t\t\t<img \n\tsrc=\"https:\/\/fonderiesdesougland.fr\/de\/wp-content\/uploads\/sites\/5\/2016\/12\/img-sougland-vous-avez-un-projet-2.jpg\" width=\"800\" height=\"600\" srcset=\"https:\/\/fonderiesdesougland.fr\/de\/wp-content\/uploads\/sites\/5\/2016\/12\/img-sougland-vous-avez-un-projet-2.jpg 800w, https:\/\/fonderiesdesougland.fr\/de\/wp-content\/uploads\/sites\/5\/2016\/12\/img-sougland-vous-avez-un-projet-2-300x225.jpg 300w, https:\/\/fonderiesdesougland.fr\/de\/wp-content\/uploads\/sites\/5\/2016\/12\/img-sougland-vous-avez-un-projet-2-768x576.jpg 768w\" sizes=\"(max-width: 800px) 100vw, 800px\" alt=\"\" \t\tclass=\"so-widget-image\"\/>\n\t\t\t<\/a><\/div>\n\n<\/div><\/div><\/div><div id=\"pgc-454-0-1\"  class=\"panel-grid-cell\" ><div id=\"panel-454-0-1-0\" class=\"so-panel widget widget_sow-editor panel-first-child\" data-index=\"3\" ><div\n\t\t\t\n\t\t\tclass=\"so-widget-sow-editor so-widget-sow-editor-base\"\n\t\t\t\n\t\t>\n<div class=\"siteorigin-widget-tinymce textwidget\">\n\t<p>Unsere Ingenieure und Techniker analysieren zusammen mit Ihnen und unseren Forschungs- und Entwicklungsteams die Durchf\u00fchrbarkeit Ihres <strong>Projekts im Hinblick auf Ihren Bedarf. (aus einer Idee, einem Bauteil, einem Lastenheft, einem Plan, einer CAD-Datei)<\/strong> und ber\u00fccksichtigen dabei die technischen Auflagen Ihres Projekts sowie die erforderlichen Ressourcen.<\/p>\n<p>Wir arbeiten eine detaillierte L\u00f6sung aus, in der folgendes ber\u00fccksichtigt wird :<\/p>\n<ul>\n<li>die voraussichtlichen Kosten<\/li>\n<li>die Qualit\u00e4tsanforderungen<\/li>\n<li>die Herstellungsfristen<\/li>\n<li>der technisch-wirtschaftliche Kontext<\/li>\n<li>der Projektentwurf und die Zeitplanung des Projekts<\/li>\n<\/ul>\n<div id=\"link64_adl_tabid\" style=\"display: none;\" data-url=\"https:\/\/fonderiesdesougland.fr\/de\/wp-admin\/post.php?post=454&amp;action=edit\">169<\/div>\n<\/div>\n<\/div><\/div><div id=\"panel-454-0-1-1\" class=\"so-panel widget widget_sow-editor\" data-index=\"4\" ><div\n\t\t\t\n\t\t\tclass=\"so-widget-sow-editor so-widget-sow-editor-base\"\n\t\t\t\n\t\t>\n<div class=\"siteorigin-widget-tinymce textwidget\">\n\t<p style=\"text-align: justify;\">Wir beraten unsere Kunden bei <strong>Fertigungsstudien oder integrierten Leistungen<\/strong> (mit Bearbeitung und Montage beispielsweise). Wir begleiten unsere Kunden bei <strong>Arbeitsbesprechungen mit ihren Abteilungen<\/strong> (BE, F&amp;E, Marketing, Vertrieb usw...) sowie bei Pr\u00e4sentationen der Bauteile und Baugruppen.<\/p>\n<p style=\"text-align: justify;\">Wir k\u00f6nnen Sie ferner <strong>bei technisch-kaufm\u00e4nnischen Gespr\u00e4chen mit Ihren Kunden, Leistungserbringern und Lieferanten unterst\u00fctzen<\/strong>.<\/p>\n<div id=\"link64_adl_tabid\" style=\"display: none;\" data-url=\"https:\/\/fonderiesdesougland.fr\/de\/wp-admin\/post.php?post=454&amp;action=edit\">217<\/div>\n<\/div>\n<\/div><\/div><div id=\"panel-454-0-1-2\" class=\"so-panel widget widget_sow-editor panel-last-child\" data-index=\"5\" ><div\n\t\t\t\n\t\t\tclass=\"so-widget-sow-editor so-widget-sow-editor-base\"\n\t\t\t\n\t\t>\n<div class=\"siteorigin-widget-tinymce textwidget\">\n\t<p>Sie k\u00f6nnen in der Entwicklungsphase jederzeit auf unsere Gie\u00dferei-Erfahrung zur\u00fcckgreifen, um machbare L\u00f6sungen schneller und kostensparend umzusetzen. Durch das gezielte Umsetzen von Kundenbed\u00fcrfnissen und unsere Erfahrung kn\u00fcpfen wir langj\u00e4hrige und verbindliche partnerschaftliche Beziehungen und geben Ihnen die M\u00f6glichkeit, Ihre unternehmensinternen oder - externen Kunden zufrieden zu stellen.<\/p>\n<\/div>\n<\/div><\/div><\/div><\/div><\/div>","protected":false},"excerpt":{"rendered":"<p>Unsere Ingenieure und Techniker analysieren zusammen mit Ihnen und unseren Forschungs- und Entwicklungsteams die Durchf\u00fchrbarkeit Ihres Projekts im Hinblick auf Ihren Bedarf. (aus einer Idee, einem Bauteil, einem Lastenheft, einem Plan, einer CAD-Datei) und ber\u00fccksichtigen dabei die technischen Auflagen Ihres Projekts sowie die erforderlichen Ressourcen.Wir arbeiten eine detaillierte L\u00f6sung aus, in der folgendes ber\u00fccksichtigt wird [&hellip;]<\/p>\n","protected":false},"author":1,"featured_media":0,"parent":0,"menu_order":0,"comment_status":"closed","ping_status":"closed","template":"mp-single-simulateur.php","meta":{"_acf_changed":false,"footnotes":""},"class_list":["post-454","page","type-page","status-publish","hentry"],"acf":[],"yoast_head":"<!-- This site is optimized with the Yoast SEO plugin v27.5 - https:\/\/yoast.com\/product\/yoast-seo-wordpress\/ -->\n<title>Consulting - Consulting &amp; Begleitung - Sougland Gie\u00dferei<\/title>\n<meta name=\"robots\" content=\"index, follow, max-snippet:-1, max-image-preview:large, max-video-preview:-1\" \/>\n<link rel=\"canonical\" href=\"https:\/\/fonderiesdesougland.fr\/de\/sie-planen-ein-projekt-consulting-consulting-begleitung\/\" \/>\n<meta property=\"og:locale\" content=\"fr_FR\" \/>\n<meta property=\"og:type\" content=\"article\" \/>\n<meta property=\"og:title\" content=\"Consulting - Consulting &amp; Begleitung - Sougland Gie\u00dferei\" \/>\n<meta property=\"og:description\" content=\"Unsere Ingenieure und Techniker analysieren zusammen mit Ihnen und unseren Forschungs- und Entwicklungsteams die Durchf\u00fchrbarkeit Ihres Projekts im Hinblick auf Ihren Bedarf. (aus einer Idee, einem Bauteil, einem Lastenheft, einem Plan, einer CAD-Datei) und ber\u00fccksichtigen dabei die technischen Auflagen Ihres Projekts sowie die erforderlichen Ressourcen.Wir arbeiten eine detaillierte L\u00f6sung aus, in der folgendes ber\u00fccksichtigt wird [&hellip;]\" \/>\n<meta property=\"og:url\" content=\"https:\/\/fonderiesdesougland.fr\/de\/sie-planen-ein-projekt-consulting-consulting-begleitung\/\" \/>\n<meta property=\"og:site_name\" content=\"Sougland Gie\u00dferei\" \/>\n<meta property=\"article:modified_time\" content=\"2017-01-16T09:50:08+00:00\" \/>\n<meta property=\"og:image\" content=\"https:\/\/fonderiesdesougland.fr\/de\/wp-content\/uploads\/sites\/5\/2016\/09\/sougland-be-img-2.jpg\" \/>\n<meta name=\"twitter:card\" content=\"summary_large_image\" \/>\n<meta name=\"twitter:label1\" content=\"Dur\u00e9e de lecture estim\u00e9e\" \/>\n\t<meta name=\"twitter:data1\" content=\"1 minute\" \/>\n<script type=\"application\/ld+json\" class=\"yoast-schema-graph\">{\"@context\":\"https:\\\/\\\/schema.org\",\"@graph\":[{\"@type\":\"WebPage\",\"@id\":\"https:\\\/\\\/fonderiesdesougland.fr\\\/de\\\/sie-planen-ein-projekt-consulting-consulting-begleitung\\\/\",\"url\":\"https:\\\/\\\/fonderiesdesougland.fr\\\/de\\\/sie-planen-ein-projekt-consulting-consulting-begleitung\\\/\",\"name\":\"Consulting - Consulting & Begleitung - Sougland Gie\u00dferei\",\"isPartOf\":{\"@id\":\"https:\\\/\\\/fonderiesdesougland.fr\\\/de\\\/#website\"},\"primaryImageOfPage\":{\"@id\":\"https:\\\/\\\/fonderiesdesougland.fr\\\/de\\\/sie-planen-ein-projekt-consulting-consulting-begleitung\\\/#primaryimage\"},\"image\":{\"@id\":\"https:\\\/\\\/fonderiesdesougland.fr\\\/de\\\/sie-planen-ein-projekt-consulting-consulting-begleitung\\\/#primaryimage\"},\"thumbnailUrl\":\"https:\\\/\\\/fonderiesdesougland.fr\\\/de\\\/wp-content\\\/uploads\\\/sites\\\/5\\\/2016\\\/09\\\/sougland-be-img-2.jpg\",\"datePublished\":\"2016-12-06T12:28:29+00:00\",\"dateModified\":\"2017-01-16T09:50:08+00:00\",\"breadcrumb\":{\"@id\":\"https:\\\/\\\/fonderiesdesougland.fr\\\/de\\\/sie-planen-ein-projekt-consulting-consulting-begleitung\\\/#breadcrumb\"},\"inLanguage\":\"fr-FR\",\"potentialAction\":[{\"@type\":\"ReadAction\",\"target\":[\"https:\\\/\\\/fonderiesdesougland.fr\\\/de\\\/sie-planen-ein-projekt-consulting-consulting-begleitung\\\/\"]}]},{\"@type\":\"ImageObject\",\"inLanguage\":\"fr-FR\",\"@id\":\"https:\\\/\\\/fonderiesdesougland.fr\\\/de\\\/sie-planen-ein-projekt-consulting-consulting-begleitung\\\/#primaryimage\",\"url\":\"https:\\\/\\\/fonderiesdesougland.fr\\\/de\\\/wp-content\\\/uploads\\\/sites\\\/5\\\/2016\\\/09\\\/sougland-be-img-2.jpg\",\"contentUrl\":\"https:\\\/\\\/fonderiesdesougland.fr\\\/de\\\/wp-content\\\/uploads\\\/sites\\\/5\\\/2016\\\/09\\\/sougland-be-img-2.jpg\",\"width\":800,\"height\":600},{\"@type\":\"BreadcrumbList\",\"@id\":\"https:\\\/\\\/fonderiesdesougland.fr\\\/de\\\/sie-planen-ein-projekt-consulting-consulting-begleitung\\\/#breadcrumb\",\"itemListElement\":[{\"@type\":\"ListItem\",\"position\":1,\"name\":\"Accueil\",\"item\":\"https:\\\/\\\/fonderiesdesougland.fr\\\/de\\\/\"},{\"@type\":\"ListItem\",\"position\":2,\"name\":\"Consulting &#8211; Consulting &#038; Begleitung\"}]},{\"@type\":\"WebSite\",\"@id\":\"https:\\\/\\\/fonderiesdesougland.fr\\\/de\\\/#website\",\"url\":\"https:\\\/\\\/fonderiesdesougland.fr\\\/de\\\/\",\"name\":\"Sougland Gie\u00dferei\",\"description\":\"\",\"potentialAction\":[{\"@type\":\"SearchAction\",\"target\":{\"@type\":\"EntryPoint\",\"urlTemplate\":\"https:\\\/\\\/fonderiesdesougland.fr\\\/de\\\/?s={search_term_string}\"},\"query-input\":{\"@type\":\"PropertyValueSpecification\",\"valueRequired\":true,\"valueName\":\"search_term_string\"}}],\"inLanguage\":\"fr-FR\"}]}<\/script>\n<!-- \/ Yoast SEO plugin. -->","yoast_head_json":{"title":"Consulting - Consulting & Begleitung - Sougland Gie\u00dferei","robots":{"index":"index","follow":"follow","max-snippet":"max-snippet:-1","max-image-preview":"max-image-preview:large","max-video-preview":"max-video-preview:-1"},"canonical":"https:\/\/fonderiesdesougland.fr\/de\/sie-planen-ein-projekt-consulting-consulting-begleitung\/","og_locale":"fr_FR","og_type":"article","og_title":"Consulting - Consulting & Begleitung - Sougland Gie\u00dferei","og_description":"Unsere Ingenieure und Techniker analysieren zusammen mit Ihnen und unseren Forschungs- und Entwicklungsteams die Durchf\u00fchrbarkeit Ihres Projekts im Hinblick auf Ihren Bedarf. (aus einer Idee, einem Bauteil, einem Lastenheft, einem Plan, einer CAD-Datei) und ber\u00fccksichtigen dabei die technischen Auflagen Ihres Projekts sowie die erforderlichen Ressourcen.Wir arbeiten eine detaillierte L\u00f6sung aus, in der folgendes ber\u00fccksichtigt wird [&hellip;]","og_url":"https:\/\/fonderiesdesougland.fr\/de\/sie-planen-ein-projekt-consulting-consulting-begleitung\/","og_site_name":"Sougland Gie\u00dferei","article_modified_time":"2017-01-16T09:50:08+00:00","og_image":[{"url":"https:\/\/fonderiesdesougland.fr\/de\/wp-content\/uploads\/sites\/5\/2016\/09\/sougland-be-img-2.jpg","type":"","width":"","height":""}],"twitter_card":"summary_large_image","twitter_misc":{"Dur\u00e9e de lecture estim\u00e9e":"1 minute"},"schema":{"@context":"https:\/\/schema.org","@graph":[{"@type":"WebPage","@id":"https:\/\/fonderiesdesougland.fr\/de\/sie-planen-ein-projekt-consulting-consulting-begleitung\/","url":"https:\/\/fonderiesdesougland.fr\/de\/sie-planen-ein-projekt-consulting-consulting-begleitung\/","name":"Consulting - Consulting & Begleitung - Sougland Gie\u00dferei","isPartOf":{"@id":"https:\/\/fonderiesdesougland.fr\/de\/#website"},"primaryImageOfPage":{"@id":"https:\/\/fonderiesdesougland.fr\/de\/sie-planen-ein-projekt-consulting-consulting-begleitung\/#primaryimage"},"image":{"@id":"https:\/\/fonderiesdesougland.fr\/de\/sie-planen-ein-projekt-consulting-consulting-begleitung\/#primaryimage"},"thumbnailUrl":"https:\/\/fonderiesdesougland.fr\/de\/wp-content\/uploads\/sites\/5\/2016\/09\/sougland-be-img-2.jpg","datePublished":"2016-12-06T12:28:29+00:00","dateModified":"2017-01-16T09:50:08+00:00","breadcrumb":{"@id":"https:\/\/fonderiesdesougland.fr\/de\/sie-planen-ein-projekt-consulting-consulting-begleitung\/#breadcrumb"},"inLanguage":"fr-FR","potentialAction":[{"@type":"ReadAction","target":["https:\/\/fonderiesdesougland.fr\/de\/sie-planen-ein-projekt-consulting-consulting-begleitung\/"]}]},{"@type":"ImageObject","inLanguage":"fr-FR","@id":"https:\/\/fonderiesdesougland.fr\/de\/sie-planen-ein-projekt-consulting-consulting-begleitung\/#primaryimage","url":"https:\/\/fonderiesdesougland.fr\/de\/wp-content\/uploads\/sites\/5\/2016\/09\/sougland-be-img-2.jpg","contentUrl":"https:\/\/fonderiesdesougland.fr\/de\/wp-content\/uploads\/sites\/5\/2016\/09\/sougland-be-img-2.jpg","width":800,"height":600},{"@type":"BreadcrumbList","@id":"https:\/\/fonderiesdesougland.fr\/de\/sie-planen-ein-projekt-consulting-consulting-begleitung\/#breadcrumb","itemListElement":[{"@type":"ListItem","position":1,"name":"Accueil","item":"https:\/\/fonderiesdesougland.fr\/de\/"},{"@type":"ListItem","position":2,"name":"Consulting &#8211; Consulting &#038; Begleitung"}]},{"@type":"WebSite","@id":"https:\/\/fonderiesdesougland.fr\/de\/#website","url":"https:\/\/fonderiesdesougland.fr\/de\/","name":"Sougland Gie\u00dferei","description":"","potentialAction":[{"@type":"SearchAction","target":{"@type":"EntryPoint","urlTemplate":"https:\/\/fonderiesdesougland.fr\/de\/?s={search_term_string}"},"query-input":{"@type":"PropertyValueSpecification","valueRequired":true,"valueName":"search_term_string"}}],"inLanguage":"fr-FR"}]}},"_links":{"self":[{"href":"https:\/\/fonderiesdesougland.fr\/de\/wp-json\/wp\/v2\/pages\/454","targetHints":{"allow":["GET"]}}],"collection":[{"href":"https:\/\/fonderiesdesougland.fr\/de\/wp-json\/wp\/v2\/pages"}],"about":[{"href":"https:\/\/fonderiesdesougland.fr\/de\/wp-json\/wp\/v2\/types\/page"}],"author":[{"embeddable":true,"href":"https:\/\/fonderiesdesougland.fr\/de\/wp-json\/wp\/v2\/users\/1"}],"replies":[{"embeddable":true,"href":"https:\/\/fonderiesdesougland.fr\/de\/wp-json\/wp\/v2\/comments?post=454"}],"version-history":[{"count":10,"href":"https:\/\/fonderiesdesougland.fr\/de\/wp-json\/wp\/v2\/pages\/454\/revisions"}],"predecessor-version":[{"id":1003,"href":"https:\/\/fonderiesdesougland.fr\/de\/wp-json\/wp\/v2\/pages\/454\/revisions\/1003"}],"wp:attachment":[{"href":"https:\/\/fonderiesdesougland.fr\/de\/wp-json\/wp\/v2\/media?parent=454"}],"curies":[{"name":"wp","href":"https:\/\/api.w.org\/{rel}","templated":true}]}}