{"id":456,"date":"2016-12-06T13:41:33","date_gmt":"2016-12-06T12:41:33","guid":{"rendered":"https:\/\/fonderiesdesougland.fr\/de\/?page_id=456"},"modified":"2017-01-16T10:50:52","modified_gmt":"2017-01-16T09:50:52","slug":"sie-mochten-ein-bauteil-verbessern-consulting-consulting-begleitung","status":"publish","type":"page","link":"https:\/\/fonderiesdesougland.fr\/de\/sie-mochten-ein-bauteil-verbessern-consulting-consulting-begleitung\/","title":{"rendered":"Consulting &#8211; Consulting &#038; Begleitung"},"content":{"rendered":"<div id=\"pl-456\"  class=\"panel-layout\" ><div id=\"pg-456-0\"  class=\"panel-grid panel-no-style\" ><div id=\"pgc-456-0-0\"  class=\"panel-grid-cell\" ><div id=\"panel-456-0-0-0\" class=\"so-panel widget widget_sow-image panel-first-child\" data-index=\"0\" ><div\n\t\t\t\n\t\t\tclass=\"so-widget-sow-image so-widget-sow-image-default-8b5b6f678277-456\"\n\t\t\t\n\t\t>\n<div class=\"sow-image-container\">\n\t\t\t<a href=\"https:\/\/fonderiesdesougland.fr\/wp-content\/uploads\/2016\/09\/sougland-be-img-2.jpg\"\n\t\t\t\t\t>\n\t\t\t<img \n\tsrc=\"https:\/\/fonderiesdesougland.fr\/de\/wp-content\/uploads\/sites\/5\/2016\/09\/sougland-be-img-2.jpg\" width=\"800\" height=\"600\" srcset=\"https:\/\/fonderiesdesougland.fr\/de\/wp-content\/uploads\/sites\/5\/2016\/09\/sougland-be-img-2.jpg 800w, https:\/\/fonderiesdesougland.fr\/de\/wp-content\/uploads\/sites\/5\/2016\/09\/sougland-be-img-2-300x225.jpg 300w, https:\/\/fonderiesdesougland.fr\/de\/wp-content\/uploads\/sites\/5\/2016\/09\/sougland-be-img-2-768x576.jpg 768w\" sizes=\"(max-width: 800px) 100vw, 800px\" alt=\"\" \t\tclass=\"so-widget-image\"\/>\n\t\t\t<\/a><\/div>\n\n<\/div><\/div><div id=\"panel-456-0-0-1\" class=\"so-panel widget widget_sow-image panel-last-child\" data-index=\"1\" ><div\n\t\t\t\n\t\t\tclass=\"so-widget-sow-image so-widget-sow-image-default-8b5b6f678277-456\"\n\t\t\t\n\t\t>\n<div class=\"sow-image-container\">\n\t\t\t<a href=\"https:\/\/fonderiesdesougland.fr\/wp-content\/uploads\/2016\/12\/sougland-img-vous-voulez-ameliorer-2.jpg\"\n\t\t\t\t\t>\n\t\t\t<img \n\tsrc=\"https:\/\/fonderiesdesougland.fr\/de\/wp-content\/uploads\/sites\/5\/2016\/12\/sougland-img-vous-voulez-ameliorer-2.jpg\" width=\"800\" height=\"600\" srcset=\"https:\/\/fonderiesdesougland.fr\/de\/wp-content\/uploads\/sites\/5\/2016\/12\/sougland-img-vous-voulez-ameliorer-2.jpg 800w, https:\/\/fonderiesdesougland.fr\/de\/wp-content\/uploads\/sites\/5\/2016\/12\/sougland-img-vous-voulez-ameliorer-2-300x225.jpg 300w, https:\/\/fonderiesdesougland.fr\/de\/wp-content\/uploads\/sites\/5\/2016\/12\/sougland-img-vous-voulez-ameliorer-2-768x576.jpg 768w\" sizes=\"(max-width: 800px) 100vw, 800px\" alt=\"\" \t\tclass=\"so-widget-image\"\/>\n\t\t\t<\/a><\/div>\n\n<\/div><\/div><\/div><div id=\"pgc-456-0-1\"  class=\"panel-grid-cell\" ><div id=\"panel-456-0-1-0\" class=\"so-panel widget widget_sow-editor panel-first-child\" data-index=\"2\" ><div\n\t\t\t\n\t\t\tclass=\"so-widget-sow-editor so-widget-sow-editor-base\"\n\t\t\t\n\t\t>\n<div class=\"siteorigin-widget-tinymce textwidget\">\n\t<p style=\"text-align: justify;\">Durch das gezielte Umsetzen von Kundenbed\u00fcrfnissen und unsere Erfahrung analysieren unsere Ingenieure und Techniker mit Ihnen in Absprache mit unseren Forschungs- und Entwicklungsteams <strong>Ihre \u00c4nderungs-, Verbesserungs- oder Weiterverarbeitungsanfrage (mechanisch-verschwei\u00dftes Teil zu Gussteil)<\/strong>. Diese Untersuchungen werden unter Ber\u00fccksichtigung Ihres Lastenheftes durchgef\u00fchrt.<\/p>\n<p style=\"text-align: justify;\">Wir beraten Sie und unterbreiten Ihnen L\u00f6sungsvorschl\u00e4ge, bei denen <strong>Kosten, Qualit\u00e4t und Durchf\u00fchrungsfristen ber\u00fccksichtigt werden<\/strong>.<\/p>\n<div id=\"link64_adl_tabid\" style=\"display: none;\" data-url=\"https:\/\/fonderiesdesougland.fr\/de\/wp-admin\/post.php?post=456&amp;action=edit\">173<\/div>\n<\/div>\n<\/div><\/div><div id=\"panel-456-0-1-1\" class=\"so-panel widget widget_sow-editor\" data-index=\"3\" ><div\n\t\t\t\n\t\t\tclass=\"so-widget-sow-editor so-widget-sow-editor-base\"\n\t\t\t\n\t\t>\n<div class=\"siteorigin-widget-tinymce textwidget\">\n\t<p style=\"text-align: justify;\">Wir beraten unsere Kunden im Rahmen von Studien zur Verbesserung oder Weiterverarbeiten von Teilen. Wir unterst\u00fctzen unsere Kunden <strong>bei Arbeitsbesprechungen mit ihren Abteilungen<\/strong> (BE, F&amp;E, Marketing, Vertrieb usw.) sowie bei Pr\u00e4sentationen von Teilen und Baugruppen. Wir k\u00f6nnen Sie ferner bei <strong>technisch-kaufm\u00e4nnischen Gespr\u00e4chen mit Ihren Kunden, Leistungserbringern und Lieferanten unterst\u00fctzen<\/strong>.<\/p>\n<div id=\"link64_adl_tabid\" style=\"display: none;\" data-url=\"https:\/\/fonderiesdesougland.fr\/de\/wp-admin\/post.php?post=456&amp;action=edit\">231<\/div>\n<\/div>\n<\/div><\/div><div id=\"panel-456-0-1-2\" class=\"so-panel widget widget_sow-editor panel-last-child\" data-index=\"4\" ><div\n\t\t\t\n\t\t\tclass=\"so-widget-sow-editor so-widget-sow-editor-base\"\n\t\t\t\n\t\t>\n<div class=\"siteorigin-widget-tinymce textwidget\">\n\t<p>Sie k\u00f6nnen in der Entwicklungsphase jederzeit auf unsere Gie\u00dferei-Erfahrung zur\u00fcckgreifen, um die Durchf\u00fchrbarkeit zu pr\u00fcfen und das Projekt schneller und kostensparend umzusetzen. Durch das gezielte Umsetzen von Kundenbed\u00fcrfnissen und unsere Erfahrung kn\u00fcpfen wir langj\u00e4hrige und verbindliche partnerschaftliche Beziehungen, die Ihnen wiederum die M\u00f6glichkeit geben, Ihre unternehmensinternen oder -externen Kunden zufrieden zu stellen.<\/p>\n<div id=\"link64_adl_tabid\" style=\"display: none;\" data-url=\"https:\/\/fonderiesdesougland.fr\/de\/wp-admin\/post.php?post=456&amp;action=edit\">285<\/div>\n<\/div>\n<\/div><\/div><\/div><\/div><\/div>","protected":false},"excerpt":{"rendered":"<p>Durch das gezielte Umsetzen von Kundenbed\u00fcrfnissen und unsere Erfahrung analysieren unsere Ingenieure und Techniker mit Ihnen in Absprache mit unseren Forschungs- und Entwicklungsteams Ihre \u00c4nderungs-, Verbesserungs- oder Weiterverarbeitungsanfrage (mechanisch-verschwei\u00dftes Teil zu Gussteil). Diese Untersuchungen werden unter Ber\u00fccksichtigung Ihres Lastenheftes durchgef\u00fchrt.Wir beraten Sie und unterbreiten Ihnen L\u00f6sungsvorschl\u00e4ge, bei denen Kosten, Qualit\u00e4t und Durchf\u00fchrungsfristen ber\u00fccksichtigt werden.173 Wir [&hellip;]<\/p>\n","protected":false},"author":1,"featured_media":0,"parent":0,"menu_order":0,"comment_status":"closed","ping_status":"closed","template":"mp-single-simulateur.php","meta":{"_acf_changed":false,"footnotes":""},"class_list":["post-456","page","type-page","status-publish","hentry"],"acf":[],"yoast_head":"<!-- This site is optimized with the Yoast SEO plugin v27.5 - https:\/\/yoast.com\/product\/yoast-seo-wordpress\/ -->\n<title>Consulting - Consulting &amp; Begleitung - Sougland Gie\u00dferei<\/title>\n<meta name=\"robots\" content=\"index, follow, max-snippet:-1, max-image-preview:large, max-video-preview:-1\" \/>\n<link rel=\"canonical\" href=\"https:\/\/fonderiesdesougland.fr\/de\/sie-mochten-ein-bauteil-verbessern-consulting-consulting-begleitung\/\" \/>\n<meta property=\"og:locale\" content=\"fr_FR\" \/>\n<meta property=\"og:type\" content=\"article\" \/>\n<meta property=\"og:title\" content=\"Consulting - Consulting &amp; Begleitung - Sougland Gie\u00dferei\" \/>\n<meta property=\"og:description\" content=\"Durch das gezielte Umsetzen von Kundenbed\u00fcrfnissen und unsere Erfahrung analysieren unsere Ingenieure und Techniker mit Ihnen in Absprache mit unseren Forschungs- und Entwicklungsteams Ihre \u00c4nderungs-, Verbesserungs- oder Weiterverarbeitungsanfrage (mechanisch-verschwei\u00dftes Teil zu Gussteil). Diese Untersuchungen werden unter Ber\u00fccksichtigung Ihres Lastenheftes durchgef\u00fchrt.Wir beraten Sie und unterbreiten Ihnen L\u00f6sungsvorschl\u00e4ge, bei denen Kosten, Qualit\u00e4t und Durchf\u00fchrungsfristen ber\u00fccksichtigt werden.173 Wir [&hellip;]\" \/>\n<meta property=\"og:url\" content=\"https:\/\/fonderiesdesougland.fr\/de\/sie-mochten-ein-bauteil-verbessern-consulting-consulting-begleitung\/\" \/>\n<meta property=\"og:site_name\" content=\"Sougland Gie\u00dferei\" \/>\n<meta property=\"article:modified_time\" content=\"2017-01-16T09:50:52+00:00\" \/>\n<meta property=\"og:image\" content=\"https:\/\/fonderiesdesougland.fr\/de\/wp-content\/uploads\/sites\/5\/2016\/12\/sougland-ameliorer-etudes-img-3.jpg\" \/>\n<meta name=\"twitter:card\" content=\"summary_large_image\" \/>\n<meta name=\"twitter:label1\" content=\"Dur\u00e9e de lecture estim\u00e9e\" \/>\n\t<meta name=\"twitter:data1\" content=\"1 minute\" \/>\n<script type=\"application\/ld+json\" class=\"yoast-schema-graph\">{\"@context\":\"https:\\\/\\\/schema.org\",\"@graph\":[{\"@type\":\"WebPage\",\"@id\":\"https:\\\/\\\/fonderiesdesougland.fr\\\/de\\\/sie-mochten-ein-bauteil-verbessern-consulting-consulting-begleitung\\\/\",\"url\":\"https:\\\/\\\/fonderiesdesougland.fr\\\/de\\\/sie-mochten-ein-bauteil-verbessern-consulting-consulting-begleitung\\\/\",\"name\":\"Consulting - Consulting & Begleitung - Sougland Gie\u00dferei\",\"isPartOf\":{\"@id\":\"https:\\\/\\\/fonderiesdesougland.fr\\\/de\\\/#website\"},\"primaryImageOfPage\":{\"@id\":\"https:\\\/\\\/fonderiesdesougland.fr\\\/de\\\/sie-mochten-ein-bauteil-verbessern-consulting-consulting-begleitung\\\/#primaryimage\"},\"image\":{\"@id\":\"https:\\\/\\\/fonderiesdesougland.fr\\\/de\\\/sie-mochten-ein-bauteil-verbessern-consulting-consulting-begleitung\\\/#primaryimage\"},\"thumbnailUrl\":\"https:\\\/\\\/fonderiesdesougland.fr\\\/de\\\/wp-content\\\/uploads\\\/sites\\\/5\\\/2016\\\/12\\\/sougland-ameliorer-etudes-img-3.jpg\",\"datePublished\":\"2016-12-06T12:41:33+00:00\",\"dateModified\":\"2017-01-16T09:50:52+00:00\",\"breadcrumb\":{\"@id\":\"https:\\\/\\\/fonderiesdesougland.fr\\\/de\\\/sie-mochten-ein-bauteil-verbessern-consulting-consulting-begleitung\\\/#breadcrumb\"},\"inLanguage\":\"fr-FR\",\"potentialAction\":[{\"@type\":\"ReadAction\",\"target\":[\"https:\\\/\\\/fonderiesdesougland.fr\\\/de\\\/sie-mochten-ein-bauteil-verbessern-consulting-consulting-begleitung\\\/\"]}]},{\"@type\":\"ImageObject\",\"inLanguage\":\"fr-FR\",\"@id\":\"https:\\\/\\\/fonderiesdesougland.fr\\\/de\\\/sie-mochten-ein-bauteil-verbessern-consulting-consulting-begleitung\\\/#primaryimage\",\"url\":\"https:\\\/\\\/fonderiesdesougland.fr\\\/de\\\/wp-content\\\/uploads\\\/sites\\\/5\\\/2016\\\/12\\\/sougland-ameliorer-etudes-img-3.jpg\",\"contentUrl\":\"https:\\\/\\\/fonderiesdesougland.fr\\\/de\\\/wp-content\\\/uploads\\\/sites\\\/5\\\/2016\\\/12\\\/sougland-ameliorer-etudes-img-3.jpg\",\"width\":800,\"height\":600},{\"@type\":\"BreadcrumbList\",\"@id\":\"https:\\\/\\\/fonderiesdesougland.fr\\\/de\\\/sie-mochten-ein-bauteil-verbessern-consulting-consulting-begleitung\\\/#breadcrumb\",\"itemListElement\":[{\"@type\":\"ListItem\",\"position\":1,\"name\":\"Accueil\",\"item\":\"https:\\\/\\\/fonderiesdesougland.fr\\\/de\\\/\"},{\"@type\":\"ListItem\",\"position\":2,\"name\":\"Consulting &#8211; Consulting &#038; Begleitung\"}]},{\"@type\":\"WebSite\",\"@id\":\"https:\\\/\\\/fonderiesdesougland.fr\\\/de\\\/#website\",\"url\":\"https:\\\/\\\/fonderiesdesougland.fr\\\/de\\\/\",\"name\":\"Sougland Gie\u00dferei\",\"description\":\"\",\"potentialAction\":[{\"@type\":\"SearchAction\",\"target\":{\"@type\":\"EntryPoint\",\"urlTemplate\":\"https:\\\/\\\/fonderiesdesougland.fr\\\/de\\\/?s={search_term_string}\"},\"query-input\":{\"@type\":\"PropertyValueSpecification\",\"valueRequired\":true,\"valueName\":\"search_term_string\"}}],\"inLanguage\":\"fr-FR\"}]}<\/script>\n<!-- \/ Yoast SEO plugin. -->","yoast_head_json":{"title":"Consulting - Consulting & Begleitung - Sougland Gie\u00dferei","robots":{"index":"index","follow":"follow","max-snippet":"max-snippet:-1","max-image-preview":"max-image-preview:large","max-video-preview":"max-video-preview:-1"},"canonical":"https:\/\/fonderiesdesougland.fr\/de\/sie-mochten-ein-bauteil-verbessern-consulting-consulting-begleitung\/","og_locale":"fr_FR","og_type":"article","og_title":"Consulting - Consulting & Begleitung - Sougland Gie\u00dferei","og_description":"Durch das gezielte Umsetzen von Kundenbed\u00fcrfnissen und unsere Erfahrung analysieren unsere Ingenieure und Techniker mit Ihnen in Absprache mit unseren Forschungs- und Entwicklungsteams Ihre \u00c4nderungs-, Verbesserungs- oder Weiterverarbeitungsanfrage (mechanisch-verschwei\u00dftes Teil zu Gussteil). Diese Untersuchungen werden unter Ber\u00fccksichtigung Ihres Lastenheftes durchgef\u00fchrt.Wir beraten Sie und unterbreiten Ihnen L\u00f6sungsvorschl\u00e4ge, bei denen Kosten, Qualit\u00e4t und Durchf\u00fchrungsfristen ber\u00fccksichtigt werden.173 Wir [&hellip;]","og_url":"https:\/\/fonderiesdesougland.fr\/de\/sie-mochten-ein-bauteil-verbessern-consulting-consulting-begleitung\/","og_site_name":"Sougland Gie\u00dferei","article_modified_time":"2017-01-16T09:50:52+00:00","og_image":[{"url":"https:\/\/fonderiesdesougland.fr\/de\/wp-content\/uploads\/sites\/5\/2016\/12\/sougland-ameliorer-etudes-img-3.jpg","type":"","width":"","height":""}],"twitter_card":"summary_large_image","twitter_misc":{"Dur\u00e9e de lecture estim\u00e9e":"1 minute"},"schema":{"@context":"https:\/\/schema.org","@graph":[{"@type":"WebPage","@id":"https:\/\/fonderiesdesougland.fr\/de\/sie-mochten-ein-bauteil-verbessern-consulting-consulting-begleitung\/","url":"https:\/\/fonderiesdesougland.fr\/de\/sie-mochten-ein-bauteil-verbessern-consulting-consulting-begleitung\/","name":"Consulting - Consulting & Begleitung - Sougland Gie\u00dferei","isPartOf":{"@id":"https:\/\/fonderiesdesougland.fr\/de\/#website"},"primaryImageOfPage":{"@id":"https:\/\/fonderiesdesougland.fr\/de\/sie-mochten-ein-bauteil-verbessern-consulting-consulting-begleitung\/#primaryimage"},"image":{"@id":"https:\/\/fonderiesdesougland.fr\/de\/sie-mochten-ein-bauteil-verbessern-consulting-consulting-begleitung\/#primaryimage"},"thumbnailUrl":"https:\/\/fonderiesdesougland.fr\/de\/wp-content\/uploads\/sites\/5\/2016\/12\/sougland-ameliorer-etudes-img-3.jpg","datePublished":"2016-12-06T12:41:33+00:00","dateModified":"2017-01-16T09:50:52+00:00","breadcrumb":{"@id":"https:\/\/fonderiesdesougland.fr\/de\/sie-mochten-ein-bauteil-verbessern-consulting-consulting-begleitung\/#breadcrumb"},"inLanguage":"fr-FR","potentialAction":[{"@type":"ReadAction","target":["https:\/\/fonderiesdesougland.fr\/de\/sie-mochten-ein-bauteil-verbessern-consulting-consulting-begleitung\/"]}]},{"@type":"ImageObject","inLanguage":"fr-FR","@id":"https:\/\/fonderiesdesougland.fr\/de\/sie-mochten-ein-bauteil-verbessern-consulting-consulting-begleitung\/#primaryimage","url":"https:\/\/fonderiesdesougland.fr\/de\/wp-content\/uploads\/sites\/5\/2016\/12\/sougland-ameliorer-etudes-img-3.jpg","contentUrl":"https:\/\/fonderiesdesougland.fr\/de\/wp-content\/uploads\/sites\/5\/2016\/12\/sougland-ameliorer-etudes-img-3.jpg","width":800,"height":600},{"@type":"BreadcrumbList","@id":"https:\/\/fonderiesdesougland.fr\/de\/sie-mochten-ein-bauteil-verbessern-consulting-consulting-begleitung\/#breadcrumb","itemListElement":[{"@type":"ListItem","position":1,"name":"Accueil","item":"https:\/\/fonderiesdesougland.fr\/de\/"},{"@type":"ListItem","position":2,"name":"Consulting &#8211; Consulting &#038; Begleitung"}]},{"@type":"WebSite","@id":"https:\/\/fonderiesdesougland.fr\/de\/#website","url":"https:\/\/fonderiesdesougland.fr\/de\/","name":"Sougland Gie\u00dferei","description":"","potentialAction":[{"@type":"SearchAction","target":{"@type":"EntryPoint","urlTemplate":"https:\/\/fonderiesdesougland.fr\/de\/?s={search_term_string}"},"query-input":{"@type":"PropertyValueSpecification","valueRequired":true,"valueName":"search_term_string"}}],"inLanguage":"fr-FR"}]}},"_links":{"self":[{"href":"https:\/\/fonderiesdesougland.fr\/de\/wp-json\/wp\/v2\/pages\/456","targetHints":{"allow":["GET"]}}],"collection":[{"href":"https:\/\/fonderiesdesougland.fr\/de\/wp-json\/wp\/v2\/pages"}],"about":[{"href":"https:\/\/fonderiesdesougland.fr\/de\/wp-json\/wp\/v2\/types\/page"}],"author":[{"embeddable":true,"href":"https:\/\/fonderiesdesougland.fr\/de\/wp-json\/wp\/v2\/users\/1"}],"replies":[{"embeddable":true,"href":"https:\/\/fonderiesdesougland.fr\/de\/wp-json\/wp\/v2\/comments?post=456"}],"version-history":[{"count":10,"href":"https:\/\/fonderiesdesougland.fr\/de\/wp-json\/wp\/v2\/pages\/456\/revisions"}],"predecessor-version":[{"id":913,"href":"https:\/\/fonderiesdesougland.fr\/de\/wp-json\/wp\/v2\/pages\/456\/revisions\/913"}],"wp:attachment":[{"href":"https:\/\/fonderiesdesougland.fr\/de\/wp-json\/wp\/v2\/media?parent=456"}],"curies":[{"name":"wp","href":"https:\/\/api.w.org\/{rel}","templated":true}]}}