{"id":465,"date":"2016-12-07T14:38:30","date_gmt":"2016-12-07T13:38:30","guid":{"rendered":"https:\/\/fonderiesdesougland.fr\/de\/?page_id=465"},"modified":"2017-01-16T10:48:06","modified_gmt":"2017-01-16T09:48:06","slug":"sie-planen-ein-projekt-entwicklungsburo-gemeinsamer-entwurf-gemeinsame-gestaltung","status":"publish","type":"page","link":"https:\/\/fonderiesdesougland.fr\/de\/sie-planen-ein-projekt-entwicklungsburo-gemeinsamer-entwurf-gemeinsame-gestaltung\/","title":{"rendered":"Entwicklungsb\u00fcro \u2013 Gemeinsamer Entwurf \/ gemeinsame Gestaltung"},"content":{"rendered":"<div id=\"pl-465\"  class=\"panel-layout\" ><div id=\"pg-465-0\"  class=\"panel-grid panel-no-style\" ><div id=\"pgc-465-0-0\"  class=\"panel-grid-cell\" ><div id=\"panel-465-0-0-0\" class=\"so-panel widget widget_sow-editor panel-first-child panel-last-child\" data-index=\"0\" ><div\n\t\t\t\n\t\t\tclass=\"so-widget-sow-editor so-widget-sow-editor-base\"\n\t\t\t\n\t\t>\n<div class=\"siteorigin-widget-tinymce textwidget\">\n\t<p>Unser Know-how in Verbindung mit unseren Planungsmitteln und unserer Gie\u00dferei-Erfahrung erm\u00f6glichen Wechsel und Validation des \u00dcbergangs von der Entwicklungs- zur Herstellungsphase.<\/p>\n<\/div>\n<\/div><\/div><\/div><\/div><div id=\"pg-465-1\"  class=\"panel-grid panel-no-style\" ><div id=\"pgc-465-1-0\"  class=\"panel-grid-cell\" ><div id=\"panel-465-1-0-0\" class=\"so-panel widget widget_sow-image panel-first-child panel-last-child\" data-index=\"1\" ><div\n\t\t\t\n\t\t\tclass=\"so-widget-sow-image so-widget-sow-image-default-8b5b6f678277-465\"\n\t\t\t\n\t\t>\n<div class=\"sow-image-container\">\n\t\t\t<a href=\"https:\/\/fonderiesdesougland.fr\/wp-content\/uploads\/2016\/12\/sougland-be-img-1.jpg\"\n\t\t\t\t\t>\n\t\t\t<img \n\tsrc=\"https:\/\/fonderiesdesougland.fr\/de\/wp-content\/uploads\/sites\/5\/2016\/12\/sougland-be-img-1.jpg\" width=\"800\" height=\"600\" srcset=\"https:\/\/fonderiesdesougland.fr\/de\/wp-content\/uploads\/sites\/5\/2016\/12\/sougland-be-img-1.jpg 800w, https:\/\/fonderiesdesougland.fr\/de\/wp-content\/uploads\/sites\/5\/2016\/12\/sougland-be-img-1-300x225.jpg 300w, https:\/\/fonderiesdesougland.fr\/de\/wp-content\/uploads\/sites\/5\/2016\/12\/sougland-be-img-1-768x576.jpg 768w\" sizes=\"(max-width: 800px) 100vw, 800px\" alt=\"\" \t\tclass=\"so-widget-image\"\/>\n\t\t\t<\/a><\/div>\n\n<\/div><\/div><\/div><div id=\"pgc-465-1-1\"  class=\"panel-grid-cell\" ><div id=\"panel-465-1-1-0\" class=\"so-panel widget widget_sow-editor panel-first-child\" data-index=\"2\" ><div\n\t\t\t\n\t\t\tclass=\"so-widget-sow-editor so-widget-sow-editor-base\"\n\t\t\t\n\t\t>\n<div class=\"siteorigin-widget-tinymce textwidget\">\n\t<p>Ausgehend von Ihrer Idee, Ihrem Werkst\u00fcck oder Ihrem Leistungskatalog arbeitet unser Entwicklungsb\u00fcro technische L\u00f6sungen f\u00fcr den Produktionsprozess aus. Die Optimierung des definitiven Werkst\u00fccks ist das Ergebnis eines intensiven Austausches mit ihren\u00a0Abteilungen. Der gemeinsame Entwurf und die gemeinsame Entwicklung zusammen mit Ihren Ingenieuren, Technikern und Entwicklungsb\u00fcros ist durch eine Reihe von Gr\u00f6\u00dfen-, Form- und Material\u00e4nderungen (\u00fcber 300 kontrollierte Sorten), die Verbesserung der Materialsorten und metallurgische Analysen gekennzeichnet.<\/p>\n<\/div>\n<\/div><\/div><div id=\"panel-465-1-1-1\" class=\"so-panel widget widget_sow-editor panel-last-child\" data-index=\"3\" ><div\n\t\t\t\n\t\t\tclass=\"so-widget-sow-editor so-widget-sow-editor-base\"\n\t\t\t\n\t\t>\n<div class=\"siteorigin-widget-tinymce textwidget\">\n\t<p>Um vom ersten Fertigungsdurchlauf an immer komplexere, konforme Teile herstellen zu k\u00f6nnen, zeigen unsere Simulationsinstrumente das Verhalten der Legierung in der Verfestigungs- und Bef\u00fcllungsphase an.<\/p>\n<\/div>\n<\/div><\/div><\/div><\/div><\/div>","protected":false},"excerpt":{"rendered":"<p>Unser Know-how in Verbindung mit unseren Planungsmitteln und unserer Gie\u00dferei-Erfahrung erm\u00f6glichen Wechsel und Validation des \u00dcbergangs von der Entwicklungs- zur Herstellungsphase. Ausgehend von Ihrer Idee, Ihrem Werkst\u00fcck oder Ihrem Leistungskatalog arbeitet unser Entwicklungsb\u00fcro technische L\u00f6sungen f\u00fcr den Produktionsprozess aus. Die Optimierung des definitiven Werkst\u00fccks ist das Ergebnis eines intensiven Austausches mit ihren\u00a0Abteilungen. Der gemeinsame Entwurf [&hellip;]<\/p>\n","protected":false},"author":1,"featured_media":0,"parent":0,"menu_order":0,"comment_status":"closed","ping_status":"closed","template":"mp-single-simulateur.php","meta":{"_acf_changed":false,"footnotes":""},"class_list":["post-465","page","type-page","status-publish","hentry"],"acf":[],"yoast_head":"<!-- This site is optimized with the Yoast SEO plugin v27.5 - https:\/\/yoast.com\/product\/yoast-seo-wordpress\/ -->\n<title>Entwicklungsb\u00fcro \u2013 Gemeinsamer Entwurf \/ gemeinsame Gestaltung - Sougland Gie\u00dferei<\/title>\n<meta name=\"robots\" content=\"index, follow, max-snippet:-1, max-image-preview:large, max-video-preview:-1\" \/>\n<link rel=\"canonical\" href=\"https:\/\/fonderiesdesougland.fr\/de\/sie-planen-ein-projekt-entwicklungsburo-gemeinsamer-entwurf-gemeinsame-gestaltung\/\" \/>\n<meta property=\"og:locale\" content=\"fr_FR\" \/>\n<meta property=\"og:type\" content=\"article\" \/>\n<meta property=\"og:title\" content=\"Entwicklungsb\u00fcro \u2013 Gemeinsamer Entwurf \/ gemeinsame Gestaltung - Sougland Gie\u00dferei\" \/>\n<meta property=\"og:description\" content=\"Unser Know-how in Verbindung mit unseren Planungsmitteln und unserer Gie\u00dferei-Erfahrung erm\u00f6glichen Wechsel und Validation des \u00dcbergangs von der Entwicklungs- zur Herstellungsphase. Ausgehend von Ihrer Idee, Ihrem Werkst\u00fcck oder Ihrem Leistungskatalog arbeitet unser Entwicklungsb\u00fcro technische L\u00f6sungen f\u00fcr den Produktionsprozess aus. Die Optimierung des definitiven Werkst\u00fccks ist das Ergebnis eines intensiven Austausches mit ihren\u00a0Abteilungen. Der gemeinsame Entwurf [&hellip;]\" \/>\n<meta property=\"og:url\" content=\"https:\/\/fonderiesdesougland.fr\/de\/sie-planen-ein-projekt-entwicklungsburo-gemeinsamer-entwurf-gemeinsame-gestaltung\/\" \/>\n<meta property=\"og:site_name\" content=\"Sougland Gie\u00dferei\" \/>\n<meta property=\"article:modified_time\" content=\"2017-01-16T09:48:06+00:00\" \/>\n<meta property=\"og:image\" content=\"https:\/\/fonderiesdesougland.fr\/de\/wp-content\/uploads\/sites\/5\/2016\/12\/sougland-be-img-1.jpg\" \/>\n<meta name=\"twitter:card\" content=\"summary_large_image\" \/>\n<meta name=\"twitter:label1\" content=\"Dur\u00e9e de lecture estim\u00e9e\" \/>\n\t<meta name=\"twitter:data1\" content=\"1 minute\" \/>\n<script type=\"application\/ld+json\" class=\"yoast-schema-graph\">{\"@context\":\"https:\\\/\\\/schema.org\",\"@graph\":[{\"@type\":\"WebPage\",\"@id\":\"https:\\\/\\\/fonderiesdesougland.fr\\\/de\\\/sie-planen-ein-projekt-entwicklungsburo-gemeinsamer-entwurf-gemeinsame-gestaltung\\\/\",\"url\":\"https:\\\/\\\/fonderiesdesougland.fr\\\/de\\\/sie-planen-ein-projekt-entwicklungsburo-gemeinsamer-entwurf-gemeinsame-gestaltung\\\/\",\"name\":\"Entwicklungsb\u00fcro \u2013 Gemeinsamer Entwurf \\\/ gemeinsame Gestaltung - Sougland Gie\u00dferei\",\"isPartOf\":{\"@id\":\"https:\\\/\\\/fonderiesdesougland.fr\\\/de\\\/#website\"},\"primaryImageOfPage\":{\"@id\":\"https:\\\/\\\/fonderiesdesougland.fr\\\/de\\\/sie-planen-ein-projekt-entwicklungsburo-gemeinsamer-entwurf-gemeinsame-gestaltung\\\/#primaryimage\"},\"image\":{\"@id\":\"https:\\\/\\\/fonderiesdesougland.fr\\\/de\\\/sie-planen-ein-projekt-entwicklungsburo-gemeinsamer-entwurf-gemeinsame-gestaltung\\\/#primaryimage\"},\"thumbnailUrl\":\"https:\\\/\\\/fonderiesdesougland.fr\\\/de\\\/wp-content\\\/uploads\\\/sites\\\/5\\\/2016\\\/12\\\/sougland-be-img-1.jpg\",\"datePublished\":\"2016-12-07T13:38:30+00:00\",\"dateModified\":\"2017-01-16T09:48:06+00:00\",\"breadcrumb\":{\"@id\":\"https:\\\/\\\/fonderiesdesougland.fr\\\/de\\\/sie-planen-ein-projekt-entwicklungsburo-gemeinsamer-entwurf-gemeinsame-gestaltung\\\/#breadcrumb\"},\"inLanguage\":\"fr-FR\",\"potentialAction\":[{\"@type\":\"ReadAction\",\"target\":[\"https:\\\/\\\/fonderiesdesougland.fr\\\/de\\\/sie-planen-ein-projekt-entwicklungsburo-gemeinsamer-entwurf-gemeinsame-gestaltung\\\/\"]}]},{\"@type\":\"ImageObject\",\"inLanguage\":\"fr-FR\",\"@id\":\"https:\\\/\\\/fonderiesdesougland.fr\\\/de\\\/sie-planen-ein-projekt-entwicklungsburo-gemeinsamer-entwurf-gemeinsame-gestaltung\\\/#primaryimage\",\"url\":\"https:\\\/\\\/fonderiesdesougland.fr\\\/de\\\/wp-content\\\/uploads\\\/sites\\\/5\\\/2016\\\/12\\\/sougland-be-img-1.jpg\",\"contentUrl\":\"https:\\\/\\\/fonderiesdesougland.fr\\\/de\\\/wp-content\\\/uploads\\\/sites\\\/5\\\/2016\\\/12\\\/sougland-be-img-1.jpg\",\"width\":800,\"height\":600},{\"@type\":\"BreadcrumbList\",\"@id\":\"https:\\\/\\\/fonderiesdesougland.fr\\\/de\\\/sie-planen-ein-projekt-entwicklungsburo-gemeinsamer-entwurf-gemeinsame-gestaltung\\\/#breadcrumb\",\"itemListElement\":[{\"@type\":\"ListItem\",\"position\":1,\"name\":\"Accueil\",\"item\":\"https:\\\/\\\/fonderiesdesougland.fr\\\/de\\\/\"},{\"@type\":\"ListItem\",\"position\":2,\"name\":\"Entwicklungsb\u00fcro \u2013 Gemeinsamer Entwurf \\\/ gemeinsame Gestaltung\"}]},{\"@type\":\"WebSite\",\"@id\":\"https:\\\/\\\/fonderiesdesougland.fr\\\/de\\\/#website\",\"url\":\"https:\\\/\\\/fonderiesdesougland.fr\\\/de\\\/\",\"name\":\"Sougland Gie\u00dferei\",\"description\":\"\",\"potentialAction\":[{\"@type\":\"SearchAction\",\"target\":{\"@type\":\"EntryPoint\",\"urlTemplate\":\"https:\\\/\\\/fonderiesdesougland.fr\\\/de\\\/?s={search_term_string}\"},\"query-input\":{\"@type\":\"PropertyValueSpecification\",\"valueRequired\":true,\"valueName\":\"search_term_string\"}}],\"inLanguage\":\"fr-FR\"}]}<\/script>\n<!-- \/ Yoast SEO plugin. -->","yoast_head_json":{"title":"Entwicklungsb\u00fcro \u2013 Gemeinsamer Entwurf \/ gemeinsame Gestaltung - Sougland Gie\u00dferei","robots":{"index":"index","follow":"follow","max-snippet":"max-snippet:-1","max-image-preview":"max-image-preview:large","max-video-preview":"max-video-preview:-1"},"canonical":"https:\/\/fonderiesdesougland.fr\/de\/sie-planen-ein-projekt-entwicklungsburo-gemeinsamer-entwurf-gemeinsame-gestaltung\/","og_locale":"fr_FR","og_type":"article","og_title":"Entwicklungsb\u00fcro \u2013 Gemeinsamer Entwurf \/ gemeinsame Gestaltung - Sougland Gie\u00dferei","og_description":"Unser Know-how in Verbindung mit unseren Planungsmitteln und unserer Gie\u00dferei-Erfahrung erm\u00f6glichen Wechsel und Validation des \u00dcbergangs von der Entwicklungs- zur Herstellungsphase. Ausgehend von Ihrer Idee, Ihrem Werkst\u00fcck oder Ihrem Leistungskatalog arbeitet unser Entwicklungsb\u00fcro technische L\u00f6sungen f\u00fcr den Produktionsprozess aus. Die Optimierung des definitiven Werkst\u00fccks ist das Ergebnis eines intensiven Austausches mit ihren\u00a0Abteilungen. Der gemeinsame Entwurf [&hellip;]","og_url":"https:\/\/fonderiesdesougland.fr\/de\/sie-planen-ein-projekt-entwicklungsburo-gemeinsamer-entwurf-gemeinsame-gestaltung\/","og_site_name":"Sougland Gie\u00dferei","article_modified_time":"2017-01-16T09:48:06+00:00","og_image":[{"url":"https:\/\/fonderiesdesougland.fr\/de\/wp-content\/uploads\/sites\/5\/2016\/12\/sougland-be-img-1.jpg","type":"","width":"","height":""}],"twitter_card":"summary_large_image","twitter_misc":{"Dur\u00e9e de lecture estim\u00e9e":"1 minute"},"schema":{"@context":"https:\/\/schema.org","@graph":[{"@type":"WebPage","@id":"https:\/\/fonderiesdesougland.fr\/de\/sie-planen-ein-projekt-entwicklungsburo-gemeinsamer-entwurf-gemeinsame-gestaltung\/","url":"https:\/\/fonderiesdesougland.fr\/de\/sie-planen-ein-projekt-entwicklungsburo-gemeinsamer-entwurf-gemeinsame-gestaltung\/","name":"Entwicklungsb\u00fcro \u2013 Gemeinsamer Entwurf \/ gemeinsame Gestaltung - Sougland Gie\u00dferei","isPartOf":{"@id":"https:\/\/fonderiesdesougland.fr\/de\/#website"},"primaryImageOfPage":{"@id":"https:\/\/fonderiesdesougland.fr\/de\/sie-planen-ein-projekt-entwicklungsburo-gemeinsamer-entwurf-gemeinsame-gestaltung\/#primaryimage"},"image":{"@id":"https:\/\/fonderiesdesougland.fr\/de\/sie-planen-ein-projekt-entwicklungsburo-gemeinsamer-entwurf-gemeinsame-gestaltung\/#primaryimage"},"thumbnailUrl":"https:\/\/fonderiesdesougland.fr\/de\/wp-content\/uploads\/sites\/5\/2016\/12\/sougland-be-img-1.jpg","datePublished":"2016-12-07T13:38:30+00:00","dateModified":"2017-01-16T09:48:06+00:00","breadcrumb":{"@id":"https:\/\/fonderiesdesougland.fr\/de\/sie-planen-ein-projekt-entwicklungsburo-gemeinsamer-entwurf-gemeinsame-gestaltung\/#breadcrumb"},"inLanguage":"fr-FR","potentialAction":[{"@type":"ReadAction","target":["https:\/\/fonderiesdesougland.fr\/de\/sie-planen-ein-projekt-entwicklungsburo-gemeinsamer-entwurf-gemeinsame-gestaltung\/"]}]},{"@type":"ImageObject","inLanguage":"fr-FR","@id":"https:\/\/fonderiesdesougland.fr\/de\/sie-planen-ein-projekt-entwicklungsburo-gemeinsamer-entwurf-gemeinsame-gestaltung\/#primaryimage","url":"https:\/\/fonderiesdesougland.fr\/de\/wp-content\/uploads\/sites\/5\/2016\/12\/sougland-be-img-1.jpg","contentUrl":"https:\/\/fonderiesdesougland.fr\/de\/wp-content\/uploads\/sites\/5\/2016\/12\/sougland-be-img-1.jpg","width":800,"height":600},{"@type":"BreadcrumbList","@id":"https:\/\/fonderiesdesougland.fr\/de\/sie-planen-ein-projekt-entwicklungsburo-gemeinsamer-entwurf-gemeinsame-gestaltung\/#breadcrumb","itemListElement":[{"@type":"ListItem","position":1,"name":"Accueil","item":"https:\/\/fonderiesdesougland.fr\/de\/"},{"@type":"ListItem","position":2,"name":"Entwicklungsb\u00fcro \u2013 Gemeinsamer Entwurf \/ gemeinsame Gestaltung"}]},{"@type":"WebSite","@id":"https:\/\/fonderiesdesougland.fr\/de\/#website","url":"https:\/\/fonderiesdesougland.fr\/de\/","name":"Sougland Gie\u00dferei","description":"","potentialAction":[{"@type":"SearchAction","target":{"@type":"EntryPoint","urlTemplate":"https:\/\/fonderiesdesougland.fr\/de\/?s={search_term_string}"},"query-input":{"@type":"PropertyValueSpecification","valueRequired":true,"valueName":"search_term_string"}}],"inLanguage":"fr-FR"}]}},"_links":{"self":[{"href":"https:\/\/fonderiesdesougland.fr\/de\/wp-json\/wp\/v2\/pages\/465","targetHints":{"allow":["GET"]}}],"collection":[{"href":"https:\/\/fonderiesdesougland.fr\/de\/wp-json\/wp\/v2\/pages"}],"about":[{"href":"https:\/\/fonderiesdesougland.fr\/de\/wp-json\/wp\/v2\/types\/page"}],"author":[{"embeddable":true,"href":"https:\/\/fonderiesdesougland.fr\/de\/wp-json\/wp\/v2\/users\/1"}],"replies":[{"embeddable":true,"href":"https:\/\/fonderiesdesougland.fr\/de\/wp-json\/wp\/v2\/comments?post=465"}],"version-history":[{"count":8,"href":"https:\/\/fonderiesdesougland.fr\/de\/wp-json\/wp\/v2\/pages\/465\/revisions"}],"predecessor-version":[{"id":967,"href":"https:\/\/fonderiesdesougland.fr\/de\/wp-json\/wp\/v2\/pages\/465\/revisions\/967"}],"wp:attachment":[{"href":"https:\/\/fonderiesdesougland.fr\/de\/wp-json\/wp\/v2\/media?parent=465"}],"curies":[{"name":"wp","href":"https:\/\/api.w.org\/{rel}","templated":true}]}}