{"id":467,"date":"2016-12-07T14:39:56","date_gmt":"2016-12-07T13:39:56","guid":{"rendered":"https:\/\/fonderiesdesougland.fr\/de\/?page_id=467"},"modified":"2017-01-16T10:54:16","modified_gmt":"2017-01-16T09:54:16","slug":"sie-mochten-ein-bauteil-verbessern-entwicklungsburo-gemeinsamer-entwurf-gemeinsame-gestaltung","status":"publish","type":"page","link":"https:\/\/fonderiesdesougland.fr\/de\/sie-mochten-ein-bauteil-verbessern-entwicklungsburo-gemeinsamer-entwurf-gemeinsame-gestaltung\/","title":{"rendered":"Entwicklungsb\u00fcro \u2013 Gemeinsamer Entwurf \/ gemeinsame Gestaltung"},"content":{"rendered":"<div id=\"pl-467\"  class=\"panel-layout\" ><div id=\"pg-467-0\"  class=\"panel-grid panel-no-style\" ><div id=\"pgc-467-0-0\"  class=\"panel-grid-cell\" ><div id=\"panel-467-0-0-0\" class=\"so-panel widget widget_sow-editor panel-first-child panel-last-child\" data-index=\"0\" ><div\n\t\t\t\n\t\t\tclass=\"so-widget-sow-editor so-widget-sow-editor-base\"\n\t\t\t\n\t\t>\n<div class=\"siteorigin-widget-tinymce textwidget\">\n\t<p>Wenn Sie ein Teil ver\u00e4ndern m\u00f6chten, sind wir an Ihrer Seite, um<\/p>\n<\/div>\n<\/div><\/div><\/div><\/div><div id=\"pg-467-1\"  class=\"panel-grid panel-no-style\" ><div id=\"pgc-467-1-0\"  class=\"panel-grid-cell\" ><div id=\"panel-467-1-0-0\" class=\"so-panel widget widget_sow-image panel-first-child\" data-index=\"1\" ><div\n\t\t\t\n\t\t\tclass=\"so-widget-sow-image so-widget-sow-image-default-8b5b6f678277-467\"\n\t\t\t\n\t\t>\n<div class=\"sow-image-container\">\n\t\t\t<a href=\"https:\/\/fonderiesdesougland.fr\/wp-content\/uploads\/2016\/12\/sougland-be-img-3-1.jpg\"\n\t\t\t\t\t>\n\t\t\t<img \n\tsrc=\"https:\/\/fonderiesdesougland.fr\/de\/wp-content\/uploads\/sites\/5\/2016\/12\/sougland-be-img-3-1.jpg\" width=\"800\" height=\"600\" srcset=\"https:\/\/fonderiesdesougland.fr\/de\/wp-content\/uploads\/sites\/5\/2016\/12\/sougland-be-img-3-1.jpg 800w, https:\/\/fonderiesdesougland.fr\/de\/wp-content\/uploads\/sites\/5\/2016\/12\/sougland-be-img-3-1-300x225.jpg 300w, https:\/\/fonderiesdesougland.fr\/de\/wp-content\/uploads\/sites\/5\/2016\/12\/sougland-be-img-3-1-768x576.jpg 768w\" sizes=\"(max-width: 800px) 100vw, 800px\" title=\"sougland-be-img-3\" alt=\"\" \t\tclass=\"so-widget-image\"\/>\n\t\t\t<\/a><\/div>\n\n<\/div><\/div><div id=\"panel-467-1-0-1\" class=\"so-panel widget widget_sow-image panel-last-child\" data-index=\"2\" ><div\n\t\t\t\n\t\t\tclass=\"so-widget-sow-image so-widget-sow-image-default-8b5b6f678277-467\"\n\t\t\t\n\t\t>\n<div class=\"sow-image-container\">\n\t\t\t<a href=\"https:\/\/fonderiesdesougland.fr\/wp-content\/uploads\/2016\/12\/sougland-be-img-2.jpg\"\n\t\t\t\t\t>\n\t\t\t<img \n\tsrc=\"https:\/\/fonderiesdesougland.fr\/de\/wp-content\/uploads\/sites\/5\/2016\/12\/sougland-be-img-2.jpg\" width=\"800\" height=\"600\" srcset=\"https:\/\/fonderiesdesougland.fr\/de\/wp-content\/uploads\/sites\/5\/2016\/12\/sougland-be-img-2.jpg 800w, https:\/\/fonderiesdesougland.fr\/de\/wp-content\/uploads\/sites\/5\/2016\/12\/sougland-be-img-2-300x225.jpg 300w, https:\/\/fonderiesdesougland.fr\/de\/wp-content\/uploads\/sites\/5\/2016\/12\/sougland-be-img-2-768x576.jpg 768w\" sizes=\"(max-width: 800px) 100vw, 800px\" alt=\"\" \t\tclass=\"so-widget-image\"\/>\n\t\t\t<\/a><\/div>\n\n<\/div><\/div><\/div><div id=\"pgc-467-1-1\"  class=\"panel-grid-cell\" ><div id=\"panel-467-1-1-0\" class=\"so-panel widget widget_sow-editor panel-first-child panel-last-child\" data-index=\"3\" ><div\n\t\t\t\n\t\t\tclass=\"so-widget-sow-editor so-widget-sow-editor-base\"\n\t\t\t\n\t\t>\n<div class=\"siteorigin-widget-tinymce textwidget\">\n\t<ul>\n<li>Die Produktionskosten durch die einfachere Umsetzung des Herstellungsprozesses zu verringern<\/li>\n<li>Dauerhafte, zuverl\u00e4ssige Fertigungsprozesse zu entwickeln<\/li>\n<li>Prototypen von Gusseteilen\u00a0erfolgreich herzustellen<\/li>\n<li>Innerhalb von 2 bis 3 Wochen intern Standardteile herzustellen<\/li>\n<li>Das Gewicht der Teile und montierten Baugruppen zu verringern.<\/li>\n<\/ul>\n<\/div>\n<\/div><\/div><\/div><\/div><\/div>","protected":false},"excerpt":{"rendered":"<p>Wenn Sie ein Teil ver\u00e4ndern m\u00f6chten, sind wir an Ihrer Seite, um Die Produktionskosten durch die einfachere Umsetzung des Herstellungsprozesses zu verringernDauerhafte, zuverl\u00e4ssige Fertigungsprozesse zu entwickelnPrototypen von Gusseteilen\u00a0erfolgreich herzustellenInnerhalb von 2 bis 3 Wochen intern Standardteile herzustellenDas Gewicht der Teile und montierten Baugruppen zu verringern.<\/p>\n","protected":false},"author":1,"featured_media":0,"parent":0,"menu_order":0,"comment_status":"closed","ping_status":"closed","template":"mp-single-simulateur.php","meta":{"_acf_changed":false,"footnotes":""},"class_list":["post-467","page","type-page","status-publish","hentry"],"acf":[],"yoast_head":"<!-- This site is optimized with the Yoast SEO plugin v27.5 - https:\/\/yoast.com\/product\/yoast-seo-wordpress\/ -->\n<title>Entwicklungsb\u00fcro \u2013 Gemeinsamer Entwurf \/ gemeinsame Gestaltung - Sougland Gie\u00dferei<\/title>\n<meta name=\"robots\" content=\"index, follow, max-snippet:-1, max-image-preview:large, max-video-preview:-1\" \/>\n<link rel=\"canonical\" href=\"https:\/\/fonderiesdesougland.fr\/de\/sie-mochten-ein-bauteil-verbessern-entwicklungsburo-gemeinsamer-entwurf-gemeinsame-gestaltung\/\" \/>\n<meta property=\"og:locale\" content=\"fr_FR\" \/>\n<meta property=\"og:type\" content=\"article\" \/>\n<meta property=\"og:title\" content=\"Entwicklungsb\u00fcro \u2013 Gemeinsamer Entwurf \/ gemeinsame Gestaltung - Sougland Gie\u00dferei\" \/>\n<meta property=\"og:description\" content=\"Wenn Sie ein Teil ver\u00e4ndern m\u00f6chten, sind wir an Ihrer Seite, um Die Produktionskosten durch die einfachere Umsetzung des Herstellungsprozesses zu verringernDauerhafte, zuverl\u00e4ssige Fertigungsprozesse zu entwickelnPrototypen von Gusseteilen\u00a0erfolgreich herzustellenInnerhalb von 2 bis 3 Wochen intern Standardteile herzustellenDas Gewicht der Teile und montierten Baugruppen zu verringern.\" \/>\n<meta property=\"og:url\" content=\"https:\/\/fonderiesdesougland.fr\/de\/sie-mochten-ein-bauteil-verbessern-entwicklungsburo-gemeinsamer-entwurf-gemeinsame-gestaltung\/\" \/>\n<meta property=\"og:site_name\" content=\"Sougland Gie\u00dferei\" \/>\n<meta property=\"article:modified_time\" content=\"2017-01-16T09:54:16+00:00\" \/>\n<meta property=\"og:image\" content=\"https:\/\/fonderiesdesougland.fr\/de\/wp-content\/uploads\/sites\/5\/2016\/12\/sougland-be-img-3-1.jpg\" \/>\n<meta name=\"twitter:card\" content=\"summary_large_image\" \/>\n<script type=\"application\/ld+json\" class=\"yoast-schema-graph\">{\"@context\":\"https:\\\/\\\/schema.org\",\"@graph\":[{\"@type\":\"WebPage\",\"@id\":\"https:\\\/\\\/fonderiesdesougland.fr\\\/de\\\/sie-mochten-ein-bauteil-verbessern-entwicklungsburo-gemeinsamer-entwurf-gemeinsame-gestaltung\\\/\",\"url\":\"https:\\\/\\\/fonderiesdesougland.fr\\\/de\\\/sie-mochten-ein-bauteil-verbessern-entwicklungsburo-gemeinsamer-entwurf-gemeinsame-gestaltung\\\/\",\"name\":\"Entwicklungsb\u00fcro \u2013 Gemeinsamer Entwurf \\\/ gemeinsame Gestaltung - Sougland Gie\u00dferei\",\"isPartOf\":{\"@id\":\"https:\\\/\\\/fonderiesdesougland.fr\\\/de\\\/#website\"},\"primaryImageOfPage\":{\"@id\":\"https:\\\/\\\/fonderiesdesougland.fr\\\/de\\\/sie-mochten-ein-bauteil-verbessern-entwicklungsburo-gemeinsamer-entwurf-gemeinsame-gestaltung\\\/#primaryimage\"},\"image\":{\"@id\":\"https:\\\/\\\/fonderiesdesougland.fr\\\/de\\\/sie-mochten-ein-bauteil-verbessern-entwicklungsburo-gemeinsamer-entwurf-gemeinsame-gestaltung\\\/#primaryimage\"},\"thumbnailUrl\":\"https:\\\/\\\/fonderiesdesougland.fr\\\/de\\\/wp-content\\\/uploads\\\/sites\\\/5\\\/2016\\\/12\\\/sougland-be-img-3-1.jpg\",\"datePublished\":\"2016-12-07T13:39:56+00:00\",\"dateModified\":\"2017-01-16T09:54:16+00:00\",\"breadcrumb\":{\"@id\":\"https:\\\/\\\/fonderiesdesougland.fr\\\/de\\\/sie-mochten-ein-bauteil-verbessern-entwicklungsburo-gemeinsamer-entwurf-gemeinsame-gestaltung\\\/#breadcrumb\"},\"inLanguage\":\"fr-FR\",\"potentialAction\":[{\"@type\":\"ReadAction\",\"target\":[\"https:\\\/\\\/fonderiesdesougland.fr\\\/de\\\/sie-mochten-ein-bauteil-verbessern-entwicklungsburo-gemeinsamer-entwurf-gemeinsame-gestaltung\\\/\"]}]},{\"@type\":\"ImageObject\",\"inLanguage\":\"fr-FR\",\"@id\":\"https:\\\/\\\/fonderiesdesougland.fr\\\/de\\\/sie-mochten-ein-bauteil-verbessern-entwicklungsburo-gemeinsamer-entwurf-gemeinsame-gestaltung\\\/#primaryimage\",\"url\":\"https:\\\/\\\/fonderiesdesougland.fr\\\/de\\\/wp-content\\\/uploads\\\/sites\\\/5\\\/2016\\\/12\\\/sougland-be-img-3-1.jpg\",\"contentUrl\":\"https:\\\/\\\/fonderiesdesougland.fr\\\/de\\\/wp-content\\\/uploads\\\/sites\\\/5\\\/2016\\\/12\\\/sougland-be-img-3-1.jpg\",\"width\":800,\"height\":600},{\"@type\":\"BreadcrumbList\",\"@id\":\"https:\\\/\\\/fonderiesdesougland.fr\\\/de\\\/sie-mochten-ein-bauteil-verbessern-entwicklungsburo-gemeinsamer-entwurf-gemeinsame-gestaltung\\\/#breadcrumb\",\"itemListElement\":[{\"@type\":\"ListItem\",\"position\":1,\"name\":\"Accueil\",\"item\":\"https:\\\/\\\/fonderiesdesougland.fr\\\/de\\\/\"},{\"@type\":\"ListItem\",\"position\":2,\"name\":\"Entwicklungsb\u00fcro \u2013 Gemeinsamer Entwurf \\\/ gemeinsame Gestaltung\"}]},{\"@type\":\"WebSite\",\"@id\":\"https:\\\/\\\/fonderiesdesougland.fr\\\/de\\\/#website\",\"url\":\"https:\\\/\\\/fonderiesdesougland.fr\\\/de\\\/\",\"name\":\"Sougland Gie\u00dferei\",\"description\":\"\",\"potentialAction\":[{\"@type\":\"SearchAction\",\"target\":{\"@type\":\"EntryPoint\",\"urlTemplate\":\"https:\\\/\\\/fonderiesdesougland.fr\\\/de\\\/?s={search_term_string}\"},\"query-input\":{\"@type\":\"PropertyValueSpecification\",\"valueRequired\":true,\"valueName\":\"search_term_string\"}}],\"inLanguage\":\"fr-FR\"}]}<\/script>\n<!-- \/ Yoast SEO plugin. -->","yoast_head_json":{"title":"Entwicklungsb\u00fcro \u2013 Gemeinsamer Entwurf \/ gemeinsame Gestaltung - Sougland Gie\u00dferei","robots":{"index":"index","follow":"follow","max-snippet":"max-snippet:-1","max-image-preview":"max-image-preview:large","max-video-preview":"max-video-preview:-1"},"canonical":"https:\/\/fonderiesdesougland.fr\/de\/sie-mochten-ein-bauteil-verbessern-entwicklungsburo-gemeinsamer-entwurf-gemeinsame-gestaltung\/","og_locale":"fr_FR","og_type":"article","og_title":"Entwicklungsb\u00fcro \u2013 Gemeinsamer Entwurf \/ gemeinsame Gestaltung - Sougland Gie\u00dferei","og_description":"Wenn Sie ein Teil ver\u00e4ndern m\u00f6chten, sind wir an Ihrer Seite, um Die Produktionskosten durch die einfachere Umsetzung des Herstellungsprozesses zu verringernDauerhafte, zuverl\u00e4ssige Fertigungsprozesse zu entwickelnPrototypen von Gusseteilen\u00a0erfolgreich herzustellenInnerhalb von 2 bis 3 Wochen intern Standardteile herzustellenDas Gewicht der Teile und montierten Baugruppen zu verringern.","og_url":"https:\/\/fonderiesdesougland.fr\/de\/sie-mochten-ein-bauteil-verbessern-entwicklungsburo-gemeinsamer-entwurf-gemeinsame-gestaltung\/","og_site_name":"Sougland Gie\u00dferei","article_modified_time":"2017-01-16T09:54:16+00:00","og_image":[{"url":"https:\/\/fonderiesdesougland.fr\/de\/wp-content\/uploads\/sites\/5\/2016\/12\/sougland-be-img-3-1.jpg","type":"","width":"","height":""}],"twitter_card":"summary_large_image","schema":{"@context":"https:\/\/schema.org","@graph":[{"@type":"WebPage","@id":"https:\/\/fonderiesdesougland.fr\/de\/sie-mochten-ein-bauteil-verbessern-entwicklungsburo-gemeinsamer-entwurf-gemeinsame-gestaltung\/","url":"https:\/\/fonderiesdesougland.fr\/de\/sie-mochten-ein-bauteil-verbessern-entwicklungsburo-gemeinsamer-entwurf-gemeinsame-gestaltung\/","name":"Entwicklungsb\u00fcro \u2013 Gemeinsamer Entwurf \/ gemeinsame Gestaltung - Sougland Gie\u00dferei","isPartOf":{"@id":"https:\/\/fonderiesdesougland.fr\/de\/#website"},"primaryImageOfPage":{"@id":"https:\/\/fonderiesdesougland.fr\/de\/sie-mochten-ein-bauteil-verbessern-entwicklungsburo-gemeinsamer-entwurf-gemeinsame-gestaltung\/#primaryimage"},"image":{"@id":"https:\/\/fonderiesdesougland.fr\/de\/sie-mochten-ein-bauteil-verbessern-entwicklungsburo-gemeinsamer-entwurf-gemeinsame-gestaltung\/#primaryimage"},"thumbnailUrl":"https:\/\/fonderiesdesougland.fr\/de\/wp-content\/uploads\/sites\/5\/2016\/12\/sougland-be-img-3-1.jpg","datePublished":"2016-12-07T13:39:56+00:00","dateModified":"2017-01-16T09:54:16+00:00","breadcrumb":{"@id":"https:\/\/fonderiesdesougland.fr\/de\/sie-mochten-ein-bauteil-verbessern-entwicklungsburo-gemeinsamer-entwurf-gemeinsame-gestaltung\/#breadcrumb"},"inLanguage":"fr-FR","potentialAction":[{"@type":"ReadAction","target":["https:\/\/fonderiesdesougland.fr\/de\/sie-mochten-ein-bauteil-verbessern-entwicklungsburo-gemeinsamer-entwurf-gemeinsame-gestaltung\/"]}]},{"@type":"ImageObject","inLanguage":"fr-FR","@id":"https:\/\/fonderiesdesougland.fr\/de\/sie-mochten-ein-bauteil-verbessern-entwicklungsburo-gemeinsamer-entwurf-gemeinsame-gestaltung\/#primaryimage","url":"https:\/\/fonderiesdesougland.fr\/de\/wp-content\/uploads\/sites\/5\/2016\/12\/sougland-be-img-3-1.jpg","contentUrl":"https:\/\/fonderiesdesougland.fr\/de\/wp-content\/uploads\/sites\/5\/2016\/12\/sougland-be-img-3-1.jpg","width":800,"height":600},{"@type":"BreadcrumbList","@id":"https:\/\/fonderiesdesougland.fr\/de\/sie-mochten-ein-bauteil-verbessern-entwicklungsburo-gemeinsamer-entwurf-gemeinsame-gestaltung\/#breadcrumb","itemListElement":[{"@type":"ListItem","position":1,"name":"Accueil","item":"https:\/\/fonderiesdesougland.fr\/de\/"},{"@type":"ListItem","position":2,"name":"Entwicklungsb\u00fcro \u2013 Gemeinsamer Entwurf \/ gemeinsame Gestaltung"}]},{"@type":"WebSite","@id":"https:\/\/fonderiesdesougland.fr\/de\/#website","url":"https:\/\/fonderiesdesougland.fr\/de\/","name":"Sougland Gie\u00dferei","description":"","potentialAction":[{"@type":"SearchAction","target":{"@type":"EntryPoint","urlTemplate":"https:\/\/fonderiesdesougland.fr\/de\/?s={search_term_string}"},"query-input":{"@type":"PropertyValueSpecification","valueRequired":true,"valueName":"search_term_string"}}],"inLanguage":"fr-FR"}]}},"_links":{"self":[{"href":"https:\/\/fonderiesdesougland.fr\/de\/wp-json\/wp\/v2\/pages\/467","targetHints":{"allow":["GET"]}}],"collection":[{"href":"https:\/\/fonderiesdesougland.fr\/de\/wp-json\/wp\/v2\/pages"}],"about":[{"href":"https:\/\/fonderiesdesougland.fr\/de\/wp-json\/wp\/v2\/types\/page"}],"author":[{"embeddable":true,"href":"https:\/\/fonderiesdesougland.fr\/de\/wp-json\/wp\/v2\/users\/1"}],"replies":[{"embeddable":true,"href":"https:\/\/fonderiesdesougland.fr\/de\/wp-json\/wp\/v2\/comments?post=467"}],"version-history":[{"count":6,"href":"https:\/\/fonderiesdesougland.fr\/de\/wp-json\/wp\/v2\/pages\/467\/revisions"}],"predecessor-version":[{"id":986,"href":"https:\/\/fonderiesdesougland.fr\/de\/wp-json\/wp\/v2\/pages\/467\/revisions\/986"}],"wp:attachment":[{"href":"https:\/\/fonderiesdesougland.fr\/de\/wp-json\/wp\/v2\/media?parent=467"}],"curies":[{"name":"wp","href":"https:\/\/api.w.org\/{rel}","templated":true}]}}