{"id":480,"date":"2016-12-07T15:26:43","date_gmt":"2016-12-07T14:26:43","guid":{"rendered":"https:\/\/fonderiesdesougland.fr\/de\/?page_id=480"},"modified":"2017-01-18T10:59:32","modified_gmt":"2017-01-18T09:59:32","slug":"entdecken-sie-unser-gesamtangebot-methoden-prufverfahren-werkzeuge","status":"publish","type":"page","link":"https:\/\/fonderiesdesougland.fr\/de\/entdecken-sie-unser-gesamtangebot-methoden-prufverfahren-werkzeuge\/","title":{"rendered":"Methoden &#8211; Pr\u00fcfverfahren &#038; Werkzeuge"},"content":{"rendered":"<div id=\"pl-480\"  class=\"panel-layout\" ><div id=\"pg-480-0\"  class=\"panel-grid panel-no-style\" ><div id=\"pgc-480-0-0\"  class=\"panel-grid-cell\" ><div id=\"panel-480-0-0-0\" class=\"so-panel widget widget_sow-image panel-first-child\" data-index=\"0\" ><div\n\t\t\t\n\t\t\tclass=\"so-widget-sow-image so-widget-sow-image-default-8b5b6f678277-480\"\n\t\t\t\n\t\t>\n<div class=\"sow-image-container\">\n\t\t\t<a href=\"http:\/\/www.novacast.se\/\"\n\t\t\ttarget=\"_blank\" rel=\"noopener noreferrer\" \t\t>\n\t\t\t<img \n\tsrc=\"https:\/\/fonderiesdesougland.fr\/de\/wp-content\/uploads\/sites\/5\/2017\/01\/Novacast_Logo-grand-300x113.png\" width=\"300\" height=\"113\" srcset=\"https:\/\/fonderiesdesougland.fr\/de\/wp-content\/uploads\/sites\/5\/2017\/01\/Novacast_Logo-grand-300x113.png 300w, https:\/\/fonderiesdesougland.fr\/de\/wp-content\/uploads\/sites\/5\/2017\/01\/Novacast_Logo-grand.png 400w\" sizes=\"(max-width: 300px) 100vw, 300px\" title=\"Novacast_Logo grand\" alt=\"\" \t\tclass=\"so-widget-image\"\/>\n\t\t\t<\/a><\/div>\n\n<\/div><\/div><div id=\"panel-480-0-0-1\" class=\"so-panel widget widget_sow-image panel-last-child\" data-index=\"1\" ><div\n\t\t\t\n\t\t\tclass=\"so-widget-sow-image so-widget-sow-image-default-8b5b6f678277-480\"\n\t\t\t\n\t\t>\n<div class=\"sow-image-container\">\n\t\t\t<a href=\"http:\/\/www.topsolid.fr\/\"\n\t\t\ttarget=\"_blank\" rel=\"noopener noreferrer\" \t\t>\n\t\t\t<img \n\tsrc=\"https:\/\/fonderiesdesougland.fr\/de\/wp-content\/uploads\/sites\/5\/2017\/01\/TopSolid_Logo-300x74.png\" width=\"300\" height=\"74\" srcset=\"https:\/\/fonderiesdesougland.fr\/de\/wp-content\/uploads\/sites\/5\/2017\/01\/TopSolid_Logo-300x74.png 300w, https:\/\/fonderiesdesougland.fr\/de\/wp-content\/uploads\/sites\/5\/2017\/01\/TopSolid_Logo-768x190.png 768w, https:\/\/fonderiesdesougland.fr\/de\/wp-content\/uploads\/sites\/5\/2017\/01\/TopSolid_Logo.png 1024w\" sizes=\"(max-width: 300px) 100vw, 300px\" alt=\"\" \t\tclass=\"so-widget-image\"\/>\n\t\t\t<\/a><\/div>\n\n<\/div><\/div><\/div><div id=\"pgc-480-0-1\"  class=\"panel-grid-cell\" ><div id=\"panel-480-0-1-0\" class=\"so-panel widget widget_sow-editor panel-first-child panel-last-child\" data-index=\"2\" ><div\n\t\t\t\n\t\t\tclass=\"so-widget-sow-editor so-widget-sow-editor-base\"\n\t\t\t\n\t\t>\n<div class=\"siteorigin-widget-tinymce textwidget\">\n\t<p>Um die einwandfreie Qualit\u00e4t Ihrer Teile zu gew\u00e4hrleisten, durchlaufen unsere Entwicklungsteams mehrere Projektetappen bis hin zur definitiven Validation. Erst dann wird das Teil f\u00fcr den Vertrieb freigegeben.<br \/>Entwurf und Simulation nach Digitalverfahren erm\u00f6glichen die Herstellung von Teilen mit maximaler Konformit\u00e4t.<br \/>Dar\u00fcber hinaus ist die Validation der fertigen Teile erforderlich. Unsere Pr\u00fcfungen erf\u00fcllen h\u00f6chste Konformit\u00e4tsanforderungen.<\/p>\n<\/div>\n<\/div><\/div><\/div><\/div><div id=\"pg-480-1\"  class=\"panel-grid panel-no-style\" ><div id=\"pgc-480-1-0\"  class=\"panel-grid-cell\" ><div id=\"panel-480-1-0-0\" class=\"so-panel widget widget_sow-editor panel-first-child panel-last-child\" data-index=\"3\" ><div\n\t\t\t\n\t\t\tclass=\"so-widget-sow-editor so-widget-sow-editor-base\"\n\t\t\t\n\t\t>\n<div class=\"siteorigin-widget-tinymce textwidget\">\n\t<p>Unsere L\u00f6sungen f\u00fcr die Prototypenentwicklung f\u00fchren in sehr kurzer Zeit zu konkreten Resultaten.<\/p>\n<p>Das Werkzeug kann durch numerisch gesteuerte Styropor-Bearbeitung, Stereo-Lithografie oder 3D-Druck hergestellt werden.<\/p>\n<\/div>\n<\/div><\/div><\/div><\/div><div id=\"pg-480-2\"  class=\"panel-grid panel-no-style\" ><div id=\"pgc-480-2-0\"  class=\"panel-grid-cell\" ><div id=\"panel-480-2-0-0\" class=\"so-panel widget widget_sow-image panel-first-child panel-last-child\" data-index=\"4\" ><div\n\t\t\t\n\t\t\tclass=\"so-widget-sow-image so-widget-sow-image-default-8b5b6f678277-480\"\n\t\t\t\n\t\t>\n<div class=\"sow-image-container\">\n\t\t\t<a href=\"https:\/\/fonderiesdesougland.fr\/de\/wp-content\/uploads\/sites\/5\/2016\/12\/sougland-ameliorer-etudes-img-3.jpg\"\n\t\t\t\t\t>\n\t\t\t<img \n\tsrc=\"https:\/\/fonderiesdesougland.fr\/de\/wp-content\/uploads\/sites\/5\/2016\/12\/sougland-ameliorer-etudes-img-3-300x225.jpg\" width=\"300\" height=\"225\" srcset=\"https:\/\/fonderiesdesougland.fr\/de\/wp-content\/uploads\/sites\/5\/2016\/12\/sougland-ameliorer-etudes-img-3-300x225.jpg 300w, https:\/\/fonderiesdesougland.fr\/de\/wp-content\/uploads\/sites\/5\/2016\/12\/sougland-ameliorer-etudes-img-3-768x576.jpg 768w, https:\/\/fonderiesdesougland.fr\/de\/wp-content\/uploads\/sites\/5\/2016\/12\/sougland-ameliorer-etudes-img-3.jpg 800w\" sizes=\"(max-width: 300px) 100vw, 300px\" alt=\"\" \t\tclass=\"so-widget-image\"\/>\n\t\t\t<\/a><\/div>\n\n<\/div><\/div><\/div><div id=\"pgc-480-2-1\"  class=\"panel-grid-cell\" ><div id=\"panel-480-2-1-0\" class=\"so-panel widget widget_sow-image panel-first-child panel-last-child\" data-index=\"5\" ><div\n\t\t\t\n\t\t\tclass=\"so-widget-sow-image so-widget-sow-image-default-8b5b6f678277-480\"\n\t\t\t\n\t\t>\n<div class=\"sow-image-container\">\n\t\t<img \n\tsrc=\"https:\/\/fonderiesdesougland.fr\/de\/wp-content\/uploads\/sites\/5\/2016\/11\/sougland-be-methode-img-1-300x225.jpg\" width=\"300\" height=\"225\" srcset=\"https:\/\/fonderiesdesougland.fr\/de\/wp-content\/uploads\/sites\/5\/2016\/11\/sougland-be-methode-img-1-300x225.jpg 300w, https:\/\/fonderiesdesougland.fr\/de\/wp-content\/uploads\/sites\/5\/2016\/11\/sougland-be-methode-img-1-768x576.jpg 768w, https:\/\/fonderiesdesougland.fr\/de\/wp-content\/uploads\/sites\/5\/2016\/11\/sougland-be-methode-img-1.jpg 800w\" sizes=\"(max-width: 300px) 100vw, 300px\" alt=\"\" \t\tclass=\"so-widget-image\"\/>\n\t<\/div>\n\n<\/div><\/div><\/div><div id=\"pgc-480-2-2\"  class=\"panel-grid-cell\" ><div id=\"panel-480-2-2-0\" class=\"so-panel widget widget_sow-image panel-first-child panel-last-child\" data-index=\"6\" ><div\n\t\t\t\n\t\t\tclass=\"so-widget-sow-image so-widget-sow-image-default-8b5b6f678277-480\"\n\t\t\t\n\t\t>\n<div class=\"sow-image-container\">\n\t\t\t<a href=\"https:\/\/fonderiesdesougland.fr\/de\/wp-content\/uploads\/sites\/5\/2016\/12\/sougland-methode-img-1.jpg\"\n\t\t\t\t\t>\n\t\t\t<img \n\tsrc=\"https:\/\/fonderiesdesougland.fr\/de\/wp-content\/uploads\/sites\/5\/2016\/12\/sougland-methode-img-1-300x225.jpg\" width=\"300\" height=\"225\" srcset=\"https:\/\/fonderiesdesougland.fr\/de\/wp-content\/uploads\/sites\/5\/2016\/12\/sougland-methode-img-1-300x225.jpg 300w, https:\/\/fonderiesdesougland.fr\/de\/wp-content\/uploads\/sites\/5\/2016\/12\/sougland-methode-img-1-768x576.jpg 768w, https:\/\/fonderiesdesougland.fr\/de\/wp-content\/uploads\/sites\/5\/2016\/12\/sougland-methode-img-1.jpg 800w\" sizes=\"(max-width: 300px) 100vw, 300px\" alt=\"\" \t\tclass=\"so-widget-image\"\/>\n\t\t\t<\/a><\/div>\n\n<\/div><\/div><\/div><\/div><\/div>","protected":false},"excerpt":{"rendered":"<p>Um die einwandfreie Qualit\u00e4t Ihrer Teile zu gew\u00e4hrleisten, durchlaufen unsere Entwicklungsteams mehrere Projektetappen bis hin zur definitiven Validation. Erst dann wird das Teil f\u00fcr den Vertrieb freigegeben.Entwurf und Simulation nach Digitalverfahren erm\u00f6glichen die Herstellung von Teilen mit maximaler Konformit\u00e4t.Dar\u00fcber hinaus ist die Validation der fertigen Teile erforderlich. Unsere Pr\u00fcfungen erf\u00fcllen h\u00f6chste Konformit\u00e4tsanforderungen. Unsere L\u00f6sungen f\u00fcr [&hellip;]<\/p>\n","protected":false},"author":1,"featured_media":0,"parent":0,"menu_order":0,"comment_status":"closed","ping_status":"closed","template":"mp-single-simulateur.php","meta":{"_acf_changed":false,"footnotes":""},"class_list":["post-480","page","type-page","status-publish","hentry"],"acf":[],"yoast_head":"<!-- This site is optimized with the Yoast SEO plugin v27.4 - https:\/\/yoast.com\/product\/yoast-seo-wordpress\/ -->\n<title>Methoden - Pr\u00fcfverfahren &amp; Werkzeuge - Sougland Gie\u00dferei<\/title>\n<meta name=\"robots\" content=\"index, follow, max-snippet:-1, max-image-preview:large, max-video-preview:-1\" \/>\n<link rel=\"canonical\" href=\"https:\/\/fonderiesdesougland.fr\/de\/entdecken-sie-unser-gesamtangebot-methoden-prufverfahren-werkzeuge\/\" \/>\n<meta property=\"og:locale\" content=\"fr_FR\" \/>\n<meta property=\"og:type\" content=\"article\" \/>\n<meta property=\"og:title\" content=\"Methoden - Pr\u00fcfverfahren &amp; Werkzeuge - Sougland Gie\u00dferei\" \/>\n<meta property=\"og:description\" content=\"Um die einwandfreie Qualit\u00e4t Ihrer Teile zu gew\u00e4hrleisten, durchlaufen unsere Entwicklungsteams mehrere Projektetappen bis hin zur definitiven Validation. Erst dann wird das Teil f\u00fcr den Vertrieb freigegeben.Entwurf und Simulation nach Digitalverfahren erm\u00f6glichen die Herstellung von Teilen mit maximaler Konformit\u00e4t.Dar\u00fcber hinaus ist die Validation der fertigen Teile erforderlich. Unsere Pr\u00fcfungen erf\u00fcllen h\u00f6chste Konformit\u00e4tsanforderungen. Unsere L\u00f6sungen f\u00fcr [&hellip;]\" \/>\n<meta property=\"og:url\" content=\"https:\/\/fonderiesdesougland.fr\/de\/entdecken-sie-unser-gesamtangebot-methoden-prufverfahren-werkzeuge\/\" \/>\n<meta property=\"og:site_name\" content=\"Sougland Gie\u00dferei\" \/>\n<meta property=\"article:modified_time\" content=\"2017-01-18T09:59:32+00:00\" \/>\n<meta property=\"og:image\" content=\"https:\/\/fonderiesdesougland.fr\/de\/wp-content\/uploads\/sites\/5\/2017\/01\/Novacast_Logo-grand-300x113.png\" \/>\n<meta name=\"twitter:card\" content=\"summary_large_image\" \/>\n<script type=\"application\/ld+json\" class=\"yoast-schema-graph\">{\"@context\":\"https:\\\/\\\/schema.org\",\"@graph\":[{\"@type\":\"WebPage\",\"@id\":\"https:\\\/\\\/fonderiesdesougland.fr\\\/de\\\/entdecken-sie-unser-gesamtangebot-methoden-prufverfahren-werkzeuge\\\/\",\"url\":\"https:\\\/\\\/fonderiesdesougland.fr\\\/de\\\/entdecken-sie-unser-gesamtangebot-methoden-prufverfahren-werkzeuge\\\/\",\"name\":\"Methoden - Pr\u00fcfverfahren & Werkzeuge - Sougland Gie\u00dferei\",\"isPartOf\":{\"@id\":\"https:\\\/\\\/fonderiesdesougland.fr\\\/de\\\/#website\"},\"primaryImageOfPage\":{\"@id\":\"https:\\\/\\\/fonderiesdesougland.fr\\\/de\\\/entdecken-sie-unser-gesamtangebot-methoden-prufverfahren-werkzeuge\\\/#primaryimage\"},\"image\":{\"@id\":\"https:\\\/\\\/fonderiesdesougland.fr\\\/de\\\/entdecken-sie-unser-gesamtangebot-methoden-prufverfahren-werkzeuge\\\/#primaryimage\"},\"thumbnailUrl\":\"https:\\\/\\\/fonderiesdesougland.fr\\\/de\\\/wp-content\\\/uploads\\\/sites\\\/5\\\/2017\\\/01\\\/Novacast_Logo-grand-300x113.png\",\"datePublished\":\"2016-12-07T14:26:43+00:00\",\"dateModified\":\"2017-01-18T09:59:32+00:00\",\"breadcrumb\":{\"@id\":\"https:\\\/\\\/fonderiesdesougland.fr\\\/de\\\/entdecken-sie-unser-gesamtangebot-methoden-prufverfahren-werkzeuge\\\/#breadcrumb\"},\"inLanguage\":\"fr-FR\",\"potentialAction\":[{\"@type\":\"ReadAction\",\"target\":[\"https:\\\/\\\/fonderiesdesougland.fr\\\/de\\\/entdecken-sie-unser-gesamtangebot-methoden-prufverfahren-werkzeuge\\\/\"]}]},{\"@type\":\"ImageObject\",\"inLanguage\":\"fr-FR\",\"@id\":\"https:\\\/\\\/fonderiesdesougland.fr\\\/de\\\/entdecken-sie-unser-gesamtangebot-methoden-prufverfahren-werkzeuge\\\/#primaryimage\",\"url\":\"https:\\\/\\\/fonderiesdesougland.fr\\\/de\\\/wp-content\\\/uploads\\\/sites\\\/5\\\/2017\\\/01\\\/Novacast_Logo-grand.png\",\"contentUrl\":\"https:\\\/\\\/fonderiesdesougland.fr\\\/de\\\/wp-content\\\/uploads\\\/sites\\\/5\\\/2017\\\/01\\\/Novacast_Logo-grand.png\",\"width\":400,\"height\":150},{\"@type\":\"BreadcrumbList\",\"@id\":\"https:\\\/\\\/fonderiesdesougland.fr\\\/de\\\/entdecken-sie-unser-gesamtangebot-methoden-prufverfahren-werkzeuge\\\/#breadcrumb\",\"itemListElement\":[{\"@type\":\"ListItem\",\"position\":1,\"name\":\"Accueil\",\"item\":\"https:\\\/\\\/fonderiesdesougland.fr\\\/de\\\/\"},{\"@type\":\"ListItem\",\"position\":2,\"name\":\"Methoden &#8211; Pr\u00fcfverfahren &#038; Werkzeuge\"}]},{\"@type\":\"WebSite\",\"@id\":\"https:\\\/\\\/fonderiesdesougland.fr\\\/de\\\/#website\",\"url\":\"https:\\\/\\\/fonderiesdesougland.fr\\\/de\\\/\",\"name\":\"Sougland Gie\u00dferei\",\"description\":\"\",\"potentialAction\":[{\"@type\":\"SearchAction\",\"target\":{\"@type\":\"EntryPoint\",\"urlTemplate\":\"https:\\\/\\\/fonderiesdesougland.fr\\\/de\\\/?s={search_term_string}\"},\"query-input\":{\"@type\":\"PropertyValueSpecification\",\"valueRequired\":true,\"valueName\":\"search_term_string\"}}],\"inLanguage\":\"fr-FR\"}]}<\/script>\n<!-- \/ Yoast SEO plugin. -->","yoast_head_json":{"title":"Methoden - Pr\u00fcfverfahren & Werkzeuge - Sougland Gie\u00dferei","robots":{"index":"index","follow":"follow","max-snippet":"max-snippet:-1","max-image-preview":"max-image-preview:large","max-video-preview":"max-video-preview:-1"},"canonical":"https:\/\/fonderiesdesougland.fr\/de\/entdecken-sie-unser-gesamtangebot-methoden-prufverfahren-werkzeuge\/","og_locale":"fr_FR","og_type":"article","og_title":"Methoden - Pr\u00fcfverfahren & Werkzeuge - Sougland Gie\u00dferei","og_description":"Um die einwandfreie Qualit\u00e4t Ihrer Teile zu gew\u00e4hrleisten, durchlaufen unsere Entwicklungsteams mehrere Projektetappen bis hin zur definitiven Validation. Erst dann wird das Teil f\u00fcr den Vertrieb freigegeben.Entwurf und Simulation nach Digitalverfahren erm\u00f6glichen die Herstellung von Teilen mit maximaler Konformit\u00e4t.Dar\u00fcber hinaus ist die Validation der fertigen Teile erforderlich. Unsere Pr\u00fcfungen erf\u00fcllen h\u00f6chste Konformit\u00e4tsanforderungen. Unsere L\u00f6sungen f\u00fcr [&hellip;]","og_url":"https:\/\/fonderiesdesougland.fr\/de\/entdecken-sie-unser-gesamtangebot-methoden-prufverfahren-werkzeuge\/","og_site_name":"Sougland Gie\u00dferei","article_modified_time":"2017-01-18T09:59:32+00:00","og_image":[{"url":"https:\/\/fonderiesdesougland.fr\/de\/wp-content\/uploads\/sites\/5\/2017\/01\/Novacast_Logo-grand-300x113.png","type":"","width":"","height":""}],"twitter_card":"summary_large_image","schema":{"@context":"https:\/\/schema.org","@graph":[{"@type":"WebPage","@id":"https:\/\/fonderiesdesougland.fr\/de\/entdecken-sie-unser-gesamtangebot-methoden-prufverfahren-werkzeuge\/","url":"https:\/\/fonderiesdesougland.fr\/de\/entdecken-sie-unser-gesamtangebot-methoden-prufverfahren-werkzeuge\/","name":"Methoden - Pr\u00fcfverfahren & Werkzeuge - Sougland Gie\u00dferei","isPartOf":{"@id":"https:\/\/fonderiesdesougland.fr\/de\/#website"},"primaryImageOfPage":{"@id":"https:\/\/fonderiesdesougland.fr\/de\/entdecken-sie-unser-gesamtangebot-methoden-prufverfahren-werkzeuge\/#primaryimage"},"image":{"@id":"https:\/\/fonderiesdesougland.fr\/de\/entdecken-sie-unser-gesamtangebot-methoden-prufverfahren-werkzeuge\/#primaryimage"},"thumbnailUrl":"https:\/\/fonderiesdesougland.fr\/de\/wp-content\/uploads\/sites\/5\/2017\/01\/Novacast_Logo-grand-300x113.png","datePublished":"2016-12-07T14:26:43+00:00","dateModified":"2017-01-18T09:59:32+00:00","breadcrumb":{"@id":"https:\/\/fonderiesdesougland.fr\/de\/entdecken-sie-unser-gesamtangebot-methoden-prufverfahren-werkzeuge\/#breadcrumb"},"inLanguage":"fr-FR","potentialAction":[{"@type":"ReadAction","target":["https:\/\/fonderiesdesougland.fr\/de\/entdecken-sie-unser-gesamtangebot-methoden-prufverfahren-werkzeuge\/"]}]},{"@type":"ImageObject","inLanguage":"fr-FR","@id":"https:\/\/fonderiesdesougland.fr\/de\/entdecken-sie-unser-gesamtangebot-methoden-prufverfahren-werkzeuge\/#primaryimage","url":"https:\/\/fonderiesdesougland.fr\/de\/wp-content\/uploads\/sites\/5\/2017\/01\/Novacast_Logo-grand.png","contentUrl":"https:\/\/fonderiesdesougland.fr\/de\/wp-content\/uploads\/sites\/5\/2017\/01\/Novacast_Logo-grand.png","width":400,"height":150},{"@type":"BreadcrumbList","@id":"https:\/\/fonderiesdesougland.fr\/de\/entdecken-sie-unser-gesamtangebot-methoden-prufverfahren-werkzeuge\/#breadcrumb","itemListElement":[{"@type":"ListItem","position":1,"name":"Accueil","item":"https:\/\/fonderiesdesougland.fr\/de\/"},{"@type":"ListItem","position":2,"name":"Methoden &#8211; Pr\u00fcfverfahren &#038; Werkzeuge"}]},{"@type":"WebSite","@id":"https:\/\/fonderiesdesougland.fr\/de\/#website","url":"https:\/\/fonderiesdesougland.fr\/de\/","name":"Sougland Gie\u00dferei","description":"","potentialAction":[{"@type":"SearchAction","target":{"@type":"EntryPoint","urlTemplate":"https:\/\/fonderiesdesougland.fr\/de\/?s={search_term_string}"},"query-input":{"@type":"PropertyValueSpecification","valueRequired":true,"valueName":"search_term_string"}}],"inLanguage":"fr-FR"}]}},"_links":{"self":[{"href":"https:\/\/fonderiesdesougland.fr\/de\/wp-json\/wp\/v2\/pages\/480","targetHints":{"allow":["GET"]}}],"collection":[{"href":"https:\/\/fonderiesdesougland.fr\/de\/wp-json\/wp\/v2\/pages"}],"about":[{"href":"https:\/\/fonderiesdesougland.fr\/de\/wp-json\/wp\/v2\/types\/page"}],"author":[{"embeddable":true,"href":"https:\/\/fonderiesdesougland.fr\/de\/wp-json\/wp\/v2\/users\/1"}],"replies":[{"embeddable":true,"href":"https:\/\/fonderiesdesougland.fr\/de\/wp-json\/wp\/v2\/comments?post=480"}],"version-history":[{"count":9,"href":"https:\/\/fonderiesdesougland.fr\/de\/wp-json\/wp\/v2\/pages\/480\/revisions"}],"predecessor-version":[{"id":1023,"href":"https:\/\/fonderiesdesougland.fr\/de\/wp-json\/wp\/v2\/pages\/480\/revisions\/1023"}],"wp:attachment":[{"href":"https:\/\/fonderiesdesougland.fr\/de\/wp-json\/wp\/v2\/media?parent=480"}],"curies":[{"name":"wp","href":"https:\/\/api.w.org\/{rel}","templated":true}]}}