{"id":518,"date":"2016-12-08T15:54:45","date_gmt":"2016-12-08T14:54:45","guid":{"rendered":"https:\/\/fonderiesdesougland.fr\/de\/?page_id=518"},"modified":"2017-01-16T10:58:14","modified_gmt":"2017-01-16T09:58:14","slug":"sie-mochten-produzieren-prototypen-vorserie-freigabe-von-konzeptverfahren-material","status":"publish","type":"page","link":"https:\/\/fonderiesdesougland.fr\/de\/sie-mochten-produzieren-prototypen-vorserie-freigabe-von-konzeptverfahren-material\/","title":{"rendered":"Prototypen \/ Vorserie &#8211; Freigabe von Konzept\/Verfahren &#038; Material"},"content":{"rendered":"<div id=\"pl-518\"  class=\"panel-layout\" ><div id=\"pg-518-0\"  class=\"panel-grid panel-no-style\" ><div id=\"pgc-518-0-0\"  class=\"panel-grid-cell\" ><div id=\"panel-518-0-0-0\" class=\"so-panel widget widget_sow-image panel-first-child panel-last-child\" data-index=\"0\" ><div\n\t\t\t\n\t\t\tclass=\"so-widget-sow-image so-widget-sow-image-default-8b5b6f678277-518\"\n\t\t\t\n\t\t>\n<div class=\"sow-image-container\">\n\t\t\t<a href=\"https:\/\/fonderiesdesougland.fr\/wp-content\/uploads\/2016\/12\/sougland-produire-prototype-img-1.jpg\"\n\t\t\t\t\t>\n\t\t\t<img \n\tsrc=\"https:\/\/fonderiesdesougland.fr\/de\/wp-content\/uploads\/sites\/5\/2016\/12\/sougland-produire-prototype-img-1.jpg\" width=\"800\" height=\"600\" srcset=\"https:\/\/fonderiesdesougland.fr\/de\/wp-content\/uploads\/sites\/5\/2016\/12\/sougland-produire-prototype-img-1.jpg 800w, https:\/\/fonderiesdesougland.fr\/de\/wp-content\/uploads\/sites\/5\/2016\/12\/sougland-produire-prototype-img-1-300x225.jpg 300w, https:\/\/fonderiesdesougland.fr\/de\/wp-content\/uploads\/sites\/5\/2016\/12\/sougland-produire-prototype-img-1-768x576.jpg 768w\" sizes=\"(max-width: 800px) 100vw, 800px\" alt=\"\" \t\tclass=\"so-widget-image\"\/>\n\t\t\t<\/a><\/div>\n\n<\/div><\/div><\/div><div id=\"pgc-518-0-1\"  class=\"panel-grid-cell\" ><div id=\"panel-518-0-1-0\" class=\"so-panel widget widget_sow-editor panel-first-child\" data-index=\"1\" ><div\n\t\t\t\n\t\t\tclass=\"so-widget-sow-editor so-widget-sow-editor-base\"\n\t\t\t\n\t\t>\n<div class=\"siteorigin-widget-tinymce textwidget\">\n\t<h3>Prototyp<\/h3>\n<p align=\"JUSTIFY\">Ob es sich nun um Werkzeug oder Teile handelt, unsere L\u00f6sungen f\u00fcr die Prototypenherstellung f\u00fchren in sehr kurzer Zeit zu konkreten Resultaten. Das Werkzeug kann durch Styropor-Bearbeitung auf einer CNC-Maschine, Stereo-Lithografie oder 3D-Druck hergestellt werden.<\/p>\n<div id=\"link64_adl_tabid\" style=\"display: none;\" data-url=\"https:\/\/fonderiesdesougland.fr\/de\/wp-admin\/post.php?post=518&amp;action=edit\">134<\/div>\n<\/div>\n<\/div><\/div><div id=\"panel-518-0-1-1\" class=\"so-panel widget widget_sow-editor panel-last-child\" data-index=\"2\" ><div\n\t\t\t\n\t\t\tclass=\"so-widget-sow-editor so-widget-sow-editor-base\"\n\t\t\t\n\t\t>\n<div class=\"siteorigin-widget-tinymce textwidget\">\n\t<h3>Vorserie<\/h3>\n<p align=\"JUSTIFY\">Um die Qualit\u00e4t Ihrer Teile zu gew\u00e4hrleisten durchlaufen unsere F&amp;E-. Planungsteams und die Leiter der Ateliers die einzelnen Projektetappen bis zur definitiven Validation.<\/p>\n<div id=\"link64_adl_tabid\" style=\"display: none;\" data-url=\"https:\/\/fonderiesdesougland.fr\/wp-admin\/post.php?post=518&amp;action=edit\">133<\/div>\n<\/div>\n<\/div><\/div><\/div><\/div><div id=\"pg-518-1\"  class=\"panel-grid panel-no-style\" ><div id=\"pgc-518-1-0\"  class=\"panel-grid-cell\" ><div id=\"panel-518-1-0-0\" class=\"so-panel widget widget_sow-image panel-first-child panel-last-child\" data-index=\"3\" ><div\n\t\t\t\n\t\t\tclass=\"so-widget-sow-image so-widget-sow-image-default-8b5b6f678277-518\"\n\t\t\t\n\t\t>\n<div class=\"sow-image-container\">\n\t\t\t<a href=\"https:\/\/fonderiesdesougland.fr\/wp-content\/uploads\/2016\/12\/sougland-produire-prototype-img-2.jpg\"\n\t\t\t\t\t>\n\t\t\t<img \n\tsrc=\"https:\/\/fonderiesdesougland.fr\/de\/wp-content\/uploads\/sites\/5\/2016\/12\/sougland-produire-prototype-img-2.jpg\" width=\"800\" height=\"600\" srcset=\"https:\/\/fonderiesdesougland.fr\/de\/wp-content\/uploads\/sites\/5\/2016\/12\/sougland-produire-prototype-img-2.jpg 800w, https:\/\/fonderiesdesougland.fr\/de\/wp-content\/uploads\/sites\/5\/2016\/12\/sougland-produire-prototype-img-2-300x225.jpg 300w, https:\/\/fonderiesdesougland.fr\/de\/wp-content\/uploads\/sites\/5\/2016\/12\/sougland-produire-prototype-img-2-768x576.jpg 768w\" sizes=\"(max-width: 800px) 100vw, 800px\" alt=\"\" \t\tclass=\"so-widget-image\"\/>\n\t\t\t<\/a><\/div>\n\n<\/div><\/div><\/div><div id=\"pgc-518-1-1\"  class=\"panel-grid-cell\" ><div id=\"panel-518-1-1-0\" class=\"so-panel widget widget_sow-editor panel-first-child\" data-index=\"4\" ><div\n\t\t\t\n\t\t\tclass=\"so-widget-sow-editor so-widget-sow-editor-base\"\n\t\t\t\n\t\t>\n<div class=\"siteorigin-widget-tinymce textwidget\">\n\t<h3 align=\"JUSTIFY\">Simulation - Unsere St\u00e4rke<\/h3>\n<p align=\"JUSTIFY\">Der Entwurf und die computerimulation erm\u00f6glichen die Herstellung von Teilen mit maximaler Konformit\u00e4t.<\/p>\n<div id=\"link64_adl_tabid\" style=\"display: none;\" data-url=\"https:\/\/fonderiesdesougland.fr\/de\/wp-admin\/post.php?post=518&amp;action=edit\">133<\/div>\n<\/div>\n<\/div><\/div><div id=\"panel-518-1-1-1\" class=\"so-panel widget widget_sow-editor panel-last-child\" data-index=\"5\" ><div\n\t\t\t\n\t\t\tclass=\"so-widget-sow-editor so-widget-sow-editor-base\"\n\t\t\t\n\t\t>\n<div class=\"siteorigin-widget-tinymce textwidget\">\n\t<h3 align=\"JUSTIFY\">Kontrolle - Unsere St\u00e4rke<\/h3>\n<p align=\"JUSTIFY\">Als unverzichtbare Erg\u00e4nzung erfolgt die Validation der materiellen Teile mit anschlie\u00dfenden Pr\u00fcfungen, die h\u00f6chste Konformit\u00e4tsanforderungen erf\u00fcllen.<\/p>\n<div id=\"link64_adl_tabid\" style=\"display: none;\" data-url=\"https:\/\/fonderiesdesougland.fr\/wp-admin\/post.php?post=518&amp;action=edit\">133<\/div>\n<\/div>\n<\/div><\/div><\/div><\/div><\/div>","protected":false},"excerpt":{"rendered":"<p>PrototypOb es sich nun um Werkzeug oder Teile handelt, unsere L\u00f6sungen f\u00fcr die Prototypenherstellung f\u00fchren in sehr kurzer Zeit zu konkreten Resultaten. Das Werkzeug kann durch Styropor-Bearbeitung auf einer CNC-Maschine, Stereo-Lithografie oder 3D-Druck hergestellt werden.134 VorserieUm die Qualit\u00e4t Ihrer Teile zu gew\u00e4hrleisten durchlaufen unsere F&amp;E-. Planungsteams und die Leiter der Ateliers die einzelnen Projektetappen bis [&hellip;]<\/p>\n","protected":false},"author":1,"featured_media":0,"parent":0,"menu_order":0,"comment_status":"closed","ping_status":"closed","template":"mp-single-simulateur.php","meta":{"_acf_changed":false,"footnotes":""},"class_list":["post-518","page","type-page","status-publish","hentry"],"acf":[],"yoast_head":"<!-- This site is optimized with the Yoast SEO plugin v27.5 - https:\/\/yoast.com\/product\/yoast-seo-wordpress\/ -->\n<title>Prototypen \/ Vorserie - Freigabe von Konzept\/Verfahren &amp; Material - Sougland Gie\u00dferei<\/title>\n<meta name=\"robots\" content=\"index, follow, max-snippet:-1, max-image-preview:large, max-video-preview:-1\" \/>\n<link rel=\"canonical\" href=\"https:\/\/fonderiesdesougland.fr\/de\/sie-mochten-produzieren-prototypen-vorserie-freigabe-von-konzeptverfahren-material\/\" \/>\n<meta property=\"og:locale\" content=\"fr_FR\" \/>\n<meta property=\"og:type\" content=\"article\" \/>\n<meta property=\"og:title\" content=\"Prototypen \/ Vorserie - Freigabe von Konzept\/Verfahren &amp; Material - Sougland Gie\u00dferei\" \/>\n<meta property=\"og:description\" content=\"PrototypOb es sich nun um Werkzeug oder Teile handelt, unsere L\u00f6sungen f\u00fcr die Prototypenherstellung f\u00fchren in sehr kurzer Zeit zu konkreten Resultaten. Das Werkzeug kann durch Styropor-Bearbeitung auf einer CNC-Maschine, Stereo-Lithografie oder 3D-Druck hergestellt werden.134 VorserieUm die Qualit\u00e4t Ihrer Teile zu gew\u00e4hrleisten durchlaufen unsere F&amp;E-. Planungsteams und die Leiter der Ateliers die einzelnen Projektetappen bis [&hellip;]\" \/>\n<meta property=\"og:url\" content=\"https:\/\/fonderiesdesougland.fr\/de\/sie-mochten-produzieren-prototypen-vorserie-freigabe-von-konzeptverfahren-material\/\" \/>\n<meta property=\"og:site_name\" content=\"Sougland Gie\u00dferei\" \/>\n<meta property=\"article:modified_time\" content=\"2017-01-16T09:58:14+00:00\" \/>\n<meta property=\"og:image\" content=\"https:\/\/fonderiesdesougland.fr\/de\/wp-content\/uploads\/sites\/5\/2016\/12\/sougland-produire-prototype-img-1.jpg\" \/>\n<meta name=\"twitter:card\" content=\"summary_large_image\" \/>\n<meta name=\"twitter:label1\" content=\"Dur\u00e9e de lecture estim\u00e9e\" \/>\n\t<meta name=\"twitter:data1\" content=\"1 minute\" \/>\n<script type=\"application\/ld+json\" class=\"yoast-schema-graph\">{\"@context\":\"https:\\\/\\\/schema.org\",\"@graph\":[{\"@type\":\"WebPage\",\"@id\":\"https:\\\/\\\/fonderiesdesougland.fr\\\/de\\\/sie-mochten-produzieren-prototypen-vorserie-freigabe-von-konzeptverfahren-material\\\/\",\"url\":\"https:\\\/\\\/fonderiesdesougland.fr\\\/de\\\/sie-mochten-produzieren-prototypen-vorserie-freigabe-von-konzeptverfahren-material\\\/\",\"name\":\"Prototypen \\\/ Vorserie - Freigabe von Konzept\\\/Verfahren & Material - Sougland Gie\u00dferei\",\"isPartOf\":{\"@id\":\"https:\\\/\\\/fonderiesdesougland.fr\\\/de\\\/#website\"},\"primaryImageOfPage\":{\"@id\":\"https:\\\/\\\/fonderiesdesougland.fr\\\/de\\\/sie-mochten-produzieren-prototypen-vorserie-freigabe-von-konzeptverfahren-material\\\/#primaryimage\"},\"image\":{\"@id\":\"https:\\\/\\\/fonderiesdesougland.fr\\\/de\\\/sie-mochten-produzieren-prototypen-vorserie-freigabe-von-konzeptverfahren-material\\\/#primaryimage\"},\"thumbnailUrl\":\"https:\\\/\\\/fonderiesdesougland.fr\\\/de\\\/wp-content\\\/uploads\\\/sites\\\/5\\\/2016\\\/12\\\/sougland-produire-prototype-img-1.jpg\",\"datePublished\":\"2016-12-08T14:54:45+00:00\",\"dateModified\":\"2017-01-16T09:58:14+00:00\",\"breadcrumb\":{\"@id\":\"https:\\\/\\\/fonderiesdesougland.fr\\\/de\\\/sie-mochten-produzieren-prototypen-vorserie-freigabe-von-konzeptverfahren-material\\\/#breadcrumb\"},\"inLanguage\":\"fr-FR\",\"potentialAction\":[{\"@type\":\"ReadAction\",\"target\":[\"https:\\\/\\\/fonderiesdesougland.fr\\\/de\\\/sie-mochten-produzieren-prototypen-vorserie-freigabe-von-konzeptverfahren-material\\\/\"]}]},{\"@type\":\"ImageObject\",\"inLanguage\":\"fr-FR\",\"@id\":\"https:\\\/\\\/fonderiesdesougland.fr\\\/de\\\/sie-mochten-produzieren-prototypen-vorserie-freigabe-von-konzeptverfahren-material\\\/#primaryimage\",\"url\":\"https:\\\/\\\/fonderiesdesougland.fr\\\/de\\\/wp-content\\\/uploads\\\/sites\\\/5\\\/2016\\\/12\\\/sougland-produire-prototype-img-1.jpg\",\"contentUrl\":\"https:\\\/\\\/fonderiesdesougland.fr\\\/de\\\/wp-content\\\/uploads\\\/sites\\\/5\\\/2016\\\/12\\\/sougland-produire-prototype-img-1.jpg\",\"width\":800,\"height\":600},{\"@type\":\"BreadcrumbList\",\"@id\":\"https:\\\/\\\/fonderiesdesougland.fr\\\/de\\\/sie-mochten-produzieren-prototypen-vorserie-freigabe-von-konzeptverfahren-material\\\/#breadcrumb\",\"itemListElement\":[{\"@type\":\"ListItem\",\"position\":1,\"name\":\"Accueil\",\"item\":\"https:\\\/\\\/fonderiesdesougland.fr\\\/de\\\/\"},{\"@type\":\"ListItem\",\"position\":2,\"name\":\"Prototypen \\\/ Vorserie &#8211; Freigabe von Konzept\\\/Verfahren &#038; Material\"}]},{\"@type\":\"WebSite\",\"@id\":\"https:\\\/\\\/fonderiesdesougland.fr\\\/de\\\/#website\",\"url\":\"https:\\\/\\\/fonderiesdesougland.fr\\\/de\\\/\",\"name\":\"Sougland Gie\u00dferei\",\"description\":\"\",\"potentialAction\":[{\"@type\":\"SearchAction\",\"target\":{\"@type\":\"EntryPoint\",\"urlTemplate\":\"https:\\\/\\\/fonderiesdesougland.fr\\\/de\\\/?s={search_term_string}\"},\"query-input\":{\"@type\":\"PropertyValueSpecification\",\"valueRequired\":true,\"valueName\":\"search_term_string\"}}],\"inLanguage\":\"fr-FR\"}]}<\/script>\n<!-- \/ Yoast SEO plugin. -->","yoast_head_json":{"title":"Prototypen \/ Vorserie - Freigabe von Konzept\/Verfahren & Material - Sougland Gie\u00dferei","robots":{"index":"index","follow":"follow","max-snippet":"max-snippet:-1","max-image-preview":"max-image-preview:large","max-video-preview":"max-video-preview:-1"},"canonical":"https:\/\/fonderiesdesougland.fr\/de\/sie-mochten-produzieren-prototypen-vorserie-freigabe-von-konzeptverfahren-material\/","og_locale":"fr_FR","og_type":"article","og_title":"Prototypen \/ Vorserie - Freigabe von Konzept\/Verfahren & Material - Sougland Gie\u00dferei","og_description":"PrototypOb es sich nun um Werkzeug oder Teile handelt, unsere L\u00f6sungen f\u00fcr die Prototypenherstellung f\u00fchren in sehr kurzer Zeit zu konkreten Resultaten. Das Werkzeug kann durch Styropor-Bearbeitung auf einer CNC-Maschine, Stereo-Lithografie oder 3D-Druck hergestellt werden.134 VorserieUm die Qualit\u00e4t Ihrer Teile zu gew\u00e4hrleisten durchlaufen unsere F&amp;E-. Planungsteams und die Leiter der Ateliers die einzelnen Projektetappen bis [&hellip;]","og_url":"https:\/\/fonderiesdesougland.fr\/de\/sie-mochten-produzieren-prototypen-vorserie-freigabe-von-konzeptverfahren-material\/","og_site_name":"Sougland Gie\u00dferei","article_modified_time":"2017-01-16T09:58:14+00:00","og_image":[{"url":"https:\/\/fonderiesdesougland.fr\/de\/wp-content\/uploads\/sites\/5\/2016\/12\/sougland-produire-prototype-img-1.jpg","type":"","width":"","height":""}],"twitter_card":"summary_large_image","twitter_misc":{"Dur\u00e9e de lecture estim\u00e9e":"1 minute"},"schema":{"@context":"https:\/\/schema.org","@graph":[{"@type":"WebPage","@id":"https:\/\/fonderiesdesougland.fr\/de\/sie-mochten-produzieren-prototypen-vorserie-freigabe-von-konzeptverfahren-material\/","url":"https:\/\/fonderiesdesougland.fr\/de\/sie-mochten-produzieren-prototypen-vorserie-freigabe-von-konzeptverfahren-material\/","name":"Prototypen \/ Vorserie - Freigabe von Konzept\/Verfahren & Material - Sougland Gie\u00dferei","isPartOf":{"@id":"https:\/\/fonderiesdesougland.fr\/de\/#website"},"primaryImageOfPage":{"@id":"https:\/\/fonderiesdesougland.fr\/de\/sie-mochten-produzieren-prototypen-vorserie-freigabe-von-konzeptverfahren-material\/#primaryimage"},"image":{"@id":"https:\/\/fonderiesdesougland.fr\/de\/sie-mochten-produzieren-prototypen-vorserie-freigabe-von-konzeptverfahren-material\/#primaryimage"},"thumbnailUrl":"https:\/\/fonderiesdesougland.fr\/de\/wp-content\/uploads\/sites\/5\/2016\/12\/sougland-produire-prototype-img-1.jpg","datePublished":"2016-12-08T14:54:45+00:00","dateModified":"2017-01-16T09:58:14+00:00","breadcrumb":{"@id":"https:\/\/fonderiesdesougland.fr\/de\/sie-mochten-produzieren-prototypen-vorserie-freigabe-von-konzeptverfahren-material\/#breadcrumb"},"inLanguage":"fr-FR","potentialAction":[{"@type":"ReadAction","target":["https:\/\/fonderiesdesougland.fr\/de\/sie-mochten-produzieren-prototypen-vorserie-freigabe-von-konzeptverfahren-material\/"]}]},{"@type":"ImageObject","inLanguage":"fr-FR","@id":"https:\/\/fonderiesdesougland.fr\/de\/sie-mochten-produzieren-prototypen-vorserie-freigabe-von-konzeptverfahren-material\/#primaryimage","url":"https:\/\/fonderiesdesougland.fr\/de\/wp-content\/uploads\/sites\/5\/2016\/12\/sougland-produire-prototype-img-1.jpg","contentUrl":"https:\/\/fonderiesdesougland.fr\/de\/wp-content\/uploads\/sites\/5\/2016\/12\/sougland-produire-prototype-img-1.jpg","width":800,"height":600},{"@type":"BreadcrumbList","@id":"https:\/\/fonderiesdesougland.fr\/de\/sie-mochten-produzieren-prototypen-vorserie-freigabe-von-konzeptverfahren-material\/#breadcrumb","itemListElement":[{"@type":"ListItem","position":1,"name":"Accueil","item":"https:\/\/fonderiesdesougland.fr\/de\/"},{"@type":"ListItem","position":2,"name":"Prototypen \/ Vorserie &#8211; Freigabe von Konzept\/Verfahren &#038; Material"}]},{"@type":"WebSite","@id":"https:\/\/fonderiesdesougland.fr\/de\/#website","url":"https:\/\/fonderiesdesougland.fr\/de\/","name":"Sougland Gie\u00dferei","description":"","potentialAction":[{"@type":"SearchAction","target":{"@type":"EntryPoint","urlTemplate":"https:\/\/fonderiesdesougland.fr\/de\/?s={search_term_string}"},"query-input":{"@type":"PropertyValueSpecification","valueRequired":true,"valueName":"search_term_string"}}],"inLanguage":"fr-FR"}]}},"_links":{"self":[{"href":"https:\/\/fonderiesdesougland.fr\/de\/wp-json\/wp\/v2\/pages\/518","targetHints":{"allow":["GET"]}}],"collection":[{"href":"https:\/\/fonderiesdesougland.fr\/de\/wp-json\/wp\/v2\/pages"}],"about":[{"href":"https:\/\/fonderiesdesougland.fr\/de\/wp-json\/wp\/v2\/types\/page"}],"author":[{"embeddable":true,"href":"https:\/\/fonderiesdesougland.fr\/de\/wp-json\/wp\/v2\/users\/1"}],"replies":[{"embeddable":true,"href":"https:\/\/fonderiesdesougland.fr\/de\/wp-json\/wp\/v2\/comments?post=518"}],"version-history":[{"count":11,"href":"https:\/\/fonderiesdesougland.fr\/de\/wp-json\/wp\/v2\/pages\/518\/revisions"}],"predecessor-version":[{"id":1004,"href":"https:\/\/fonderiesdesougland.fr\/de\/wp-json\/wp\/v2\/pages\/518\/revisions\/1004"}],"wp:attachment":[{"href":"https:\/\/fonderiesdesougland.fr\/de\/wp-json\/wp\/v2\/media?parent=518"}],"curies":[{"name":"wp","href":"https:\/\/api.w.org\/{rel}","templated":true}]}}