{"id":531,"date":"2016-12-08T16:11:54","date_gmt":"2016-12-08T15:11:54","guid":{"rendered":"https:\/\/fonderiesdesougland.fr\/de\/?page_id=531"},"modified":"2017-01-13T14:18:27","modified_gmt":"2017-01-13T13:18:27","slug":"entdecken-sie-unser-gesamtangebot-lagerbestand-teile-versorgung-werkzeug","status":"publish","type":"page","link":"https:\/\/fonderiesdesougland.fr\/de\/entdecken-sie-unser-gesamtangebot-lagerbestand-teile-versorgung-werkzeug\/","title":{"rendered":"Lagerbestand &#8211; Teile, Versorgung &#038; Werkzeug"},"content":{"rendered":"<div id=\"pl-531\"  class=\"panel-layout\" ><div id=\"pg-531-0\"  class=\"panel-grid panel-no-style\" ><div id=\"pgc-531-0-0\"  class=\"panel-grid-cell\" ><div id=\"panel-531-0-0-0\" class=\"so-panel widget widget_sow-image panel-first-child panel-last-child\" data-index=\"0\" ><div\n\t\t\t\n\t\t\tclass=\"so-widget-sow-image so-widget-sow-image-default-8b5b6f678277-531\"\n\t\t\t\n\t\t>\n<div class=\"sow-image-container\">\n\t\t\t<a href=\"https:\/\/fonderiesdesougland.fr\/wp-content\/uploads\/2016\/12\/sougland-stocks-img-1.jpg\"\n\t\t\t\t\t>\n\t\t\t<img \n\tsrc=\"https:\/\/fonderiesdesougland.fr\/de\/wp-content\/uploads\/sites\/5\/2016\/12\/sougland-stocks-img-1.jpg\" width=\"800\" height=\"600\" srcset=\"https:\/\/fonderiesdesougland.fr\/de\/wp-content\/uploads\/sites\/5\/2016\/12\/sougland-stocks-img-1.jpg 800w, https:\/\/fonderiesdesougland.fr\/de\/wp-content\/uploads\/sites\/5\/2016\/12\/sougland-stocks-img-1-300x225.jpg 300w, https:\/\/fonderiesdesougland.fr\/de\/wp-content\/uploads\/sites\/5\/2016\/12\/sougland-stocks-img-1-768x576.jpg 768w\" sizes=\"(max-width: 800px) 100vw, 800px\" alt=\"\" \t\tclass=\"so-widget-image\"\/>\n\t\t\t<\/a><\/div>\n\n<\/div><\/div><\/div><div id=\"pgc-531-0-1\"  class=\"panel-grid-cell\" ><div id=\"panel-531-0-1-0\" class=\"so-panel widget widget_sow-editor panel-first-child\" data-index=\"1\" ><div\n\t\t\t\n\t\t\tclass=\"so-widget-sow-editor so-widget-sow-editor-base\"\n\t\t\t\n\t\t>\n<div class=\"siteorigin-widget-tinymce textwidget\">\n\t<h3 align=\"JUSTIFY\">Ihr Werkzeug<\/h3>\n<p align=\"JUSTIFY\">Wir lagern Ihr Werkzeug und halten es Instand (Modelle, Kernk\u00e4sten). Wir verf\u00fcgen dar\u00fcber hinaus \u00fcber mehrere Hundert Formk\u00e4sten unterschiedlicher Gr\u00f6\u00dfe.<\/p>\n<div id=\"link64_adl_tabid\" style=\"display: none;\" data-url=\"https:\/\/fonderiesdesougland.fr\/de\/wp-admin\/post.php?post=531&amp;action=edit\">262<\/div>\n<\/div>\n<\/div><\/div><div id=\"panel-531-0-1-1\" class=\"so-panel widget widget_sow-editor\" data-index=\"2\" ><div\n\t\t\t\n\t\t\tclass=\"so-widget-sow-editor so-widget-sow-editor-base\"\n\t\t\t\n\t\t>\n<div class=\"siteorigin-widget-tinymce textwidget\">\n\t<h3 align=\"JUSTIFY\">Rohstoffe<\/h3>\n<p align=\"JUSTIFY\">Um auf dringende Anfragen und Reparaturen vorbereitet zu sein, verf\u00fcgen wir \u00fcber einen Rohstofflager sowie einen Bestand an Filtern und Stopfenrohren.<\/p>\n<div id=\"link64_adl_tabid\" style=\"display: none;\" data-url=\"https:\/\/fonderiesdesougland.fr\/de\/wp-admin\/post.php?post=531&amp;action=edit\">263<\/div>\n<\/div>\n<\/div><\/div><div id=\"panel-531-0-1-2\" class=\"so-panel widget widget_sow-editor panel-last-child\" data-index=\"3\" ><div\n\t\t\t\n\t\t\tclass=\"so-widget-sow-editor so-widget-sow-editor-base\"\n\t\t\t\n\t\t>\n<div class=\"siteorigin-widget-tinymce textwidget\">\n\t<h3>Lagerbestand<\/h3>\n<p>Um Ihre Produktion zu sichern, auf dringenden Bedarf reagieren oder r\u00e4umlich nah am Produktionsbetrieb zu sein, bieten wir die Bereitstellung von Lagerbest\u00e4nden f\u00fcr Ihre Teile an und \u00fcbernehmen die regelm\u00e4\u00dfige Beschaffung.<\/p>\n<p>Diese Lagerbest\u00e4nde werden f\u00fcr Standardteile oder Baugruppen in Mengen angeboten, die gemeinsam mit Ihnen bedarfsgerecht festgelegt werden.<\/p>\n<p>\u00a0<\/p>\n<div id=\"link64_adl_tabid\" style=\"display: none;\" data-url=\"https:\/\/fonderiesdesougland.fr\/de\/wp-admin\/post.php?post=531&amp;action=edit\">187<\/div>\n<\/div>\n<\/div><\/div><\/div><\/div><\/div>","protected":false},"excerpt":{"rendered":"<p>Ihr WerkzeugWir lagern Ihr Werkzeug und halten es Instand (Modelle, Kernk\u00e4sten). Wir verf\u00fcgen dar\u00fcber hinaus \u00fcber mehrere Hundert Formk\u00e4sten unterschiedlicher Gr\u00f6\u00dfe.262 RohstoffeUm auf dringende Anfragen und Reparaturen vorbereitet zu sein, verf\u00fcgen wir \u00fcber einen Rohstofflager sowie einen Bestand an Filtern und Stopfenrohren.263 LagerbestandUm Ihre Produktion zu sichern, auf dringenden Bedarf reagieren oder r\u00e4umlich nah am [&hellip;]<\/p>\n","protected":false},"author":1,"featured_media":0,"parent":0,"menu_order":0,"comment_status":"closed","ping_status":"closed","template":"mp-single-simulateur.php","meta":{"_acf_changed":false,"footnotes":""},"class_list":["post-531","page","type-page","status-publish","hentry"],"acf":[],"yoast_head":"<!-- This site is optimized with the Yoast SEO plugin v27.4 - https:\/\/yoast.com\/product\/yoast-seo-wordpress\/ -->\n<title>Lagerbestand - Teile, Versorgung &amp; Werkzeug - Sougland Gie\u00dferei<\/title>\n<meta name=\"robots\" content=\"index, follow, max-snippet:-1, max-image-preview:large, max-video-preview:-1\" \/>\n<link rel=\"canonical\" href=\"https:\/\/fonderiesdesougland.fr\/de\/entdecken-sie-unser-gesamtangebot-lagerbestand-teile-versorgung-werkzeug\/\" \/>\n<meta property=\"og:locale\" content=\"fr_FR\" \/>\n<meta property=\"og:type\" content=\"article\" \/>\n<meta property=\"og:title\" content=\"Lagerbestand - Teile, Versorgung &amp; Werkzeug - Sougland Gie\u00dferei\" \/>\n<meta property=\"og:description\" content=\"Ihr WerkzeugWir lagern Ihr Werkzeug und halten es Instand (Modelle, Kernk\u00e4sten). Wir verf\u00fcgen dar\u00fcber hinaus \u00fcber mehrere Hundert Formk\u00e4sten unterschiedlicher Gr\u00f6\u00dfe.262 RohstoffeUm auf dringende Anfragen und Reparaturen vorbereitet zu sein, verf\u00fcgen wir \u00fcber einen Rohstofflager sowie einen Bestand an Filtern und Stopfenrohren.263 LagerbestandUm Ihre Produktion zu sichern, auf dringenden Bedarf reagieren oder r\u00e4umlich nah am [&hellip;]\" \/>\n<meta property=\"og:url\" content=\"https:\/\/fonderiesdesougland.fr\/de\/entdecken-sie-unser-gesamtangebot-lagerbestand-teile-versorgung-werkzeug\/\" \/>\n<meta property=\"og:site_name\" content=\"Sougland Gie\u00dferei\" \/>\n<meta property=\"article:modified_time\" content=\"2017-01-13T13:18:27+00:00\" \/>\n<meta property=\"og:image\" content=\"https:\/\/fonderiesdesougland.fr\/de\/wp-content\/uploads\/sites\/5\/2016\/12\/sougland-stocks-img-1.jpg\" \/>\n<meta name=\"twitter:card\" content=\"summary_large_image\" \/>\n<meta name=\"twitter:label1\" content=\"Dur\u00e9e de lecture estim\u00e9e\" \/>\n\t<meta name=\"twitter:data1\" content=\"1 minute\" \/>\n<script type=\"application\/ld+json\" class=\"yoast-schema-graph\">{\"@context\":\"https:\\\/\\\/schema.org\",\"@graph\":[{\"@type\":\"WebPage\",\"@id\":\"https:\\\/\\\/fonderiesdesougland.fr\\\/de\\\/entdecken-sie-unser-gesamtangebot-lagerbestand-teile-versorgung-werkzeug\\\/\",\"url\":\"https:\\\/\\\/fonderiesdesougland.fr\\\/de\\\/entdecken-sie-unser-gesamtangebot-lagerbestand-teile-versorgung-werkzeug\\\/\",\"name\":\"Lagerbestand - Teile, Versorgung & Werkzeug - Sougland Gie\u00dferei\",\"isPartOf\":{\"@id\":\"https:\\\/\\\/fonderiesdesougland.fr\\\/de\\\/#website\"},\"primaryImageOfPage\":{\"@id\":\"https:\\\/\\\/fonderiesdesougland.fr\\\/de\\\/entdecken-sie-unser-gesamtangebot-lagerbestand-teile-versorgung-werkzeug\\\/#primaryimage\"},\"image\":{\"@id\":\"https:\\\/\\\/fonderiesdesougland.fr\\\/de\\\/entdecken-sie-unser-gesamtangebot-lagerbestand-teile-versorgung-werkzeug\\\/#primaryimage\"},\"thumbnailUrl\":\"https:\\\/\\\/fonderiesdesougland.fr\\\/de\\\/wp-content\\\/uploads\\\/sites\\\/5\\\/2016\\\/12\\\/sougland-stocks-img-1.jpg\",\"datePublished\":\"2016-12-08T15:11:54+00:00\",\"dateModified\":\"2017-01-13T13:18:27+00:00\",\"breadcrumb\":{\"@id\":\"https:\\\/\\\/fonderiesdesougland.fr\\\/de\\\/entdecken-sie-unser-gesamtangebot-lagerbestand-teile-versorgung-werkzeug\\\/#breadcrumb\"},\"inLanguage\":\"fr-FR\",\"potentialAction\":[{\"@type\":\"ReadAction\",\"target\":[\"https:\\\/\\\/fonderiesdesougland.fr\\\/de\\\/entdecken-sie-unser-gesamtangebot-lagerbestand-teile-versorgung-werkzeug\\\/\"]}]},{\"@type\":\"ImageObject\",\"inLanguage\":\"fr-FR\",\"@id\":\"https:\\\/\\\/fonderiesdesougland.fr\\\/de\\\/entdecken-sie-unser-gesamtangebot-lagerbestand-teile-versorgung-werkzeug\\\/#primaryimage\",\"url\":\"https:\\\/\\\/fonderiesdesougland.fr\\\/de\\\/wp-content\\\/uploads\\\/sites\\\/5\\\/2016\\\/12\\\/sougland-stocks-img-1.jpg\",\"contentUrl\":\"https:\\\/\\\/fonderiesdesougland.fr\\\/de\\\/wp-content\\\/uploads\\\/sites\\\/5\\\/2016\\\/12\\\/sougland-stocks-img-1.jpg\",\"width\":800,\"height\":600},{\"@type\":\"BreadcrumbList\",\"@id\":\"https:\\\/\\\/fonderiesdesougland.fr\\\/de\\\/entdecken-sie-unser-gesamtangebot-lagerbestand-teile-versorgung-werkzeug\\\/#breadcrumb\",\"itemListElement\":[{\"@type\":\"ListItem\",\"position\":1,\"name\":\"Accueil\",\"item\":\"https:\\\/\\\/fonderiesdesougland.fr\\\/de\\\/\"},{\"@type\":\"ListItem\",\"position\":2,\"name\":\"Lagerbestand &#8211; Teile, Versorgung &#038; Werkzeug\"}]},{\"@type\":\"WebSite\",\"@id\":\"https:\\\/\\\/fonderiesdesougland.fr\\\/de\\\/#website\",\"url\":\"https:\\\/\\\/fonderiesdesougland.fr\\\/de\\\/\",\"name\":\"Sougland Gie\u00dferei\",\"description\":\"\",\"potentialAction\":[{\"@type\":\"SearchAction\",\"target\":{\"@type\":\"EntryPoint\",\"urlTemplate\":\"https:\\\/\\\/fonderiesdesougland.fr\\\/de\\\/?s={search_term_string}\"},\"query-input\":{\"@type\":\"PropertyValueSpecification\",\"valueRequired\":true,\"valueName\":\"search_term_string\"}}],\"inLanguage\":\"fr-FR\"}]}<\/script>\n<!-- \/ Yoast SEO plugin. -->","yoast_head_json":{"title":"Lagerbestand - Teile, Versorgung & Werkzeug - Sougland Gie\u00dferei","robots":{"index":"index","follow":"follow","max-snippet":"max-snippet:-1","max-image-preview":"max-image-preview:large","max-video-preview":"max-video-preview:-1"},"canonical":"https:\/\/fonderiesdesougland.fr\/de\/entdecken-sie-unser-gesamtangebot-lagerbestand-teile-versorgung-werkzeug\/","og_locale":"fr_FR","og_type":"article","og_title":"Lagerbestand - Teile, Versorgung & Werkzeug - Sougland Gie\u00dferei","og_description":"Ihr WerkzeugWir lagern Ihr Werkzeug und halten es Instand (Modelle, Kernk\u00e4sten). Wir verf\u00fcgen dar\u00fcber hinaus \u00fcber mehrere Hundert Formk\u00e4sten unterschiedlicher Gr\u00f6\u00dfe.262 RohstoffeUm auf dringende Anfragen und Reparaturen vorbereitet zu sein, verf\u00fcgen wir \u00fcber einen Rohstofflager sowie einen Bestand an Filtern und Stopfenrohren.263 LagerbestandUm Ihre Produktion zu sichern, auf dringenden Bedarf reagieren oder r\u00e4umlich nah am [&hellip;]","og_url":"https:\/\/fonderiesdesougland.fr\/de\/entdecken-sie-unser-gesamtangebot-lagerbestand-teile-versorgung-werkzeug\/","og_site_name":"Sougland Gie\u00dferei","article_modified_time":"2017-01-13T13:18:27+00:00","og_image":[{"url":"https:\/\/fonderiesdesougland.fr\/de\/wp-content\/uploads\/sites\/5\/2016\/12\/sougland-stocks-img-1.jpg","type":"","width":"","height":""}],"twitter_card":"summary_large_image","twitter_misc":{"Dur\u00e9e de lecture estim\u00e9e":"1 minute"},"schema":{"@context":"https:\/\/schema.org","@graph":[{"@type":"WebPage","@id":"https:\/\/fonderiesdesougland.fr\/de\/entdecken-sie-unser-gesamtangebot-lagerbestand-teile-versorgung-werkzeug\/","url":"https:\/\/fonderiesdesougland.fr\/de\/entdecken-sie-unser-gesamtangebot-lagerbestand-teile-versorgung-werkzeug\/","name":"Lagerbestand - Teile, Versorgung & Werkzeug - Sougland Gie\u00dferei","isPartOf":{"@id":"https:\/\/fonderiesdesougland.fr\/de\/#website"},"primaryImageOfPage":{"@id":"https:\/\/fonderiesdesougland.fr\/de\/entdecken-sie-unser-gesamtangebot-lagerbestand-teile-versorgung-werkzeug\/#primaryimage"},"image":{"@id":"https:\/\/fonderiesdesougland.fr\/de\/entdecken-sie-unser-gesamtangebot-lagerbestand-teile-versorgung-werkzeug\/#primaryimage"},"thumbnailUrl":"https:\/\/fonderiesdesougland.fr\/de\/wp-content\/uploads\/sites\/5\/2016\/12\/sougland-stocks-img-1.jpg","datePublished":"2016-12-08T15:11:54+00:00","dateModified":"2017-01-13T13:18:27+00:00","breadcrumb":{"@id":"https:\/\/fonderiesdesougland.fr\/de\/entdecken-sie-unser-gesamtangebot-lagerbestand-teile-versorgung-werkzeug\/#breadcrumb"},"inLanguage":"fr-FR","potentialAction":[{"@type":"ReadAction","target":["https:\/\/fonderiesdesougland.fr\/de\/entdecken-sie-unser-gesamtangebot-lagerbestand-teile-versorgung-werkzeug\/"]}]},{"@type":"ImageObject","inLanguage":"fr-FR","@id":"https:\/\/fonderiesdesougland.fr\/de\/entdecken-sie-unser-gesamtangebot-lagerbestand-teile-versorgung-werkzeug\/#primaryimage","url":"https:\/\/fonderiesdesougland.fr\/de\/wp-content\/uploads\/sites\/5\/2016\/12\/sougland-stocks-img-1.jpg","contentUrl":"https:\/\/fonderiesdesougland.fr\/de\/wp-content\/uploads\/sites\/5\/2016\/12\/sougland-stocks-img-1.jpg","width":800,"height":600},{"@type":"BreadcrumbList","@id":"https:\/\/fonderiesdesougland.fr\/de\/entdecken-sie-unser-gesamtangebot-lagerbestand-teile-versorgung-werkzeug\/#breadcrumb","itemListElement":[{"@type":"ListItem","position":1,"name":"Accueil","item":"https:\/\/fonderiesdesougland.fr\/de\/"},{"@type":"ListItem","position":2,"name":"Lagerbestand &#8211; Teile, Versorgung &#038; Werkzeug"}]},{"@type":"WebSite","@id":"https:\/\/fonderiesdesougland.fr\/de\/#website","url":"https:\/\/fonderiesdesougland.fr\/de\/","name":"Sougland Gie\u00dferei","description":"","potentialAction":[{"@type":"SearchAction","target":{"@type":"EntryPoint","urlTemplate":"https:\/\/fonderiesdesougland.fr\/de\/?s={search_term_string}"},"query-input":{"@type":"PropertyValueSpecification","valueRequired":true,"valueName":"search_term_string"}}],"inLanguage":"fr-FR"}]}},"_links":{"self":[{"href":"https:\/\/fonderiesdesougland.fr\/de\/wp-json\/wp\/v2\/pages\/531","targetHints":{"allow":["GET"]}}],"collection":[{"href":"https:\/\/fonderiesdesougland.fr\/de\/wp-json\/wp\/v2\/pages"}],"about":[{"href":"https:\/\/fonderiesdesougland.fr\/de\/wp-json\/wp\/v2\/types\/page"}],"author":[{"embeddable":true,"href":"https:\/\/fonderiesdesougland.fr\/de\/wp-json\/wp\/v2\/users\/1"}],"replies":[{"embeddable":true,"href":"https:\/\/fonderiesdesougland.fr\/de\/wp-json\/wp\/v2\/comments?post=531"}],"version-history":[{"count":7,"href":"https:\/\/fonderiesdesougland.fr\/de\/wp-json\/wp\/v2\/pages\/531\/revisions"}],"predecessor-version":[{"id":984,"href":"https:\/\/fonderiesdesougland.fr\/de\/wp-json\/wp\/v2\/pages\/531\/revisions\/984"}],"wp:attachment":[{"href":"https:\/\/fonderiesdesougland.fr\/de\/wp-json\/wp\/v2\/media?parent=531"}],"curies":[{"name":"wp","href":"https:\/\/api.w.org\/{rel}","templated":true}]}}