{"id":538,"date":"2016-12-08T16:17:50","date_gmt":"2016-12-08T15:17:50","guid":{"rendered":"https:\/\/fonderiesdesougland.fr\/de\/?page_id=538"},"modified":"2017-01-16T14:35:49","modified_gmt":"2017-01-16T13:35:49","slug":"entdecken-sie-unser-gesamtangebot-endbearbeitung","status":"publish","type":"page","link":"https:\/\/fonderiesdesougland.fr\/de\/entdecken-sie-unser-gesamtangebot-endbearbeitung\/","title":{"rendered":"Endbearbeitung"},"content":{"rendered":"<div id=\"pl-538\"  class=\"panel-layout\" ><div id=\"pg-538-0\"  class=\"panel-grid panel-no-style\" ><div id=\"pgc-538-0-0\"  class=\"panel-grid-cell\" ><div id=\"panel-538-0-0-0\" class=\"so-panel widget widget_sow-image panel-first-child panel-last-child\" data-index=\"0\" ><div\n\t\t\t\n\t\t\tclass=\"so-widget-sow-image so-widget-sow-image-default-8b5b6f678277-538\"\n\t\t\t\n\t\t>\n<div class=\"sow-image-container\">\n\t\t\t<a href=\"https:\/\/fonderiesdesougland.fr\/de\/wp-content\/uploads\/sites\/5\/2016\/12\/sougland-parachevement-img-2.jpg\"\n\t\t\t\t\t>\n\t\t\t<img \n\tsrc=\"https:\/\/fonderiesdesougland.fr\/de\/wp-content\/uploads\/sites\/5\/2016\/12\/sougland-parachevement-img-2.jpg\" width=\"800\" height=\"600\" srcset=\"https:\/\/fonderiesdesougland.fr\/de\/wp-content\/uploads\/sites\/5\/2016\/12\/sougland-parachevement-img-2.jpg 800w, https:\/\/fonderiesdesougland.fr\/de\/wp-content\/uploads\/sites\/5\/2016\/12\/sougland-parachevement-img-2-300x225.jpg 300w, https:\/\/fonderiesdesougland.fr\/de\/wp-content\/uploads\/sites\/5\/2016\/12\/sougland-parachevement-img-2-768x576.jpg 768w\" sizes=\"(max-width: 800px) 100vw, 800px\" alt=\"\" \t\tclass=\"so-widget-image\"\/>\n\t\t\t<\/a><\/div>\n\n<\/div><\/div><\/div><div id=\"pgc-538-0-1\"  class=\"panel-grid-cell\" ><div id=\"panel-538-0-1-0\" class=\"so-panel widget widget_sow-editor panel-first-child panel-last-child\" data-index=\"1\" ><div\n\t\t\t\n\t\t\tclass=\"so-widget-sow-editor so-widget-sow-editor-base\"\n\t\t\t\n\t\t>\n<div class=\"siteorigin-widget-tinymce textwidget\">\n\t<p align=\"JUSTIFY\">Unsere erfahrenen Bediener sind mit Werkzeug und Maschinen ausgestattet, die s\u00e4mtliche Endbearbeitungsvorg\u00e4nge erm\u00f6glichen.<\/p>\n<p align=\"JUSTIFY\">\u00a0<\/p>\n<h3 align=\"JUSTIFY\">Ausleeren<\/h3>\n<p align=\"JUSTIFY\">Um die Gie\u00dftraube (Formteil + Bef\u00fcllungssystem (Guss) + Speiser) von dem umgebenden Formsand zu befreien.<\/p>\n<p align=\"JUSTIFY\">\u00a0<\/p>\n<h3 align=\"JUSTIFY\">Entfernen der Speiser<\/h3>\n<p align=\"JUSTIFY\">Um den oder die Speiser und den Eingusskanal durch St\u00f6\u00dfe, mechanisches Abtrennen oder Lichtbogenschmelzschneiden (Arc Air) zu entfernen.<\/p>\n<p align=\"JUSTIFY\">\u00a0<\/p>\n<h3 align=\"JUSTIFY\">Kugelstrahlen<\/h3>\n<p align=\"JUSTIFY\">Aufstrahlen von metallischen Mikrokugeln auf die Oberfl\u00e4che des Gussteils.<\/p>\n<\/div>\n<\/div><\/div><\/div><\/div><div id=\"pg-538-1\"  class=\"panel-grid panel-no-style\" ><div id=\"pgc-538-1-0\"  class=\"panel-grid-cell\" ><div id=\"panel-538-1-0-0\" class=\"so-panel widget widget_sow-image panel-first-child panel-last-child\" data-index=\"2\" ><div\n\t\t\t\n\t\t\tclass=\"so-widget-sow-image so-widget-sow-image-default-8b5b6f678277-538\"\n\t\t\t\n\t\t>\n<div class=\"sow-image-container\">\n\t\t\t<a href=\"https:\/\/fonderiesdesougland.fr\/wp-content\/uploads\/2016\/12\/img-sougland-fonderies-parachevement-2.jpg\"\n\t\t\t\t\t>\n\t\t\t<img \n\tsrc=\"https:\/\/fonderiesdesougland.fr\/de\/wp-content\/uploads\/sites\/5\/2016\/12\/img-sougland-fonderies-parachevement-2.jpg\" width=\"800\" height=\"600\" srcset=\"https:\/\/fonderiesdesougland.fr\/de\/wp-content\/uploads\/sites\/5\/2016\/12\/img-sougland-fonderies-parachevement-2.jpg 800w, https:\/\/fonderiesdesougland.fr\/de\/wp-content\/uploads\/sites\/5\/2016\/12\/img-sougland-fonderies-parachevement-2-300x225.jpg 300w, https:\/\/fonderiesdesougland.fr\/de\/wp-content\/uploads\/sites\/5\/2016\/12\/img-sougland-fonderies-parachevement-2-768x576.jpg 768w\" sizes=\"(max-width: 800px) 100vw, 800px\" alt=\"\" \t\tclass=\"so-widget-image\"\/>\n\t\t\t<\/a><\/div>\n\n<\/div><\/div><\/div><div id=\"pgc-538-1-1\"  class=\"panel-grid-cell\" ><div id=\"panel-538-1-1-0\" class=\"so-panel widget widget_sow-editor panel-first-child panel-last-child\" data-index=\"3\" ><div\n\t\t\t\n\t\t\tclass=\"so-widget-sow-editor so-widget-sow-editor-base\"\n\t\t\t\n\t\t>\n<div class=\"siteorigin-widget-tinymce textwidget\">\n\t<h3 align=\"JUSTIFY\">Sandstrahlen<\/h3>\n<p align=\"JUSTIFY\">Aufstrahlen eines Schleifmittels (Sand) in hoher Geschwindigkeit mit Hilfe von Druckluft durch eine D\u00fcse.<\/p>\n<h3 align=\"JUSTIFY\">\u00a0<\/h3>\n<h3 align=\"JUSTIFY\">Abgraten oder Entgraten<\/h3>\n<p align=\"JUSTIFY\">Um \u00fcberstehende Stellen am Rohling zu entfernen (Grate, Oberfl\u00e4chenm\u00e4ngel...). Je nach Serie und Gewicht der Teile wird dieser Vorgang per Hand oder mit der Maschine durchgef\u00fchrt.<\/p>\n<p align=\"JUSTIFY\">\u00a0<\/p>\n<h3 align=\"JUSTIFY\">Schleifen<\/h3>\n<p align=\"JUSTIFY\">Schleifen mit Schleifscheiben auf Gestellen oder mit tragbaren Ger\u00e4ten.<\/p>\n<\/div>\n<\/div><\/div><\/div><\/div><\/div>","protected":false},"excerpt":{"rendered":"<p>Unsere erfahrenen Bediener sind mit Werkzeug und Maschinen ausgestattet, die s\u00e4mtliche Endbearbeitungsvorg\u00e4nge erm\u00f6glichen.\u00a0AusleerenUm die Gie\u00dftraube (Formteil + Bef\u00fcllungssystem (Guss) + Speiser) von dem umgebenden Formsand zu befreien.\u00a0Entfernen der SpeiserUm den oder die Speiser und den Eingusskanal durch St\u00f6\u00dfe, mechanisches Abtrennen oder Lichtbogenschmelzschneiden (Arc Air) zu entfernen.\u00a0KugelstrahlenAufstrahlen von metallischen Mikrokugeln auf die Oberfl\u00e4che des Gussteils. SandstrahlenAufstrahlen [&hellip;]<\/p>\n","protected":false},"author":1,"featured_media":0,"parent":0,"menu_order":0,"comment_status":"closed","ping_status":"closed","template":"mp-single-simulateur.php","meta":{"_acf_changed":false,"footnotes":""},"class_list":["post-538","page","type-page","status-publish","hentry"],"acf":[],"yoast_head":"<!-- This site is optimized with the Yoast SEO plugin v27.4 - https:\/\/yoast.com\/product\/yoast-seo-wordpress\/ -->\n<title>Endbearbeitung - Sougland Gie\u00dferei<\/title>\n<meta name=\"robots\" content=\"index, follow, max-snippet:-1, max-image-preview:large, max-video-preview:-1\" \/>\n<link rel=\"canonical\" href=\"https:\/\/fonderiesdesougland.fr\/de\/entdecken-sie-unser-gesamtangebot-endbearbeitung\/\" \/>\n<meta property=\"og:locale\" content=\"fr_FR\" \/>\n<meta property=\"og:type\" content=\"article\" \/>\n<meta property=\"og:title\" content=\"Endbearbeitung - Sougland Gie\u00dferei\" \/>\n<meta property=\"og:description\" content=\"Unsere erfahrenen Bediener sind mit Werkzeug und Maschinen ausgestattet, die s\u00e4mtliche Endbearbeitungsvorg\u00e4nge erm\u00f6glichen.\u00a0AusleerenUm die Gie\u00dftraube (Formteil + Bef\u00fcllungssystem (Guss) + Speiser) von dem umgebenden Formsand zu befreien.\u00a0Entfernen der SpeiserUm den oder die Speiser und den Eingusskanal durch St\u00f6\u00dfe, mechanisches Abtrennen oder Lichtbogenschmelzschneiden (Arc Air) zu entfernen.\u00a0KugelstrahlenAufstrahlen von metallischen Mikrokugeln auf die Oberfl\u00e4che des Gussteils. SandstrahlenAufstrahlen [&hellip;]\" \/>\n<meta property=\"og:url\" content=\"https:\/\/fonderiesdesougland.fr\/de\/entdecken-sie-unser-gesamtangebot-endbearbeitung\/\" \/>\n<meta property=\"og:site_name\" content=\"Sougland Gie\u00dferei\" \/>\n<meta property=\"article:modified_time\" content=\"2017-01-16T13:35:49+00:00\" \/>\n<meta property=\"og:image\" content=\"https:\/\/fonderiesdesougland.fr\/de\/wp-content\/uploads\/sites\/5\/2016\/12\/img-sougland-fonderies-parachevement.jpg\" \/>\n<meta name=\"twitter:card\" content=\"summary_large_image\" \/>\n<meta name=\"twitter:label1\" content=\"Dur\u00e9e de lecture estim\u00e9e\" \/>\n\t<meta name=\"twitter:data1\" content=\"1 minute\" \/>\n<script type=\"application\/ld+json\" class=\"yoast-schema-graph\">{\"@context\":\"https:\\\/\\\/schema.org\",\"@graph\":[{\"@type\":\"WebPage\",\"@id\":\"https:\\\/\\\/fonderiesdesougland.fr\\\/de\\\/entdecken-sie-unser-gesamtangebot-endbearbeitung\\\/\",\"url\":\"https:\\\/\\\/fonderiesdesougland.fr\\\/de\\\/entdecken-sie-unser-gesamtangebot-endbearbeitung\\\/\",\"name\":\"Endbearbeitung - Sougland Gie\u00dferei\",\"isPartOf\":{\"@id\":\"https:\\\/\\\/fonderiesdesougland.fr\\\/de\\\/#website\"},\"primaryImageOfPage\":{\"@id\":\"https:\\\/\\\/fonderiesdesougland.fr\\\/de\\\/entdecken-sie-unser-gesamtangebot-endbearbeitung\\\/#primaryimage\"},\"image\":{\"@id\":\"https:\\\/\\\/fonderiesdesougland.fr\\\/de\\\/entdecken-sie-unser-gesamtangebot-endbearbeitung\\\/#primaryimage\"},\"thumbnailUrl\":\"https:\\\/\\\/fonderiesdesougland.fr\\\/de\\\/wp-content\\\/uploads\\\/sites\\\/5\\\/2016\\\/12\\\/img-sougland-fonderies-parachevement.jpg\",\"datePublished\":\"2016-12-08T15:17:50+00:00\",\"dateModified\":\"2017-01-16T13:35:49+00:00\",\"breadcrumb\":{\"@id\":\"https:\\\/\\\/fonderiesdesougland.fr\\\/de\\\/entdecken-sie-unser-gesamtangebot-endbearbeitung\\\/#breadcrumb\"},\"inLanguage\":\"fr-FR\",\"potentialAction\":[{\"@type\":\"ReadAction\",\"target\":[\"https:\\\/\\\/fonderiesdesougland.fr\\\/de\\\/entdecken-sie-unser-gesamtangebot-endbearbeitung\\\/\"]}]},{\"@type\":\"ImageObject\",\"inLanguage\":\"fr-FR\",\"@id\":\"https:\\\/\\\/fonderiesdesougland.fr\\\/de\\\/entdecken-sie-unser-gesamtangebot-endbearbeitung\\\/#primaryimage\",\"url\":\"https:\\\/\\\/fonderiesdesougland.fr\\\/de\\\/wp-content\\\/uploads\\\/sites\\\/5\\\/2016\\\/12\\\/img-sougland-fonderies-parachevement.jpg\",\"contentUrl\":\"https:\\\/\\\/fonderiesdesougland.fr\\\/de\\\/wp-content\\\/uploads\\\/sites\\\/5\\\/2016\\\/12\\\/img-sougland-fonderies-parachevement.jpg\",\"width\":800,\"height\":600},{\"@type\":\"BreadcrumbList\",\"@id\":\"https:\\\/\\\/fonderiesdesougland.fr\\\/de\\\/entdecken-sie-unser-gesamtangebot-endbearbeitung\\\/#breadcrumb\",\"itemListElement\":[{\"@type\":\"ListItem\",\"position\":1,\"name\":\"Accueil\",\"item\":\"https:\\\/\\\/fonderiesdesougland.fr\\\/de\\\/\"},{\"@type\":\"ListItem\",\"position\":2,\"name\":\"Endbearbeitung\"}]},{\"@type\":\"WebSite\",\"@id\":\"https:\\\/\\\/fonderiesdesougland.fr\\\/de\\\/#website\",\"url\":\"https:\\\/\\\/fonderiesdesougland.fr\\\/de\\\/\",\"name\":\"Sougland Gie\u00dferei\",\"description\":\"\",\"potentialAction\":[{\"@type\":\"SearchAction\",\"target\":{\"@type\":\"EntryPoint\",\"urlTemplate\":\"https:\\\/\\\/fonderiesdesougland.fr\\\/de\\\/?s={search_term_string}\"},\"query-input\":{\"@type\":\"PropertyValueSpecification\",\"valueRequired\":true,\"valueName\":\"search_term_string\"}}],\"inLanguage\":\"fr-FR\"}]}<\/script>\n<!-- \/ Yoast SEO plugin. -->","yoast_head_json":{"title":"Endbearbeitung - Sougland Gie\u00dferei","robots":{"index":"index","follow":"follow","max-snippet":"max-snippet:-1","max-image-preview":"max-image-preview:large","max-video-preview":"max-video-preview:-1"},"canonical":"https:\/\/fonderiesdesougland.fr\/de\/entdecken-sie-unser-gesamtangebot-endbearbeitung\/","og_locale":"fr_FR","og_type":"article","og_title":"Endbearbeitung - Sougland Gie\u00dferei","og_description":"Unsere erfahrenen Bediener sind mit Werkzeug und Maschinen ausgestattet, die s\u00e4mtliche Endbearbeitungsvorg\u00e4nge erm\u00f6glichen.\u00a0AusleerenUm die Gie\u00dftraube (Formteil + Bef\u00fcllungssystem (Guss) + Speiser) von dem umgebenden Formsand zu befreien.\u00a0Entfernen der SpeiserUm den oder die Speiser und den Eingusskanal durch St\u00f6\u00dfe, mechanisches Abtrennen oder Lichtbogenschmelzschneiden (Arc Air) zu entfernen.\u00a0KugelstrahlenAufstrahlen von metallischen Mikrokugeln auf die Oberfl\u00e4che des Gussteils. SandstrahlenAufstrahlen [&hellip;]","og_url":"https:\/\/fonderiesdesougland.fr\/de\/entdecken-sie-unser-gesamtangebot-endbearbeitung\/","og_site_name":"Sougland Gie\u00dferei","article_modified_time":"2017-01-16T13:35:49+00:00","og_image":[{"url":"https:\/\/fonderiesdesougland.fr\/de\/wp-content\/uploads\/sites\/5\/2016\/12\/img-sougland-fonderies-parachevement.jpg","type":"","width":"","height":""}],"twitter_card":"summary_large_image","twitter_misc":{"Dur\u00e9e de lecture estim\u00e9e":"1 minute"},"schema":{"@context":"https:\/\/schema.org","@graph":[{"@type":"WebPage","@id":"https:\/\/fonderiesdesougland.fr\/de\/entdecken-sie-unser-gesamtangebot-endbearbeitung\/","url":"https:\/\/fonderiesdesougland.fr\/de\/entdecken-sie-unser-gesamtangebot-endbearbeitung\/","name":"Endbearbeitung - Sougland Gie\u00dferei","isPartOf":{"@id":"https:\/\/fonderiesdesougland.fr\/de\/#website"},"primaryImageOfPage":{"@id":"https:\/\/fonderiesdesougland.fr\/de\/entdecken-sie-unser-gesamtangebot-endbearbeitung\/#primaryimage"},"image":{"@id":"https:\/\/fonderiesdesougland.fr\/de\/entdecken-sie-unser-gesamtangebot-endbearbeitung\/#primaryimage"},"thumbnailUrl":"https:\/\/fonderiesdesougland.fr\/de\/wp-content\/uploads\/sites\/5\/2016\/12\/img-sougland-fonderies-parachevement.jpg","datePublished":"2016-12-08T15:17:50+00:00","dateModified":"2017-01-16T13:35:49+00:00","breadcrumb":{"@id":"https:\/\/fonderiesdesougland.fr\/de\/entdecken-sie-unser-gesamtangebot-endbearbeitung\/#breadcrumb"},"inLanguage":"fr-FR","potentialAction":[{"@type":"ReadAction","target":["https:\/\/fonderiesdesougland.fr\/de\/entdecken-sie-unser-gesamtangebot-endbearbeitung\/"]}]},{"@type":"ImageObject","inLanguage":"fr-FR","@id":"https:\/\/fonderiesdesougland.fr\/de\/entdecken-sie-unser-gesamtangebot-endbearbeitung\/#primaryimage","url":"https:\/\/fonderiesdesougland.fr\/de\/wp-content\/uploads\/sites\/5\/2016\/12\/img-sougland-fonderies-parachevement.jpg","contentUrl":"https:\/\/fonderiesdesougland.fr\/de\/wp-content\/uploads\/sites\/5\/2016\/12\/img-sougland-fonderies-parachevement.jpg","width":800,"height":600},{"@type":"BreadcrumbList","@id":"https:\/\/fonderiesdesougland.fr\/de\/entdecken-sie-unser-gesamtangebot-endbearbeitung\/#breadcrumb","itemListElement":[{"@type":"ListItem","position":1,"name":"Accueil","item":"https:\/\/fonderiesdesougland.fr\/de\/"},{"@type":"ListItem","position":2,"name":"Endbearbeitung"}]},{"@type":"WebSite","@id":"https:\/\/fonderiesdesougland.fr\/de\/#website","url":"https:\/\/fonderiesdesougland.fr\/de\/","name":"Sougland Gie\u00dferei","description":"","potentialAction":[{"@type":"SearchAction","target":{"@type":"EntryPoint","urlTemplate":"https:\/\/fonderiesdesougland.fr\/de\/?s={search_term_string}"},"query-input":{"@type":"PropertyValueSpecification","valueRequired":true,"valueName":"search_term_string"}}],"inLanguage":"fr-FR"}]}},"_links":{"self":[{"href":"https:\/\/fonderiesdesougland.fr\/de\/wp-json\/wp\/v2\/pages\/538","targetHints":{"allow":["GET"]}}],"collection":[{"href":"https:\/\/fonderiesdesougland.fr\/de\/wp-json\/wp\/v2\/pages"}],"about":[{"href":"https:\/\/fonderiesdesougland.fr\/de\/wp-json\/wp\/v2\/types\/page"}],"author":[{"embeddable":true,"href":"https:\/\/fonderiesdesougland.fr\/de\/wp-json\/wp\/v2\/users\/1"}],"replies":[{"embeddable":true,"href":"https:\/\/fonderiesdesougland.fr\/de\/wp-json\/wp\/v2\/comments?post=538"}],"version-history":[{"count":8,"href":"https:\/\/fonderiesdesougland.fr\/de\/wp-json\/wp\/v2\/pages\/538\/revisions"}],"predecessor-version":[{"id":998,"href":"https:\/\/fonderiesdesougland.fr\/de\/wp-json\/wp\/v2\/pages\/538\/revisions\/998"}],"wp:attachment":[{"href":"https:\/\/fonderiesdesougland.fr\/de\/wp-json\/wp\/v2\/media?parent=538"}],"curies":[{"name":"wp","href":"https:\/\/api.w.org\/{rel}","templated":true}]}}