{"id":580,"date":"2016-12-12T09:25:48","date_gmt":"2016-12-12T08:25:48","guid":{"rendered":"https:\/\/fonderiesdesougland.fr\/de\/?page_id=580"},"modified":"2017-01-16T10:45:58","modified_gmt":"2017-01-16T09:45:58","slug":"sie-planen-ein-projekt-fe-auflagen-losungen","status":"publish","type":"page","link":"https:\/\/fonderiesdesougland.fr\/de\/sie-planen-ein-projekt-fe-auflagen-losungen\/","title":{"rendered":"F&#038;E &#8211; Auflagen &#038; L\u00f6sungen"},"content":{"rendered":"<div id=\"pl-580\"  class=\"panel-layout\" ><div id=\"pg-580-0\"  class=\"panel-grid panel-no-style\" ><div id=\"pgc-580-0-0\"  class=\"panel-grid-cell\" ><div id=\"panel-580-0-0-0\" class=\"so-panel widget widget_sow-editor panel-first-child panel-last-child\" data-index=\"0\" ><div\n\t\t\t\n\t\t\tclass=\"so-widget-sow-editor so-widget-sow-editor-base\"\n\t\t\t\n\t\t>\n<div class=\"siteorigin-widget-tinymce textwidget\">\n\t<p>Haben Sie vor, neue Teile oder ein neues System\/Verfahren zu entwickeln? Unsere F&amp;amp;E-Abteilung bietet Ihnen die einzigartige M\u00f6glichkeit, Sie bei Ihren \u00dcberlegungen zu unterst\u00fctzen, Ihnen ihr Know-how zur Verf\u00fcgung zu stellen, Pr\u00fcfungen im Labor oder in natura zu entwickeln und die Ergebnisse\u00a0mit Unterst\u00fctzung unserer Forscher und Experten aus dem Bereich der Metallurgie zu validieren.<\/p>\n<\/div>\n<\/div><\/div><\/div><\/div><div id=\"pg-580-1\"  class=\"panel-grid panel-no-style\" ><div id=\"pgc-580-1-0\"  class=\"panel-grid-cell\" ><div id=\"panel-580-1-0-0\" class=\"so-panel widget widget_sow-image panel-first-child panel-last-child\" data-index=\"1\" ><div\n\t\t\t\n\t\t\tclass=\"so-widget-sow-image so-widget-sow-image-default-8b5b6f678277-580\"\n\t\t\t\n\t\t>\n<div class=\"sow-image-container\">\n\t\t\t<a href=\"https:\/\/fonderiesdesougland.fr\/wp-content\/uploads\/2016\/12\/sougland-rd-img-2.jpg\"\n\t\t\t\t\t>\n\t\t\t<img \n\tsrc=\"https:\/\/fonderiesdesougland.fr\/de\/wp-content\/uploads\/sites\/5\/2016\/12\/sougland-rd-img-2.jpg\" width=\"800\" height=\"600\" srcset=\"https:\/\/fonderiesdesougland.fr\/de\/wp-content\/uploads\/sites\/5\/2016\/12\/sougland-rd-img-2.jpg 800w, https:\/\/fonderiesdesougland.fr\/de\/wp-content\/uploads\/sites\/5\/2016\/12\/sougland-rd-img-2-300x225.jpg 300w, https:\/\/fonderiesdesougland.fr\/de\/wp-content\/uploads\/sites\/5\/2016\/12\/sougland-rd-img-2-768x576.jpg 768w\" sizes=\"(max-width: 800px) 100vw, 800px\" alt=\"\" \t\tclass=\"so-widget-image\"\/>\n\t\t\t<\/a><\/div>\n\n<\/div><\/div><\/div><div id=\"pgc-580-1-1\"  class=\"panel-grid-cell\" ><div id=\"panel-580-1-1-0\" class=\"so-panel widget widget_sow-editor panel-first-child panel-last-child\" data-index=\"2\" ><div\n\t\t\t\n\t\t\tclass=\"so-widget-sow-editor so-widget-sow-editor-base\"\n\t\t\t\n\t\t>\n<div class=\"siteorigin-widget-tinymce textwidget\">\n\t<p>Der Projektleiter in der Abteilung F&amp;E ist ein Werkstoffwissenschaftler, der sich mit den konkreten F\u00e4llen unserer Kunden befasst, die technologische \u00dcberwachung \u00fcbernimmt, Bedarf und Methoden festlegt und den Ablauf der Projekte koordiniert. Wir schlagen Ihnen ein bedarfsgerechtes Entwicklungsprotokoll vor.<\/p>\n<div id=\"link64_adl_tabid\" style=\"display: none;\" data-url=\"https:\/\/fonderiesdesougland.fr\/de\/wp-admin\/post.php?post=580&amp;action=edit\">274<\/div>\n<\/div>\n<\/div><\/div><\/div><\/div><div id=\"pg-580-2\"  class=\"panel-grid panel-no-style\" ><div id=\"pgc-580-2-0\"  class=\"panel-grid-cell\" ><div id=\"panel-580-2-0-0\" class=\"so-panel widget widget_sow-image panel-first-child panel-last-child\" data-index=\"3\" ><div\n\t\t\t\n\t\t\tclass=\"so-widget-sow-image so-widget-sow-image-default-8b5b6f678277-580\"\n\t\t\t\n\t\t>\n<div class=\"sow-image-container\">\n\t\t\t<a href=\"https:\/\/fonderiesdesougland.fr\/wp-content\/uploads\/2016\/12\/sougland-rd-img-1.jpg\"\n\t\t\t\t\t>\n\t\t\t<img \n\tsrc=\"https:\/\/fonderiesdesougland.fr\/de\/wp-content\/uploads\/sites\/5\/2016\/12\/sougland-rd-img-1.jpg\" width=\"800\" height=\"600\" srcset=\"https:\/\/fonderiesdesougland.fr\/de\/wp-content\/uploads\/sites\/5\/2016\/12\/sougland-rd-img-1.jpg 800w, https:\/\/fonderiesdesougland.fr\/de\/wp-content\/uploads\/sites\/5\/2016\/12\/sougland-rd-img-1-300x225.jpg 300w, https:\/\/fonderiesdesougland.fr\/de\/wp-content\/uploads\/sites\/5\/2016\/12\/sougland-rd-img-1-768x576.jpg 768w\" sizes=\"(max-width: 800px) 100vw, 800px\" alt=\"\" \t\tclass=\"so-widget-image\"\/>\n\t\t\t<\/a><\/div>\n\n<\/div><\/div><\/div><div id=\"pgc-580-2-1\"  class=\"panel-grid-cell\" ><div id=\"panel-580-2-1-0\" class=\"so-panel widget widget_sow-editor panel-first-child panel-last-child\" data-index=\"4\" ><div\n\t\t\t\n\t\t\tclass=\"so-widget-sow-editor so-widget-sow-editor-base\"\n\t\t\t\n\t\t>\n<div class=\"siteorigin-widget-tinymce textwidget\">\n\t<p>Dank unserer internen Mittel und unserer Zusammenarbeit mit Partneruniversit\u00e4ten und Privatlabors k\u00f6nnen wir ein breites Angebot an Analyseinstrumenten anbieten, um Ihrem projektbezogenen Bedarf gerecht zu werden. Mit unserem technischen und wissenschaftlichen Know-how k\u00f6nnen wir diese spitzentechnologischen Instrumente gezielt einsetzen, um die richtigen Antworten auf Ihre Fragen zu finden.<\/p>\n<div id=\"link64_adl_tabid\" style=\"display: none;\" data-url=\"https:\/\/fonderiesdesougland.fr\/de\/wp-admin\/post.php?post=580&amp;action=edit\">275<\/div>\n<\/div>\n<\/div><\/div><\/div><\/div><\/div>","protected":false},"excerpt":{"rendered":"<p>Haben Sie vor, neue Teile oder ein neues System\/Verfahren zu entwickeln? Unsere F&amp;amp;E-Abteilung bietet Ihnen die einzigartige M\u00f6glichkeit, Sie bei Ihren \u00dcberlegungen zu unterst\u00fctzen, Ihnen ihr Know-how zur Verf\u00fcgung zu stellen, Pr\u00fcfungen im Labor oder in natura zu entwickeln und die Ergebnisse\u00a0mit Unterst\u00fctzung unserer Forscher und Experten aus dem Bereich der Metallurgie zu validieren. Der [&hellip;]<\/p>\n","protected":false},"author":1,"featured_media":0,"parent":0,"menu_order":0,"comment_status":"closed","ping_status":"closed","template":"mp-single-simulateur.php","meta":{"_acf_changed":false,"footnotes":""},"class_list":["post-580","page","type-page","status-publish","hentry"],"acf":[],"yoast_head":"<!-- This site is optimized with the Yoast SEO plugin v27.5 - https:\/\/yoast.com\/product\/yoast-seo-wordpress\/ -->\n<title>F&amp;E - Auflagen &amp; L\u00f6sungen - Sougland Gie\u00dferei<\/title>\n<meta name=\"robots\" content=\"index, follow, max-snippet:-1, max-image-preview:large, max-video-preview:-1\" \/>\n<link rel=\"canonical\" href=\"https:\/\/fonderiesdesougland.fr\/de\/sie-planen-ein-projekt-fe-auflagen-losungen\/\" \/>\n<meta property=\"og:locale\" content=\"fr_FR\" \/>\n<meta property=\"og:type\" content=\"article\" \/>\n<meta property=\"og:title\" content=\"F&amp;E - Auflagen &amp; L\u00f6sungen - Sougland Gie\u00dferei\" \/>\n<meta property=\"og:description\" content=\"Haben Sie vor, neue Teile oder ein neues System\/Verfahren zu entwickeln? Unsere F&amp;amp;E-Abteilung bietet Ihnen die einzigartige M\u00f6glichkeit, Sie bei Ihren \u00dcberlegungen zu unterst\u00fctzen, Ihnen ihr Know-how zur Verf\u00fcgung zu stellen, Pr\u00fcfungen im Labor oder in natura zu entwickeln und die Ergebnisse\u00a0mit Unterst\u00fctzung unserer Forscher und Experten aus dem Bereich der Metallurgie zu validieren. Der [&hellip;]\" \/>\n<meta property=\"og:url\" content=\"https:\/\/fonderiesdesougland.fr\/de\/sie-planen-ein-projekt-fe-auflagen-losungen\/\" \/>\n<meta property=\"og:site_name\" content=\"Sougland Gie\u00dferei\" \/>\n<meta property=\"article:modified_time\" content=\"2017-01-16T09:45:58+00:00\" \/>\n<meta property=\"og:image\" content=\"https:\/\/fonderiesdesougland.fr\/de\/wp-content\/uploads\/sites\/5\/2016\/12\/sougland-rd-img-2.jpg\" \/>\n<meta name=\"twitter:card\" content=\"summary_large_image\" \/>\n<meta name=\"twitter:label1\" content=\"Dur\u00e9e de lecture estim\u00e9e\" \/>\n\t<meta name=\"twitter:data1\" content=\"1 minute\" \/>\n<script type=\"application\/ld+json\" class=\"yoast-schema-graph\">{\"@context\":\"https:\\\/\\\/schema.org\",\"@graph\":[{\"@type\":\"WebPage\",\"@id\":\"https:\\\/\\\/fonderiesdesougland.fr\\\/de\\\/sie-planen-ein-projekt-fe-auflagen-losungen\\\/\",\"url\":\"https:\\\/\\\/fonderiesdesougland.fr\\\/de\\\/sie-planen-ein-projekt-fe-auflagen-losungen\\\/\",\"name\":\"F&E - Auflagen & L\u00f6sungen - Sougland Gie\u00dferei\",\"isPartOf\":{\"@id\":\"https:\\\/\\\/fonderiesdesougland.fr\\\/de\\\/#website\"},\"primaryImageOfPage\":{\"@id\":\"https:\\\/\\\/fonderiesdesougland.fr\\\/de\\\/sie-planen-ein-projekt-fe-auflagen-losungen\\\/#primaryimage\"},\"image\":{\"@id\":\"https:\\\/\\\/fonderiesdesougland.fr\\\/de\\\/sie-planen-ein-projekt-fe-auflagen-losungen\\\/#primaryimage\"},\"thumbnailUrl\":\"https:\\\/\\\/fonderiesdesougland.fr\\\/de\\\/wp-content\\\/uploads\\\/sites\\\/5\\\/2016\\\/12\\\/sougland-rd-img-2.jpg\",\"datePublished\":\"2016-12-12T08:25:48+00:00\",\"dateModified\":\"2017-01-16T09:45:58+00:00\",\"breadcrumb\":{\"@id\":\"https:\\\/\\\/fonderiesdesougland.fr\\\/de\\\/sie-planen-ein-projekt-fe-auflagen-losungen\\\/#breadcrumb\"},\"inLanguage\":\"fr-FR\",\"potentialAction\":[{\"@type\":\"ReadAction\",\"target\":[\"https:\\\/\\\/fonderiesdesougland.fr\\\/de\\\/sie-planen-ein-projekt-fe-auflagen-losungen\\\/\"]}]},{\"@type\":\"ImageObject\",\"inLanguage\":\"fr-FR\",\"@id\":\"https:\\\/\\\/fonderiesdesougland.fr\\\/de\\\/sie-planen-ein-projekt-fe-auflagen-losungen\\\/#primaryimage\",\"url\":\"https:\\\/\\\/fonderiesdesougland.fr\\\/de\\\/wp-content\\\/uploads\\\/sites\\\/5\\\/2016\\\/12\\\/sougland-rd-img-2.jpg\",\"contentUrl\":\"https:\\\/\\\/fonderiesdesougland.fr\\\/de\\\/wp-content\\\/uploads\\\/sites\\\/5\\\/2016\\\/12\\\/sougland-rd-img-2.jpg\",\"width\":800,\"height\":600},{\"@type\":\"BreadcrumbList\",\"@id\":\"https:\\\/\\\/fonderiesdesougland.fr\\\/de\\\/sie-planen-ein-projekt-fe-auflagen-losungen\\\/#breadcrumb\",\"itemListElement\":[{\"@type\":\"ListItem\",\"position\":1,\"name\":\"Accueil\",\"item\":\"https:\\\/\\\/fonderiesdesougland.fr\\\/de\\\/\"},{\"@type\":\"ListItem\",\"position\":2,\"name\":\"F&#038;E &#8211; Auflagen &#038; L\u00f6sungen\"}]},{\"@type\":\"WebSite\",\"@id\":\"https:\\\/\\\/fonderiesdesougland.fr\\\/de\\\/#website\",\"url\":\"https:\\\/\\\/fonderiesdesougland.fr\\\/de\\\/\",\"name\":\"Sougland Gie\u00dferei\",\"description\":\"\",\"potentialAction\":[{\"@type\":\"SearchAction\",\"target\":{\"@type\":\"EntryPoint\",\"urlTemplate\":\"https:\\\/\\\/fonderiesdesougland.fr\\\/de\\\/?s={search_term_string}\"},\"query-input\":{\"@type\":\"PropertyValueSpecification\",\"valueRequired\":true,\"valueName\":\"search_term_string\"}}],\"inLanguage\":\"fr-FR\"}]}<\/script>\n<!-- \/ Yoast SEO plugin. -->","yoast_head_json":{"title":"F&E - Auflagen & L\u00f6sungen - Sougland Gie\u00dferei","robots":{"index":"index","follow":"follow","max-snippet":"max-snippet:-1","max-image-preview":"max-image-preview:large","max-video-preview":"max-video-preview:-1"},"canonical":"https:\/\/fonderiesdesougland.fr\/de\/sie-planen-ein-projekt-fe-auflagen-losungen\/","og_locale":"fr_FR","og_type":"article","og_title":"F&E - Auflagen & L\u00f6sungen - Sougland Gie\u00dferei","og_description":"Haben Sie vor, neue Teile oder ein neues System\/Verfahren zu entwickeln? Unsere F&amp;amp;E-Abteilung bietet Ihnen die einzigartige M\u00f6glichkeit, Sie bei Ihren \u00dcberlegungen zu unterst\u00fctzen, Ihnen ihr Know-how zur Verf\u00fcgung zu stellen, Pr\u00fcfungen im Labor oder in natura zu entwickeln und die Ergebnisse\u00a0mit Unterst\u00fctzung unserer Forscher und Experten aus dem Bereich der Metallurgie zu validieren. Der [&hellip;]","og_url":"https:\/\/fonderiesdesougland.fr\/de\/sie-planen-ein-projekt-fe-auflagen-losungen\/","og_site_name":"Sougland Gie\u00dferei","article_modified_time":"2017-01-16T09:45:58+00:00","og_image":[{"url":"https:\/\/fonderiesdesougland.fr\/de\/wp-content\/uploads\/sites\/5\/2016\/12\/sougland-rd-img-2.jpg","type":"","width":"","height":""}],"twitter_card":"summary_large_image","twitter_misc":{"Dur\u00e9e de lecture estim\u00e9e":"1 minute"},"schema":{"@context":"https:\/\/schema.org","@graph":[{"@type":"WebPage","@id":"https:\/\/fonderiesdesougland.fr\/de\/sie-planen-ein-projekt-fe-auflagen-losungen\/","url":"https:\/\/fonderiesdesougland.fr\/de\/sie-planen-ein-projekt-fe-auflagen-losungen\/","name":"F&E - Auflagen & L\u00f6sungen - Sougland Gie\u00dferei","isPartOf":{"@id":"https:\/\/fonderiesdesougland.fr\/de\/#website"},"primaryImageOfPage":{"@id":"https:\/\/fonderiesdesougland.fr\/de\/sie-planen-ein-projekt-fe-auflagen-losungen\/#primaryimage"},"image":{"@id":"https:\/\/fonderiesdesougland.fr\/de\/sie-planen-ein-projekt-fe-auflagen-losungen\/#primaryimage"},"thumbnailUrl":"https:\/\/fonderiesdesougland.fr\/de\/wp-content\/uploads\/sites\/5\/2016\/12\/sougland-rd-img-2.jpg","datePublished":"2016-12-12T08:25:48+00:00","dateModified":"2017-01-16T09:45:58+00:00","breadcrumb":{"@id":"https:\/\/fonderiesdesougland.fr\/de\/sie-planen-ein-projekt-fe-auflagen-losungen\/#breadcrumb"},"inLanguage":"fr-FR","potentialAction":[{"@type":"ReadAction","target":["https:\/\/fonderiesdesougland.fr\/de\/sie-planen-ein-projekt-fe-auflagen-losungen\/"]}]},{"@type":"ImageObject","inLanguage":"fr-FR","@id":"https:\/\/fonderiesdesougland.fr\/de\/sie-planen-ein-projekt-fe-auflagen-losungen\/#primaryimage","url":"https:\/\/fonderiesdesougland.fr\/de\/wp-content\/uploads\/sites\/5\/2016\/12\/sougland-rd-img-2.jpg","contentUrl":"https:\/\/fonderiesdesougland.fr\/de\/wp-content\/uploads\/sites\/5\/2016\/12\/sougland-rd-img-2.jpg","width":800,"height":600},{"@type":"BreadcrumbList","@id":"https:\/\/fonderiesdesougland.fr\/de\/sie-planen-ein-projekt-fe-auflagen-losungen\/#breadcrumb","itemListElement":[{"@type":"ListItem","position":1,"name":"Accueil","item":"https:\/\/fonderiesdesougland.fr\/de\/"},{"@type":"ListItem","position":2,"name":"F&#038;E &#8211; Auflagen &#038; L\u00f6sungen"}]},{"@type":"WebSite","@id":"https:\/\/fonderiesdesougland.fr\/de\/#website","url":"https:\/\/fonderiesdesougland.fr\/de\/","name":"Sougland Gie\u00dferei","description":"","potentialAction":[{"@type":"SearchAction","target":{"@type":"EntryPoint","urlTemplate":"https:\/\/fonderiesdesougland.fr\/de\/?s={search_term_string}"},"query-input":{"@type":"PropertyValueSpecification","valueRequired":true,"valueName":"search_term_string"}}],"inLanguage":"fr-FR"}]}},"_links":{"self":[{"href":"https:\/\/fonderiesdesougland.fr\/de\/wp-json\/wp\/v2\/pages\/580","targetHints":{"allow":["GET"]}}],"collection":[{"href":"https:\/\/fonderiesdesougland.fr\/de\/wp-json\/wp\/v2\/pages"}],"about":[{"href":"https:\/\/fonderiesdesougland.fr\/de\/wp-json\/wp\/v2\/types\/page"}],"author":[{"embeddable":true,"href":"https:\/\/fonderiesdesougland.fr\/de\/wp-json\/wp\/v2\/users\/1"}],"replies":[{"embeddable":true,"href":"https:\/\/fonderiesdesougland.fr\/de\/wp-json\/wp\/v2\/comments?post=580"}],"version-history":[{"count":7,"href":"https:\/\/fonderiesdesougland.fr\/de\/wp-json\/wp\/v2\/pages\/580\/revisions"}],"predecessor-version":[{"id":966,"href":"https:\/\/fonderiesdesougland.fr\/de\/wp-json\/wp\/v2\/pages\/580\/revisions\/966"}],"wp:attachment":[{"href":"https:\/\/fonderiesdesougland.fr\/de\/wp-json\/wp\/v2\/media?parent=580"}],"curies":[{"name":"wp","href":"https:\/\/api.w.org\/{rel}","templated":true}]}}