{"id":598,"date":"2016-12-12T10:05:14","date_gmt":"2016-12-12T09:05:14","guid":{"rendered":"https:\/\/fonderiesdesougland.fr\/de\/?page_id=598"},"modified":"2017-01-16T14:37:22","modified_gmt":"2017-01-16T13:37:22","slug":"entdecken-sie-unser-gesamtangebot-montage","status":"publish","type":"page","link":"https:\/\/fonderiesdesougland.fr\/de\/entdecken-sie-unser-gesamtangebot-montage\/","title":{"rendered":"Montage"},"content":{"rendered":"<div id=\"pl-598\"  class=\"panel-layout\" ><div id=\"pg-598-0\"  class=\"panel-grid panel-no-style\" ><div id=\"pgc-598-0-0\"  class=\"panel-grid-cell\" ><div id=\"panel-598-0-0-0\" class=\"so-panel widget widget_sow-editor panel-first-child panel-last-child\" data-index=\"0\" ><div\n\t\t\t\n\t\t\tclass=\"so-widget-sow-editor so-widget-sow-editor-base\"\n\t\t\t\n\t\t>\n<div class=\"siteorigin-widget-tinymce textwidget\">\n\t<p>Vom Werkst\u00fcck bis zur komplexen Baugruppe, vom Einzelauftrag bis zum globalen Werkvertrag, unsere Ateliers sind auf Ihre Anforderungen ausgerichtet. Ob Prototypen, kleine oder mittlere Serien, wir \u00fcbernehmen die Bearbeitung, Montage und \u00fcberpr\u00fcfen die Funktionsf\u00e4higkeit der uns anvertrauten Baugruppen.<\/p>\n<\/div>\n<\/div><\/div><\/div><div id=\"pgc-598-0-1\"  class=\"panel-grid-cell\" ><div id=\"panel-598-0-1-0\" class=\"so-panel widget widget_sow-editor panel-first-child panel-last-child\" data-index=\"1\" ><div\n\t\t\t\n\t\t\tclass=\"so-widget-sow-editor so-widget-sow-editor-base\"\n\t\t\t\n\t\t>\n<div class=\"siteorigin-widget-tinymce textwidget\">\n\t<p style=\"text-align: justify;\"><strong>Verbindung\u00a0fachlicher Qualifikationen :<\/strong><\/p>\n<p style=\"text-align: justify;\">Die erstklassigen technischen F\u00e4higkeiten und mannigfachen Qualit\u00e4ten (Autonomie, Flexibilit\u00e4t, Vielseitigkeit, Pflichtbewusstsein) unserer Mitarbeiter sind Garant f\u00fcr die wunschgem\u00e4\u00dfe Fertigung Ihrer Gussteile.<\/p>\n<p style=\"text-align: justify;\">Um Ihren Bed\u00fcrfnissen gerecht zu werden, halten wir uns an strenge Richtlinien in Bezug auf Lieferzeit, Pr\u00e4zision und Qualit\u00e4tssicherung.<\/p>\n<\/div>\n<\/div><\/div><\/div><\/div><div id=\"pg-598-1\"  class=\"panel-grid panel-no-style\" ><div id=\"pgc-598-1-0\"  class=\"panel-grid-cell\" ><div id=\"panel-598-1-0-0\" class=\"so-panel widget widget_sow-image panel-first-child panel-last-child\" data-index=\"2\" ><div\n\t\t\t\n\t\t\tclass=\"so-widget-sow-image so-widget-sow-image-default-8b5b6f678277-598\"\n\t\t\t\n\t\t>\n<div class=\"sow-image-container\">\n\t\t\t<a href=\"https:\/\/fonderiesdesougland.fr\/de\/wp-content\/uploads\/sites\/5\/2016\/12\/sougland-img-assemblage-1.jpg\"\n\t\t\t\t\t>\n\t\t\t<img \n\tsrc=\"https:\/\/fonderiesdesougland.fr\/de\/wp-content\/uploads\/sites\/5\/2016\/12\/sougland-img-assemblage-1.jpg\" width=\"800\" height=\"600\" srcset=\"https:\/\/fonderiesdesougland.fr\/de\/wp-content\/uploads\/sites\/5\/2016\/12\/sougland-img-assemblage-1.jpg 800w, https:\/\/fonderiesdesougland.fr\/de\/wp-content\/uploads\/sites\/5\/2016\/12\/sougland-img-assemblage-1-300x225.jpg 300w, https:\/\/fonderiesdesougland.fr\/de\/wp-content\/uploads\/sites\/5\/2016\/12\/sougland-img-assemblage-1-768x576.jpg 768w\" sizes=\"(max-width: 800px) 100vw, 800px\" alt=\"\" \t\tclass=\"so-widget-image\"\/>\n\t\t\t<\/a><\/div>\n\n<\/div><\/div><\/div><div id=\"pgc-598-1-1\"  class=\"panel-grid-cell\" ><div id=\"panel-598-1-1-0\" class=\"so-panel widget widget_sow-image panel-first-child panel-last-child\" data-index=\"3\" ><div\n\t\t\t\n\t\t\tclass=\"so-widget-sow-image so-widget-sow-image-default-8b5b6f678277-598\"\n\t\t\t\n\t\t>\n<div class=\"sow-image-container\">\n\t\t\t<a href=\"https:\/\/fonderiesdesougland.fr\/de\/wp-content\/uploads\/sites\/5\/2016\/12\/sougland-img-assemblage-3.jpg\"\n\t\t\t\t\t>\n\t\t\t<img \n\tsrc=\"https:\/\/fonderiesdesougland.fr\/de\/wp-content\/uploads\/sites\/5\/2016\/12\/sougland-img-assemblage-3.jpg\" width=\"800\" height=\"600\" srcset=\"https:\/\/fonderiesdesougland.fr\/de\/wp-content\/uploads\/sites\/5\/2016\/12\/sougland-img-assemblage-3.jpg 800w, https:\/\/fonderiesdesougland.fr\/de\/wp-content\/uploads\/sites\/5\/2016\/12\/sougland-img-assemblage-3-300x225.jpg 300w, https:\/\/fonderiesdesougland.fr\/de\/wp-content\/uploads\/sites\/5\/2016\/12\/sougland-img-assemblage-3-768x576.jpg 768w\" sizes=\"(max-width: 800px) 100vw, 800px\" alt=\"\" \t\tclass=\"so-widget-image\"\/>\n\t\t\t<\/a><\/div>\n\n<\/div><\/div><\/div><div id=\"pgc-598-1-2\"  class=\"panel-grid-cell\" ><div id=\"panel-598-1-2-0\" class=\"so-panel widget widget_sow-image panel-first-child panel-last-child\" data-index=\"4\" ><div\n\t\t\t\n\t\t\tclass=\"so-widget-sow-image so-widget-sow-image-default-8b5b6f678277-598\"\n\t\t\t\n\t\t>\n<div class=\"sow-image-container\">\n\t\t\t<a href=\"https:\/\/fonderiesdesougland.fr\/wp-content\/uploads\/2016\/09\/sougland-usinage-img-4.jpg\"\n\t\t\t\t\t>\n\t\t\t<img \n\tsrc=\"https:\/\/fonderiesdesougland.fr\/de\/wp-content\/uploads\/sites\/5\/2016\/09\/sougland-usinage-img-4.jpg\" width=\"800\" height=\"600\" srcset=\"https:\/\/fonderiesdesougland.fr\/de\/wp-content\/uploads\/sites\/5\/2016\/09\/sougland-usinage-img-4.jpg 800w, https:\/\/fonderiesdesougland.fr\/de\/wp-content\/uploads\/sites\/5\/2016\/09\/sougland-usinage-img-4-300x225.jpg 300w, https:\/\/fonderiesdesougland.fr\/de\/wp-content\/uploads\/sites\/5\/2016\/09\/sougland-usinage-img-4-768x576.jpg 768w\" sizes=\"(max-width: 800px) 100vw, 800px\" alt=\"\" \t\tclass=\"so-widget-image\"\/>\n\t\t\t<\/a><\/div>\n\n<\/div><\/div><\/div><\/div><\/div>","protected":false},"excerpt":{"rendered":"<p>Vom Werkst\u00fcck bis zur komplexen Baugruppe, vom Einzelauftrag bis zum globalen Werkvertrag, unsere Ateliers sind auf Ihre Anforderungen ausgerichtet. Ob Prototypen, kleine oder mittlere Serien, wir \u00fcbernehmen die Bearbeitung, Montage und \u00fcberpr\u00fcfen die Funktionsf\u00e4higkeit der uns anvertrauten Baugruppen. Verbindung\u00a0fachlicher Qualifikationen :Die erstklassigen technischen F\u00e4higkeiten und mannigfachen Qualit\u00e4ten (Autonomie, Flexibilit\u00e4t, Vielseitigkeit, Pflichtbewusstsein) unserer Mitarbeiter sind Garant [&hellip;]<\/p>\n","protected":false},"author":1,"featured_media":0,"parent":0,"menu_order":0,"comment_status":"closed","ping_status":"closed","template":"mp-single-simulateur.php","meta":{"_acf_changed":false,"footnotes":""},"class_list":["post-598","page","type-page","status-publish","hentry"],"acf":[],"yoast_head":"<!-- This site is optimized with the Yoast SEO plugin v27.5 - https:\/\/yoast.com\/product\/yoast-seo-wordpress\/ -->\n<title>Montage - Sougland Gie\u00dferei<\/title>\n<meta name=\"robots\" content=\"index, follow, max-snippet:-1, max-image-preview:large, max-video-preview:-1\" \/>\n<link rel=\"canonical\" href=\"https:\/\/fonderiesdesougland.fr\/de\/entdecken-sie-unser-gesamtangebot-montage\/\" \/>\n<meta property=\"og:locale\" content=\"fr_FR\" \/>\n<meta property=\"og:type\" content=\"article\" \/>\n<meta property=\"og:title\" content=\"Montage - Sougland Gie\u00dferei\" \/>\n<meta property=\"og:description\" content=\"Vom Werkst\u00fcck bis zur komplexen Baugruppe, vom Einzelauftrag bis zum globalen Werkvertrag, unsere Ateliers sind auf Ihre Anforderungen ausgerichtet. Ob Prototypen, kleine oder mittlere Serien, wir \u00fcbernehmen die Bearbeitung, Montage und \u00fcberpr\u00fcfen die Funktionsf\u00e4higkeit der uns anvertrauten Baugruppen. Verbindung\u00a0fachlicher Qualifikationen :Die erstklassigen technischen F\u00e4higkeiten und mannigfachen Qualit\u00e4ten (Autonomie, Flexibilit\u00e4t, Vielseitigkeit, Pflichtbewusstsein) unserer Mitarbeiter sind Garant [&hellip;]\" \/>\n<meta property=\"og:url\" content=\"https:\/\/fonderiesdesougland.fr\/de\/entdecken-sie-unser-gesamtangebot-montage\/\" \/>\n<meta property=\"og:site_name\" content=\"Sougland Gie\u00dferei\" \/>\n<meta property=\"article:modified_time\" content=\"2017-01-16T13:37:22+00:00\" \/>\n<meta property=\"og:image\" content=\"https:\/\/fonderiesdesougland.fr\/de\/wp-content\/uploads\/sites\/5\/2016\/09\/sougland-usinage-img-2.jpg\" \/>\n<meta name=\"twitter:card\" content=\"summary_large_image\" \/>\n<meta name=\"twitter:label1\" content=\"Dur\u00e9e de lecture estim\u00e9e\" \/>\n\t<meta name=\"twitter:data1\" content=\"1 minute\" \/>\n<script type=\"application\/ld+json\" class=\"yoast-schema-graph\">{\"@context\":\"https:\\\/\\\/schema.org\",\"@graph\":[{\"@type\":\"WebPage\",\"@id\":\"https:\\\/\\\/fonderiesdesougland.fr\\\/de\\\/entdecken-sie-unser-gesamtangebot-montage\\\/\",\"url\":\"https:\\\/\\\/fonderiesdesougland.fr\\\/de\\\/entdecken-sie-unser-gesamtangebot-montage\\\/\",\"name\":\"Montage - Sougland Gie\u00dferei\",\"isPartOf\":{\"@id\":\"https:\\\/\\\/fonderiesdesougland.fr\\\/de\\\/#website\"},\"primaryImageOfPage\":{\"@id\":\"https:\\\/\\\/fonderiesdesougland.fr\\\/de\\\/entdecken-sie-unser-gesamtangebot-montage\\\/#primaryimage\"},\"image\":{\"@id\":\"https:\\\/\\\/fonderiesdesougland.fr\\\/de\\\/entdecken-sie-unser-gesamtangebot-montage\\\/#primaryimage\"},\"thumbnailUrl\":\"https:\\\/\\\/fonderiesdesougland.fr\\\/de\\\/wp-content\\\/uploads\\\/sites\\\/5\\\/2016\\\/09\\\/sougland-usinage-img-2.jpg\",\"datePublished\":\"2016-12-12T09:05:14+00:00\",\"dateModified\":\"2017-01-16T13:37:22+00:00\",\"breadcrumb\":{\"@id\":\"https:\\\/\\\/fonderiesdesougland.fr\\\/de\\\/entdecken-sie-unser-gesamtangebot-montage\\\/#breadcrumb\"},\"inLanguage\":\"fr-FR\",\"potentialAction\":[{\"@type\":\"ReadAction\",\"target\":[\"https:\\\/\\\/fonderiesdesougland.fr\\\/de\\\/entdecken-sie-unser-gesamtangebot-montage\\\/\"]}]},{\"@type\":\"ImageObject\",\"inLanguage\":\"fr-FR\",\"@id\":\"https:\\\/\\\/fonderiesdesougland.fr\\\/de\\\/entdecken-sie-unser-gesamtangebot-montage\\\/#primaryimage\",\"url\":\"https:\\\/\\\/fonderiesdesougland.fr\\\/de\\\/wp-content\\\/uploads\\\/sites\\\/5\\\/2016\\\/09\\\/sougland-usinage-img-2.jpg\",\"contentUrl\":\"https:\\\/\\\/fonderiesdesougland.fr\\\/de\\\/wp-content\\\/uploads\\\/sites\\\/5\\\/2016\\\/09\\\/sougland-usinage-img-2.jpg\",\"width\":800,\"height\":600},{\"@type\":\"BreadcrumbList\",\"@id\":\"https:\\\/\\\/fonderiesdesougland.fr\\\/de\\\/entdecken-sie-unser-gesamtangebot-montage\\\/#breadcrumb\",\"itemListElement\":[{\"@type\":\"ListItem\",\"position\":1,\"name\":\"Accueil\",\"item\":\"https:\\\/\\\/fonderiesdesougland.fr\\\/de\\\/\"},{\"@type\":\"ListItem\",\"position\":2,\"name\":\"Montage\"}]},{\"@type\":\"WebSite\",\"@id\":\"https:\\\/\\\/fonderiesdesougland.fr\\\/de\\\/#website\",\"url\":\"https:\\\/\\\/fonderiesdesougland.fr\\\/de\\\/\",\"name\":\"Sougland Gie\u00dferei\",\"description\":\"\",\"potentialAction\":[{\"@type\":\"SearchAction\",\"target\":{\"@type\":\"EntryPoint\",\"urlTemplate\":\"https:\\\/\\\/fonderiesdesougland.fr\\\/de\\\/?s={search_term_string}\"},\"query-input\":{\"@type\":\"PropertyValueSpecification\",\"valueRequired\":true,\"valueName\":\"search_term_string\"}}],\"inLanguage\":\"fr-FR\"}]}<\/script>\n<!-- \/ Yoast SEO plugin. -->","yoast_head_json":{"title":"Montage - Sougland Gie\u00dferei","robots":{"index":"index","follow":"follow","max-snippet":"max-snippet:-1","max-image-preview":"max-image-preview:large","max-video-preview":"max-video-preview:-1"},"canonical":"https:\/\/fonderiesdesougland.fr\/de\/entdecken-sie-unser-gesamtangebot-montage\/","og_locale":"fr_FR","og_type":"article","og_title":"Montage - Sougland Gie\u00dferei","og_description":"Vom Werkst\u00fcck bis zur komplexen Baugruppe, vom Einzelauftrag bis zum globalen Werkvertrag, unsere Ateliers sind auf Ihre Anforderungen ausgerichtet. Ob Prototypen, kleine oder mittlere Serien, wir \u00fcbernehmen die Bearbeitung, Montage und \u00fcberpr\u00fcfen die Funktionsf\u00e4higkeit der uns anvertrauten Baugruppen. Verbindung\u00a0fachlicher Qualifikationen :Die erstklassigen technischen F\u00e4higkeiten und mannigfachen Qualit\u00e4ten (Autonomie, Flexibilit\u00e4t, Vielseitigkeit, Pflichtbewusstsein) unserer Mitarbeiter sind Garant [&hellip;]","og_url":"https:\/\/fonderiesdesougland.fr\/de\/entdecken-sie-unser-gesamtangebot-montage\/","og_site_name":"Sougland Gie\u00dferei","article_modified_time":"2017-01-16T13:37:22+00:00","og_image":[{"url":"https:\/\/fonderiesdesougland.fr\/de\/wp-content\/uploads\/sites\/5\/2016\/09\/sougland-usinage-img-2.jpg","type":"","width":"","height":""}],"twitter_card":"summary_large_image","twitter_misc":{"Dur\u00e9e de lecture estim\u00e9e":"1 minute"},"schema":{"@context":"https:\/\/schema.org","@graph":[{"@type":"WebPage","@id":"https:\/\/fonderiesdesougland.fr\/de\/entdecken-sie-unser-gesamtangebot-montage\/","url":"https:\/\/fonderiesdesougland.fr\/de\/entdecken-sie-unser-gesamtangebot-montage\/","name":"Montage - Sougland Gie\u00dferei","isPartOf":{"@id":"https:\/\/fonderiesdesougland.fr\/de\/#website"},"primaryImageOfPage":{"@id":"https:\/\/fonderiesdesougland.fr\/de\/entdecken-sie-unser-gesamtangebot-montage\/#primaryimage"},"image":{"@id":"https:\/\/fonderiesdesougland.fr\/de\/entdecken-sie-unser-gesamtangebot-montage\/#primaryimage"},"thumbnailUrl":"https:\/\/fonderiesdesougland.fr\/de\/wp-content\/uploads\/sites\/5\/2016\/09\/sougland-usinage-img-2.jpg","datePublished":"2016-12-12T09:05:14+00:00","dateModified":"2017-01-16T13:37:22+00:00","breadcrumb":{"@id":"https:\/\/fonderiesdesougland.fr\/de\/entdecken-sie-unser-gesamtangebot-montage\/#breadcrumb"},"inLanguage":"fr-FR","potentialAction":[{"@type":"ReadAction","target":["https:\/\/fonderiesdesougland.fr\/de\/entdecken-sie-unser-gesamtangebot-montage\/"]}]},{"@type":"ImageObject","inLanguage":"fr-FR","@id":"https:\/\/fonderiesdesougland.fr\/de\/entdecken-sie-unser-gesamtangebot-montage\/#primaryimage","url":"https:\/\/fonderiesdesougland.fr\/de\/wp-content\/uploads\/sites\/5\/2016\/09\/sougland-usinage-img-2.jpg","contentUrl":"https:\/\/fonderiesdesougland.fr\/de\/wp-content\/uploads\/sites\/5\/2016\/09\/sougland-usinage-img-2.jpg","width":800,"height":600},{"@type":"BreadcrumbList","@id":"https:\/\/fonderiesdesougland.fr\/de\/entdecken-sie-unser-gesamtangebot-montage\/#breadcrumb","itemListElement":[{"@type":"ListItem","position":1,"name":"Accueil","item":"https:\/\/fonderiesdesougland.fr\/de\/"},{"@type":"ListItem","position":2,"name":"Montage"}]},{"@type":"WebSite","@id":"https:\/\/fonderiesdesougland.fr\/de\/#website","url":"https:\/\/fonderiesdesougland.fr\/de\/","name":"Sougland Gie\u00dferei","description":"","potentialAction":[{"@type":"SearchAction","target":{"@type":"EntryPoint","urlTemplate":"https:\/\/fonderiesdesougland.fr\/de\/?s={search_term_string}"},"query-input":{"@type":"PropertyValueSpecification","valueRequired":true,"valueName":"search_term_string"}}],"inLanguage":"fr-FR"}]}},"_links":{"self":[{"href":"https:\/\/fonderiesdesougland.fr\/de\/wp-json\/wp\/v2\/pages\/598","targetHints":{"allow":["GET"]}}],"collection":[{"href":"https:\/\/fonderiesdesougland.fr\/de\/wp-json\/wp\/v2\/pages"}],"about":[{"href":"https:\/\/fonderiesdesougland.fr\/de\/wp-json\/wp\/v2\/types\/page"}],"author":[{"embeddable":true,"href":"https:\/\/fonderiesdesougland.fr\/de\/wp-json\/wp\/v2\/users\/1"}],"replies":[{"embeddable":true,"href":"https:\/\/fonderiesdesougland.fr\/de\/wp-json\/wp\/v2\/comments?post=598"}],"version-history":[{"count":6,"href":"https:\/\/fonderiesdesougland.fr\/de\/wp-json\/wp\/v2\/pages\/598\/revisions"}],"predecessor-version":[{"id":994,"href":"https:\/\/fonderiesdesougland.fr\/de\/wp-json\/wp\/v2\/pages\/598\/revisions\/994"}],"wp:attachment":[{"href":"https:\/\/fonderiesdesougland.fr\/de\/wp-json\/wp\/v2\/media?parent=598"}],"curies":[{"name":"wp","href":"https:\/\/api.w.org\/{rel}","templated":true}]}}