{"id":600,"date":"2016-12-12T10:12:25","date_gmt":"2016-12-12T09:12:25","guid":{"rendered":"https:\/\/fonderiesdesougland.fr\/de\/?page_id=600"},"modified":"2017-01-17T09:28:53","modified_gmt":"2017-01-17T08:28:53","slug":"entdecken-sie-unser-gesamtangebot-formen","status":"publish","type":"page","link":"https:\/\/fonderiesdesougland.fr\/de\/entdecken-sie-unser-gesamtangebot-formen\/","title":{"rendered":"Formen"},"content":{"rendered":"<div id=\"pl-600\"  class=\"panel-layout\" ><div id=\"pg-600-0\"  class=\"panel-grid panel-no-style\" ><div id=\"pgc-600-0-0\"  class=\"panel-grid-cell\" ><div id=\"panel-600-0-0-0\" class=\"so-panel widget widget_sow-editor panel-first-child panel-last-child\" data-index=\"0\" ><div\n\t\t\t\n\t\t\tclass=\"so-widget-sow-editor so-widget-sow-editor-base\"\n\t\t\t\n\t\t>\n<div class=\"siteorigin-widget-tinymce textwidget\">\n\t<h4>KASTENLOSES FORMEN BIS 600 X 600<\/h4>\n<\/div>\n<\/div><\/div><\/div><\/div><div id=\"pg-600-1\"  class=\"panel-grid panel-no-style\" ><div id=\"pgc-600-1-0\"  class=\"panel-grid-cell\" ><div id=\"panel-600-1-0-0\" class=\"so-panel widget widget_sow-image panel-first-child panel-last-child\" data-index=\"1\" ><div\n\t\t\t\n\t\t\tclass=\"so-widget-sow-image so-widget-sow-image-default-8b5b6f678277-600\"\n\t\t\t\n\t\t>\n<div class=\"sow-image-container\">\n\t\t\t<a href=\"https:\/\/fonderiesdesougland.fr\/de\/wp-content\/uploads\/sites\/5\/2016\/12\/sougland-img-moulage-motte.jpg\"\n\t\t\t\t\t>\n\t\t\t<img \n\tsrc=\"https:\/\/fonderiesdesougland.fr\/de\/wp-content\/uploads\/sites\/5\/2016\/12\/sougland-img-moulage-motte.jpg\" width=\"800\" height=\"600\" srcset=\"https:\/\/fonderiesdesougland.fr\/de\/wp-content\/uploads\/sites\/5\/2016\/12\/sougland-img-moulage-motte.jpg 800w, https:\/\/fonderiesdesougland.fr\/de\/wp-content\/uploads\/sites\/5\/2016\/12\/sougland-img-moulage-motte-300x225.jpg 300w, https:\/\/fonderiesdesougland.fr\/de\/wp-content\/uploads\/sites\/5\/2016\/12\/sougland-img-moulage-motte-768x576.jpg 768w\" sizes=\"(max-width: 800px) 100vw, 800px\" alt=\"\" \t\tclass=\"so-widget-image\"\/>\n\t\t\t<\/a><\/div>\n\n<\/div><\/div><\/div><div id=\"pgc-600-1-1\"  class=\"panel-grid-cell\" ><div id=\"panel-600-1-1-0\" class=\"so-panel widget widget_sow-image panel-first-child panel-last-child\" data-index=\"2\" ><div\n\t\t\t\n\t\t\tclass=\"so-widget-sow-image so-widget-sow-image-default-8b5b6f678277-600\"\n\t\t\t\n\t\t>\n<div class=\"sow-image-container\">\n\t\t\t<a href=\"https:\/\/fonderiesdesougland.fr\/de\/wp-content\/uploads\/sites\/5\/2016\/12\/sougland-img-moulage-motte-2.jpg\"\n\t\t\t\t\t>\n\t\t\t<img \n\tsrc=\"https:\/\/fonderiesdesougland.fr\/de\/wp-content\/uploads\/sites\/5\/2016\/12\/sougland-img-moulage-motte-2.jpg\" width=\"800\" height=\"600\" srcset=\"https:\/\/fonderiesdesougland.fr\/de\/wp-content\/uploads\/sites\/5\/2016\/12\/sougland-img-moulage-motte-2.jpg 800w, https:\/\/fonderiesdesougland.fr\/de\/wp-content\/uploads\/sites\/5\/2016\/12\/sougland-img-moulage-motte-2-300x225.jpg 300w, https:\/\/fonderiesdesougland.fr\/de\/wp-content\/uploads\/sites\/5\/2016\/12\/sougland-img-moulage-motte-2-768x576.jpg 768w\" sizes=\"(max-width: 800px) 100vw, 800px\" alt=\"\" \t\tclass=\"so-widget-image\"\/>\n\t\t\t<\/a><\/div>\n\n<\/div><\/div><\/div><div id=\"pgc-600-1-2\"  class=\"panel-grid-cell\" ><div id=\"panel-600-1-2-0\" class=\"so-panel widget widget_sow-editor panel-first-child panel-last-child\" data-index=\"3\" ><div\n\t\t\t\n\t\t\tclass=\"so-widget-sow-editor so-widget-sow-editor-base\"\n\t\t\t\n\t\t>\n<div class=\"siteorigin-widget-tinymce textwidget\">\n\t<p>Dieses Verfahren ben\u00f6tigt keine Formk\u00e4sten und erm\u00f6glicht die kosteng\u00fcnstige Produktion hoher St\u00fcckzahlen.<\/p>\n<ul>\n<li>Verbesserte \"Haut\" des Gussteils.<\/li>\n<li>Chemisches Verfahren mit Polyurethan.<\/li>\n<li>Stahlsorten mit niedrigem Kohlenstoffgehalt, Edelstahl, hitzebest\u00e4ndiger Stahl, hochwarmfeste Legierungen und legierte Gusseisen.<\/li>\n<\/ul>\n<\/div>\n<\/div><\/div><\/div><\/div><div id=\"pg-600-2\"  class=\"panel-grid panel-no-style\" ><div id=\"pgc-600-2-0\"  class=\"panel-grid-cell\" ><div id=\"panel-600-2-0-0\" class=\"so-panel widget widget_sow-editor panel-first-child panel-last-child\" data-index=\"4\" ><div\n\t\t\t\n\t\t\tclass=\"so-widget-sow-editor so-widget-sow-editor-base\"\n\t\t\t\n\t\t>\n<div class=\"siteorigin-widget-tinymce textwidget\">\n\t<h4>MASCHINENFORMEN (GR\u00dcNSAND) IN KASTENFORM 580 x 680<\/h4>\n<div id=\"link64_adl_tabid\" style=\"display: none;\" data-url=\"https:\/\/fonderiesdesougland.fr\/de\/wp-admin\/post.php?post=600&amp;action=edit\">341<\/div>\n<\/div>\n<\/div><\/div><\/div><\/div><div id=\"pg-600-3\"  class=\"panel-grid panel-no-style\" ><div id=\"pgc-600-3-0\"  class=\"panel-grid-cell\" ><div id=\"panel-600-3-0-0\" class=\"so-panel widget widget_sow-image panel-first-child panel-last-child\" data-index=\"5\" ><div\n\t\t\t\n\t\t\tclass=\"so-widget-sow-image so-widget-sow-image-default-8b5b6f678277-600\"\n\t\t\t\n\t\t>\n<div class=\"sow-image-container\">\n\t\t\t<a href=\"https:\/\/fonderiesdesougland.fr\/wp-content\/uploads\/2016\/09\/sougland-fonderies-moulage-machine-img-1.jpg\"\n\t\t\t\t\t>\n\t\t\t<img \n\tsrc=\"https:\/\/fonderiesdesougland.fr\/de\/wp-content\/uploads\/sites\/5\/2016\/09\/sougland-fonderies-moulage-machine-img-1.jpg\" width=\"800\" height=\"600\" srcset=\"https:\/\/fonderiesdesougland.fr\/de\/wp-content\/uploads\/sites\/5\/2016\/09\/sougland-fonderies-moulage-machine-img-1.jpg 800w, https:\/\/fonderiesdesougland.fr\/de\/wp-content\/uploads\/sites\/5\/2016\/09\/sougland-fonderies-moulage-machine-img-1-300x225.jpg 300w, https:\/\/fonderiesdesougland.fr\/de\/wp-content\/uploads\/sites\/5\/2016\/09\/sougland-fonderies-moulage-machine-img-1-768x576.jpg 768w\" sizes=\"(max-width: 800px) 100vw, 800px\" alt=\"\" \t\tclass=\"so-widget-image\"\/>\n\t\t\t<\/a><\/div>\n\n<\/div><\/div><\/div><div id=\"pgc-600-3-1\"  class=\"panel-grid-cell\" ><div id=\"panel-600-3-1-0\" class=\"so-panel widget widget_sow-editor panel-first-child panel-last-child\" data-index=\"6\" ><div\n\t\t\t\n\t\t\tclass=\"so-widget-sow-editor so-widget-sow-editor-base\"\n\t\t\t\n\t\t>\n<div class=\"siteorigin-widget-tinymce textwidget\">\n\t<p>Unser leistungsstarker, zuverl\u00e4ssiger Maschinenpark erm\u00f6glicht die Produktion einer breiten Palette von Gussteilen in k\u00fcrzester Zeit.<\/p>\n<ul>\n<li>Kleine und mittlere Serien<\/li>\n<li>Alle T\u00e4tigkeitsbereiche<\/li>\n<li>Stahlsorten mit niedrigem Kohlenstoffgehalt, Edelstahl, hitzebest\u00e4ndiger Stahl, hochwarmfeste Legierungen und legierte Gusseisen<\/li>\n<\/ul>\n<\/div>\n<\/div><\/div><\/div><\/div><div id=\"pg-600-4\"  class=\"panel-grid panel-no-style\" ><div id=\"pgc-600-4-0\"  class=\"panel-grid-cell\" ><div id=\"panel-600-4-0-0\" class=\"so-panel widget widget_sow-editor panel-first-child panel-last-child\" data-index=\"7\" ><div\n\t\t\t\n\t\t\tclass=\"so-widget-sow-editor so-widget-sow-editor-base\"\n\t\t\t\n\t\t>\n<div class=\"siteorigin-widget-tinymce textwidget\">\n\t<h4>DISAMATIC-FORMANLAGE 600 x 480<\/h4>\n<\/div>\n<\/div><\/div><\/div><\/div><div id=\"pg-600-5\"  class=\"panel-grid panel-no-style\" ><div id=\"pgc-600-5-0\"  class=\"panel-grid-cell\" ><div id=\"panel-600-5-0-0\" class=\"so-panel widget widget_sow-image panel-first-child panel-last-child\" data-index=\"8\" ><div\n\t\t\t\n\t\t\tclass=\"so-widget-sow-image so-widget-sow-image-default-8b5b6f678277-600\"\n\t\t\t\n\t\t>\n<div class=\"sow-image-container\">\n\t\t\t<a href=\"https:\/\/fonderiesdesougland.fr\/wp-content\/uploads\/2016\/09\/sougland-fonderies-moulage-disa-img-1.jpg\"\n\t\t\t\t\t>\n\t\t\t<img \n\tsrc=\"https:\/\/fonderiesdesougland.fr\/de\/wp-content\/uploads\/sites\/5\/2016\/09\/sougland-fonderies-moulage-disa-img-1.jpg\" width=\"800\" height=\"600\" srcset=\"https:\/\/fonderiesdesougland.fr\/de\/wp-content\/uploads\/sites\/5\/2016\/09\/sougland-fonderies-moulage-disa-img-1.jpg 800w, https:\/\/fonderiesdesougland.fr\/de\/wp-content\/uploads\/sites\/5\/2016\/09\/sougland-fonderies-moulage-disa-img-1-300x225.jpg 300w, https:\/\/fonderiesdesougland.fr\/de\/wp-content\/uploads\/sites\/5\/2016\/09\/sougland-fonderies-moulage-disa-img-1-768x576.jpg 768w\" sizes=\"(max-width: 800px) 100vw, 800px\" alt=\"\" \t\tclass=\"so-widget-image\"\/>\n\t\t\t<\/a><\/div>\n\n<\/div><\/div><\/div><div id=\"pgc-600-5-1\"  class=\"panel-grid-cell\" ><div id=\"panel-600-5-1-0\" class=\"so-panel widget widget_sow-editor panel-first-child panel-last-child\" data-index=\"9\" ><div\n\t\t\t\n\t\t\tclass=\"so-widget-sow-editor so-widget-sow-editor-base\"\n\t\t\t\n\t\t>\n<div class=\"siteorigin-widget-tinymce textwidget\">\n\t<p>Unsere automatische Fertigungslinie stellt pr\u00e4zise Gussteile in einem Produktionszyklus mit hohem Teiledurchlauf her.<\/p>\n<ul>\n<li><strong>Hitzebest\u00e4ndige Stahlsorten.<\/strong><\/li>\n<li>Gusseisen, legierte Gusseisen.<\/li>\n<li>Besonders geeignet f\u00fcr die Bed\u00fcrfnisse der Bereiche Eisenmetallurgie, Verbrennung und Biomasse-Heizkessel.<\/li>\n<\/ul>\n<\/div>\n<\/div><\/div><\/div><\/div><div id=\"pg-600-6\"  class=\"panel-grid panel-no-style\" ><div id=\"pgc-600-6-0\"  class=\"panel-grid-cell\" ><div id=\"panel-600-6-0-0\" class=\"so-panel widget widget_sow-editor panel-first-child panel-last-child\" data-index=\"10\" ><div\n\t\t\t\n\t\t\tclass=\"so-widget-sow-editor so-widget-sow-editor-base\"\n\t\t\t\n\t\t>\n<div class=\"siteorigin-widget-tinymce textwidget\">\n\t<h4>HANDFORMEN BIS 3000 X 3000<\/h4>\n<\/div>\n<\/div><\/div><\/div><\/div><div id=\"pg-600-7\"  class=\"panel-grid panel-no-style\" ><div id=\"pgc-600-7-0\"  class=\"panel-grid-cell\" ><div id=\"panel-600-7-0-0\" class=\"so-panel widget widget_sow-image panel-first-child panel-last-child\" data-index=\"11\" ><div\n\t\t\t\n\t\t\tclass=\"so-widget-sow-image so-widget-sow-image-default-8b5b6f678277-600\"\n\t\t\t\n\t\t>\n<div class=\"sow-image-container\">\n\t\t\t<a href=\"https:\/\/fonderiesdesougland.fr\/wp-content\/uploads\/2016\/09\/sougland-fonderies-moulage-main-img-1.jpg\"\n\t\t\t\t\t>\n\t\t\t<img \n\tsrc=\"https:\/\/fonderiesdesougland.fr\/de\/wp-content\/uploads\/sites\/5\/2016\/09\/sougland-fonderies-moulage-main-img-1.jpg\" width=\"800\" height=\"600\" srcset=\"https:\/\/fonderiesdesougland.fr\/de\/wp-content\/uploads\/sites\/5\/2016\/09\/sougland-fonderies-moulage-main-img-1.jpg 800w, https:\/\/fonderiesdesougland.fr\/de\/wp-content\/uploads\/sites\/5\/2016\/09\/sougland-fonderies-moulage-main-img-1-300x225.jpg 300w, https:\/\/fonderiesdesougland.fr\/de\/wp-content\/uploads\/sites\/5\/2016\/09\/sougland-fonderies-moulage-main-img-1-768x576.jpg 768w\" sizes=\"(max-width: 800px) 100vw, 800px\" alt=\"\" \t\tclass=\"so-widget-image\"\/>\n\t\t\t<\/a><\/div>\n\n<\/div><\/div><\/div><div id=\"pgc-600-7-1\"  class=\"panel-grid-cell\" ><div id=\"panel-600-7-1-0\" class=\"so-panel widget widget_sow-editor panel-first-child panel-last-child\" data-index=\"12\" ><div\n\t\t\t\n\t\t\tclass=\"so-widget-sow-editor so-widget-sow-editor-base\"\n\t\t\t\n\t\t>\n<div class=\"siteorigin-widget-tinymce textwidget\">\n\t<p>Unsere erfahrenen Techniker fertigen Ihre Gussteile in allen Abmessungen an.<\/p>\n<ul>\n<li>Chemisches Verfahren mit Furan<\/li>\n<li>Stahlsorten mit niedrigem Kohlenstoffgehalt, Edelstahl, hitzebest\u00e4ndiger Stahl, hochwarmfeste Legierungen und legierte Gusseisen.<\/li>\n<li>Gussteile mit starken Kernl\u00f6chern.<\/li>\n<\/ul>\n<\/div>\n<\/div><\/div><\/div><\/div><\/div>","protected":false},"excerpt":{"rendered":"<p>KASTENLOSES FORMEN BIS 600 X 600 Dieses Verfahren ben\u00f6tigt keine Formk\u00e4sten und erm\u00f6glicht die kosteng\u00fcnstige Produktion hoher St\u00fcckzahlen.Verbesserte \u00ab\u00a0Haut\u00a0\u00bb des Gussteils.Chemisches Verfahren mit Polyurethan.Stahlsorten mit niedrigem Kohlenstoffgehalt, Edelstahl, hitzebest\u00e4ndiger Stahl, hochwarmfeste Legierungen und legierte Gusseisen.<\/p>\n","protected":false},"author":1,"featured_media":0,"parent":0,"menu_order":0,"comment_status":"closed","ping_status":"closed","template":"mp-single-simulateur.php","meta":{"_acf_changed":false,"footnotes":""},"class_list":["post-600","page","type-page","status-publish","hentry"],"acf":[],"yoast_head":"<!-- This site is optimized with the Yoast SEO plugin v27.4 - https:\/\/yoast.com\/product\/yoast-seo-wordpress\/ -->\n<title>Formen - Sougland Gie\u00dferei<\/title>\n<meta name=\"robots\" content=\"index, follow, max-snippet:-1, max-image-preview:large, max-video-preview:-1\" \/>\n<link rel=\"canonical\" href=\"https:\/\/fonderiesdesougland.fr\/de\/entdecken-sie-unser-gesamtangebot-formen\/\" \/>\n<meta property=\"og:locale\" content=\"fr_FR\" \/>\n<meta property=\"og:type\" content=\"article\" \/>\n<meta property=\"og:title\" content=\"Formen - Sougland Gie\u00dferei\" \/>\n<meta property=\"og:description\" content=\"KASTENLOSES FORMEN BIS 600 X 600 Dieses Verfahren ben\u00f6tigt keine Formk\u00e4sten und erm\u00f6glicht die kosteng\u00fcnstige Produktion hoher St\u00fcckzahlen.Verbesserte &quot;Haut&quot; des Gussteils.Chemisches Verfahren mit Polyurethan.Stahlsorten mit niedrigem Kohlenstoffgehalt, Edelstahl, hitzebest\u00e4ndiger Stahl, hochwarmfeste Legierungen und legierte Gusseisen.\" \/>\n<meta property=\"og:url\" content=\"https:\/\/fonderiesdesougland.fr\/de\/entdecken-sie-unser-gesamtangebot-formen\/\" \/>\n<meta property=\"og:site_name\" content=\"Sougland Gie\u00dferei\" \/>\n<meta property=\"article:modified_time\" content=\"2017-01-17T08:28:53+00:00\" \/>\n<meta name=\"twitter:card\" content=\"summary_large_image\" \/>\n<script type=\"application\/ld+json\" class=\"yoast-schema-graph\">{\"@context\":\"https:\\\/\\\/schema.org\",\"@graph\":[{\"@type\":\"WebPage\",\"@id\":\"https:\\\/\\\/fonderiesdesougland.fr\\\/de\\\/entdecken-sie-unser-gesamtangebot-formen\\\/\",\"url\":\"https:\\\/\\\/fonderiesdesougland.fr\\\/de\\\/entdecken-sie-unser-gesamtangebot-formen\\\/\",\"name\":\"Formen - Sougland Gie\u00dferei\",\"isPartOf\":{\"@id\":\"https:\\\/\\\/fonderiesdesougland.fr\\\/de\\\/#website\"},\"datePublished\":\"2016-12-12T09:12:25+00:00\",\"dateModified\":\"2017-01-17T08:28:53+00:00\",\"breadcrumb\":{\"@id\":\"https:\\\/\\\/fonderiesdesougland.fr\\\/de\\\/entdecken-sie-unser-gesamtangebot-formen\\\/#breadcrumb\"},\"inLanguage\":\"fr-FR\",\"potentialAction\":[{\"@type\":\"ReadAction\",\"target\":[\"https:\\\/\\\/fonderiesdesougland.fr\\\/de\\\/entdecken-sie-unser-gesamtangebot-formen\\\/\"]}]},{\"@type\":\"BreadcrumbList\",\"@id\":\"https:\\\/\\\/fonderiesdesougland.fr\\\/de\\\/entdecken-sie-unser-gesamtangebot-formen\\\/#breadcrumb\",\"itemListElement\":[{\"@type\":\"ListItem\",\"position\":1,\"name\":\"Accueil\",\"item\":\"https:\\\/\\\/fonderiesdesougland.fr\\\/de\\\/\"},{\"@type\":\"ListItem\",\"position\":2,\"name\":\"Formen\"}]},{\"@type\":\"WebSite\",\"@id\":\"https:\\\/\\\/fonderiesdesougland.fr\\\/de\\\/#website\",\"url\":\"https:\\\/\\\/fonderiesdesougland.fr\\\/de\\\/\",\"name\":\"Sougland Gie\u00dferei\",\"description\":\"\",\"potentialAction\":[{\"@type\":\"SearchAction\",\"target\":{\"@type\":\"EntryPoint\",\"urlTemplate\":\"https:\\\/\\\/fonderiesdesougland.fr\\\/de\\\/?s={search_term_string}\"},\"query-input\":{\"@type\":\"PropertyValueSpecification\",\"valueRequired\":true,\"valueName\":\"search_term_string\"}}],\"inLanguage\":\"fr-FR\"}]}<\/script>\n<!-- \/ Yoast SEO plugin. -->","yoast_head_json":{"title":"Formen - Sougland Gie\u00dferei","robots":{"index":"index","follow":"follow","max-snippet":"max-snippet:-1","max-image-preview":"max-image-preview:large","max-video-preview":"max-video-preview:-1"},"canonical":"https:\/\/fonderiesdesougland.fr\/de\/entdecken-sie-unser-gesamtangebot-formen\/","og_locale":"fr_FR","og_type":"article","og_title":"Formen - Sougland Gie\u00dferei","og_description":"KASTENLOSES FORMEN BIS 600 X 600 Dieses Verfahren ben\u00f6tigt keine Formk\u00e4sten und erm\u00f6glicht die kosteng\u00fcnstige Produktion hoher St\u00fcckzahlen.Verbesserte \"Haut\" des Gussteils.Chemisches Verfahren mit Polyurethan.Stahlsorten mit niedrigem Kohlenstoffgehalt, Edelstahl, hitzebest\u00e4ndiger Stahl, hochwarmfeste Legierungen und legierte Gusseisen.","og_url":"https:\/\/fonderiesdesougland.fr\/de\/entdecken-sie-unser-gesamtangebot-formen\/","og_site_name":"Sougland Gie\u00dferei","article_modified_time":"2017-01-17T08:28:53+00:00","twitter_card":"summary_large_image","schema":{"@context":"https:\/\/schema.org","@graph":[{"@type":"WebPage","@id":"https:\/\/fonderiesdesougland.fr\/de\/entdecken-sie-unser-gesamtangebot-formen\/","url":"https:\/\/fonderiesdesougland.fr\/de\/entdecken-sie-unser-gesamtangebot-formen\/","name":"Formen - Sougland Gie\u00dferei","isPartOf":{"@id":"https:\/\/fonderiesdesougland.fr\/de\/#website"},"datePublished":"2016-12-12T09:12:25+00:00","dateModified":"2017-01-17T08:28:53+00:00","breadcrumb":{"@id":"https:\/\/fonderiesdesougland.fr\/de\/entdecken-sie-unser-gesamtangebot-formen\/#breadcrumb"},"inLanguage":"fr-FR","potentialAction":[{"@type":"ReadAction","target":["https:\/\/fonderiesdesougland.fr\/de\/entdecken-sie-unser-gesamtangebot-formen\/"]}]},{"@type":"BreadcrumbList","@id":"https:\/\/fonderiesdesougland.fr\/de\/entdecken-sie-unser-gesamtangebot-formen\/#breadcrumb","itemListElement":[{"@type":"ListItem","position":1,"name":"Accueil","item":"https:\/\/fonderiesdesougland.fr\/de\/"},{"@type":"ListItem","position":2,"name":"Formen"}]},{"@type":"WebSite","@id":"https:\/\/fonderiesdesougland.fr\/de\/#website","url":"https:\/\/fonderiesdesougland.fr\/de\/","name":"Sougland Gie\u00dferei","description":"","potentialAction":[{"@type":"SearchAction","target":{"@type":"EntryPoint","urlTemplate":"https:\/\/fonderiesdesougland.fr\/de\/?s={search_term_string}"},"query-input":{"@type":"PropertyValueSpecification","valueRequired":true,"valueName":"search_term_string"}}],"inLanguage":"fr-FR"}]}},"_links":{"self":[{"href":"https:\/\/fonderiesdesougland.fr\/de\/wp-json\/wp\/v2\/pages\/600","targetHints":{"allow":["GET"]}}],"collection":[{"href":"https:\/\/fonderiesdesougland.fr\/de\/wp-json\/wp\/v2\/pages"}],"about":[{"href":"https:\/\/fonderiesdesougland.fr\/de\/wp-json\/wp\/v2\/types\/page"}],"author":[{"embeddable":true,"href":"https:\/\/fonderiesdesougland.fr\/de\/wp-json\/wp\/v2\/users\/1"}],"replies":[{"embeddable":true,"href":"https:\/\/fonderiesdesougland.fr\/de\/wp-json\/wp\/v2\/comments?post=600"}],"version-history":[{"count":4,"href":"https:\/\/fonderiesdesougland.fr\/de\/wp-json\/wp\/v2\/pages\/600\/revisions"}],"predecessor-version":[{"id":999,"href":"https:\/\/fonderiesdesougland.fr\/de\/wp-json\/wp\/v2\/pages\/600\/revisions\/999"}],"wp:attachment":[{"href":"https:\/\/fonderiesdesougland.fr\/de\/wp-json\/wp\/v2\/media?parent=600"}],"curies":[{"name":"wp","href":"https:\/\/api.w.org\/{rel}","templated":true}]}}