{"id":1332,"date":"2020-03-26T10:16:09","date_gmt":"2020-03-26T09:16:09","guid":{"rendered":"https:\/\/fonderiesdesougland.fr\/uk\/?page_id=1332"},"modified":"2020-03-26T10:16:09","modified_gmt":"2020-03-26T09:16:09","slug":"learning-center","status":"publish","type":"page","link":"https:\/\/fonderiesdesougland.fr\/uk\/learning-center\/","title":{"rendered":"Learning Center"},"content":{"rendered":"<div id=\"pl-1332\"  class=\"panel-layout\" ><div id=\"pg-1332-0\"  class=\"panel-grid panel-no-style\" ><div id=\"pgc-1332-0-0\"  class=\"panel-grid-cell\" ><div id=\"panel-1332-0-0-0\" class=\"so-panel widget widget_sow-editor panel-first-child panel-last-child\" data-index=\"0\" ><div\n\t\t\t\n\t\t\tclass=\"so-widget-sow-editor so-widget-sow-editor-base\"\n\t\t\t\n\t\t><h3 class=\"widget-title\">Our  training center<\/h3>\n<div class=\"siteorigin-widget-tinymce textwidget\">\n\t<p>&nbsp;<\/p>\n<p><span style=\"font-size: 14pt;\">Since January 2019, we have a training center registered under NDA code: 32 02 01379 02 to Hauts-de-France Prefect.<\/span><\/p>\n<p>&nbsp;<\/p>\n<p><span style=\"font-size: 14pt;\">Our ambition is to enhance employee\u00a0skills\u00a0acquisition and improve our\u00a0teams' versatility . Our learning center facilitates job\u00a0entry for new employees and offers to train to our ancestral and current know-how with modern teaching resources<\/span><\/p>\n<p><span style=\"font-size: 14pt;\">Notre volont\u00e9 est de permettre la mont\u00e9e en comp\u00e9tences et le d\u00e9veloppement de la polyvalence de nos \u00e9quipes. Notre centre de formation facilite l\u2019int\u00e9gration des nouveaux collaborateurs et propose de former \u00e0 nos savoir-faire ancestraux et actuels avec des moyens p\u00e9dagogiques modernes. Ces sessions sont \u00e0 destination d\u2019un public externe (clients, fournisseurs, confr\u00e8res, demandeurs d\u2019emploi\u2026).<\/span><\/p>\n<p><span style=\"font-size: 14pt;\">Les domaines dans lesquels nous proposons des formations font partie de l'univers de la m\u00e9tallurgie et de la fonderie, mais aussi de la R&amp;D, du management et de la bureautique.<\/span><\/p>\n<p><span style=\"font-size: 14pt;\">Les sessions, qui allient \u00e0 la fois th\u00e9orique et pratique, peuvent \u00eatre modul\u00e9es en fonction de vos besoins.\u00a0<\/span><\/p>\n<p>&nbsp;<\/p>\n<ul>\n<li><strong>Formations m\u00e9tallurgiques et fonderies : <\/strong><\/li>\n<\/ul>\n<figure id=\"attachment_1983\" aria-describedby=\"caption-attachment-1983\" style=\"width: 278px\" class=\"wp-caption alignright\"><a href=\"https:\/\/fonderiesdesougland.fr\/actualites\/centre-de-formation\/picto_datadocke\/\" rel=\"attachment wp-att-1983\"><img loading=\"lazy\" decoding=\"async\" class=\"size-medium wp-image-1983\" src=\"https:\/\/fonderiesdesougland.fr\/wp-content\/uploads\/2019\/07\/Picto_datadocke-278x300.jpg\" alt=\"\" width=\"278\" height=\"300\" \/><\/a><figcaption id=\"caption-attachment-1983\" class=\"wp-caption-text\">Notre centre de formation est r\u00e9f\u00e9renc\u00e9 Datadock<\/figcaption><\/figure>\n<p>Initiation \u00e0 la m\u00e9tallurgie des Fontes et Aciers ;<\/p>\n<p>Initiation \u00e0 la fonderie ;<\/p>\n<p>Conduite de fours \u00e0 induction ;<\/p>\n<p>Moulage et noyautage ;<\/p>\n<p>Pi\u00e8ces moul\u00e9es ;<\/p>\n<p>Etc\u2026<\/p>\n<p><strong>\u00a0<\/strong><\/p>\n<ul>\n<li><strong>Formations au management : <\/strong><\/li>\n<\/ul>\n<p><strong>\u00a0<\/strong><\/p>\n<p>Manager autrement ;<\/p>\n<p>Renforcer la coh\u00e9sion d\u2019\u00e9quipe ;<\/p>\n<p>Le management en mode transverse ;<\/p>\n<p>La gestion des tensions et des conflits ;<\/p>\n<p>L\u2019art de la d\u00e9l\u00e9gation ;<\/p>\n<p>Etc\u2026<\/p>\n<p>&nbsp;<\/p>\n<ul>\n<li><strong>Formations bureautiques : <\/strong><\/li>\n<\/ul>\n<p><strong>\u00a0<\/strong><\/p>\n<p>Word <em>(Initiation et approfondissement)<\/em> ;<\/p>\n<p>Excel <em>(Initiation et approfondissement) ;<\/em><\/p>\n<p>PowerPoint <em>(Initiation et approfondissement) ;<\/em> \u00a0Outlook <em>(Initiation et approfondissement) ;<\/em><\/p>\n<p>Windows <em>(Initiation et approfondissement).<\/em><\/p>\n<p>&nbsp;<\/p>\n<p><strong><sup>\u00a0\u00a0\u00a0\u00a0\u00a0\u00a0\u00a0\u00a0\u00a0\u00a0\u00a0\u00a0\u00a0\u00a0\u00a0\u00a0\u00a0\u00a0\u00a0\u00a0\u00a0\u00a0\u00a0\u00a0\u00a0\u00a0 <\/sup><\/strong>Contact :<strong> Marie-Pierre BALDUYCK \u2013 +33 (0)3 23 99 36 36 - formation@sougland.fr<\/strong><\/p>\n<p>&nbsp;<\/p>\n<p><span style=\"font-size: 14pt;\"><a href=\"https:\/\/fonderiesdesougland.fr\/wp-content\/uploads\/2019\/07\/Centre-de-formation.pdf\">Cliquez ici<\/a> pour t\u00e9l\u00e9charger la documentation qui lui est consacr\u00e9e.<\/span><\/p>\n<p>&nbsp;<\/p>\n<\/div>\n<\/div><\/div><\/div><\/div><\/div>","protected":false},"excerpt":{"rendered":"<p>&nbsp; Since January 2019, we have a training center registered under NDA code: 32 02 01379 02 to Hauts-de-France Prefect. &nbsp; Our ambition is to enhance employee\u00a0skills\u00a0acquisition and improve our\u00a0teams&rsquo; versatility . Our learning center facilitates job\u00a0entry for new employees and offers to train to our ancestral and current know-how with modern teaching resources Notre [&hellip;]<\/p>\n","protected":false},"author":2,"featured_media":0,"parent":0,"menu_order":0,"comment_status":"closed","ping_status":"closed","template":"","meta":{"_acf_changed":false,"footnotes":""},"class_list":["post-1332","page","type-page","status-publish","hentry"],"acf":[],"yoast_head":"<!-- This site is optimized with the Yoast SEO plugin v27.5 - https:\/\/yoast.com\/product\/yoast-seo-wordpress\/ -->\n<title>Learning Center - Sougland Foundry<\/title>\n<meta name=\"robots\" content=\"index, follow, max-snippet:-1, max-image-preview:large, max-video-preview:-1\" \/>\n<link rel=\"canonical\" href=\"https:\/\/fonderiesdesougland.fr\/uk\/learning-center\/\" \/>\n<meta property=\"og:locale\" content=\"fr_FR\" \/>\n<meta property=\"og:type\" content=\"article\" \/>\n<meta property=\"og:title\" content=\"Learning Center - Sougland Foundry\" \/>\n<meta property=\"og:description\" content=\"&nbsp; Since January 2019, we have a training center registered under NDA code: 32 02 01379 02 to Hauts-de-France Prefect. &nbsp; Our ambition is to enhance employee\u00a0skills\u00a0acquisition and improve our\u00a0teams&#039; versatility . Our learning center facilitates job\u00a0entry for new employees and offers to train to our ancestral and current know-how with modern teaching resources Notre [&hellip;]\" \/>\n<meta property=\"og:url\" content=\"https:\/\/fonderiesdesougland.fr\/uk\/learning-center\/\" \/>\n<meta property=\"og:site_name\" content=\"Sougland Foundry\" \/>\n<meta name=\"twitter:card\" content=\"summary_large_image\" \/>\n<meta name=\"twitter:label1\" content=\"Dur\u00e9e de lecture estim\u00e9e\" \/>\n\t<meta name=\"twitter:data1\" content=\"1 minute\" \/>\n<script type=\"application\/ld+json\" class=\"yoast-schema-graph\">{\"@context\":\"https:\\\/\\\/schema.org\",\"@graph\":[{\"@type\":\"WebPage\",\"@id\":\"https:\\\/\\\/fonderiesdesougland.fr\\\/uk\\\/learning-center\\\/\",\"url\":\"https:\\\/\\\/fonderiesdesougland.fr\\\/uk\\\/learning-center\\\/\",\"name\":\"Learning Center - Sougland Foundry\",\"isPartOf\":{\"@id\":\"https:\\\/\\\/fonderiesdesougland.fr\\\/uk\\\/#website\"},\"primaryImageOfPage\":{\"@id\":\"https:\\\/\\\/fonderiesdesougland.fr\\\/uk\\\/learning-center\\\/#primaryimage\"},\"image\":{\"@id\":\"https:\\\/\\\/fonderiesdesougland.fr\\\/uk\\\/learning-center\\\/#primaryimage\"},\"thumbnailUrl\":\"https:\\\/\\\/fonderiesdesougland.fr\\\/wp-content\\\/uploads\\\/2019\\\/07\\\/Picto_datadocke-278x300.jpg\",\"datePublished\":\"2020-03-26T09:16:09+00:00\",\"breadcrumb\":{\"@id\":\"https:\\\/\\\/fonderiesdesougland.fr\\\/uk\\\/learning-center\\\/#breadcrumb\"},\"inLanguage\":\"fr-FR\",\"potentialAction\":[{\"@type\":\"ReadAction\",\"target\":[\"https:\\\/\\\/fonderiesdesougland.fr\\\/uk\\\/learning-center\\\/\"]}]},{\"@type\":\"ImageObject\",\"inLanguage\":\"fr-FR\",\"@id\":\"https:\\\/\\\/fonderiesdesougland.fr\\\/uk\\\/learning-center\\\/#primaryimage\",\"url\":\"https:\\\/\\\/fonderiesdesougland.fr\\\/wp-content\\\/uploads\\\/2019\\\/07\\\/Picto_datadocke-278x300.jpg\",\"contentUrl\":\"https:\\\/\\\/fonderiesdesougland.fr\\\/wp-content\\\/uploads\\\/2019\\\/07\\\/Picto_datadocke-278x300.jpg\"},{\"@type\":\"BreadcrumbList\",\"@id\":\"https:\\\/\\\/fonderiesdesougland.fr\\\/uk\\\/learning-center\\\/#breadcrumb\",\"itemListElement\":[{\"@type\":\"ListItem\",\"position\":1,\"name\":\"Accueil\",\"item\":\"https:\\\/\\\/fonderiesdesougland.fr\\\/uk\\\/\"},{\"@type\":\"ListItem\",\"position\":2,\"name\":\"Learning Center\"}]},{\"@type\":\"WebSite\",\"@id\":\"https:\\\/\\\/fonderiesdesougland.fr\\\/uk\\\/#website\",\"url\":\"https:\\\/\\\/fonderiesdesougland.fr\\\/uk\\\/\",\"name\":\"Sougland Foundry\",\"description\":\"\",\"potentialAction\":[{\"@type\":\"SearchAction\",\"target\":{\"@type\":\"EntryPoint\",\"urlTemplate\":\"https:\\\/\\\/fonderiesdesougland.fr\\\/uk\\\/?s={search_term_string}\"},\"query-input\":{\"@type\":\"PropertyValueSpecification\",\"valueRequired\":true,\"valueName\":\"search_term_string\"}}],\"inLanguage\":\"fr-FR\"}]}<\/script>\n<!-- \/ Yoast SEO plugin. -->","yoast_head_json":{"title":"Learning Center - Sougland Foundry","robots":{"index":"index","follow":"follow","max-snippet":"max-snippet:-1","max-image-preview":"max-image-preview:large","max-video-preview":"max-video-preview:-1"},"canonical":"https:\/\/fonderiesdesougland.fr\/uk\/learning-center\/","og_locale":"fr_FR","og_type":"article","og_title":"Learning Center - Sougland Foundry","og_description":"&nbsp; Since January 2019, we have a training center registered under NDA code: 32 02 01379 02 to Hauts-de-France Prefect. &nbsp; Our ambition is to enhance employee\u00a0skills\u00a0acquisition and improve our\u00a0teams' versatility . Our learning center facilitates job\u00a0entry for new employees and offers to train to our ancestral and current know-how with modern teaching resources Notre [&hellip;]","og_url":"https:\/\/fonderiesdesougland.fr\/uk\/learning-center\/","og_site_name":"Sougland Foundry","twitter_card":"summary_large_image","twitter_misc":{"Dur\u00e9e de lecture estim\u00e9e":"1 minute"},"schema":{"@context":"https:\/\/schema.org","@graph":[{"@type":"WebPage","@id":"https:\/\/fonderiesdesougland.fr\/uk\/learning-center\/","url":"https:\/\/fonderiesdesougland.fr\/uk\/learning-center\/","name":"Learning Center - Sougland Foundry","isPartOf":{"@id":"https:\/\/fonderiesdesougland.fr\/uk\/#website"},"primaryImageOfPage":{"@id":"https:\/\/fonderiesdesougland.fr\/uk\/learning-center\/#primaryimage"},"image":{"@id":"https:\/\/fonderiesdesougland.fr\/uk\/learning-center\/#primaryimage"},"thumbnailUrl":"https:\/\/fonderiesdesougland.fr\/wp-content\/uploads\/2019\/07\/Picto_datadocke-278x300.jpg","datePublished":"2020-03-26T09:16:09+00:00","breadcrumb":{"@id":"https:\/\/fonderiesdesougland.fr\/uk\/learning-center\/#breadcrumb"},"inLanguage":"fr-FR","potentialAction":[{"@type":"ReadAction","target":["https:\/\/fonderiesdesougland.fr\/uk\/learning-center\/"]}]},{"@type":"ImageObject","inLanguage":"fr-FR","@id":"https:\/\/fonderiesdesougland.fr\/uk\/learning-center\/#primaryimage","url":"https:\/\/fonderiesdesougland.fr\/wp-content\/uploads\/2019\/07\/Picto_datadocke-278x300.jpg","contentUrl":"https:\/\/fonderiesdesougland.fr\/wp-content\/uploads\/2019\/07\/Picto_datadocke-278x300.jpg"},{"@type":"BreadcrumbList","@id":"https:\/\/fonderiesdesougland.fr\/uk\/learning-center\/#breadcrumb","itemListElement":[{"@type":"ListItem","position":1,"name":"Accueil","item":"https:\/\/fonderiesdesougland.fr\/uk\/"},{"@type":"ListItem","position":2,"name":"Learning Center"}]},{"@type":"WebSite","@id":"https:\/\/fonderiesdesougland.fr\/uk\/#website","url":"https:\/\/fonderiesdesougland.fr\/uk\/","name":"Sougland Foundry","description":"","potentialAction":[{"@type":"SearchAction","target":{"@type":"EntryPoint","urlTemplate":"https:\/\/fonderiesdesougland.fr\/uk\/?s={search_term_string}"},"query-input":{"@type":"PropertyValueSpecification","valueRequired":true,"valueName":"search_term_string"}}],"inLanguage":"fr-FR"}]}},"_links":{"self":[{"href":"https:\/\/fonderiesdesougland.fr\/uk\/wp-json\/wp\/v2\/pages\/1332","targetHints":{"allow":["GET"]}}],"collection":[{"href":"https:\/\/fonderiesdesougland.fr\/uk\/wp-json\/wp\/v2\/pages"}],"about":[{"href":"https:\/\/fonderiesdesougland.fr\/uk\/wp-json\/wp\/v2\/types\/page"}],"author":[{"embeddable":true,"href":"https:\/\/fonderiesdesougland.fr\/uk\/wp-json\/wp\/v2\/users\/2"}],"replies":[{"embeddable":true,"href":"https:\/\/fonderiesdesougland.fr\/uk\/wp-json\/wp\/v2\/comments?post=1332"}],"version-history":[{"count":6,"href":"https:\/\/fonderiesdesougland.fr\/uk\/wp-json\/wp\/v2\/pages\/1332\/revisions"}],"predecessor-version":[{"id":1338,"href":"https:\/\/fonderiesdesougland.fr\/uk\/wp-json\/wp\/v2\/pages\/1332\/revisions\/1338"}],"wp:attachment":[{"href":"https:\/\/fonderiesdesougland.fr\/uk\/wp-json\/wp\/v2\/media?parent=1332"}],"curies":[{"name":"wp","href":"https:\/\/api.w.org\/{rel}","templated":true}]}}