{"id":383,"date":"2016-12-28T11:04:11","date_gmt":"2016-12-28T10:04:11","guid":{"rendered":"https:\/\/fonderiesdesougland.fr\/uk\/?page_id=383"},"modified":"2017-01-16T09:29:07","modified_gmt":"2017-01-16T08:29:07","slug":"our-future","status":"publish","type":"page","link":"https:\/\/fonderiesdesougland.fr\/uk\/the-fonderies-de-sougland\/our-future\/","title":{"rendered":"Innovation, Investment, International"},"content":{"rendered":"<div id=\"pl-383\"  class=\"panel-layout\" ><div id=\"pg-383-0\"  class=\"panel-grid panel-no-style\" ><div id=\"pgc-383-0-0\"  class=\"panel-grid-cell\" ><div id=\"panel-383-0-0-0\" class=\"so-panel widget widget_sow-editor panel-first-child panel-last-child\" data-index=\"0\" ><div\n\t\t\t\n\t\t\tclass=\"so-widget-sow-editor so-widget-sow-editor-base\"\n\t\t\t\n\t\t>\n<div class=\"siteorigin-widget-tinymce textwidget\">\n\t<p><span lang=\"en-GB\">The <strong>Strategic Development Project<\/strong>, \u201cSougland CAP 2018\u201d, has been implemented since 2015 with the aim of ensuring the company\u2019s future by <strong>creating value<\/strong>\u00a0and involving a 3I approach :<\/span><\/p>\n<p style=\"text-align: justify;\"><strong>INVESTMENT \u2013 INNOVATION \u2013 INTERNATIONAL<\/strong><\/p>\n<p> <span lang=\"en-GB\">These 3 pillars are essential for the success of this project, carried by the Chairwoman, Florence LANG, and the Managing Director, Yves NOIROT.<\/span><\/p>\n<p style=\"text-align: justify;\">\u00a0<\/p>\n<p style=\"text-align: justify;\"><img loading=\"lazy\" decoding=\"async\" class=\"alignnone wp-image-888\" src=\"https:\/\/fonderiesdesougland.fr\/wp-content\/uploads\/2016\/12\/img-sougland-fonderies-notre-future-1-300x225.jpg\" width=\"250\" height=\"188\" srcset=\"https:\/\/fonderiesdesougland.fr\/uk\/wp-content\/uploads\/sites\/4\/2016\/12\/img-sougland-fonderies-notre-future-1-300x225.jpg 300w, https:\/\/fonderiesdesougland.fr\/uk\/wp-content\/uploads\/sites\/4\/2016\/12\/img-sougland-fonderies-notre-future-1-768x576.jpg 768w, https:\/\/fonderiesdesougland.fr\/uk\/wp-content\/uploads\/sites\/4\/2016\/12\/img-sougland-fonderies-notre-future-1.jpg 800w\" sizes=\"auto, (max-width: 250px) 100vw, 250px\" \/>\u00a0\u00a0\u00a0\u00a0\u00a0\u00a0\u00a0\u00a0\u00a0\u00a0\u00a0 <img loading=\"lazy\" decoding=\"async\" class=\"alignnone wp-image-916\" src=\"https:\/\/fonderiesdesougland.fr\/wp-content\/uploads\/2016\/12\/img-sougland-future-1-300x225.jpg\" width=\"250\" height=\"196\" \/><\/p>\n<p style=\"text-align: justify;\">\u00a0<\/p>\n<div id=\"link64_adl_tabid\" style=\"display: none; text-align: justify;\" data-url=\"https:\/\/fonderiesdesougland.fr\/uk\/wp-admin\/post.php?post=383&amp;action=edit\">\n<p style=\"text-align: justify;\">Depuis 2015 le <strong>Projet Strat\u00e9gique de D\u00e9veloppement<\/strong> est mis en \u0153uvre avec pour but d\u2019assurer l\u2019avenir de l\u2019entreprise par la <strong>cr\u00e9ation de valeur<\/strong> int\u00e9grant une d\u00e9marche 3I :<strong> INVESTISSEMENT<\/strong> \u2013 <strong>INNOVATION<\/strong> \u2013 <strong>INTERNATIONAL<\/strong>.<\/p>\n<p style=\"text-align: justify;\">Ces 3 piliers sont fondamentaux pour r\u00e9ussir ce projet port\u00e9 par la Pr\u00e9sidente et le Directeur G\u00e9n\u00e9ral<\/p>\n<p>47<\/p><\/div>\n<\/div>\n<\/div><\/div><\/div><div id=\"pgc-383-0-1\"  class=\"panel-grid-cell\" ><div id=\"panel-383-0-1-0\" class=\"so-panel widget widget_sow-video panel-first-child panel-last-child\" data-index=\"1\" ><div\n\t\t\t\n\t\t\tclass=\"so-widget-sow-video so-widget-sow-video-default-c08170c47cfb-383\"\n\t\t\t\n\t\t>\n<div class=\"sow-video-wrapper\n\">\n\t\t\t<iframe loading=\"lazy\" title=\"Fonderies de Sougland\" width=\"640\" height=\"360\" src=\"https:\/\/www.youtube.com\/embed\/EAiIuTIBYao?feature=oembed&enablejsapi=1\" frameborder=\"0\" allow=\"accelerometer; autoplay; clipboard-write; encrypted-media; gyroscope; picture-in-picture; web-share\" referrerpolicy=\"strict-origin-when-cross-origin\" allowfullscreen allowfullscreen mozallowfullscreen webkitallowfullscreen sandbox=\"allow-scripts allow-same-origin allow-presentation\"><\/iframe>\t<\/div>\n<\/div><\/div><\/div><\/div><div id=\"pg-383-1\"  class=\"panel-grid panel-no-style\" ><div id=\"pgc-383-1-0\"  class=\"panel-grid-cell\" ><div id=\"panel-383-1-0-0\" class=\"so-panel widget widget_sow-editor panel-first-child panel-last-child\" data-index=\"2\" ><div\n\t\t\t\n\t\t\tclass=\"so-widget-sow-editor so-widget-sow-editor-base\"\n\t\t\t\n\t\t>\n<div class=\"siteorigin-widget-tinymce textwidget\">\n\t<h4><span style=\"color: #ff9900;\"><span lang=\"en-GB\">INNOVATION, VEHICLE FOR OUR FUTURE<\/span><\/span><\/h4>\n<p><span lang=\"en-GB\">At the beginning of 2015, Fonderies de Sougland embarked on <a href=\"https:\/\/fonderiesdesougland.fr\/uk\/rd-innovation\/\">Integrated R&amp;D<\/a>. Innovation has been constant since the beginning of our company, serving the needs of our customers and our partners, but also with the aim of improving the working conditions and well-being of our employees.<\/span><\/p>\n<div id=\"link64_adl_tabid\" style=\"display: none; text-align: justify;\" data-url=\"https:\/\/fonderiesdesougland.fr\/uk\/wp-admin\/post.php?post=383&amp;action=edit\">47<\/div>\n<\/div>\n<\/div><\/div><\/div><div id=\"pgc-383-1-1\"  class=\"panel-grid-cell\" ><div id=\"panel-383-1-1-0\" class=\"so-panel widget widget_sow-editor panel-first-child panel-last-child\" data-index=\"3\" ><div\n\t\t\t\n\t\t\tclass=\"so-widget-sow-editor so-widget-sow-editor-base\"\n\t\t\t\n\t\t>\n<div class=\"siteorigin-widget-tinymce textwidget\">\n\t<h4 style=\"text-align: justify;\"><span lang=\"en-GB\">OUR INVESTMENTS INTO THE \"SMART FACTORY\"<\/span><\/h4>\n<p><span lang=\"en-GB\">Fonderies de Sougland is continuously improving and supplementing\u00a0to their means of production. Our development towards the \"smart factory\"\u00a0is in full swing with new manufacturing technologies, 3D-printing, additive manufacturing, development of the digital chain and human-machine interfaces.<\/span><\/p>\n<div id=\"link64_adl_tabid\" style=\"display: none;\" data-url=\"https:\/\/fonderiesdesougland.fr\/uk\/wp-admin\/post.php?post=383&amp;action=edit\">47<\/div>\n<\/div>\n<\/div><\/div><\/div><\/div><div id=\"pg-383-2\"  class=\"panel-grid panel-no-style\" ><div id=\"pgc-383-2-0\"  class=\"panel-grid-cell\" ><div id=\"panel-383-2-0-0\" class=\"so-panel widget widget_sow-editor panel-first-child\" data-index=\"4\" ><div\n\t\t\t\n\t\t\tclass=\"so-widget-sow-editor so-widget-sow-editor-base\"\n\t\t\t\n\t\t>\n<div class=\"siteorigin-widget-tinymce textwidget\">\n\t<h4><span lang=\"en-GB\">OUR INTERNATIONAL DEVELOPMENT<\/span><\/h4>\n<p><span lang=\"en-GB\">With 17% of its turnover made\u00a0in 14 countries in 2015, Fonderies de Sougland wants to increase its presence on the export markets. Already established\u00a0in 14 countries, including the United States (US Navy), we aim to strengthen our international business by increasing exports to reach 50% of our turnover.<\/span><\/p>\n<div id=\"link64_adl_tabid\" style=\"display: none;\" data-url=\"https:\/\/fonderiesdesougland.fr\/uk\/wp-admin\/post.php?post=383&amp;action=edit\">43<\/div>\n<\/div>\n<\/div><\/div><div id=\"panel-383-2-0-1\" class=\"so-panel widget widget_sow-image panel-last-child\" data-index=\"5\" ><div\n\t\t\t\n\t\t\tclass=\"so-widget-sow-image so-widget-sow-image-default-8b5b6f678277-383\"\n\t\t\t\n\t\t>\n<div class=\"sow-image-container\">\n\t\t\t<a href=\"https:\/\/fonderiesdesougland.fr\/wp-content\/uploads\/2016\/09\/img-carte-notre-histoire.jpg\"\n\t\t\t\t\t>\n\t\t\t<img \n\tsrc=\"https:\/\/fonderiesdesougland.fr\/uk\/wp-content\/uploads\/sites\/4\/2016\/09\/img-carte-notre-histoire.jpg\" width=\"1024\" height=\"433\" srcset=\"https:\/\/fonderiesdesougland.fr\/uk\/wp-content\/uploads\/sites\/4\/2016\/09\/img-carte-notre-histoire.jpg 1024w, https:\/\/fonderiesdesougland.fr\/uk\/wp-content\/uploads\/sites\/4\/2016\/09\/img-carte-notre-histoire-300x127.jpg 300w, https:\/\/fonderiesdesougland.fr\/uk\/wp-content\/uploads\/sites\/4\/2016\/09\/img-carte-notre-histoire-768x325.jpg 768w\" sizes=\"(max-width: 1024px) 100vw, 1024px\" title=\"pochette_recto_v4 copie\" alt=\"\" \t\tclass=\"so-widget-image\"\/>\n\t\t\t<\/a><\/div>\n\n<\/div><\/div><\/div><\/div><\/div>","protected":false},"excerpt":{"rendered":"<p>The Strategic Development Project, \u201cSougland CAP 2018\u201d, has been implemented since 2015 with the aim of ensuring the company\u2019s future by creating value\u00a0and involving a 3I approach :INVESTMENT \u2013 INNOVATION \u2013 INTERNATIONAL These 3 pillars are essential for the success of this project, carried by the Chairwoman, Florence LANG, and the Managing Director, Yves NOIROT.\u00a0\u00a0\u00a0\u00a0\u00a0\u00a0\u00a0\u00a0\u00a0\u00a0\u00a0\u00a0 [&hellip;]<\/p>\n","protected":false},"author":1,"featured_media":0,"parent":21,"menu_order":0,"comment_status":"closed","ping_status":"closed","template":"","meta":{"_acf_changed":false,"footnotes":""},"class_list":["post-383","page","type-page","status-publish","hentry"],"acf":[],"yoast_head":"<!-- This site is optimized with the Yoast SEO plugin v27.4 - https:\/\/yoast.com\/product\/yoast-seo-wordpress\/ -->\n<title>Innovation, Investment, International - Sougland Foundry<\/title>\n<meta name=\"robots\" content=\"index, follow, max-snippet:-1, max-image-preview:large, max-video-preview:-1\" \/>\n<link rel=\"canonical\" href=\"https:\/\/fonderiesdesougland.fr\/uk\/the-fonderies-de-sougland\/our-future\/\" \/>\n<meta property=\"og:locale\" content=\"fr_FR\" \/>\n<meta property=\"og:type\" content=\"article\" \/>\n<meta property=\"og:title\" content=\"Innovation, Investment, International - Sougland Foundry\" \/>\n<meta property=\"og:description\" content=\"The Strategic Development Project, \u201cSougland CAP 2018\u201d, has been implemented since 2015 with the aim of ensuring the company\u2019s future by creating value\u00a0and involving a 3I approach :INVESTMENT \u2013 INNOVATION \u2013 INTERNATIONAL These 3 pillars are essential for the success of this project, carried by the Chairwoman, Florence LANG, and the Managing Director, Yves NOIROT.\u00a0\u00a0\u00a0\u00a0\u00a0\u00a0\u00a0\u00a0\u00a0\u00a0\u00a0\u00a0 [&hellip;]\" \/>\n<meta property=\"og:url\" content=\"https:\/\/fonderiesdesougland.fr\/uk\/the-fonderies-de-sougland\/our-future\/\" \/>\n<meta property=\"og:site_name\" content=\"Sougland Foundry\" \/>\n<meta property=\"article:modified_time\" content=\"2017-01-16T08:29:07+00:00\" \/>\n<meta property=\"og:image\" content=\"https:\/\/fonderiesdesougland.fr\/uk\/wp-content\/uploads\/sites\/4\/2016\/12\/img-sougland-fonderies-notre-future-1.jpg\" \/>\n\t<meta property=\"og:image:width\" content=\"800\" \/>\n\t<meta property=\"og:image:height\" content=\"600\" \/>\n\t<meta property=\"og:image:type\" content=\"image\/jpeg\" \/>\n<meta name=\"twitter:card\" content=\"summary_large_image\" \/>\n<meta name=\"twitter:label1\" content=\"Dur\u00e9e de lecture estim\u00e9e\" \/>\n\t<meta name=\"twitter:data1\" content=\"1 minute\" \/>\n<script type=\"application\/ld+json\" class=\"yoast-schema-graph\">{\"@context\":\"https:\\\/\\\/schema.org\",\"@graph\":[{\"@type\":\"WebPage\",\"@id\":\"https:\\\/\\\/fonderiesdesougland.fr\\\/uk\\\/the-fonderies-de-sougland\\\/our-future\\\/\",\"url\":\"https:\\\/\\\/fonderiesdesougland.fr\\\/uk\\\/the-fonderies-de-sougland\\\/our-future\\\/\",\"name\":\"Innovation, Investment, International - Sougland Foundry\",\"isPartOf\":{\"@id\":\"https:\\\/\\\/fonderiesdesougland.fr\\\/uk\\\/#website\"},\"primaryImageOfPage\":{\"@id\":\"https:\\\/\\\/fonderiesdesougland.fr\\\/uk\\\/the-fonderies-de-sougland\\\/our-future\\\/#primaryimage\"},\"image\":{\"@id\":\"https:\\\/\\\/fonderiesdesougland.fr\\\/uk\\\/the-fonderies-de-sougland\\\/our-future\\\/#primaryimage\"},\"thumbnailUrl\":\"https:\\\/\\\/fonderiesdesougland.fr\\\/wp-content\\\/uploads\\\/2016\\\/12\\\/img-sougland-fonderies-notre-future-1-300x225.jpg\",\"datePublished\":\"2016-12-28T10:04:11+00:00\",\"dateModified\":\"2017-01-16T08:29:07+00:00\",\"breadcrumb\":{\"@id\":\"https:\\\/\\\/fonderiesdesougland.fr\\\/uk\\\/the-fonderies-de-sougland\\\/our-future\\\/#breadcrumb\"},\"inLanguage\":\"fr-FR\",\"potentialAction\":[{\"@type\":\"ReadAction\",\"target\":[\"https:\\\/\\\/fonderiesdesougland.fr\\\/uk\\\/the-fonderies-de-sougland\\\/our-future\\\/\"]}]},{\"@type\":\"ImageObject\",\"inLanguage\":\"fr-FR\",\"@id\":\"https:\\\/\\\/fonderiesdesougland.fr\\\/uk\\\/the-fonderies-de-sougland\\\/our-future\\\/#primaryimage\",\"url\":\"https:\\\/\\\/fonderiesdesougland.fr\\\/wp-content\\\/uploads\\\/2016\\\/12\\\/img-sougland-fonderies-notre-future-1-300x225.jpg\",\"contentUrl\":\"https:\\\/\\\/fonderiesdesougland.fr\\\/wp-content\\\/uploads\\\/2016\\\/12\\\/img-sougland-fonderies-notre-future-1-300x225.jpg\"},{\"@type\":\"BreadcrumbList\",\"@id\":\"https:\\\/\\\/fonderiesdesougland.fr\\\/uk\\\/the-fonderies-de-sougland\\\/our-future\\\/#breadcrumb\",\"itemListElement\":[{\"@type\":\"ListItem\",\"position\":1,\"name\":\"Accueil\",\"item\":\"https:\\\/\\\/fonderiesdesougland.fr\\\/uk\\\/\"},{\"@type\":\"ListItem\",\"position\":2,\"name\":\"The Fonderies de Sougland\",\"item\":\"https:\\\/\\\/fonderiesdesougland.fr\\\/uk\\\/the-fonderies-de-sougland\\\/\"},{\"@type\":\"ListItem\",\"position\":3,\"name\":\"Innovation, Investment, International\"}]},{\"@type\":\"WebSite\",\"@id\":\"https:\\\/\\\/fonderiesdesougland.fr\\\/uk\\\/#website\",\"url\":\"https:\\\/\\\/fonderiesdesougland.fr\\\/uk\\\/\",\"name\":\"Sougland Foundry\",\"description\":\"\",\"potentialAction\":[{\"@type\":\"SearchAction\",\"target\":{\"@type\":\"EntryPoint\",\"urlTemplate\":\"https:\\\/\\\/fonderiesdesougland.fr\\\/uk\\\/?s={search_term_string}\"},\"query-input\":{\"@type\":\"PropertyValueSpecification\",\"valueRequired\":true,\"valueName\":\"search_term_string\"}}],\"inLanguage\":\"fr-FR\"}]}<\/script>\n<!-- \/ Yoast SEO plugin. -->","yoast_head_json":{"title":"Innovation, Investment, International - Sougland Foundry","robots":{"index":"index","follow":"follow","max-snippet":"max-snippet:-1","max-image-preview":"max-image-preview:large","max-video-preview":"max-video-preview:-1"},"canonical":"https:\/\/fonderiesdesougland.fr\/uk\/the-fonderies-de-sougland\/our-future\/","og_locale":"fr_FR","og_type":"article","og_title":"Innovation, Investment, International - Sougland Foundry","og_description":"The Strategic Development Project, \u201cSougland CAP 2018\u201d, has been implemented since 2015 with the aim of ensuring the company\u2019s future by creating value\u00a0and involving a 3I approach :INVESTMENT \u2013 INNOVATION \u2013 INTERNATIONAL These 3 pillars are essential for the success of this project, carried by the Chairwoman, Florence LANG, and the Managing Director, Yves NOIROT.\u00a0\u00a0\u00a0\u00a0\u00a0\u00a0\u00a0\u00a0\u00a0\u00a0\u00a0\u00a0 [&hellip;]","og_url":"https:\/\/fonderiesdesougland.fr\/uk\/the-fonderies-de-sougland\/our-future\/","og_site_name":"Sougland Foundry","article_modified_time":"2017-01-16T08:29:07+00:00","og_image":[{"width":800,"height":600,"url":"https:\/\/fonderiesdesougland.fr\/uk\/wp-content\/uploads\/sites\/4\/2016\/12\/img-sougland-fonderies-notre-future-1.jpg","type":"image\/jpeg"}],"twitter_card":"summary_large_image","twitter_misc":{"Dur\u00e9e de lecture estim\u00e9e":"1 minute"},"schema":{"@context":"https:\/\/schema.org","@graph":[{"@type":"WebPage","@id":"https:\/\/fonderiesdesougland.fr\/uk\/the-fonderies-de-sougland\/our-future\/","url":"https:\/\/fonderiesdesougland.fr\/uk\/the-fonderies-de-sougland\/our-future\/","name":"Innovation, Investment, International - Sougland Foundry","isPartOf":{"@id":"https:\/\/fonderiesdesougland.fr\/uk\/#website"},"primaryImageOfPage":{"@id":"https:\/\/fonderiesdesougland.fr\/uk\/the-fonderies-de-sougland\/our-future\/#primaryimage"},"image":{"@id":"https:\/\/fonderiesdesougland.fr\/uk\/the-fonderies-de-sougland\/our-future\/#primaryimage"},"thumbnailUrl":"https:\/\/fonderiesdesougland.fr\/wp-content\/uploads\/2016\/12\/img-sougland-fonderies-notre-future-1-300x225.jpg","datePublished":"2016-12-28T10:04:11+00:00","dateModified":"2017-01-16T08:29:07+00:00","breadcrumb":{"@id":"https:\/\/fonderiesdesougland.fr\/uk\/the-fonderies-de-sougland\/our-future\/#breadcrumb"},"inLanguage":"fr-FR","potentialAction":[{"@type":"ReadAction","target":["https:\/\/fonderiesdesougland.fr\/uk\/the-fonderies-de-sougland\/our-future\/"]}]},{"@type":"ImageObject","inLanguage":"fr-FR","@id":"https:\/\/fonderiesdesougland.fr\/uk\/the-fonderies-de-sougland\/our-future\/#primaryimage","url":"https:\/\/fonderiesdesougland.fr\/wp-content\/uploads\/2016\/12\/img-sougland-fonderies-notre-future-1-300x225.jpg","contentUrl":"https:\/\/fonderiesdesougland.fr\/wp-content\/uploads\/2016\/12\/img-sougland-fonderies-notre-future-1-300x225.jpg"},{"@type":"BreadcrumbList","@id":"https:\/\/fonderiesdesougland.fr\/uk\/the-fonderies-de-sougland\/our-future\/#breadcrumb","itemListElement":[{"@type":"ListItem","position":1,"name":"Accueil","item":"https:\/\/fonderiesdesougland.fr\/uk\/"},{"@type":"ListItem","position":2,"name":"The Fonderies de Sougland","item":"https:\/\/fonderiesdesougland.fr\/uk\/the-fonderies-de-sougland\/"},{"@type":"ListItem","position":3,"name":"Innovation, Investment, International"}]},{"@type":"WebSite","@id":"https:\/\/fonderiesdesougland.fr\/uk\/#website","url":"https:\/\/fonderiesdesougland.fr\/uk\/","name":"Sougland Foundry","description":"","potentialAction":[{"@type":"SearchAction","target":{"@type":"EntryPoint","urlTemplate":"https:\/\/fonderiesdesougland.fr\/uk\/?s={search_term_string}"},"query-input":{"@type":"PropertyValueSpecification","valueRequired":true,"valueName":"search_term_string"}}],"inLanguage":"fr-FR"}]}},"_links":{"self":[{"href":"https:\/\/fonderiesdesougland.fr\/uk\/wp-json\/wp\/v2\/pages\/383","targetHints":{"allow":["GET"]}}],"collection":[{"href":"https:\/\/fonderiesdesougland.fr\/uk\/wp-json\/wp\/v2\/pages"}],"about":[{"href":"https:\/\/fonderiesdesougland.fr\/uk\/wp-json\/wp\/v2\/types\/page"}],"author":[{"embeddable":true,"href":"https:\/\/fonderiesdesougland.fr\/uk\/wp-json\/wp\/v2\/users\/1"}],"replies":[{"embeddable":true,"href":"https:\/\/fonderiesdesougland.fr\/uk\/wp-json\/wp\/v2\/comments?post=383"}],"version-history":[{"count":24,"href":"https:\/\/fonderiesdesougland.fr\/uk\/wp-json\/wp\/v2\/pages\/383\/revisions"}],"predecessor-version":[{"id":1051,"href":"https:\/\/fonderiesdesougland.fr\/uk\/wp-json\/wp\/v2\/pages\/383\/revisions\/1051"}],"up":[{"embeddable":true,"href":"https:\/\/fonderiesdesougland.fr\/uk\/wp-json\/wp\/v2\/pages\/21"}],"wp:attachment":[{"href":"https:\/\/fonderiesdesougland.fr\/uk\/wp-json\/wp\/v2\/media?parent=383"}],"curies":[{"name":"wp","href":"https:\/\/api.w.org\/{rel}","templated":true}]}}